{"id":682,"date":"2024-02-07T09:26:06","date_gmt":"2024-02-07T08:26:06","guid":{"rendered":"https:\/\/agora.xtec.cat\/iesdauro\/?page_id=682"},"modified":"2024-02-07T09:30:27","modified_gmt":"2024-02-07T08:30:27","slug":"expedicio-de-titols-i-duplicats","status":"publish","type":"page","link":"https:\/\/agora.xtec.cat\/iesdauro\/secretaria-2\/expedicio-de-titols-i-duplicats\/","title":{"rendered":"Expedici\u00f3 de t\u00edtols i duplicats"},"content":{"rendered":"<header class=\"entry-header\">\n<h3 class=\"entry-title\" style=\"text-align: justify;\">Expedici\u00f3 de t\u00edtols<\/h3>\n<\/header>\n<div class=\"entry-content\">\n<p style=\"text-align: justify;\">Els t\u00edtols es tramiten quan l\u2019alumnat ha superat l\u2019ESO, el Batxillerat o un Cicle Formatiu. Tamb\u00e9 es poden tramitar sol\u00b7licituds de t\u00edtols anteriors que s\u2019hagin cursat al centre i duplicats de t\u00edtols malmesos o extraviats.<\/p>\n<p style=\"text-align: justify;\">L\u2019expedici\u00f3 dels t\u00edtols acad\u00e8mics i professionals no universitaris de Catalunya est\u00e0 regulada per l\u2019<a href=\"http:\/\/institutjoanbrudieu.cat\/public\/web_centre\/html\/documents\/secretaria\/documents\/DOGC_Ordre_EDC_216_2005_Expedicio_titols.pdf\" target=\"_blank\" rel=\"noopener noreferrer\">Ordre EDC\/216\/2005, de 4 de maig<\/a>\u00a0(DOGC n\u00fam 4385 \u2013 17.05.2005)<\/p>\n<h3 style=\"text-align: justify;\"><strong>Ensenyament Secundari Obligatori (ESO)<\/strong><\/h3>\n<p style=\"text-align: justify;\"><strong>Tramitaci\u00f3<\/strong><\/p>\n<ul style=\"text-align: justify;\">\n<li>L\u2019alumnat no ha de fer cap tr\u00e0mit: no cal sol\u00b7licitud pr\u00e8via ni el pagament de cap taxa.<\/li>\n<li>Es gestiona directament des de la Secretaria de l\u2019Institut i es lliura un resguard acreditatiu de la seva tramitaci\u00f3:\u00a0<strong>Resguard acreditatiu de la tramitaci\u00f3 del t\u00edtol de graduat en educaci\u00f3 secund\u00e0ria<\/strong>.\n<ul>\n<li>Alumnat que el necessita per realitzar la matr\u00edcula en un altre centre:\n<ul>\n<li>a petici\u00f3 de l\u2019alumnat, abans que comenci el termini de matr\u00edcula corresponent.<\/li>\n<\/ul>\n<\/li>\n<li>Alumnat que roman a l\u2019Institut:\n<ul>\n<li>a partir de l&#8217;1 de juliol.<\/li>\n<\/ul>\n<\/li>\n<\/ul>\n<\/li>\n<li>Aquest resguard, degudament signat i segellat, t\u00e9 tots els efectes del t\u00edtol d\u2019ESO, mentre aquest no s\u2019expedeixi materialment.<\/li>\n<\/ul>\n<p style=\"text-align: justify;\"><strong>Lliurament<\/strong><\/p>\n<ul style=\"text-align: justify;\">\n<li>Per recollir el t\u00edtol d\u2019ESO, la persona interessada o la persona que la representi, degudament autoritzada per l\u2019alumne, haur\u00e0 de presentar el\u00a0resguard acreditatiu de la tramitaci\u00f3 del t\u00edtol.<\/li>\n<\/ul>\n<h3 style=\"text-align: justify;\"><strong>Ensenyaments postobligatoris: Batxillerat (BTX)\u00a0<\/strong><\/h3>\n<p style=\"text-align: justify;\"><strong>Gesti\u00f3 a Secretaria<\/strong><\/p>\n<ul style=\"text-align: justify;\">\n<li><strong>1r per\u00edode<\/strong>: aprovats en 1a convocat\u00f2ria: a partir del 6 de juny.<\/li>\n<li><strong>2n per\u00edode<\/strong>: aprovats en 2a convocat\u00f2ria: a partir del 22 de juny.<\/li>\n<\/ul>\n<p style=\"text-align: justify;\"><strong>Tramitaci\u00f3<\/strong><\/p>\n<ul style=\"text-align: justify;\">\n<li>Recollir l\u2019impr\u00e8s de pagament de taxa:\u00a0<strong>Resguard de sol\u00b7licitud de t\u00edtol acad\u00e8mic i professional i liquidaci\u00f3 de la taxa<\/strong>. Els preus venen marcats pel Departament d\u2019Educaci\u00f3, veure\u00a0<a href=\"http:\/\/educacio.gencat.cat\/ca\/departament\/normativa\/taxes-preus-publics\/taxes\/\" target=\"_blank\" rel=\"noopener noreferrer\">aqu\u00ed<\/a>.\n<ul>\n<li>Cal portar la documentaci\u00f3 seg\u00fcent:\n<ul>\n<li>\n<ul>\n<li>DNI, NIE o Passaport.<\/li>\n<li>Carnet fam\u00edlia nombrosa o monoparental, si escau.<\/li>\n<li>Certificaci\u00f3 que justifiqui l\u2019exempci\u00f3 de pagament, si escau.<\/li>\n<\/ul>\n<\/li>\n<\/ul>\n<\/li>\n<\/ul>\n<\/li>\n<li>Amb l\u2019impr\u00e8s, cal fer efectiu el pagament de la taxa a \u201cLa Caixa\u201d (hi ha reducci\u00f3 de taxes per fam\u00edlies nombroses o monoparentals).<\/li>\n<li>Despr\u00e9s d\u2019ingressar l\u2019import de la taxa, l\u2019alumnat ha de tornar a la secretaria del centre, dins el termini de 10 dies h\u00e0bils posteriors a la data del seu lliurament, per tal d\u2019acreditar-ne el pagament, retornant l\u2019impr\u00e8s de\u00a0<strong>Resguard de sol\u00b7licitud de t\u00edtol acad\u00e8mic i professional i liquidaci\u00f3 de la taxa<\/strong>, juntament amb el justificant del tiquet de la Caixa.<\/li>\n<li>Aquest resguard, degudament signat i segellat, t\u00e9 tots els efectes del t\u00edtol de BTX mentre aquest no s\u2019expedeixi materialment.<\/li>\n<\/ul>\n<p style=\"text-align: justify;\"><strong>Lliurament<\/strong><\/p>\n<ul style=\"text-align: justify;\">\n<li>Per recollir el t\u00edtol de BTX la persona interessada o la persona que la representi, degudament autoritzada per l\u2019alumne, haur\u00e0 de presentar el resguard original del t\u00edtol i fotoc\u00f2pia i original del document d\u2019identitat (DNI, NIE, passaport).<\/li>\n<\/ul>\n<h3 style=\"text-align: justify;\"><strong>Duplicats de t\u00edtols ensenyaments no universitaris<\/strong><\/h3>\n<p style=\"text-align: justify;\">Quan un alumne ha perdut o ha malm\u00e8s un t\u00edtol oficial pot demanar l\u2019expedici\u00f3 d\u2019un duplicat adre\u00e7ant una sol\u00b7licitud a la Direcci\u00f3 del centre i sol\u00b7licitar el t\u00edtol corresponent i fer el pagament de la taxa corresponent:<\/p>\n<ul style=\"text-align: justify;\">\n<li><strong>Corresponents a ensenyaments\u00a0ESO i batxillerat\u00a0(LOGSE-LOE-LOEM)<\/strong>\n<ol>\n<li>Adre\u00e7ar-se a Secretaria per lliurar l\u2019<a href=\"https:\/\/drive.google.com\/file\/d\/17xBzr1Ig2ImBrU89l3dbZi2JJyg5ngas\/view?usp=sharing\" target=\"_blank\" rel=\"noopener noreferrer\"><b>impr\u00e8s de sol\u00b7licitud<\/b>.<\/a><\/li>\n<li>En cas de fam\u00edlia nombrosa o monoparental, portar original del t\u00edtol (carnet) i una fotoc\u00f2pia, a la secretaria del centre on els lliurar\u00e0 l\u2019impr\u00e8s per fer el pagament al banc.<\/li>\n<li>Fotoc\u00f2pia del DNI<\/li>\n<li><a href=\"https:\/\/drive.google.com\/file\/d\/1q2dJ6jq3NmOlCs6aiekjSOPE8uQbCP7O\/view?usp=sharing\" target=\"_blank\" rel=\"noopener noreferrer\"><b>Declaraci\u00f3 jurada<\/b><\/a>\u00a0complimentada i signada<\/li>\n<\/ol>\n<\/li>\n<\/ul>\n<h3 style=\"text-align: justify;\"><strong>\u00a0<\/strong><strong>Documents<\/strong><\/h3>\n<ul>\n<li style=\"text-align: justify;\"><a href=\"https:\/\/drive.google.com\/file\/d\/1hUSsPs0mN7ecKe_l6Q7lExLoaYrktzin\/view?usp=sharing\" target=\"_blank\" rel=\"noopener noreferrer\">Autoritzaci\u00f3 per a recollir\u00a0<\/a>un t\u00edtol acad\u00e8mic i professional no universitari<\/li>\n<li style=\"text-align: justify;\"><a href=\"https:\/\/drive.google.com\/file\/d\/1sYhuAFIx9hmQoWQXyvd1bpla8X076a60\/view?usp=sharing\" target=\"_blank\" rel=\"noopener noreferrer\">Sol\u00b7licitud<\/a>\u00a0de lliurament de t\u00edtol sense presentar resguard.<\/li>\n<\/ul>\n<\/div>\n","protected":false},"excerpt":{"rendered":"<p>Expedici\u00f3 de t\u00edtols Els t\u00edtols es tramiten quan l\u2019alumnat ha superat l\u2019ESO, el Batxillerat o un Cicle Formatiu. Tamb\u00e9 es poden tramitar sol\u00b7licituds de t\u00edtols anteriors que s\u2019hagin cursat al centre i duplicats de t\u00edtols malmesos o extraviats. L\u2019expedici\u00f3 dels t\u00edtols acad\u00e8mics i professionals no universitaris de Catalunya est\u00e0 regulada per l\u2019Ordre EDC\/216\/2005, de 4 [&hellip;]<\/p>\n","protected":false},"author":1,"featured_media":0,"parent":670,"menu_order":0,"comment_status":"closed","ping_status":"closed","template":"page-templates\/side-menu.php","meta":{"_bbp_topic_count":0,"_bbp_reply_count":0,"_bbp_total_topic_count":0,"_bbp_total_reply_count":0,"_bbp_voice_count":0,"_bbp_anonymous_reply_count":0,"_bbp_topic_count_hidden":0,"_bbp_reply_count_hidden":0,"_bbp_forum_subforum_count":0,"site-sidebar-layout":"default","site-content-layout":"","ast-site-content-layout":"","site-content-style":"default","site-sidebar-style":"default","ast-global-header-display":"","ast-banner-title-visibility":"","ast-main-header-display":"","ast-hfb-above-header-display":"","ast-hfb-below-header-display":"","ast-hfb-mobile-header-display":"","site-post-title":"","ast-breadcrumbs-content":"","ast-featured-img":"","footer-sml-layout":"","theme-transparent-header-meta":"","adv-header-id-meta":"","stick-header-meta":"","header-above-stick-meta":"","header-main-stick-meta":"","header-below-stick-meta":"","astra-migrate-meta-layouts":"default","ast-page-background-enabled":"default","ast-page-background-meta":{"desktop":{"background-color":"var(--ast-global-color-4)","background-image":"","background-repeat":"repeat","background-position":"center center","background-size":"auto","background-attachment":"scroll","background-type":"","background-media":"","overlay-type":"","overlay-color":"","overlay-opacity":"","overlay-gradient":""},"tablet":{"background-color":"","background-image":"","background-repeat":"repeat","background-position":"center center","background-size":"auto","background-attachment":"scroll","background-type":"","background-media":"","overlay-type":"","overlay-color":"","overlay-opacity":"","overlay-gradient":""},"mobile":{"background-color":"","background-image":"","background-repeat":"repeat","background-position":"center center","background-size":"auto","background-attachment":"scroll","background-type":"","background-media":"","overlay-type":"","overlay-color":"","overlay-opacity":"","overlay-gradient":""}},"ast-content-background-meta":{"desktop":{"background-color":"var(--ast-global-color-5)","background-image":"","background-repeat":"repeat","background-position":"center center","background-size":"auto","background-attachment":"scroll","background-type":"","background-media":"","overlay-type":"","overlay-color":"","overlay-opacity":"","overlay-gradient":""},"tablet":{"background-color":"var(--ast-global-color-5)","background-image":"","background-repeat":"repeat","background-position":"center center","background-size":"auto","background-attachment":"scroll","background-type":"","background-media":"","overlay-type":"","overlay-color":"","overlay-opacity":"","overlay-gradient":""},"mobile":{"background-color":"var(--ast-global-color-5)","background-image":"","background-repeat":"repeat","background-position":"center center","background-size":"auto","background-attachment":"scroll","background-type":"","background-media":"","overlay-type":"","overlay-color":"","overlay-opacity":"","overlay-gradient":""}},"footnotes":""},"class_list":["post-682","page","type-page","status-publish","hentry"],"post_mailing_queue_ids":[],"_links":{"self":[{"href":"https:\/\/agora.xtec.cat\/iesdauro\/wp-json\/wp\/v2\/pages\/682","targetHints":{"allow":["GET"]}}],"collection":[{"href":"https:\/\/agora.xtec.cat\/iesdauro\/wp-json\/wp\/v2\/pages"}],"about":[{"href":"https:\/\/agora.xtec.cat\/iesdauro\/wp-json\/wp\/v2\/types\/page"}],"author":[{"embeddable":true,"href":"https:\/\/agora.xtec.cat\/iesdauro\/wp-json\/wp\/v2\/users\/1"}],"replies":[{"embeddable":true,"href":"https:\/\/agora.xtec.cat\/iesdauro\/wp-json\/wp\/v2\/comments?post=682"}],"version-history":[{"count":2,"href":"https:\/\/agora.xtec.cat\/iesdauro\/wp-json\/wp\/v2\/pages\/682\/revisions"}],"predecessor-version":[{"id":685,"href":"https:\/\/agora.xtec.cat\/iesdauro\/wp-json\/wp\/v2\/pages\/682\/revisions\/685"}],"up":[{"embeddable":true,"href":"https:\/\/agora.xtec.cat\/iesdauro\/wp-json\/wp\/v2\/pages\/670"}],"wp:attachment":[{"href":"https:\/\/agora.xtec.cat\/iesdauro\/wp-json\/wp\/v2\/media?parent=682"}],"curies":[{"name":"wp","href":"https:\/\/api.w.org\/{rel}","templated":true}]}}