{"id":675,"date":"2024-02-07T09:12:58","date_gmt":"2024-02-07T08:12:58","guid":{"rendered":"https:\/\/agora.xtec.cat\/iesdauro\/?page_id=675"},"modified":"2025-11-12T09:39:03","modified_gmt":"2025-11-12T08:39:03","slug":"tramits","status":"publish","type":"page","link":"https:\/\/agora.xtec.cat\/iesdauro\/secretaria-2\/tramits\/","title":{"rendered":"Tr\u00e0mits"},"content":{"rendered":"<p style=\"text-align: justify;\">TR\u00c0MITS ON-LINE O PRESENCIALS<\/p>\n<h3 style=\"text-align: justify;\">Documents per descarregar<\/h3>\n<p style=\"text-align: justify;\">Descarregueu-vos els documents i feu-los arribar a la Secretaria del centre de manera presencial o al correu de secretaria:<b>\u00a0<a href=\"mailto:secretaria@dauro.cat\">secretaria@dauro.cat<\/a><\/b><\/p>\n<ul>\n<li style=\"text-align: justify;\">Si necessiteu fer una sol\u00b7licitud de car\u00e0cter general, descarregueu: <a href=\"https:\/\/drive.google.com\/file\/d\/1jIW7UvEM28aJVSqjFMRChYfs_Oxu173j\/view?usp=sharing\" target=\"_blank\" rel=\"noopener noreferrer\">SOL.LICITUD GENERAL<\/a><\/li>\n<li style=\"text-align: justify;\">Si necessiteu algun tipus de certificaci\u00f3, descarregueu:\u00a0<a href=\"https:\/\/drive.google.com\/file\/d\/1FFjLWRn8_rntvzNvidzaLCXVAL0fKlHU\/view?usp=sharing\" target=\"_blank\" rel=\"noopener noreferrer\">SOL.LICITUD CERTIFICAT<\/a><\/li>\n<li>Si necessiteu el reconeixement de l\u2019<a href=\"https:\/\/web.gencat.cat\/ca\/tramits\/tramits-temes\/22046-reconeixement-b2-c1-catala?category=742b7874-a82c-11e3-a972-000c29052e2c&amp;moda=1\" target=\"_blank\" rel=\"noopener\">equival\u00e8ncia d\u2019algun nivell de catal\u00e0<\/a>:\n<ul>\n<li style=\"text-align: justify;\">Les persones que hagin obtingut la seva titulaci\u00f3 en un institut podran presentar la documentaci\u00f3 requerida, acompanyada del corresponent\u00a0<a href=\"https:\/\/drive.google.com\/file\/d\/1DaXEM4SD3eeglbGctx2tum-aIEXHRlxr\/view?usp=sharing\">formulari de sol\u00b7licitud<\/a>, a qualsevol d&#8217;aquests centres.<\/li>\n<li style=\"text-align: justify;\">Les persones que hagin obtingut la seva titulaci\u00f3 en un centre de formaci\u00f3 d&#8217;adults, podran presentar la documentaci\u00f3 requerida, acompanyada del corresponent formulari de sol\u00b7licitud, a qualsevol d&#8217;aquests centres.<\/li>\n<li style=\"text-align: justify;\">Les persones que hagin obtingut la seva titulaci\u00f3 a l&#8217;Institut Obert de Catalunya (IOC) podran presentar la documentaci\u00f3 requerida, acompanyada del corresponent formulari de sol\u00b7licitud, a l&#8217;IOC.<\/li>\n<li style=\"text-align: justify;\">Per als casos que no es corresponguin amb els sup\u00f2sits esmentats, les persones interessades es podran dirigir al\u00a0<a title=\"Departament d'Educaci\u00f3\" href=\"http:\/\/sac.gencat.cat\/sacgencat\/AppJava\/organisme_fitxa.jsp?codi=1599\" target=\"_blank\" rel=\"noopener noreferrer\">Departament d&#8217;Educaci\u00f3<\/a>\u00a0per presentar la documentaci\u00f3 requerida i tramitar la seva sol\u00b7licitud.<\/li>\n<li><a href=\"https:\/\/drive.google.com\/file\/d\/1OTvkcH4Dt46D10wzNuk1AKgsbMouZFjC\/view?usp=sharing\" target=\"_blank\" rel=\"noopener\">Requisits i quadre d\u2019equival\u00e8ncies als certificats d\u2019acreditaci\u00f3 de catal\u00e0<\/a><\/li>\n<\/ul>\n<\/li>\n<li>Si necessiteu la <a href=\"https:\/\/drive.google.com\/file\/d\/14uUi2mPfj9L2v_YJl6v-8g6UpBoRIggi\/view?usp=drive_link\" target=\"_blank\" rel=\"noopener\">convalidaci\u00f3 dels estudis de m\u00fasica<\/a>.<\/li>\n<\/ul>\n","protected":false},"excerpt":{"rendered":"<p>TR\u00c0MITS ON-LINE O PRESENCIALS Documents per descarregar Descarregueu-vos els documents i feu-los arribar a la Secretaria del centre de manera presencial o al correu de secretaria:\u00a0secretaria@dauro.cat Si necessiteu fer una sol\u00b7licitud de car\u00e0cter general, descarregueu: SOL.LICITUD GENERAL Si necessiteu algun tipus de certificaci\u00f3, descarregueu:\u00a0SOL.LICITUD CERTIFICAT Si necessiteu el reconeixement de l\u2019equival\u00e8ncia d\u2019algun nivell de catal\u00e0: [&hellip;]<\/p>\n","protected":false},"author":1,"featured_media":0,"parent":670,"menu_order":0,"comment_status":"closed","ping_status":"closed","template":"page-templates\/side-menu.php","meta":{"_bbp_topic_count":0,"_bbp_reply_count":0,"_bbp_total_topic_count":0,"_bbp_total_reply_count":0,"_bbp_voice_count":0,"_bbp_anonymous_reply_count":0,"_bbp_topic_count_hidden":0,"_bbp_reply_count_hidden":0,"_bbp_forum_subforum_count":0,"site-sidebar-layout":"default","site-content-layout":"","ast-site-content-layout":"","site-content-style":"default","site-sidebar-style":"default","ast-global-header-display":"","ast-banner-title-visibility":"","ast-main-header-display":"","ast-hfb-above-header-display":"","ast-hfb-below-header-display":"","ast-hfb-mobile-header-display":"","site-post-title":"","ast-breadcrumbs-content":"","ast-featured-img":"","footer-sml-layout":"","theme-transparent-header-meta":"","adv-header-id-meta":"","stick-header-meta":"","header-above-stick-meta":"","header-main-stick-meta":"","header-below-stick-meta":"","astra-migrate-meta-layouts":"default","ast-page-background-enabled":"default","ast-page-background-meta":{"desktop":{"background-color":"var(--ast-global-color-4)","background-image":"","background-repeat":"repeat","background-position":"center center","background-size":"auto","background-attachment":"scroll","background-type":"","background-media":"","overlay-type":"","overlay-color":"","overlay-opacity":"","overlay-gradient":""},"tablet":{"background-color":"","background-image":"","background-repeat":"repeat","background-position":"center center","background-size":"auto","background-attachment":"scroll","background-type":"","background-media":"","overlay-type":"","overlay-color":"","overlay-opacity":"","overlay-gradient":""},"mobile":{"background-color":"","background-image":"","background-repeat":"repeat","background-position":"center center","background-size":"auto","background-attachment":"scroll","background-type":"","background-media":"","overlay-type":"","overlay-color":"","overlay-opacity":"","overlay-gradient":""}},"ast-content-background-meta":{"desktop":{"background-color":"var(--ast-global-color-5)","background-image":"","background-repeat":"repeat","background-position":"center center","background-size":"auto","background-attachment":"scroll","background-type":"","background-media":"","overlay-type":"","overlay-color":"","overlay-opacity":"","overlay-gradient":""},"tablet":{"background-color":"var(--ast-global-color-5)","background-image":"","background-repeat":"repeat","background-position":"center center","background-size":"auto","background-attachment":"scroll","background-type":"","background-media":"","overlay-type":"","overlay-color":"","overlay-opacity":"","overlay-gradient":""},"mobile":{"background-color":"var(--ast-global-color-5)","background-image":"","background-repeat":"repeat","background-position":"center center","background-size":"auto","background-attachment":"scroll","background-type":"","background-media":"","overlay-type":"","overlay-color":"","overlay-opacity":"","overlay-gradient":""}},"footnotes":""},"class_list":["post-675","page","type-page","status-publish","hentry"],"post_mailing_queue_ids":[],"_links":{"self":[{"href":"https:\/\/agora.xtec.cat\/iesdauro\/wp-json\/wp\/v2\/pages\/675","targetHints":{"allow":["GET"]}}],"collection":[{"href":"https:\/\/agora.xtec.cat\/iesdauro\/wp-json\/wp\/v2\/pages"}],"about":[{"href":"https:\/\/agora.xtec.cat\/iesdauro\/wp-json\/wp\/v2\/types\/page"}],"author":[{"embeddable":true,"href":"https:\/\/agora.xtec.cat\/iesdauro\/wp-json\/wp\/v2\/users\/1"}],"replies":[{"embeddable":true,"href":"https:\/\/agora.xtec.cat\/iesdauro\/wp-json\/wp\/v2\/comments?post=675"}],"version-history":[{"count":6,"href":"https:\/\/agora.xtec.cat\/iesdauro\/wp-json\/wp\/v2\/pages\/675\/revisions"}],"predecessor-version":[{"id":3223,"href":"https:\/\/agora.xtec.cat\/iesdauro\/wp-json\/wp\/v2\/pages\/675\/revisions\/3223"}],"up":[{"embeddable":true,"href":"https:\/\/agora.xtec.cat\/iesdauro\/wp-json\/wp\/v2\/pages\/670"}],"wp:attachment":[{"href":"https:\/\/agora.xtec.cat\/iesdauro\/wp-json\/wp\/v2\/media?parent=675"}],"curies":[{"name":"wp","href":"https:\/\/api.w.org\/{rel}","templated":true}]}}