{"id":670,"date":"2024-02-07T09:06:57","date_gmt":"2024-02-07T08:06:57","guid":{"rendered":"https:\/\/agora.xtec.cat\/iesdauro\/?page_id=670"},"modified":"2024-02-07T09:14:28","modified_gmt":"2024-02-07T08:14:28","slug":"secretaria-2","status":"publish","type":"page","link":"https:\/\/agora.xtec.cat\/iesdauro\/secretaria-2\/","title":{"rendered":"Secretaria"},"content":{"rendered":"<p><strong>Horari d\u2019atenci\u00f3 al p\u00fablic:<\/strong><\/p>\n<ul>\n<li><strong>Mat\u00ed:<\/strong>\u00a09:00 hores a 13:30 hores<\/li>\n<li><strong>Dimarts tarda (del 15 de setembre al 15 de juny):\u00a0 <\/strong>15:45 hores a 17:45 hores<\/li>\n<\/ul>\n<p>Durant el mes d\u2019agost les oficines i l\u2019institut romandran tancades.<\/p>\n<h5><strong>Serveis de secretaria:<\/strong><\/h5>\n<ul>\n<li>Certificats de notes<\/li>\n<li>Matricules i preinscripcions<\/li>\n<li>Tr\u00e0mits (sol\u00b7licitud de certificats\u2026)<\/li>\n<li>Altres serveis d\u2019inter\u00e8s sobre el centre i preguntes freq\u00fcents<\/li>\n<\/ul>\n<h5><strong>Contacte:<\/strong><\/h5>\n<p><strong>Correu:\u00a0<a href=\"mailto:secretaria@dauro.cat\">secretaria@dauro.cat<\/a><br \/>\n<\/strong><\/p>\n<p><strong>Tel\u00e8fon:\u00a0<\/strong>93 832 05 54<\/p>\n","protected":false},"excerpt":{"rendered":"<p>Horari d\u2019atenci\u00f3 al p\u00fablic: Mat\u00ed:\u00a09:00 hores a 13:30 hores Dimarts tarda (del 15 de setembre al 15 de juny):\u00a0 15:45 hores a 17:45 hores Durant el mes d\u2019agost les oficines i l\u2019institut romandran tancades. Serveis de secretaria: Certificats de notes Matricules i preinscripcions Tr\u00e0mits (sol\u00b7licitud de certificats\u2026) Altres serveis d\u2019inter\u00e8s sobre el centre i preguntes [&hellip;]<\/p>\n","protected":false},"author":1,"featured_media":0,"parent":0,"menu_order":0,"comment_status":"closed","ping_status":"closed","template":"page-templates\/side-menu.php","meta":{"_bbp_topic_count":0,"_bbp_reply_count":0,"_bbp_total_topic_count":0,"_bbp_total_reply_count":0,"_bbp_voice_count":0,"_bbp_anonymous_reply_count":0,"_bbp_topic_count_hidden":0,"_bbp_reply_count_hidden":0,"_bbp_forum_subforum_count":0,"site-sidebar-layout":"default","site-content-layout":"","ast-site-content-layout":"","site-content-style":"default","site-sidebar-style":"default","ast-global-header-display":"","ast-banner-title-visibility":"","ast-main-header-display":"","ast-hfb-above-header-display":"","ast-hfb-below-header-display":"","ast-hfb-mobile-header-display":"","site-post-title":"","ast-breadcrumbs-content":"","ast-featured-img":"","footer-sml-layout":"","theme-transparent-header-meta":"","adv-header-id-meta":"","stick-header-meta":"","header-above-stick-meta":"","header-main-stick-meta":"","header-below-stick-meta":"","astra-migrate-meta-layouts":"default","ast-page-background-enabled":"default","ast-page-background-meta":{"desktop":{"background-color":"var(--ast-global-color-4)","background-image":"","background-repeat":"repeat","background-position":"center center","background-size":"auto","background-attachment":"scroll","background-type":"","background-media":"","overlay-type":"","overlay-color":"","overlay-opacity":"","overlay-gradient":""},"tablet":{"background-color":"","background-image":"","background-repeat":"repeat","background-position":"center center","background-size":"auto","background-attachment":"scroll","background-type":"","background-media":"","overlay-type":"","overlay-color":"","overlay-opacity":"","overlay-gradient":""},"mobile":{"background-color":"","background-image":"","background-repeat":"repeat","background-position":"center center","background-size":"auto","background-attachment":"scroll","background-type":"","background-media":"","overlay-type":"","overlay-color":"","overlay-opacity":"","overlay-gradient":""}},"ast-content-background-meta":{"desktop":{"background-color":"var(--ast-global-color-5)","background-image":"","background-repeat":"repeat","background-position":"center center","background-size":"auto","background-attachment":"scroll","background-type":"","background-media":"","overlay-type":"","overlay-color":"","overlay-opacity":"","overlay-gradient":""},"tablet":{"background-color":"var(--ast-global-color-5)","background-image":"","background-repeat":"repeat","background-position":"center center","background-size":"auto","background-attachment":"scroll","background-type":"","background-media":"","overlay-type":"","overlay-color":"","overlay-opacity":"","overlay-gradient":""},"mobile":{"background-color":"var(--ast-global-color-5)","background-image":"","background-repeat":"repeat","background-position":"center center","background-size":"auto","background-attachment":"scroll","background-type":"","background-media":"","overlay-type":"","overlay-color":"","overlay-opacity":"","overlay-gradient":""}},"footnotes":""},"class_list":["post-670","page","type-page","status-publish","hentry"],"post_mailing_queue_ids":[],"_links":{"self":[{"href":"https:\/\/agora.xtec.cat\/iesdauro\/wp-json\/wp\/v2\/pages\/670","targetHints":{"allow":["GET"]}}],"collection":[{"href":"https:\/\/agora.xtec.cat\/iesdauro\/wp-json\/wp\/v2\/pages"}],"about":[{"href":"https:\/\/agora.xtec.cat\/iesdauro\/wp-json\/wp\/v2\/types\/page"}],"author":[{"embeddable":true,"href":"https:\/\/agora.xtec.cat\/iesdauro\/wp-json\/wp\/v2\/users\/1"}],"replies":[{"embeddable":true,"href":"https:\/\/agora.xtec.cat\/iesdauro\/wp-json\/wp\/v2\/comments?post=670"}],"version-history":[{"count":3,"href":"https:\/\/agora.xtec.cat\/iesdauro\/wp-json\/wp\/v2\/pages\/670\/revisions"}],"predecessor-version":[{"id":674,"href":"https:\/\/agora.xtec.cat\/iesdauro\/wp-json\/wp\/v2\/pages\/670\/revisions\/674"}],"wp:attachment":[{"href":"https:\/\/agora.xtec.cat\/iesdauro\/wp-json\/wp\/v2\/media?parent=670"}],"curies":[{"name":"wp","href":"https:\/\/api.w.org\/{rel}","templated":true}]}}