{"id":653,"date":"2024-02-06T19:53:11","date_gmt":"2024-02-06T18:53:11","guid":{"rendered":"https:\/\/agora.xtec.cat\/iesdauro\/?page_id=653"},"modified":"2024-10-14T12:15:05","modified_gmt":"2024-10-14T10:15:05","slug":"junta-de-lafa","status":"publish","type":"page","link":"https:\/\/agora.xtec.cat\/iesdauro\/families\/afa\/junta-de-lafa\/","title":{"rendered":"Junta de l&#8217;AFA"},"content":{"rendered":"<p>La\u00a0<strong>junta de l\u2019AFA<\/strong>, d&#8217;aquest\u00a0<strong>curs 2024\/2025<\/strong>\u00a0est\u00e0 formada pels seg\u00fcents membres:<\/p>\n<div>\n<ul>\n<li><span style=\"color: #000000;\"><b>President:\u00a0<\/b>Ricard Homs\u00a0<\/span><\/li>\n<li><b style=\"color: #000000;\">Vicepresident:<\/b>Albert Oliv\u00e9<\/li>\n<li><b style=\"color: #000000;\">Secretari: <\/b>Basi \u00c0lvarez<\/li>\n<li><b style=\"color: #000000;\">Vicesecretari: <\/b>Maria Isabel J\u00f3dar<\/li>\n<li><b style=\"color: #000000;\">Tresorera :<\/b>Rosa Millan Valverde<\/li>\n<li><b style=\"color: #000000;\">Vicetresorera: <\/b>Ester Arcos<\/li>\n<li><b style=\"color: #000000;\">Vocal: <\/b><span style=\"color: #000000;\">Sandra Mir\u00a0<\/span><\/li>\n<\/ul>\n<p>&nbsp;<\/p>\n<\/div>\n","protected":false},"excerpt":{"rendered":"<p>La\u00a0junta de l\u2019AFA, d&#8217;aquest\u00a0curs 2024\/2025\u00a0est\u00e0 formada pels seg\u00fcents membres: President:\u00a0Ricard Homs\u00a0 Vicepresident:Albert Oliv\u00e9 Secretari: Basi \u00c0lvarez Vicesecretari: Maria Isabel J\u00f3dar Tresorera :Rosa Millan Valverde Vicetresorera: Ester Arcos Vocal: Sandra Mir\u00a0 &nbsp;<\/p>\n","protected":false},"author":1,"featured_media":0,"parent":650,"menu_order":0,"comment_status":"closed","ping_status":"closed","template":"page-templates\/side-menu.php","meta":{"_bbp_topic_count":0,"_bbp_reply_count":0,"_bbp_total_topic_count":0,"_bbp_total_reply_count":0,"_bbp_voice_count":0,"_bbp_anonymous_reply_count":0,"_bbp_topic_count_hidden":0,"_bbp_reply_count_hidden":0,"_bbp_forum_subforum_count":0,"site-sidebar-layout":"default","site-content-layout":"","ast-site-content-layout":"","site-content-style":"default","site-sidebar-style":"default","ast-global-header-display":"","ast-banner-title-visibility":"","ast-main-header-display":"","ast-hfb-above-header-display":"","ast-hfb-below-header-display":"","ast-hfb-mobile-header-display":"","site-post-title":"","ast-breadcrumbs-content":"","ast-featured-img":"","footer-sml-layout":"","theme-transparent-header-meta":"","adv-header-id-meta":"","stick-header-meta":"","header-above-stick-meta":"","header-main-stick-meta":"","header-below-stick-meta":"","astra-migrate-meta-layouts":"default","ast-page-background-enabled":"default","ast-page-background-meta":{"desktop":{"background-color":"var(--ast-global-color-4)","background-image":"","background-repeat":"repeat","background-position":"center center","background-size":"auto","background-attachment":"scroll","background-type":"","background-media":"","overlay-type":"","overlay-color":"","overlay-opacity":"","overlay-gradient":""},"tablet":{"background-color":"","background-image":"","background-repeat":"repeat","background-position":"center center","background-size":"auto","background-attachment":"scroll","background-type":"","background-media":"","overlay-type":"","overlay-color":"","overlay-opacity":"","overlay-gradient":""},"mobile":{"background-color":"","background-image":"","background-repeat":"repeat","background-position":"center center","background-size":"auto","background-attachment":"scroll","background-type":"","background-media":"","overlay-type":"","overlay-color":"","overlay-opacity":"","overlay-gradient":""}},"ast-content-background-meta":{"desktop":{"background-color":"var(--ast-global-color-5)","background-image":"","background-repeat":"repeat","background-position":"center center","background-size":"auto","background-attachment":"scroll","background-type":"","background-media":"","overlay-type":"","overlay-color":"","overlay-opacity":"","overlay-gradient":""},"tablet":{"background-color":"var(--ast-global-color-5)","background-image":"","background-repeat":"repeat","background-position":"center center","background-size":"auto","background-attachment":"scroll","background-type":"","background-media":"","overlay-type":"","overlay-color":"","overlay-opacity":"","overlay-gradient":""},"mobile":{"background-color":"var(--ast-global-color-5)","background-image":"","background-repeat":"repeat","background-position":"center center","background-size":"auto","background-attachment":"scroll","background-type":"","background-media":"","overlay-type":"","overlay-color":"","overlay-opacity":"","overlay-gradient":""}},"footnotes":""},"class_list":["post-653","page","type-page","status-publish","hentry"],"post_mailing_queue_ids":[],"_links":{"self":[{"href":"https:\/\/agora.xtec.cat\/iesdauro\/wp-json\/wp\/v2\/pages\/653","targetHints":{"allow":["GET"]}}],"collection":[{"href":"https:\/\/agora.xtec.cat\/iesdauro\/wp-json\/wp\/v2\/pages"}],"about":[{"href":"https:\/\/agora.xtec.cat\/iesdauro\/wp-json\/wp\/v2\/types\/page"}],"author":[{"embeddable":true,"href":"https:\/\/agora.xtec.cat\/iesdauro\/wp-json\/wp\/v2\/users\/1"}],"replies":[{"embeddable":true,"href":"https:\/\/agora.xtec.cat\/iesdauro\/wp-json\/wp\/v2\/comments?post=653"}],"version-history":[{"count":4,"href":"https:\/\/agora.xtec.cat\/iesdauro\/wp-json\/wp\/v2\/pages\/653\/revisions"}],"predecessor-version":[{"id":1711,"href":"https:\/\/agora.xtec.cat\/iesdauro\/wp-json\/wp\/v2\/pages\/653\/revisions\/1711"}],"up":[{"embeddable":true,"href":"https:\/\/agora.xtec.cat\/iesdauro\/wp-json\/wp\/v2\/pages\/650"}],"wp:attachment":[{"href":"https:\/\/agora.xtec.cat\/iesdauro\/wp-json\/wp\/v2\/media?parent=653"}],"curies":[{"name":"wp","href":"https:\/\/api.w.org\/{rel}","templated":true}]}}