{"id":3740,"date":"2026-02-09T19:17:42","date_gmt":"2026-02-09T18:17:42","guid":{"rendered":"https:\/\/agora.xtec.cat\/iesdauro\/?page_id=3740"},"modified":"2026-02-09T19:20:31","modified_gmt":"2026-02-09T18:20:31","slug":"equip-docent-3r-eso","status":"publish","type":"page","link":"https:\/\/agora.xtec.cat\/iesdauro\/equip-docent-3r-eso\/","title":{"rendered":"Equip docent 3r ESO"},"content":{"rendered":"<table style=\"border-collapse: collapse; width: 100%; height: 773px;\">\n<tbody>\n<tr style=\"height: 45px;\">\n<td style=\"width: 20%; height: 45px;\">\n<h5><span style=\"color: #800000;\">MAT\u00c8RIA<\/span><\/h5>\n<\/td>\n<td style=\"width: 20%; height: 45px;\">\n<h5><span style=\"color: #800000;\">3r ESO A<\/span><\/h5>\n<\/td>\n<td style=\"width: 20%; height: 45px;\">\n<h5><span style=\"color: #800000;\">3r ESO B<\/span><\/h5>\n<\/td>\n<td style=\"width: 20%; height: 45px;\">\n<h5><span style=\"color: #800000;\">3r ESO C<\/span><\/h5>\n<\/td>\n<td style=\"width: 20%; height: 45px;\">\n<h5><span style=\"color: #800000;\">3r ESO D<\/span><\/h5>\n<\/td>\n<\/tr>\n<tr style=\"height: 48px;\">\n<td style=\"width: 20%; height: 48px;\">\n<h6>TUTORIA<\/h6>\n<\/td>\n<td style=\"width: 20%; height: 48px;\"><strong>Nia Colldeforns<\/strong><\/p>\n<p>Marcel\u00b7l\u00ed Bonilla<\/td>\n<td style=\"width: 20%; height: 48px;\"><span style=\"color: #800000;\"><span style=\"color: #000000;\"><strong>Carme Carrera<\/strong><\/span><\/span><\/p>\n<p><span style=\"color: #800000;\"><span style=\"color: #000000;\">Marc del Rey<\/span><br \/>\n<\/span><\/td>\n<td style=\"width: 20%; height: 48px;\"><span style=\"color: #000000;\"><span style=\"caret-color: #000000;\"><b>Anna Pla<\/b><\/span><\/span><\/p>\n<p><span style=\"color: #000000;\">Olga Pano<\/span><\/td>\n<td style=\"width: 20%; height: 48px;\"><span style=\"color: #000000;\"><span style=\"caret-color: #000000;\"><b>Mireia Perx\u00e9s<\/b><\/span><\/span><\/p>\n<p><span style=\"color: #800000;\"><span style=\"color: #000000;\">Miquel Raich<\/span><\/span><\/td>\n<\/tr>\n<tr style=\"height: 31px;\">\n<td style=\"width: 20%; height: 70px;\" rowspan=\"2\">\n<h6>Llengua Catalana<\/h6>\n<h6><\/h6>\n<\/td>\n<td style=\"width: 20%; height: 31px;\">Carme Carrera<\/td>\n<td style=\"width: 20%; height: 31px;\">Carme Carrera<\/td>\n<td style=\"width: 20%; height: 31px;\">Lloren\u00e7 Capdevila<\/td>\n<td style=\"width: 20%; height: 31px;\">Lloren\u00e7 Capdevila<\/td>\n<\/tr>\n<tr style=\"height: 39px;\">\n<td style=\"text-align: center; height: 39px; width: 40%;\" colspan=\"2\">Lloren\u00e7 Capdevila<\/td>\n<td style=\"text-align: center; width: 40%; height: 39px;\" colspan=\"2\">Pau Gonz\u00e1lez<\/td>\n<\/tr>\n<tr style=\"height: 31px;\">\n<td style=\"width: 20%; height: 70px;\" rowspan=\"2\">\n<h6>Llengua Castellana<\/h6>\n<h6><\/h6>\n<\/td>\n<td style=\"width: 20%; height: 31px;\">Angie Villam\u00e1n<\/td>\n<td style=\"width: 20%; height: 31px;\">Angie Villam\u00e1n<\/td>\n<td style=\"height: 31px; width: 20%; text-align: left;\">Elena Vives<\/td>\n<td style=\"height: 31px; width: 20%; text-align: left;\">Elena Vives<\/td>\n<\/tr>\n<tr style=\"height: 39px;\">\n<td style=\"text-align: center; height: 39px; width: 40%;\" colspan=\"2\">Elena Vives<\/td>\n<td style=\"text-align: center; width: 40%; height: 39px;\" colspan=\"2\">Angie Villam\u00e1n<\/td>\n<\/tr>\n<tr style=\"height: 31px;\">\n<td style=\"width: 20%; height: 70px;\" rowspan=\"2\">\n<h6>Llengua Anglesa<\/h6>\n<h6><\/h6>\n<\/td>\n<td style=\"width: 20%; height: 31px;\">Ampa Gil<\/td>\n<td style=\"width: 20%; height: 31px;\">Ampa Gil<\/td>\n<td style=\"width: 20%; height: 31px;\">Ol\u00edvia Basiana<\/td>\n<td style=\"width: 20%; height: 31px;\">Ol\u00edvia Basiana<\/td>\n<\/tr>\n<tr style=\"height: 39px;\">\n<td style=\"text-align: center; height: 39px; width: 40%;\" colspan=\"2\">Ol\u00edvia Basiana<\/td>\n<td style=\"text-align: center; width: 40%; height: 39px;\" colspan=\"2\">Ampa Gil<\/td>\n<\/tr>\n<tr style=\"height: 31px;\">\n<td style=\"width: 20%; height: 70px;\" rowspan=\"2\">\n<h6>Matem\u00e0tiques<\/h6>\n<h6><\/h6>\n<\/td>\n<td style=\"width: 20%; height: 31px;\">Nia Colldeforns<\/td>\n<td style=\"width: 20%; height: 31px;\">Laura G\u00f3mez<\/td>\n<td style=\"width: 20%; height: 31px;\">Nia Colldeforns<\/td>\n<td style=\"width: 20%; height: 31px;\">Laura G\u00f3mez<\/td>\n<\/tr>\n<tr style=\"height: 39px;\">\n<td style=\"text-align: center; height: 39px; width: 40%;\" colspan=\"2\">Marc Riu<\/td>\n<td style=\"text-align: center; width: 40%; height: 39px;\" colspan=\"2\">Marc Riu<\/td>\n<\/tr>\n<tr style=\"height: 31px;\">\n<td style=\"width: 20%; height: 31px;\">\n<h6>Ci\u00e8ncies Socials<\/h6>\n<\/td>\n<td style=\"width: 20%; height: 31px;\">Anna Ventura<\/td>\n<td style=\"width: 20%; height: 31px;\">Anna Ventura<\/td>\n<td style=\"width: 20%; height: 31px;\">Miquel Raich<\/td>\n<td style=\"width: 20%; height: 31px;\">Miquel Raich<\/td>\n<\/tr>\n<tr style=\"height: 31px;\">\n<td style=\"width: 20%; height: 31px;\">\n<h6>Biologia i Geologia<\/h6>\n<\/td>\n<td style=\"width: 20%; height: 31px;\">Marcel\u00b7l\u00ed Bonilla<\/td>\n<td style=\"width: 20%; height: 31px;\">Marcel\u00b7l\u00ed Bonilla<\/td>\n<td style=\"width: 20%; height: 31px;\">Anna Pla<\/td>\n<td style=\"width: 20%; height: 31px;\">Anna Pla<\/td>\n<\/tr>\n<tr style=\"height: 31px;\">\n<td style=\"width: 20%; height: 31px;\">\n<h6>F\u00edsica i Qu\u00edmica<\/h6>\n<\/td>\n<td style=\"width: 20%; height: 31px;\">Pedro Mart\u00ednez<\/td>\n<td style=\"width: 20%; height: 31px;\">Pedro Mart\u00ednez<\/td>\n<td style=\"width: 20%; height: 31px;\">Pedro Mart\u00ednez<\/td>\n<td style=\"width: 20%; height: 31px;\">Angelina Rotx\u00e9s<\/td>\n<\/tr>\n<tr style=\"height: 31px;\">\n<td style=\"width: 20%; height: 31px;\">\n<h6>Tecnologia<\/h6>\n<\/td>\n<td style=\"width: 20%; height: 31px;\">\u00d2scar Pacheco<\/td>\n<td style=\"width: 20%; height: 31px;\">Olga Pano<\/td>\n<td style=\"width: 20%; height: 31px;\">Olga Pano<\/td>\n<td style=\"width: 20%; height: 31px;\">Olga Pano<\/td>\n<\/tr>\n<tr>\n<td style=\"width: 20%;\">\n<h6>VIP<\/h6>\n<\/td>\n<td style=\"width: 20%;\">Mireia Perx\u00e9s<\/td>\n<td style=\"width: 20%;\">Mireia Perx\u00e9s<\/td>\n<td style=\"width: 20%;\">Mireia Perx\u00e9s<\/td>\n<td style=\"width: 20%;\">Mireia Perx\u00e9s<\/td>\n<\/tr>\n<tr style=\"height: 31px;\">\n<td style=\"width: 20%; height: 31px;\">\n<h6>Educaci\u00f3 F\u00edsica<\/h6>\n<\/td>\n<td style=\"width: 20%; height: 31px;\">D\u00eddac Batll\u00f3<\/td>\n<td style=\"width: 20%; height: 31px;\">D\u00eddac Batll\u00f3<\/td>\n<td style=\"width: 20%; height: 31px;\">D\u00eddac Batll\u00f3<\/td>\n<td style=\"width: 20%; height: 31px;\">D\u00eddac Batll\u00f3<\/td>\n<\/tr>\n<tr style=\"height: 31px;\">\n<td style=\"width: 20%; height: 31px;\">\n<h6>Projecte Personal<\/h6>\n<\/td>\n<td style=\"width: 20%; height: 31px;\">Marc del Rey<\/td>\n<td style=\"width: 20%; height: 31px;\">Marc del Rey<\/td>\n<td style=\"width: 20%; height: 31px;\">Marc del Rey<\/td>\n<td style=\"width: 20%; height: 31px;\">Marc del Rey<\/td>\n<\/tr>\n<tr style=\"height: 214px;\">\n<td style=\"width: 20%; height: 214px;\">\n<h6>Optativa<\/h6>\n<\/td>\n<td style=\"width: 80%; text-align: center; height: 214px;\" colspan=\"4\"><strong>Rob\u00f2tica i digitalitzaci\u00f3:\u00a0<\/strong>Eudald Bonals<\/p>\n<p><strong>Franc\u00e8s:\u00a0<\/strong>Jordina T\u00e0pia<\/p>\n<p><strong>Alemany:\u00a0<\/strong>Rosa Colom<\/p>\n<p><strong>Cultura cl\u00e0ssica: <\/strong>Gl\u00f2ria Valls<\/p>\n<p><strong>Emprenedoria:\u00a0<\/strong>C\u00e8lia Ambr\u00f3s<\/td>\n<\/tr>\n<\/tbody>\n<\/table>\n<p>&nbsp;<\/p>\n","protected":false},"excerpt":{"rendered":"<p>MAT\u00c8RIA 3r ESO A 3r ESO B 3r ESO C 3r ESO D TUTORIA Nia Colldeforns Marcel\u00b7l\u00ed Bonilla Carme Carrera Marc del Rey Anna Pla Olga Pano Mireia Perx\u00e9s Miquel Raich Llengua Catalana Carme Carrera Carme Carrera Lloren\u00e7 Capdevila Lloren\u00e7 Capdevila Lloren\u00e7 Capdevila Pau Gonz\u00e1lez Llengua Castellana Angie Villam\u00e1n Angie Villam\u00e1n Elena Vives Elena Vives [&hellip;]<\/p>\n","protected":false},"author":1,"featured_media":0,"parent":0,"menu_order":0,"comment_status":"closed","ping_status":"closed","template":"page-templates\/side-menu.php","meta":{"_bbp_topic_count":0,"_bbp_reply_count":0,"_bbp_total_topic_count":0,"_bbp_total_reply_count":0,"_bbp_voice_count":0,"_bbp_anonymous_reply_count":0,"_bbp_topic_count_hidden":0,"_bbp_reply_count_hidden":0,"_bbp_forum_subforum_count":0,"site-sidebar-layout":"default","site-content-layout":"","ast-site-content-layout":"","site-content-style":"default","site-sidebar-style":"default","ast-global-header-display":"","ast-banner-title-visibility":"","ast-main-header-display":"","ast-hfb-above-header-display":"","ast-hfb-below-header-display":"","ast-hfb-mobile-header-display":"","site-post-title":"","ast-breadcrumbs-content":"","ast-featured-img":"","footer-sml-layout":"","theme-transparent-header-meta":"","adv-header-id-meta":"","stick-header-meta":"","header-above-stick-meta":"","header-main-stick-meta":"","header-below-stick-meta":"","astra-migrate-meta-layouts":"default","ast-page-background-enabled":"default","ast-page-background-meta":{"desktop":{"background-color":"var(--ast-global-color-4)","background-image":"","background-repeat":"repeat","background-position":"center center","background-size":"auto","background-attachment":"scroll","background-type":"","background-media":"","overlay-type":"","overlay-color":"","overlay-opacity":"","overlay-gradient":""},"tablet":{"background-color":"","background-image":"","background-repeat":"repeat","background-position":"center center","background-size":"auto","background-attachment":"scroll","background-type":"","background-media":"","overlay-type":"","overlay-color":"","overlay-opacity":"","overlay-gradient":""},"mobile":{"background-color":"","background-image":"","background-repeat":"repeat","background-position":"center center","background-size":"auto","background-attachment":"scroll","background-type":"","background-media":"","overlay-type":"","overlay-color":"","overlay-opacity":"","overlay-gradient":""}},"ast-content-background-meta":{"desktop":{"background-color":"var(--ast-global-color-5)","background-image":"","background-repeat":"repeat","background-position":"center center","background-size":"auto","background-attachment":"scroll","background-type":"","background-media":"","overlay-type":"","overlay-color":"","overlay-opacity":"","overlay-gradient":""},"tablet":{"background-color":"var(--ast-global-color-5)","background-image":"","background-repeat":"repeat","background-position":"center center","background-size":"auto","background-attachment":"scroll","background-type":"","background-media":"","overlay-type":"","overlay-color":"","overlay-opacity":"","overlay-gradient":""},"mobile":{"background-color":"var(--ast-global-color-5)","background-image":"","background-repeat":"repeat","background-position":"center center","background-size":"auto","background-attachment":"scroll","background-type":"","background-media":"","overlay-type":"","overlay-color":"","overlay-opacity":"","overlay-gradient":""}},"footnotes":""},"class_list":["post-3740","page","type-page","status-publish","hentry"],"post_mailing_queue_ids":[],"_links":{"self":[{"href":"https:\/\/agora.xtec.cat\/iesdauro\/wp-json\/wp\/v2\/pages\/3740","targetHints":{"allow":["GET"]}}],"collection":[{"href":"https:\/\/agora.xtec.cat\/iesdauro\/wp-json\/wp\/v2\/pages"}],"about":[{"href":"https:\/\/agora.xtec.cat\/iesdauro\/wp-json\/wp\/v2\/types\/page"}],"author":[{"embeddable":true,"href":"https:\/\/agora.xtec.cat\/iesdauro\/wp-json\/wp\/v2\/users\/1"}],"replies":[{"embeddable":true,"href":"https:\/\/agora.xtec.cat\/iesdauro\/wp-json\/wp\/v2\/comments?post=3740"}],"version-history":[{"count":2,"href":"https:\/\/agora.xtec.cat\/iesdauro\/wp-json\/wp\/v2\/pages\/3740\/revisions"}],"predecessor-version":[{"id":3746,"href":"https:\/\/agora.xtec.cat\/iesdauro\/wp-json\/wp\/v2\/pages\/3740\/revisions\/3746"}],"wp:attachment":[{"href":"https:\/\/agora.xtec.cat\/iesdauro\/wp-json\/wp\/v2\/media?parent=3740"}],"curies":[{"name":"wp","href":"https:\/\/api.w.org\/{rel}","templated":true}]}}