{"id":3697,"date":"2026-02-06T19:42:48","date_gmt":"2026-02-06T18:42:48","guid":{"rendered":"https:\/\/agora.xtec.cat\/iesdauro\/?page_id=3697"},"modified":"2026-02-11T16:04:23","modified_gmt":"2026-02-11T15:04:23","slug":"equip-docent-2eso","status":"publish","type":"page","link":"https:\/\/agora.xtec.cat\/iesdauro\/equip-docent-2eso\/","title":{"rendered":"Equip docent 2ESO"},"content":{"rendered":"\n<figure class=\"wp-block-table has-small-font-size\"><table class=\"has-fixed-layout\"><thead><tr><th class=\"has-text-align-center\" data-align=\"center\">MAT\u00c8RIA<\/th><th class=\"has-text-align-center\" data-align=\"center\">2n ESO A<\/th><th class=\"has-text-align-center\" data-align=\"center\">2n ESO B<\/th><th class=\"has-text-align-center\" data-align=\"center\">2n ESO C<\/th><th class=\"has-text-align-center\" data-align=\"center\">2n ESO D<\/th><\/tr><\/thead><tbody><tr><td class=\"has-text-align-center\" data-align=\"center\"><br><strong>TUTORIA<\/strong><\/td><td class=\"has-text-align-center\" data-align=\"center\"><strong>Anabel L\u00f3pez<\/strong><br><p>Pau Gonz\u00e1lez<\/p><\/td><td class=\"has-text-align-center\" data-align=\"center\"><span style=\"color: #800000;\"><span style=\"color: #000000;\"><strong>Montse Calderer<\/strong><\/span><\/span><br><p><span style=\"color: #800000;\"><span style=\"color: #000000;\">Montse Alsina<\/span><\/span><span style=\"font-family: inherit; font-size: inherit;\"><\/span><\/p><\/td><td class=\"has-text-align-center\" data-align=\"center\"><span style=\"color: #000000;\"><strong>S\u00edlvia P\u00e9rez \u00a0\u00a0<\/strong><\/span><br><p><span style=\"color: #000000;\">Jordi Alsina<\/span><\/p><\/td><td class=\"has-text-align-center\" data-align=\"center\"><br><span style=\"color: #000000;\"><span style=\"caret-color: #000000;\"><b>Marc Lantar\u00f3n<\/b><\/span><\/span><br><p><span style=\"color: #800000;\"><span style=\"color: #000000;\"> Angelina Rotx\u00e9s<\/span><br><\/span><\/p><\/td><\/tr><tr><td class=\"has-text-align-center\" data-align=\"center\" rowspan=\"2\"><br>Llengua Catalana<\/td><td class=\"has-text-align-center\" data-align=\"center\">Pau Gonz\u00e1lez<\/td><td class=\"has-text-align-center\" data-align=\"center\">Pau Gonz\u00e1lez<\/td><td class=\"has-text-align-center\" data-align=\"center\">M\u00f2nica P\u00e9rez<\/td><td class=\"has-text-align-center\" data-align=\"center\">Rosa Colom<\/td><\/tr><tr><td class=\"has-text-align-center\" data-align=\"center\" colspan=\"4\">Jordi Alsina<\/td><\/tr><tr><td class=\"has-text-align-center\" data-align=\"center\" rowspan=\"2\"><br><strong>Llengua Castellana<\/strong><\/td><td class=\"has-text-align-center\" data-align=\"center\">Marc Lantar\u00f3n<\/td><td class=\"has-text-align-center\" data-align=\"center\">S\u00edlvia P\u00e9rez<\/td><td class=\"has-text-align-center\" data-align=\"center\">S\u00edlvia P\u00e9rez<\/td><td class=\"has-text-align-center\" data-align=\"center\">Marc Lantar\u00f3n<\/td><\/tr><tr><td class=\"has-text-align-center\" data-align=\"center\" colspan=\"4\">Elena Vives<\/td><\/tr><tr><td class=\"has-text-align-center\" data-align=\"center\" rowspan=\"2\"><br><strong>Llengua Anglesa<\/strong><\/td><td class=\"has-text-align-center\" data-align=\"center\">Ester Ru\u00edz<\/td><td class=\"has-text-align-center\" data-align=\"center\">Ester Ru\u00edz<\/td><td class=\"has-text-align-center\" data-align=\"center\">Elisenda Vilarrasa<\/td><td class=\"has-text-align-center\" data-align=\"center\">Elisenda Vilarrasa<\/td><\/tr><tr><td class=\"has-text-align-center\" data-align=\"center\" colspan=\"4\">Cristina Ram\u00edrez<\/td><\/tr><tr><td class=\"has-text-align-center\" data-align=\"center\" rowspan=\"2\"><br><strong>Matem\u00e0tiques<\/strong><\/td><td class=\"has-text-align-center\" data-align=\"center\">Anabel L\u00f3pez<\/td><td class=\"has-text-align-center\" data-align=\"center\">Anabel L\u00f3pez<\/td><td class=\"has-text-align-center\" data-align=\"center\">Neu Claret<\/td><td class=\"has-text-align-center\" data-align=\"center\">Neu Claret<\/td><\/tr><tr><td class=\"has-text-align-center\" data-align=\"center\" colspan=\"4\">Mara Fuentes<\/td><\/tr><tr><td class=\"has-text-align-center\" data-align=\"center\"><br><strong>Ci\u00e8ncies Socials<br><\/strong><\/td><td class=\"has-text-align-center\" data-align=\"center\">Adri\u00e0 Cases<\/td><td class=\"has-text-align-center\" data-align=\"center\">Adri\u00e0 Cases<\/td><td class=\"has-text-align-center\" data-align=\"center\">Jordi Alsina<\/td><td class=\"has-text-align-center\" data-align=\"center\">Jordi Alsina<\/td><\/tr><tr><td class=\"has-text-align-center\" data-align=\"center\"><br><strong>Ci\u00e8ncies Naturals<\/strong><br><\/td><td class=\"has-text-align-center\" data-align=\"center\">Montse Calderer<\/td><td class=\"has-text-align-center\" data-align=\"center\">Montse Calderer<\/td><td class=\"has-text-align-center\" data-align=\"center\">Angelina Rotx\u00e9s<\/td><td class=\"has-text-align-center\" data-align=\"center\">Angelina Rotx\u00e9s<\/td><\/tr><tr><td class=\"has-text-align-center\" data-align=\"center\"><br><strong>Tecnologia<\/strong><br><\/td><td class=\"has-text-align-center\" data-align=\"center\">Llu\u00eds Salvador<\/td><td class=\"has-text-align-center\" data-align=\"center\">Llu\u00eds Salvador<\/td><td class=\"has-text-align-center\" data-align=\"center\">Eudald Bonals<\/td><td class=\"has-text-align-center\" data-align=\"center\">Eudald Bonals<\/td><\/tr><tr><td class=\"has-text-align-center\" data-align=\"center\"><br><strong>M\u00fasica<\/strong><br><\/td><td class=\"has-text-align-center\" data-align=\"center\">M\u00f2nica Cerdans<\/td><td class=\"has-text-align-center\" data-align=\"center\">M\u00f2nica Cerdans<\/td><td class=\"has-text-align-center\" data-align=\"center\">M\u00f2nica Cerdans<\/td><td class=\"has-text-align-center\" data-align=\"center\">M\u00f2nica Cerdans<\/td><\/tr><tr><td class=\"has-text-align-center\" data-align=\"center\"><br><strong>Educaci\u00f3 F\u00edsica<\/strong><br><\/td><td class=\"has-text-align-center\" data-align=\"center\">Sergi Erra<\/td><td class=\"has-text-align-center\" data-align=\"center\">Sergi Erra<\/td><td class=\"has-text-align-center\" data-align=\"center\">Sergi Erra<\/td><td class=\"has-text-align-center\" data-align=\"center\">Sergi Erra<\/td><\/tr><tr><td class=\"has-text-align-center\" data-align=\"center\"><br><strong>Projecte Personal<\/strong><br><\/td><td class=\"has-text-align-center\" data-align=\"center\">Montse Alsina<\/td><td class=\"has-text-align-center\" data-align=\"center\">Montse Alsina<\/td><td class=\"has-text-align-center\" data-align=\"center\">Montse Alsina<\/td><td class=\"has-text-align-center\" data-align=\"center\">Montse Alsina<\/td><\/tr><tr><td class=\"has-text-align-center\" data-align=\"center\"><br><strong>Optativa<\/strong><br><\/td><td class=\"has-text-align-center\" data-align=\"center\" colspan=\"4\"><strong>Programaci\u00f3 i Rob\u00f2tica:\u00a0<\/strong>Llu\u00eds Salvador<br><p><strong>Franc\u00e8s:\u00a0<\/strong>Jordina T\u00e0pia<\/p><p><strong>Alemany:\u00a0<\/strong>Rosa Colom<\/p><p><strong>Art, ci\u00e8ncia i emocions: <\/strong>Gemma Sensad<span style=\"font-family: inherit; font-size: inherit;\">a<\/span><\/p><p><strong>Jocs i esports: <\/strong>Sergi Erra<\/p><\/td><\/tr><\/tbody><\/table><\/figure>\n","protected":false},"excerpt":{"rendered":"<p>MAT\u00c8RIA 2n ESO A 2n ESO B 2n ESO C 2n ESO D TUTORIA Anabel L\u00f3pez Pau Gonz\u00e1lez Montse Calderer Montse Alsina S\u00edlvia P\u00e9rez \u00a0\u00a0 Jordi Alsina Marc Lantar\u00f3n Angelina Rotx\u00e9s Llengua Catalana Pau Gonz\u00e1lez Pau Gonz\u00e1lez M\u00f2nica P\u00e9rez Rosa Colom Jordi Alsina Llengua Castellana Marc Lantar\u00f3n S\u00edlvia P\u00e9rez S\u00edlvia P\u00e9rez Marc Lantar\u00f3n Elena Vives [&hellip;]<\/p>\n","protected":false},"author":1,"featured_media":0,"parent":0,"menu_order":0,"comment_status":"closed","ping_status":"closed","template":"","meta":{"_bbp_topic_count":0,"_bbp_reply_count":0,"_bbp_total_topic_count":0,"_bbp_total_reply_count":0,"_bbp_voice_count":0,"_bbp_anonymous_reply_count":0,"_bbp_topic_count_hidden":0,"_bbp_reply_count_hidden":0,"_bbp_forum_subforum_count":0,"site-sidebar-layout":"default","site-content-layout":"","ast-site-content-layout":"default","site-content-style":"default","site-sidebar-style":"default","ast-global-header-display":"","ast-banner-title-visibility":"","ast-main-header-display":"","ast-hfb-above-header-display":"","ast-hfb-below-header-display":"","ast-hfb-mobile-header-display":"","site-post-title":"","ast-breadcrumbs-content":"","ast-featured-img":"","footer-sml-layout":"","theme-transparent-header-meta":"","adv-header-id-meta":"","stick-header-meta":"","header-above-stick-meta":"","header-main-stick-meta":"","header-below-stick-meta":"","astra-migrate-meta-layouts":"set","ast-page-background-enabled":"default","ast-page-background-meta":{"desktop":{"background-color":"var(--ast-global-color-4)","background-image":"","background-repeat":"repeat","background-position":"center center","background-size":"auto","background-attachment":"scroll","background-type":"","background-media":"","overlay-type":"","overlay-color":"","overlay-opacity":"","overlay-gradient":""},"tablet":{"background-color":"","background-image":"","background-repeat":"repeat","background-position":"center center","background-size":"auto","background-attachment":"scroll","background-type":"","background-media":"","overlay-type":"","overlay-color":"","overlay-opacity":"","overlay-gradient":""},"mobile":{"background-color":"","background-image":"","background-repeat":"repeat","background-position":"center center","background-size":"auto","background-attachment":"scroll","background-type":"","background-media":"","overlay-type":"","overlay-color":"","overlay-opacity":"","overlay-gradient":""}},"ast-content-background-meta":{"desktop":{"background-color":"var(--ast-global-color-5)","background-image":"","background-repeat":"repeat","background-position":"center center","background-size":"auto","background-attachment":"scroll","background-type":"","background-media":"","overlay-type":"","overlay-color":"","overlay-opacity":"","overlay-gradient":""},"tablet":{"background-color":"var(--ast-global-color-5)","background-image":"","background-repeat":"repeat","background-position":"center center","background-size":"auto","background-attachment":"scroll","background-type":"","background-media":"","overlay-type":"","overlay-color":"","overlay-opacity":"","overlay-gradient":""},"mobile":{"background-color":"var(--ast-global-color-5)","background-image":"","background-repeat":"repeat","background-position":"center center","background-size":"auto","background-attachment":"scroll","background-type":"","background-media":"","overlay-type":"","overlay-color":"","overlay-opacity":"","overlay-gradient":""}},"footnotes":""},"class_list":["post-3697","page","type-page","status-publish","hentry"],"post_mailing_queue_ids":[],"_links":{"self":[{"href":"https:\/\/agora.xtec.cat\/iesdauro\/wp-json\/wp\/v2\/pages\/3697","targetHints":{"allow":["GET"]}}],"collection":[{"href":"https:\/\/agora.xtec.cat\/iesdauro\/wp-json\/wp\/v2\/pages"}],"about":[{"href":"https:\/\/agora.xtec.cat\/iesdauro\/wp-json\/wp\/v2\/types\/page"}],"author":[{"embeddable":true,"href":"https:\/\/agora.xtec.cat\/iesdauro\/wp-json\/wp\/v2\/users\/1"}],"replies":[{"embeddable":true,"href":"https:\/\/agora.xtec.cat\/iesdauro\/wp-json\/wp\/v2\/comments?post=3697"}],"version-history":[{"count":3,"href":"https:\/\/agora.xtec.cat\/iesdauro\/wp-json\/wp\/v2\/pages\/3697\/revisions"}],"predecessor-version":[{"id":3766,"href":"https:\/\/agora.xtec.cat\/iesdauro\/wp-json\/wp\/v2\/pages\/3697\/revisions\/3766"}],"wp:attachment":[{"href":"https:\/\/agora.xtec.cat\/iesdauro\/wp-json\/wp\/v2\/media?parent=3697"}],"curies":[{"name":"wp","href":"https:\/\/api.w.org\/{rel}","templated":true}]}}