{"id":3685,"date":"2026-02-06T19:33:02","date_gmt":"2026-02-06T18:33:02","guid":{"rendered":"https:\/\/agora.xtec.cat\/iesdauro\/?page_id=3685"},"modified":"2026-02-11T15:59:30","modified_gmt":"2026-02-11T14:59:30","slug":"equip-docent-1eso","status":"publish","type":"page","link":"https:\/\/agora.xtec.cat\/iesdauro\/equip-docent-1eso\/","title":{"rendered":"Equip docent 1r d&#8217;ESO"},"content":{"rendered":"\n<figure class=\"wp-block-table aligncenter has-small-font-size\"><table class=\"has-fixed-layout\" style=\"border-width:1px\"><thead><tr><th>MAT\u00c8RIA<\/th><th class=\"has-text-align-center\" data-align=\"center\">1r ESO A<\/th><th class=\"has-text-align-center\" data-align=\"center\">1r ESO B<\/th><th class=\"has-text-align-center\" data-align=\"center\">1r ESO C<\/th><th class=\"has-text-align-center\" data-align=\"center\">1r ESO D<\/th><\/tr><\/thead><tbody><tr><td><br><strong>TUTORIA<\/strong><br><\/td><td class=\"has-text-align-center\" data-align=\"center\"><strong>Gemma Sensada<\/strong><br><p>Marc Massana<\/p><\/td><td class=\"has-text-align-center\" data-align=\"center\"><span style=\"color: #800000;\"><span style=\"color: #000000;\"><strong>M\u00f2nica Cerdans<\/strong><\/span><\/span><br><p><span style=\"color: #800000;\"><span style=\"color: #000000;\">Gl\u00f2ria Vall<\/span><\/span>s<\/p><p><span style=\"font-family: inherit; font-size: inherit;\"><\/span><\/p><\/td><td class=\"has-text-align-center\" data-align=\"center\"><span style=\"color: #000000;\"><strong>Sergi Erra \u00a0 \u00a0 \u00a0 \u00a0<\/strong><\/span><br><p><span style=\"color: #000000;\">Rosa Colom <\/span><\/p><\/td><td class=\"has-text-align-center\" data-align=\"center\"><span style=\"color: #800000;\"><strong><span style=\"color: #000000;\">Eudald Bonals<\/span><\/strong><\/span><br><p><span style=\"color: #800000;\"><span style=\"color: #000000;\"> Alba Capsad<\/span><\/span><span style=\"font-family: inherit; font-size: inherit;\">a<\/span><\/p><\/td><\/tr><tr><td><br><strong>Llengua Catalana<br><\/strong><\/td><td class=\"has-text-align-center\" data-align=\"center\">M\u00f2nica P\u00e9rez<\/td><td class=\"has-text-align-center\" data-align=\"center\">M\u00f2nica P\u00e9rez<\/td><td class=\"has-text-align-center\" data-align=\"center\">Sergi Erra<\/td><td class=\"has-text-align-center\" data-align=\"center\">Sergi Erra<\/td><\/tr><tr><td><br><strong>Llengua Castellana<br><\/strong><\/td><td class=\"has-text-align-center\" data-align=\"center\">S\u00edlvia P\u00e9rez<\/td><td class=\"has-text-align-center\" data-align=\"center\">Marc Lantar\u00f3n<\/td><td class=\"has-text-align-center\" data-align=\"center\">S\u00edlvia P\u00e9rez<\/td><td class=\"has-text-align-center\" data-align=\"center\">Marc Lantar\u00f3n<\/td><\/tr><tr><td><br><strong>Llengua Anglesa<\/strong><br><\/td><td class=\"has-text-align-center\" data-align=\"center\">Cristina Ram\u00edrez<\/td><td class=\"has-text-align-center\" data-align=\"center\">Cristina Ram\u00edrez<\/td><td class=\"has-text-align-center\" data-align=\"center\">Rosa Colom<\/td><td class=\"has-text-align-center\" data-align=\"center\">Rosa Colom<\/td><\/tr><tr><td><br><strong>Matem\u00e0tiques<\/strong><br><\/td><td class=\"has-text-align-center\" data-align=\"center\">Maria Rubi\u00f3<\/td><td class=\"has-text-align-center\" data-align=\"center\">Maria Rubi\u00f3<\/td><td class=\"has-text-align-center\" data-align=\"center\">Maria Rubi\u00f3<\/td><td class=\"has-text-align-center\" data-align=\"center\">Maria Rubi\u00f3<\/td><\/tr><tr><td><br><strong>Ci\u00e8ncies Socials<\/strong><br><\/td><td class=\"has-text-align-center\" data-align=\"center\">Gl\u00f2ria Valls<\/td><td class=\"has-text-align-center\" data-align=\"center\">Gl\u00f2ria Valls<\/td><td class=\"has-text-align-center\" data-align=\"center\">Meritxell Garc\u00eda<\/td><td class=\"has-text-align-center\" data-align=\"center\">Meritxell Garc\u00eda<\/td><\/tr><tr><td><br><strong>Ci\u00e8ncies Naturals<\/strong><br><\/td><td class=\"has-text-align-center\" data-align=\"center\">Marcel\u00b7l\u00ed Bonilla<\/td><td class=\"has-text-align-center\" data-align=\"center\">Marcel\u00b7l\u00ed Bonilla<\/td><td class=\"has-text-align-center\" data-align=\"center\">Marcel\u00b7l\u00ed Bonilla<\/td><td class=\"has-text-align-center\" data-align=\"center\">Alba Capsada<\/td><\/tr><tr><td><br><strong>Tecnologia<\/strong><br><\/td><td class=\"has-text-align-center\" data-align=\"center\">Marc Massana<\/td><td class=\"has-text-align-center\" data-align=\"center\">Marc Massana<\/td><td class=\"has-text-align-center\" data-align=\"center\">Eudald Bonals<\/td><td class=\"has-text-align-center\" data-align=\"center\">Eudald Bonals<\/td><\/tr><tr><td><br><strong>M\u00fasica<\/strong><br><\/td><td class=\"has-text-align-center\" data-align=\"center\">M\u00f2nica Cerdans<\/td><td class=\"has-text-align-center\" data-align=\"center\">M\u00f2nica Cerdans<\/td><td class=\"has-text-align-center\" data-align=\"center\">M\u00f2nica Cerdans<\/td><td class=\"has-text-align-center\" data-align=\"center\">M\u00f2nica Cerdans<\/td><\/tr><tr><td><br><strong>VIP<\/strong><br><\/td><td class=\"has-text-align-center\" data-align=\"center\">Gemma Sensada<\/td><td class=\"has-text-align-center\" data-align=\"center\">Gemma Sensada<\/td><td class=\"has-text-align-center\" data-align=\"center\">Gemma Sensada<\/td><td class=\"has-text-align-center\" data-align=\"center\">Gemma Sensada<\/td><\/tr><tr><td><br><strong>Educaci\u00f3 F\u00edsica<\/strong><br><\/td><td class=\"has-text-align-center\" data-align=\"center\">Lourdes Aymerich<\/td><td class=\"has-text-align-center\" data-align=\"center\">Lourdes Aymerich<\/td><td class=\"has-text-align-center\" data-align=\"center\">Lourdes Aymerich<\/td><td class=\"has-text-align-center\" data-align=\"center\">Lourdes Aymerich<\/td><\/tr><tr><td><br><strong>Projecte Personal<\/strong><br><\/td><td class=\"has-text-align-center\" data-align=\"center\">Montse Berenguer<\/td><td class=\"has-text-align-center\" data-align=\"center\">Montse Berenguer<\/td><td class=\"has-text-align-center\" data-align=\"center\">Montse Berenguer<\/td><td class=\"has-text-align-center\" data-align=\"center\">Montse Berenguer<\/td><\/tr><tr><td><br><strong>Religi\u00f3<\/strong><br><\/td><td class=\"has-text-align-center\" data-align=\"center\">Gl\u00f2ria Valls<\/td><td class=\"has-text-align-center\" data-align=\"center\">Gl\u00f2ria Valls<\/td><td class=\"has-text-align-center\" data-align=\"center\">Gl\u00f2ria Valls<\/td><td class=\"has-text-align-center\" data-align=\"center\">Gl\u00f2ria Valls<\/td><\/tr><tr><td><br><strong>Optativa<\/strong><br><\/td><td class=\"has-text-align-center\" data-align=\"center\" colspan=\"4\"><strong>Rob\u00f2tica:\u00a0<\/strong>Eudald Bonals<br><p><strong>Franc\u00e8s:\u00a0<\/strong>Jordina T\u00e0pia<\/p><p><strong>Alemany:\u00a0<\/strong>Rosa Colom<\/p><p><strong>Art Jove:\u00a0<\/strong>Gemma Sensada<\/p><p><strong>Let&#8217;s do Physical Education in English!:\u00a0<\/strong>Sergi Erra<\/p><\/td><\/tr><\/tbody><\/table><\/figure>\n\n\n\n<p><\/p>\n","protected":false},"excerpt":{"rendered":"<p>MAT\u00c8RIA 1r ESO A 1r ESO B 1r ESO C 1r ESO D TUTORIA Gemma Sensada Marc Massana M\u00f2nica Cerdans Gl\u00f2ria Valls Sergi Erra \u00a0 \u00a0 \u00a0 \u00a0 Rosa Colom Eudald Bonals Alba Capsada Llengua Catalana M\u00f2nica P\u00e9rez M\u00f2nica P\u00e9rez Sergi Erra Sergi Erra Llengua Castellana S\u00edlvia P\u00e9rez Marc Lantar\u00f3n S\u00edlvia P\u00e9rez Marc Lantar\u00f3n Llengua [&hellip;]<\/p>\n","protected":false},"author":1,"featured_media":0,"parent":0,"menu_order":0,"comment_status":"closed","ping_status":"closed","template":"","meta":{"_bbp_topic_count":0,"_bbp_reply_count":0,"_bbp_total_topic_count":0,"_bbp_total_reply_count":0,"_bbp_voice_count":0,"_bbp_anonymous_reply_count":0,"_bbp_topic_count_hidden":0,"_bbp_reply_count_hidden":0,"_bbp_forum_subforum_count":0,"site-sidebar-layout":"default","site-content-layout":"","ast-site-content-layout":"default","site-content-style":"default","site-sidebar-style":"default","ast-global-header-display":"","ast-banner-title-visibility":"","ast-main-header-display":"","ast-hfb-above-header-display":"","ast-hfb-below-header-display":"","ast-hfb-mobile-header-display":"","site-post-title":"","ast-breadcrumbs-content":"","ast-featured-img":"","footer-sml-layout":"","theme-transparent-header-meta":"","adv-header-id-meta":"","stick-header-meta":"","header-above-stick-meta":"","header-main-stick-meta":"","header-below-stick-meta":"","astra-migrate-meta-layouts":"set","ast-page-background-enabled":"default","ast-page-background-meta":{"desktop":{"background-color":"var(--ast-global-color-4)","background-image":"","background-repeat":"repeat","background-position":"center center","background-size":"auto","background-attachment":"scroll","background-type":"","background-media":"","overlay-type":"","overlay-color":"","overlay-opacity":"","overlay-gradient":""},"tablet":{"background-color":"","background-image":"","background-repeat":"repeat","background-position":"center center","background-size":"auto","background-attachment":"scroll","background-type":"","background-media":"","overlay-type":"","overlay-color":"","overlay-opacity":"","overlay-gradient":""},"mobile":{"background-color":"","background-image":"","background-repeat":"repeat","background-position":"center center","background-size":"auto","background-attachment":"scroll","background-type":"","background-media":"","overlay-type":"","overlay-color":"","overlay-opacity":"","overlay-gradient":""}},"ast-content-background-meta":{"desktop":{"background-color":"var(--ast-global-color-5)","background-image":"","background-repeat":"repeat","background-position":"center center","background-size":"auto","background-attachment":"scroll","background-type":"","background-media":"","overlay-type":"","overlay-color":"","overlay-opacity":"","overlay-gradient":""},"tablet":{"background-color":"var(--ast-global-color-5)","background-image":"","background-repeat":"repeat","background-position":"center center","background-size":"auto","background-attachment":"scroll","background-type":"","background-media":"","overlay-type":"","overlay-color":"","overlay-opacity":"","overlay-gradient":""},"mobile":{"background-color":"var(--ast-global-color-5)","background-image":"","background-repeat":"repeat","background-position":"center center","background-size":"auto","background-attachment":"scroll","background-type":"","background-media":"","overlay-type":"","overlay-color":"","overlay-opacity":"","overlay-gradient":""}},"footnotes":""},"class_list":["post-3685","page","type-page","status-publish","hentry"],"post_mailing_queue_ids":[],"_links":{"self":[{"href":"https:\/\/agora.xtec.cat\/iesdauro\/wp-json\/wp\/v2\/pages\/3685","targetHints":{"allow":["GET"]}}],"collection":[{"href":"https:\/\/agora.xtec.cat\/iesdauro\/wp-json\/wp\/v2\/pages"}],"about":[{"href":"https:\/\/agora.xtec.cat\/iesdauro\/wp-json\/wp\/v2\/types\/page"}],"author":[{"embeddable":true,"href":"https:\/\/agora.xtec.cat\/iesdauro\/wp-json\/wp\/v2\/users\/1"}],"replies":[{"embeddable":true,"href":"https:\/\/agora.xtec.cat\/iesdauro\/wp-json\/wp\/v2\/comments?post=3685"}],"version-history":[{"count":6,"href":"https:\/\/agora.xtec.cat\/iesdauro\/wp-json\/wp\/v2\/pages\/3685\/revisions"}],"predecessor-version":[{"id":3765,"href":"https:\/\/agora.xtec.cat\/iesdauro\/wp-json\/wp\/v2\/pages\/3685\/revisions\/3765"}],"wp:attachment":[{"href":"https:\/\/agora.xtec.cat\/iesdauro\/wp-json\/wp\/v2\/media?parent=3685"}],"curies":[{"name":"wp","href":"https:\/\/api.w.org\/{rel}","templated":true}]}}