{"id":3597,"date":"2026-01-24T13:41:28","date_gmt":"2026-01-24T12:41:28","guid":{"rendered":"https:\/\/agora.xtec.cat\/iesdauro\/?page_id=3597"},"modified":"2026-02-06T08:25:28","modified_gmt":"2026-02-06T07:25:28","slug":"ambits","status":"publish","type":"page","link":"https:\/\/agora.xtec.cat\/iesdauro\/ambits\/","title":{"rendered":"\u00c0MBITS"},"content":{"rendered":"<ul>\n<li>\n<h4><a href=\"https:\/\/agora.xtec.cat\/iesdauro\/categoria\/ciencies\/\" target=\"_blank\" rel=\"noopener\">Ci\u00e8ncies<\/a><\/h4>\n<\/li>\n<li>\n<h4><a href=\"https:\/\/agora.xtec.cat\/iesdauro\/categoria\/ciencies-socials\/\" target=\"_blank\" rel=\"noopener\">Ci\u00e8ncies socials<\/a><\/h4>\n<\/li>\n<li>\n<h4><a href=\"https:\/\/agora.xtec.cat\/iesdauro\/categoria\/expressions\/\" target=\"_blank\" rel=\"noopener\">Expressions<\/a><\/h4>\n<\/li>\n<li>\n<h4><a href=\"https:\/\/agora.xtec.cat\/iesdauro\/categoria\/llengues\/\" target=\"_blank\" rel=\"noopener\">Lleng\u00fces<\/a><\/h4>\n<\/li>\n<li>\n<h4><a href=\"https:\/\/agora.xtec.cat\/iesdauro\/categoria\/llengues-estrangeres\/\" target=\"_blank\" rel=\"noopener\">Lleng\u00fces estrangueres<\/a><\/h4>\n<\/li>\n<li>\n<h4><a href=\"https:\/\/agora.xtec.cat\/iesdauro\/categoria\/matematiques\/\" target=\"_blank\" rel=\"noopener\">Matem\u00e0tiques<\/a><\/h4>\n<\/li>\n<li>\n<h4><a href=\"https:\/\/agora.xtec.cat\/iesdauro\/categoria\/orientacio-educativa\/\" target=\"_blank\" rel=\"noopener\">Orientaci\u00f3 educativa<\/a><\/h4>\n<\/li>\n<li>\n<h4><a href=\"https:\/\/agora.xtec.cat\/iesdauro\/categoria\/tecnologia\/\" target=\"_blank\" rel=\"noopener\">Tecnologia<\/a><\/h4>\n<\/li>\n<\/ul>\n","protected":false},"excerpt":{"rendered":"<p>Ci\u00e8ncies Ci\u00e8ncies socials Expressions Lleng\u00fces Lleng\u00fces estrangueres Matem\u00e0tiques Orientaci\u00f3 educativa Tecnologia<\/p>\n","protected":false},"author":1,"featured_media":0,"parent":0,"menu_order":0,"comment_status":"closed","ping_status":"closed","template":"","meta":{"_bbp_topic_count":0,"_bbp_reply_count":0,"_bbp_total_topic_count":0,"_bbp_total_reply_count":0,"_bbp_voice_count":0,"_bbp_anonymous_reply_count":0,"_bbp_topic_count_hidden":0,"_bbp_reply_count_hidden":0,"_bbp_forum_subforum_count":0,"site-sidebar-layout":"default","site-content-layout":"","ast-site-content-layout":"default","site-content-style":"default","site-sidebar-style":"default","ast-global-header-display":"","ast-banner-title-visibility":"","ast-main-header-display":"","ast-hfb-above-header-display":"","ast-hfb-below-header-display":"","ast-hfb-mobile-header-display":"","site-post-title":"","ast-breadcrumbs-content":"","ast-featured-img":"","footer-sml-layout":"","theme-transparent-header-meta":"default","adv-header-id-meta":"","stick-header-meta":"","header-above-stick-meta":"","header-main-stick-meta":"","header-below-stick-meta":"","astra-migrate-meta-layouts":"set","ast-page-background-enabled":"default","ast-page-background-meta":{"desktop":{"background-color":"var(--ast-global-color-4)","background-image":"","background-repeat":"repeat","background-position":"center center","background-size":"auto","background-attachment":"scroll","background-type":"","background-media":"","overlay-type":"","overlay-color":"","overlay-opacity":"","overlay-gradient":""},"tablet":{"background-color":"","background-image":"","background-repeat":"repeat","background-position":"center center","background-size":"auto","background-attachment":"scroll","background-type":"","background-media":"","overlay-type":"","overlay-color":"","overlay-opacity":"","overlay-gradient":""},"mobile":{"background-color":"","background-image":"","background-repeat":"repeat","background-position":"center center","background-size":"auto","background-attachment":"scroll","background-type":"","background-media":"","overlay-type":"","overlay-color":"","overlay-opacity":"","overlay-gradient":""}},"ast-content-background-meta":{"desktop":{"background-color":"var(--ast-global-color-5)","background-image":"","background-repeat":"repeat","background-position":"center center","background-size":"auto","background-attachment":"scroll","background-type":"","background-media":"","overlay-type":"","overlay-color":"","overlay-opacity":"","overlay-gradient":""},"tablet":{"background-color":"var(--ast-global-color-5)","background-image":"","background-repeat":"repeat","background-position":"center center","background-size":"auto","background-attachment":"scroll","background-type":"","background-media":"","overlay-type":"","overlay-color":"","overlay-opacity":"","overlay-gradient":""},"mobile":{"background-color":"var(--ast-global-color-5)","background-image":"","background-repeat":"repeat","background-position":"center center","background-size":"auto","background-attachment":"scroll","background-type":"","background-media":"","overlay-type":"","overlay-color":"","overlay-opacity":"","overlay-gradient":""}},"footnotes":""},"class_list":["post-3597","page","type-page","status-publish","hentry"],"post_mailing_queue_ids":[],"_links":{"self":[{"href":"https:\/\/agora.xtec.cat\/iesdauro\/wp-json\/wp\/v2\/pages\/3597","targetHints":{"allow":["GET"]}}],"collection":[{"href":"https:\/\/agora.xtec.cat\/iesdauro\/wp-json\/wp\/v2\/pages"}],"about":[{"href":"https:\/\/agora.xtec.cat\/iesdauro\/wp-json\/wp\/v2\/types\/page"}],"author":[{"embeddable":true,"href":"https:\/\/agora.xtec.cat\/iesdauro\/wp-json\/wp\/v2\/users\/1"}],"replies":[{"embeddable":true,"href":"https:\/\/agora.xtec.cat\/iesdauro\/wp-json\/wp\/v2\/comments?post=3597"}],"version-history":[{"count":5,"href":"https:\/\/agora.xtec.cat\/iesdauro\/wp-json\/wp\/v2\/pages\/3597\/revisions"}],"predecessor-version":[{"id":3677,"href":"https:\/\/agora.xtec.cat\/iesdauro\/wp-json\/wp\/v2\/pages\/3597\/revisions\/3677"}],"wp:attachment":[{"href":"https:\/\/agora.xtec.cat\/iesdauro\/wp-json\/wp\/v2\/media?parent=3597"}],"curies":[{"name":"wp","href":"https:\/\/api.w.org\/{rel}","templated":true}]}}