{"id":195,"date":"2014-09-22T10:39:39","date_gmt":"2014-09-22T10:39:39","guid":{"rendered":"http:\/\/agora.xtec.cat\/iesdauro\/?page_id=195"},"modified":"2024-04-03T10:18:37","modified_gmt":"2024-04-03T08:18:37","slug":"estudis","status":"publish","type":"page","link":"https:\/\/agora.xtec.cat\/iesdauro\/estudis\/","title":{"rendered":"Projectes"},"content":{"rendered":"<ul>\n<li id=\"nav-menu-item-614\" class=\"sub-menu-item menu-item-odd menu-item-depth-1 menu-item menu-item-type-custom menu-item-object-custom\"><a class=\"menu-link sub-menu-link\" href=\"https:\/\/drive.google.com\/file\/d\/1G2SH-3h9RX261kdu3r_2ykrZQNcGlgpt\/view?usp=sharing\" target=\"_blank\" rel=\"noopener\">Projectes de centre<\/a><\/li>\n<li id=\"nav-menu-item-621\" class=\"sub-menu-item menu-item-odd menu-item-depth-1 menu-item menu-item-type-taxonomy menu-item-object-category menu-item-has-children\"><a class=\"menu-link sub-menu-link\" href=\"https:\/\/agora.xtec.cat\/iesdauro\/categoria\/ambits\/\">\u00c0mbits<\/a>\n<ul class=\"sub-menu menu-even sub-sub-menu menu-depth-2\">\n<li id=\"nav-menu-item-620\" class=\"sub-menu-item sub-sub-menu-item menu-item-even menu-item-depth-2 menu-item menu-item-type-taxonomy menu-item-object-category\"><a class=\"menu-link sub-menu-link\" href=\"https:\/\/agora.xtec.cat\/iesdauro\/categoria\/expressions\/\">Expressions<\/a><\/li>\n<li id=\"nav-menu-item-619\" class=\"sub-menu-item sub-sub-menu-item menu-item-even menu-item-depth-2 menu-item menu-item-type-taxonomy menu-item-object-category\"><a class=\"menu-link sub-menu-link\" href=\"https:\/\/agora.xtec.cat\/iesdauro\/categoria\/ciencies\/\">Ci\u00e8ncies<\/a><\/li>\n<li id=\"nav-menu-item-618\" class=\"sub-menu-item sub-sub-menu-item menu-item-even menu-item-depth-2 menu-item menu-item-type-taxonomy menu-item-object-category\"><a class=\"menu-link sub-menu-link\" href=\"https:\/\/agora.xtec.cat\/iesdauro\/categoria\/ciencies-socials\/\">Ci\u00e8ncies socials<\/a><\/li>\n<li id=\"nav-menu-item-617\" class=\"sub-menu-item sub-sub-menu-item menu-item-even menu-item-depth-2 menu-item menu-item-type-taxonomy menu-item-object-category\"><a class=\"menu-link sub-menu-link\" href=\"https:\/\/agora.xtec.cat\/iesdauro\/categoria\/llengues\/\">Lleng\u00fces<\/a><\/li>\n<li id=\"nav-menu-item-616\" class=\"sub-menu-item sub-sub-menu-item menu-item-even menu-item-depth-2 menu-item menu-item-type-taxonomy menu-item-object-category\"><a class=\"menu-link sub-menu-link\" href=\"https:\/\/agora.xtec.cat\/iesdauro\/categoria\/llengues-estrangeres\/\">Lleng\u00fces estrangeres<\/a><\/li>\n<li id=\"nav-menu-item-615\" class=\"sub-menu-item sub-sub-menu-item menu-item-even menu-item-depth-2 menu-item menu-item-type-taxonomy menu-item-object-category\"><a class=\"menu-link sub-menu-link\" href=\"https:\/\/agora.xtec.cat\/iesdauro\/categoria\/matematiques\/\">Matem\u00e0tiques<\/a><\/li>\n<li id=\"nav-menu-item-622\" class=\"sub-menu-item sub-sub-menu-item menu-item-even menu-item-depth-2 menu-item menu-item-type-taxonomy menu-item-object-category\"><a class=\"menu-link sub-menu-link\" href=\"https:\/\/agora.xtec.cat\/iesdauro\/categoria\/orientacio-educativa\/\">Orientaci\u00f3 educativa<\/a><\/li>\n<li id=\"nav-menu-item-623\" class=\"sub-menu-item sub-sub-menu-item menu-item-even menu-item-depth-2 menu-item menu-item-type-taxonomy menu-item-object-category\"><a class=\"menu-link sub-menu-link\" href=\"https:\/\/agora.xtec.cat\/iesdauro\/categoria\/tecnologia\/\">Tecnologia<\/a><\/li>\n<\/ul>\n<\/li>\n<\/ul>\n","protected":false},"excerpt":{"rendered":"<p>Projectes de centre \u00c0mbits Expressions Ci\u00e8ncies Ci\u00e8ncies socials Lleng\u00fces Lleng\u00fces estrangeres Matem\u00e0tiques Orientaci\u00f3 educativa Tecnologia<\/p>\n","protected":false},"author":1,"featured_media":0,"parent":0,"menu_order":0,"comment_status":"closed","ping_status":"closed","template":"","meta":{"_bbp_topic_count":0,"_bbp_reply_count":0,"_bbp_total_topic_count":0,"_bbp_total_reply_count":0,"_bbp_voice_count":0,"_bbp_anonymous_reply_count":0,"_bbp_topic_count_hidden":0,"_bbp_reply_count_hidden":0,"_bbp_forum_subforum_count":0,"site-sidebar-layout":"default","site-content-layout":"","ast-site-content-layout":"","site-content-style":"default","site-sidebar-style":"default","ast-global-header-display":"","ast-banner-title-visibility":"","ast-main-header-display":"","ast-hfb-above-header-display":"","ast-hfb-below-header-display":"","ast-hfb-mobile-header-display":"","site-post-title":"","ast-breadcrumbs-content":"","ast-featured-img":"","footer-sml-layout":"","theme-transparent-header-meta":"","adv-header-id-meta":"","stick-header-meta":"","header-above-stick-meta":"","header-main-stick-meta":"","header-below-stick-meta":"","astra-migrate-meta-layouts":"default","ast-page-background-enabled":"default","ast-page-background-meta":{"desktop":{"background-color":"var(--ast-global-color-4)","background-image":"","background-repeat":"repeat","background-position":"center center","background-size":"auto","background-attachment":"scroll","background-type":"","background-media":"","overlay-type":"","overlay-color":"","overlay-opacity":"","overlay-gradient":""},"tablet":{"background-color":"","background-image":"","background-repeat":"repeat","background-position":"center center","background-size":"auto","background-attachment":"scroll","background-type":"","background-media":"","overlay-type":"","overlay-color":"","overlay-opacity":"","overlay-gradient":""},"mobile":{"background-color":"","background-image":"","background-repeat":"repeat","background-position":"center center","background-size":"auto","background-attachment":"scroll","background-type":"","background-media":"","overlay-type":"","overlay-color":"","overlay-opacity":"","overlay-gradient":""}},"ast-content-background-meta":{"desktop":{"background-color":"var(--ast-global-color-5)","background-image":"","background-repeat":"repeat","background-position":"center center","background-size":"auto","background-attachment":"scroll","background-type":"","background-media":"","overlay-type":"","overlay-color":"","overlay-opacity":"","overlay-gradient":""},"tablet":{"background-color":"var(--ast-global-color-5)","background-image":"","background-repeat":"repeat","background-position":"center center","background-size":"auto","background-attachment":"scroll","background-type":"","background-media":"","overlay-type":"","overlay-color":"","overlay-opacity":"","overlay-gradient":""},"mobile":{"background-color":"var(--ast-global-color-5)","background-image":"","background-repeat":"repeat","background-position":"center center","background-size":"auto","background-attachment":"scroll","background-type":"","background-media":"","overlay-type":"","overlay-color":"","overlay-opacity":"","overlay-gradient":""}},"footnotes":""},"class_list":["post-195","page","type-page","status-publish","hentry"],"post_mailing_queue_ids":[],"_links":{"self":[{"href":"https:\/\/agora.xtec.cat\/iesdauro\/wp-json\/wp\/v2\/pages\/195","targetHints":{"allow":["GET"]}}],"collection":[{"href":"https:\/\/agora.xtec.cat\/iesdauro\/wp-json\/wp\/v2\/pages"}],"about":[{"href":"https:\/\/agora.xtec.cat\/iesdauro\/wp-json\/wp\/v2\/types\/page"}],"author":[{"embeddable":true,"href":"https:\/\/agora.xtec.cat\/iesdauro\/wp-json\/wp\/v2\/users\/1"}],"replies":[{"embeddable":true,"href":"https:\/\/agora.xtec.cat\/iesdauro\/wp-json\/wp\/v2\/comments?post=195"}],"version-history":[{"count":4,"href":"https:\/\/agora.xtec.cat\/iesdauro\/wp-json\/wp\/v2\/pages\/195\/revisions"}],"predecessor-version":[{"id":978,"href":"https:\/\/agora.xtec.cat\/iesdauro\/wp-json\/wp\/v2\/pages\/195\/revisions\/978"}],"wp:attachment":[{"href":"https:\/\/agora.xtec.cat\/iesdauro\/wp-json\/wp\/v2\/media?parent=195"}],"curies":[{"name":"wp","href":"https:\/\/api.w.org\/{rel}","templated":true}]}}