{"id":1017,"date":"2024-04-03T11:25:03","date_gmt":"2024-04-03T09:25:03","guid":{"rendered":"https:\/\/agora.xtec.cat\/iesdauro\/?page_id=1017"},"modified":"2024-09-16T17:41:03","modified_gmt":"2024-09-16T15:41:03","slug":"eines-digitals-i-manuals","status":"publish","type":"page","link":"https:\/\/agora.xtec.cat\/iesdauro\/normes-dorganitzacio-i-funcionament\/cultura-digital\/eines-digitals-i-manuals\/","title":{"rendered":"Eines digitals i manuals"},"content":{"rendered":"<h2>Manuals:<\/h2>\n<ul>\n<li>IEDUCA\n<ul>\n<li><a title=\"Recuperar clau iEduca\" href=\"https:\/\/www.youtube.com\/watch?v=Qfu52jDoEmE&amp;list=PLh6RbrqunrkUoTp8TdfsW3wEvQhprV8l-&amp;index=1\">Com recuperar la clau per entrar a iEduca<\/a><\/li>\n<li><a title=\"Justificar falta d'assist\u00e8ncia\" href=\"https:\/\/www.youtube.com\/watch?v=uXd3RJxJ8m8\">Com justificar una falta d&#8217;assist\u00e8ncia<\/a><\/li>\n<li><a title=\"app iEduca\" href=\"https:\/\/www.youtube.com\/watch?v=4P97HfIh_RY\">Com utilitzar l&#8217;app de iEduca al m\u00f2bil (Tokapp)<\/a><\/li>\n<li><a href=\"https:\/\/drive.google.com\/file\/d\/1GD7JACPUNi8emC3uQ6i6vgNP_kz9IL-h\/view?usp=sharing\" target=\"_blank\" rel=\"noopener\">Guia per a les fam\u00edlies iEduca<\/a><\/li>\n<\/ul>\n<\/li>\n<\/ul>\n<ul>\n<li>TPV Escola\n<ul>\n<li><a title=\"app iEduca\" href=\"https:\/\/www.youtube.com\/watch?v=Iokx_zCF8KI\">Com instal\u00b7lar l&#8217;app al m\u00f2bil TPVescola i identificar-se<\/a><\/li>\n<li><a title=\"Desar signatura\" href=\"https:\/\/www.youtube.com\/watch?v=uKtB9xfgvM0\">Com desar la signatura<\/a><\/li>\n<\/ul>\n<\/li>\n<\/ul>\n","protected":false},"excerpt":{"rendered":"<p>Manuals: IEDUCA Com recuperar la clau per entrar a iEduca Com justificar una falta d&#8217;assist\u00e8ncia Com utilitzar l&#8217;app de iEduca al m\u00f2bil (Tokapp) Guia per a les fam\u00edlies iEduca TPV Escola Com instal\u00b7lar l&#8217;app al m\u00f2bil TPVescola i identificar-se Com desar la signatura<\/p>\n","protected":false},"author":1,"featured_media":0,"parent":1006,"menu_order":0,"comment_status":"closed","ping_status":"closed","template":"page-templates\/side-menu.php","meta":{"_bbp_topic_count":0,"_bbp_reply_count":0,"_bbp_total_topic_count":0,"_bbp_total_reply_count":0,"_bbp_voice_count":0,"_bbp_anonymous_reply_count":0,"_bbp_topic_count_hidden":0,"_bbp_reply_count_hidden":0,"_bbp_forum_subforum_count":0,"site-sidebar-layout":"default","site-content-layout":"","ast-site-content-layout":"","site-content-style":"default","site-sidebar-style":"default","ast-global-header-display":"","ast-banner-title-visibility":"","ast-main-header-display":"","ast-hfb-above-header-display":"","ast-hfb-below-header-display":"","ast-hfb-mobile-header-display":"","site-post-title":"","ast-breadcrumbs-content":"","ast-featured-img":"","footer-sml-layout":"","theme-transparent-header-meta":"","adv-header-id-meta":"","stick-header-meta":"","header-above-stick-meta":"","header-main-stick-meta":"","header-below-stick-meta":"","astra-migrate-meta-layouts":"default","ast-page-background-enabled":"default","ast-page-background-meta":{"desktop":{"background-color":"var(--ast-global-color-4)","background-image":"","background-repeat":"repeat","background-position":"center center","background-size":"auto","background-attachment":"scroll","background-type":"","background-media":"","overlay-type":"","overlay-color":"","overlay-opacity":"","overlay-gradient":""},"tablet":{"background-color":"","background-image":"","background-repeat":"repeat","background-position":"center center","background-size":"auto","background-attachment":"scroll","background-type":"","background-media":"","overlay-type":"","overlay-color":"","overlay-opacity":"","overlay-gradient":""},"mobile":{"background-color":"","background-image":"","background-repeat":"repeat","background-position":"center center","background-size":"auto","background-attachment":"scroll","background-type":"","background-media":"","overlay-type":"","overlay-color":"","overlay-opacity":"","overlay-gradient":""}},"ast-content-background-meta":{"desktop":{"background-color":"var(--ast-global-color-5)","background-image":"","background-repeat":"repeat","background-position":"center center","background-size":"auto","background-attachment":"scroll","background-type":"","background-media":"","overlay-type":"","overlay-color":"","overlay-opacity":"","overlay-gradient":""},"tablet":{"background-color":"var(--ast-global-color-5)","background-image":"","background-repeat":"repeat","background-position":"center center","background-size":"auto","background-attachment":"scroll","background-type":"","background-media":"","overlay-type":"","overlay-color":"","overlay-opacity":"","overlay-gradient":""},"mobile":{"background-color":"var(--ast-global-color-5)","background-image":"","background-repeat":"repeat","background-position":"center center","background-size":"auto","background-attachment":"scroll","background-type":"","background-media":"","overlay-type":"","overlay-color":"","overlay-opacity":"","overlay-gradient":""}},"footnotes":""},"class_list":["post-1017","page","type-page","status-publish","hentry"],"post_mailing_queue_ids":[],"_links":{"self":[{"href":"https:\/\/agora.xtec.cat\/iesdauro\/wp-json\/wp\/v2\/pages\/1017","targetHints":{"allow":["GET"]}}],"collection":[{"href":"https:\/\/agora.xtec.cat\/iesdauro\/wp-json\/wp\/v2\/pages"}],"about":[{"href":"https:\/\/agora.xtec.cat\/iesdauro\/wp-json\/wp\/v2\/types\/page"}],"author":[{"embeddable":true,"href":"https:\/\/agora.xtec.cat\/iesdauro\/wp-json\/wp\/v2\/users\/1"}],"replies":[{"embeddable":true,"href":"https:\/\/agora.xtec.cat\/iesdauro\/wp-json\/wp\/v2\/comments?post=1017"}],"version-history":[{"count":3,"href":"https:\/\/agora.xtec.cat\/iesdauro\/wp-json\/wp\/v2\/pages\/1017\/revisions"}],"predecessor-version":[{"id":1649,"href":"https:\/\/agora.xtec.cat\/iesdauro\/wp-json\/wp\/v2\/pages\/1017\/revisions\/1649"}],"up":[{"embeddable":true,"href":"https:\/\/agora.xtec.cat\/iesdauro\/wp-json\/wp\/v2\/pages\/1006"}],"wp:attachment":[{"href":"https:\/\/agora.xtec.cat\/iesdauro\/wp-json\/wp\/v2\/media?parent=1017"}],"curies":[{"name":"wp","href":"https:\/\/api.w.org\/{rel}","templated":true}]}}