{"id":4344,"date":"2023-01-09T16:49:53","date_gmt":"2023-01-09T15:49:53","guid":{"rendered":"https:\/\/agora.xtec.cat\/iesdali\/?page_id=4344"},"modified":"2026-02-26T06:57:54","modified_gmt":"2026-02-26T05:57:54","slug":"geso","status":"publish","type":"page","link":"https:\/\/agora.xtec.cat\/iesdali\/estudis\/geso\/","title":{"rendered":"GESO"},"content":{"rendered":"<h1 class=\"NG-menu__title\">Graduat en educaci\u00f3 secund\u00e0ria obligat\u00f2ria (alumnes que no l&#8217;han obtingut en finalitzar l&#8217;etapa)<\/h1>\n<p><strong>OBTENCI\u00d3 DEL GRADUAT EN EDUCACI\u00d3 SECUND\u00c0RIA OBLIGAT\u00d2RIA<\/strong><\/p>\n<p><strong>Per saber-ne m\u00e9s podeu consultar\u00a0<\/strong><a href=\"http:\/\/educacio.gencat.cat\/ca\/serveis-tramits\/proves\/proves-lliures-obtencio-titols\/obtencio-titol-eso\/\" target=\"_blank\" rel=\"noopener noreferrer\"><strong>aquest enlla\u00e7<\/strong><\/a><\/p>\n<h3 id=\"h21\">Requisits<\/h3>\n<div id=\"bloc1_c8377201-6585-11e4-b4dc-000c29cdf219\" class=\"panel-collapse collapsible collapse in\">\n<div class=\"col-xs-12 columna_esquerra\">\n<div class=\"cos_bloc basic_text_peq pd-15 link-dotted\">\n<p>Es poden presentar a la prova les persones que compleixen els <strong>dos\u00a0requisits<\/strong>\u00a0seg\u00fcents:<\/p>\n<ol>\n<li>Tenir almenys 18 anys o complir-los l&#8217;any 2026. L&#8217;edat requerida es podr\u00e0 rebaixar fins als setze anys sempre que l&#8217;alumne o alumna compleixi alguna de les condicions seg\u00fcents:\n<ul>\n<li>tenir un contracte laboral que els impedeixi d&#8217;assistir al centre en r\u00e8gim ordinari,<\/li>\n<li>trobar-se en proc\u00e9s d&#8217;obtenir un perm\u00eds de treball,<\/li>\n<li>ser esportista d&#8217;alt rendiment (cal presentar una certificaci\u00f3 del Consell Catal\u00e0 de l&#8217;Esport que acredita que consta en el programa de tecnificaci\u00f3 (ARC) de la federaci\u00f3 catalana corresponent) o<\/li>\n<li>tenir un expedient d&#8217;homologaci\u00f3 obert d&#8217;estudis estrangers al t\u00edtol de GESO.<\/li>\n<\/ul>\n<\/li>\n<li>Haver finalitzat l&#8217;ESO l&#8217;any 2024 o 2025 sense haver obtingut el t\u00edtol o haver finalitzat l&#8217;equivalent del quart curs de l&#8217;ESO en un sistema educatiu estranger amb mat\u00e8ries amb avaluaci\u00f3 negativa en cursos anteriors.De manera excepcional, tamb\u00e9 s&#8217;hi poden acollir alumnes amb informe de reconeixement de necessitats educatives especials, em\u00e8s per l&#8217;equip d&#8217;assessorament psicopedag\u00f2gic (EAP), per als quals es va elaborar un pla de suport individualitzat durant el per\u00edode compr\u00e8s entre els cursos 2017-2018 i 2022-2023.<\/li>\n<\/ol>\n<p>En aplicaci\u00f3 d&#8217;aquests requisits, queden exclosos de les proves els alumnes inscrits per repetir quart d&#8217;ESO en el curs 2025-2026.<\/p>\n<p>D&#8217;altra banda, els alumnes que estan matriculats en ensenyaments d&#8217;adults o a l&#8217;Institut Obert de Catalunya hi poden conc\u00f3rrer, sempre que compleixin els requisits esmentats.<\/p>\n<\/div>\n<\/div>\n<\/div>\n<p>&nbsp;<\/p>\n<p><strong>Inscripci\u00f3 i realitzaci\u00f3 de la prova<\/strong><\/p>\n<div id=\"bloc2\" class=\"panel-collapse collapse in\">\n<div class=\"col-xs-12 columna_esquerra\">\n<div class=\"cos_bloc basic_text_peq pd-15\">\n<div id=\"bloc2_c8377201-6585-11e4-b4dc-000c29cdf219\" class=\"panel-collapse collapsible collapse in\">\n<div class=\"col-xs-12 columna_esquerra\">\n<div class=\"cos_bloc basic_text_peq pd-15 link-dotted\">\n<p>Abans que comenci el per\u00edode d&#8217;inscripci\u00f3, els centres informen, per mitj\u00e0 dels canals que tinguin establerts, del curr\u00edculum de cadascuna de les mat\u00e8ries.<\/p>\n<p><strong>Sol\u00b7licitud<\/strong><\/p>\n<ul>\n<li>Entre el 2 i el 13 de febrer\u00a0de 2026 i s&#8217;ha de presentar a la secretaria del centre on la persona sol\u00b7licitant va estar matriculada de quart d&#8217;ESO per \u00faltima vegada.<\/li>\n<\/ul>\n<p><strong>Calendari i llistes de persones admeses i excloses<\/strong><\/p>\n<ul>\n<li>Fins al 2 de mar\u00e7 de 2026, el centre publica el calendari de la prova i la\u00a0llista de persones admeses i excloses. Tamb\u00e9 s&#8217;inclouran les mat\u00e8ries objecte de la prova.<\/li>\n<li>Del 3 al 5 de mar\u00e7 de 2026, els aspirants exclosos poden presentar una reclamaci\u00f3 davant la direcci\u00f3 del centre.<\/li>\n<\/ul>\n<p><strong>Realitzaci\u00f3 de la prova<\/strong><\/p>\n<ul>\n<li>Durant el mes de mar\u00e7 de 2026.<\/li>\n<li>Els alumnes han de portar l&#8217;original del DNI, targeta de resid\u00e8ncia, passaport o qualsevol altre document identificatiu oficial en vigor.<\/li>\n<\/ul>\n<\/div>\n<\/div>\n<\/div>\n<div id=\"bloc3_c8377201-6585-11e4-b4dc-000c29cdf219\" class=\"panel-collapse collapsible collapse in\">\n<div class=\"col-xs-12 columna_esquerra\">\n<div class=\"cos_bloc basic_text_peq pd-15 link-dotted\">\n<p><strong>Avaluaci\u00f3 i qualificacions<\/strong><\/p>\n<p>El centre informa, en el termini de deu dies lectius seg\u00fcents a la realitzaci\u00f3 de la prova i per mitj\u00e0 dels canals que tingui establerts, de la relaci\u00f3 d&#8217;alumnes presentats i de les qualificacions obtingudes aplicant la normativa vigent de protecci\u00f3 de dades.<\/p>\n<p>L&#8217;alumne o alumna que assoleixi les compet\u00e8ncies de totes les mat\u00e8ries que tenia amb avaluaci\u00f3 negativa obt\u00e9 el t\u00edtol de graduat o graduada en educaci\u00f3 secund\u00e0ria obligat\u00f2ria, a excepci\u00f3 dels alumnes que estan en proc\u00e9s d&#8217;homologaci\u00f3 del t\u00edtol de GESO. En la sessi\u00f3 d&#8217;avaluaci\u00f3 es pot decidir, de forma col\u00b7legiada i amb l&#8217;acord de la majoria dels membres presents, que l&#8217;alumne o alumna que no hagi assolit algunes de les compet\u00e8ncies podr\u00e0 obtenir la titulaci\u00f3.<\/p>\n<p>Per als alumnes amb pla de suport individualitzat, per a l&#8217;obtenci\u00f3 del t\u00edtol es prenen com a referents les compet\u00e8ncies i els criteris d&#8217;avaluaci\u00f3 establerts en el seu pla.<\/p>\n<p><strong>Reclamacions <\/strong><\/p>\n<p>L&#8217;alumne o alumna o, en cas que sigui menor d&#8217;edat, el pare, mare o tutor o tutora legal, poden reclamar contra les qualificacions obtingudes en una o m\u00e9s mat\u00e8ries i contra les decisions que, com a resultat del proc\u00e9s d&#8217;avaluaci\u00f3, s&#8217;hagin adoptat. La reclamaci\u00f3 pot cursar-se durant els tres dies h\u00e0bils seg\u00fcents a la data d&#8217;informaci\u00f3 dels resultats obtinguts, davant la direcci\u00f3 del centre, la qual ha de convocar una reuni\u00f3 extraordin\u00e0ria de la sessi\u00f3 d&#8217;avaluaci\u00f3 en un termini de 48 hores.<\/p>\n<p>A la vista de la decisi\u00f3 presa en la sessi\u00f3 d&#8217;avaluaci\u00f3, el director o directora del centre emet resoluci\u00f3 relativa a la reclamaci\u00f3 i es notifica a la persona interessada.<\/p>\n<p>L&#8217;alumne o alumna o, en cas que sigui menor d&#8217;edat, el pare, mare o tutor o tutora legal, poden rec\u00f3rrer contra la resoluci\u00f3 del director o directora, en el termini de cinc dies h\u00e0bils a comptar des de l&#8217;endem\u00e0 de la seva notificaci\u00f3, davant els serveis territorials corresponents i, a la ciutat de Barcelona, el Consorci d&#8217;Educaci\u00f3.<\/p>\n<p><strong>Certificat <\/strong><\/p>\n<p>Els alumnes han de rebre una certificaci\u00f3 de les qualificacions obtingudes expedida per la secretaria del centre amb el vistiplau de la direcci\u00f3.<\/p>\n<hr \/>\n<p><strong>Normativa<\/strong><\/p>\n<div class=\"list-group__contentwrapper\">\n<p class=\"paragraph_wrapper\"><a class=\"\" title=\"Aquest enlla\u00e7 s'obre en una nova pestanya: Consulta la normativa al DOGC\" href=\"https:\/\/dogc.gencat.cat\/ca\/document-del-dogc\/?documentId=991146\" target=\"_blank\" rel=\"noopener\"> <span class=\"list-group-item-wrapper-content\">Resoluci\u00f3 EDU\/2730\/2024, de 16 de juliol,<\/span> <span class=\"sr-only\">(Obre en una nova finestra)<\/span> <\/a><\/p>\n<div class=\"descEnllac\">\n<p>per la qual es regula la convocat\u00f2ria anual de la prova per a l&#8217;obtenci\u00f3 del t\u00edtol de graduat o graduada en educaci\u00f3 secund\u00e0ria obligat\u00f2ria per a l&#8217;alumnat que no l&#8217;hagi obtingut en finalitzar l&#8217;etapa esmentada (DOGC n\u00fam. 9213, de 26.7.2024)<\/p>\n<\/div>\n<\/div>\n<div class=\"list-group__contentwrapper\">\n<p class=\"paragraph_wrapper\"><a class=\"\" title=\"Aquest enlla\u00e7 s'obre en una nova pestanya: Consulta la normativa al DOGC\" href=\"https:\/\/dogc.gencat.cat\/ca\/document-del-dogc\/?documentId=938401\" target=\"_blank\" rel=\"noopener\"> <span class=\"list-group-item-wrapper-content\">Decret 175\/2022, de 27 de setembre,<\/span> <span class=\"sr-only\">(Obre en una nova finestra)<\/span> <\/a><\/p>\n<div class=\"descEnllac\">\n<p>d&#8217;ordenaci\u00f3 dels ensenyaments de l&#8217;educaci\u00f3 b\u00e0sica (DOGC n\u00fam. 8762, 29.9.2022)<\/p>\n<\/div>\n<\/div>\n<\/div>\n<\/div>\n<\/div>\n<p><strong><a title=\"Descarrega word\" href=\"https:\/\/documents.espai.educacio.gencat.cat\/FormularisModels\/CentresGestioAcademica\/A665.pdf\" target=\"_blank\" rel=\"noopener\"><img decoding=\"async\" class=\"ms-asset-icon ms-rtePosition-4\" src=\"https:\/\/espai.educacio.gencat.cat\/_layouts\/images\/icpdf.png\" alt=\"\" \/>Impr\u00e8s de sol\u00b7licitud<\/a>\u00a0<\/strong><\/p>\n<\/div>\n<\/div>\n<\/div>\n<div id=\"bloc2_c8377201-6585-11e4-b4dc-000c29cdf219\" class=\"panel-collapse collapsible collapse in\">\n<div class=\"col-xs-12 columna_esquerra\">\n<div class=\"cos_bloc basic_text_peq pd-15 link-dotted\">\n<p>El\u00a0<strong>dia de la prova<\/strong>, els alumnes han de portar l&#8217;original del DNI, targeta de resid\u00e8ncia, passaport o qualsevol altre document identificatiu oficial en vigor. El temps m\u00ednim per fer-la \u00e9s de 60 minuts per a cada mat\u00e8ria. Es poden portar diccionaris i\/o calculadora.<\/p>\n<\/div>\n<\/div>\n<\/div>\n<p>Cliqueu <a href=\"https:\/\/educacio.gencat.cat\/ca\/serveis-tramits\/proves\/proves-lliures-obtencio-titols\/obtencio-titol-eso\/\">aqu\u00ed<\/a> per a m\u00e9s informaci\u00f3.<\/p>\n<p><a href=\"https:\/\/portaldogc.gencat.cat\/utilsEADOP\/PDF\/8762\/1928585.pdf\">CURR\u00cdCULUM ESO<\/a><\/p>\n<p><a href=\"https:\/\/drive.google.com\/drive\/folders\/1M3Zf8AgfNYM1EGPdlIuOtDvvsS2UCpff?usp=sharing\">CONTINGUT DE LES PROVES<\/a><\/p>\n<p><a href=\"https:\/\/drive.google.com\/file\/d\/1HB51WpIm0zSkNIT3w6-uDw5hb3EIH-5O\/view?usp=sharing\"><strong>CALENDARI DE LES PROVES_2026<\/strong><\/a><\/p>\n<p>&nbsp;<\/p>\n","protected":false},"excerpt":{"rendered":"<p>Graduat en educaci\u00f3 secund\u00e0ria obligat\u00f2ria (alumnes que no l&#8217;han obtingut en finalitzar l&#8217;etapa) OBTENCI\u00d3 DEL GRADUAT EN EDUCACI\u00d3 SECUND\u00c0RIA OBLIGAT\u00d2RIA Per saber-ne m\u00e9s podeu consultar\u00a0aquest enlla\u00e7 Requisits Es poden presentar a la prova les persones que compleixen els dos\u00a0requisits\u00a0seg\u00fcents: Tenir almenys 18 anys o complir-los l&#8217;any 2026. L&#8217;edat requerida es podr\u00e0 rebaixar fins als setze [&hellip;]<\/p>\n","protected":false},"author":175,"featured_media":0,"parent":195,"menu_order":40,"comment_status":"closed","ping_status":"closed","template":"","meta":{"_bbp_topic_count":0,"_bbp_reply_count":0,"_bbp_total_topic_count":0,"_bbp_total_reply_count":0,"_bbp_voice_count":0,"_bbp_anonymous_reply_count":0,"_bbp_topic_count_hidden":0,"_bbp_reply_count_hidden":0,"_bbp_forum_subforum_count":0,"site-sidebar-layout":"default","site-content-layout":"","ast-site-content-layout":"default","site-content-style":"default","site-sidebar-style":"default","ast-global-header-display":"","ast-banner-title-visibility":"","ast-main-header-display":"","ast-hfb-above-header-display":"","ast-hfb-below-header-display":"","ast-hfb-mobile-header-display":"","site-post-title":"","ast-breadcrumbs-content":"","ast-featured-img":"","footer-sml-layout":"","theme-transparent-header-meta":"default","adv-header-id-meta":"","stick-header-meta":"","header-above-stick-meta":"","header-main-stick-meta":"","header-below-stick-meta":"","astra-migrate-meta-layouts":"set","ast-page-background-enabled":"default","ast-page-background-meta":{"desktop":{"background-color":"var(--ast-global-color-4)","background-image":"","background-repeat":"repeat","background-position":"center center","background-size":"auto","background-attachment":"scroll","background-type":"","background-media":"","overlay-type":"","overlay-color":"","overlay-opacity":"","overlay-gradient":""},"tablet":{"background-color":"","background-image":"","background-repeat":"repeat","background-position":"center center","background-size":"auto","background-attachment":"scroll","background-type":"","background-media":"","overlay-type":"","overlay-color":"","overlay-opacity":"","overlay-gradient":""},"mobile":{"background-color":"","background-image":"","background-repeat":"repeat","background-position":"center center","background-size":"auto","background-attachment":"scroll","background-type":"","background-media":"","overlay-type":"","overlay-color":"","overlay-opacity":"","overlay-gradient":""}},"ast-content-background-meta":{"desktop":{"background-color":"var(--ast-global-color-5)","background-image":"","background-repeat":"repeat","background-position":"center center","background-size":"auto","background-attachment":"scroll","background-type":"","background-media":"","overlay-type":"","overlay-color":"","overlay-opacity":"","overlay-gradient":""},"tablet":{"background-color":"var(--ast-global-color-5)","background-image":"","background-repeat":"repeat","background-position":"center center","background-size":"auto","background-attachment":"scroll","background-type":"","background-media":"","overlay-type":"","overlay-color":"","overlay-opacity":"","overlay-gradient":""},"mobile":{"background-color":"var(--ast-global-color-5)","background-image":"","background-repeat":"repeat","background-position":"center center","background-size":"auto","background-attachment":"scroll","background-type":"","background-media":"","overlay-type":"","overlay-color":"","overlay-opacity":"","overlay-gradient":""}},"footnotes":""},"class_list":["post-4344","page","type-page","status-publish","hentry"],"post_mailing_queue_ids":[],"_links":{"self":[{"href":"https:\/\/agora.xtec.cat\/iesdali\/wp-json\/wp\/v2\/pages\/4344","targetHints":{"allow":["GET"]}}],"collection":[{"href":"https:\/\/agora.xtec.cat\/iesdali\/wp-json\/wp\/v2\/pages"}],"about":[{"href":"https:\/\/agora.xtec.cat\/iesdali\/wp-json\/wp\/v2\/types\/page"}],"author":[{"embeddable":true,"href":"https:\/\/agora.xtec.cat\/iesdali\/wp-json\/wp\/v2\/users\/175"}],"replies":[{"embeddable":true,"href":"https:\/\/agora.xtec.cat\/iesdali\/wp-json\/wp\/v2\/comments?post=4344"}],"version-history":[{"count":6,"href":"https:\/\/agora.xtec.cat\/iesdali\/wp-json\/wp\/v2\/pages\/4344\/revisions"}],"predecessor-version":[{"id":7524,"href":"https:\/\/agora.xtec.cat\/iesdali\/wp-json\/wp\/v2\/pages\/4344\/revisions\/7524"}],"up":[{"embeddable":true,"href":"https:\/\/agora.xtec.cat\/iesdali\/wp-json\/wp\/v2\/pages\/195"}],"wp:attachment":[{"href":"https:\/\/agora.xtec.cat\/iesdali\/wp-json\/wp\/v2\/media?parent=4344"}],"curies":[{"name":"wp","href":"https:\/\/api.w.org\/{rel}","templated":true}]}}