{"id":3514,"date":"2021-10-13T16:34:25","date_gmt":"2021-10-13T14:34:25","guid":{"rendered":"https:\/\/agora.xtec.cat\/iesdali\/?page_id=3514"},"modified":"2025-09-23T10:48:39","modified_gmt":"2025-09-23T08:48:39","slug":"educacio-fisica","status":"publish","type":"page","link":"https:\/\/agora.xtec.cat\/iesdali\/departaments-seminaris\/educacio-fisica\/","title":{"rendered":"Educaci\u00f3 f\u00edsica"},"content":{"rendered":"<p><strong>DEPARTAMENT D\u2019EDUCACI\u00d3 F\u00cdSICA<\/strong><\/p>\n<p><strong>Professorat<\/strong><\/p>\n<p>Juanjo G\u00f3mez (Cap de departament)<\/p>\n<p>S\u00edlvia Hermida<\/p>\n<p>Andreu Mu\u00f1oz<\/p>\n<p>Marcel Rod\u00e0<\/p>\n<p>&nbsp;<\/p>\n<p><strong>Mat\u00e8ries<\/strong><\/p>\n<p>Les mat\u00e8ria d\u2019educaci\u00f3 f\u00edsica s\u2019imparteix en els quatre nivells de l\u2019ESO i el primer curs de batxillerat. L\u2019educaci\u00f3 f\u00edsica treballa el desenvolupament personal a trav\u00e9s de la millora de la forma f\u00edsica, la cura del cos, la salut\u00a0 i l\u2019organitzaci\u00f3 constructiva del temps de lleure, mitjan\u00e7ant la pr\u00e0ctica d\u2019activitats f\u00edsiques i esportives individuals i col\u00b7lectives.<\/p>\n<p>L\u2019adquisici\u00f3 de les compet\u00e8ncies espec\u00edfiques de l\u2019\u00e0mbit de l\u2019educaci\u00f3 f\u00edsica es fa mitjan\u00e7ant el treball dels continguts de la mat\u00e8ria que es presenten agrupats en quatre blocs:<\/p>\n<ul>\n<li>Condici\u00f3 F\u00edsica i Salut<\/li>\n<li>Esports<\/li>\n<li>Activitats F\u00edsiques i recreatives<\/li>\n<li>Expressi\u00f3 Corporal<\/li>\n<\/ul>\n<p>A segon de batxillerat\u00a0 s\u2019ofereix una mat\u00e8ria optativa relacionada amb el nostre \u00e0mbit.<\/p>\n<p>Al final de l\u2019educaci\u00f3 secund\u00e0ria obligat\u00f2ria ja es tendeix a fomentar l\u2019adquisici\u00f3 de les eines necess\u00e0ries per organitzar la pr\u00f2pia pr\u00e0ctica d\u2019una manera aut\u00f2noma.<\/p>\n<p>A 1r de batxillerat es tracta de fer un pas m\u00e9s cap a l\u2019autonomia de l\u2019alumnat en la planificaci\u00f3, gesti\u00f3 i pr\u00e0ctica de l\u2019activitat f\u00edsica.<\/p>\n<p>A 2n de batxillerat aprofundim encara m\u00e9s en aquesta autonomia amb una mat\u00e8ria optativa (Psicologia, esport i activitat f\u00edsica).<\/p>\n<p><strong>Activitats i Sortides<\/strong><\/p>\n<p>Durant el curs el departament de educaci\u00f3 f\u00edsica organitza i participa en les seg\u00fcents activitats f\u00edsicoesportives orientades a l\u2019alumnat:<\/p>\n<p><strong>1r ESO<\/strong>: Sortida d\u2019atletisme al riu Llobregat (1r trimestre)<\/p>\n<p>Jornada d\u2019atletisme (Pistes municipals Mois\u00e8s Llopart) ( 2n trimestre)<\/p>\n<p><a href=\"https:\/\/agora.xtec.cat\/iesdali\/wp-content\/uploads\/usu384\/2025\/03\/image1-1.jpeg\"><img loading=\"lazy\" decoding=\"async\" class=\"wp-image-6791 size-medium alignnone\" src=\"https:\/\/agora.xtec.cat\/iesdali\/wp-content\/uploads\/usu384\/2025\/03\/image1-1-169x300.jpeg\" alt=\"\" width=\"169\" height=\"300\" srcset=\"https:\/\/agora.xtec.cat\/iesdali\/wp-content\/uploads\/usu384\/2025\/03\/image1-1-169x300.jpeg 169w, https:\/\/agora.xtec.cat\/iesdali\/wp-content\/uploads\/usu384\/2025\/03\/image1-1-577x1024.jpeg 577w, https:\/\/agora.xtec.cat\/iesdali\/wp-content\/uploads\/usu384\/2025\/03\/image1-1-768x1364.jpeg 768w, https:\/\/agora.xtec.cat\/iesdali\/wp-content\/uploads\/usu384\/2025\/03\/image1-1-865x1536.jpeg 865w, https:\/\/agora.xtec.cat\/iesdali\/wp-content\/uploads\/usu384\/2025\/03\/image1-1.jpeg 901w\" sizes=\"auto, (max-width: 169px) 100vw, 169px\" \/><\/a> <a href=\"https:\/\/agora.xtec.cat\/iesdali\/wp-content\/uploads\/usu384\/2025\/03\/image0-1.jpeg\"><img loading=\"lazy\" decoding=\"async\" class=\"wp-image-6792 size-medium alignnone\" src=\"https:\/\/agora.xtec.cat\/iesdali\/wp-content\/uploads\/usu384\/2025\/03\/image0-1-169x300.jpeg\" alt=\"\" width=\"169\" height=\"300\" srcset=\"https:\/\/agora.xtec.cat\/iesdali\/wp-content\/uploads\/usu384\/2025\/03\/image0-1-169x300.jpeg 169w, https:\/\/agora.xtec.cat\/iesdali\/wp-content\/uploads\/usu384\/2025\/03\/image0-1-577x1024.jpeg 577w, https:\/\/agora.xtec.cat\/iesdali\/wp-content\/uploads\/usu384\/2025\/03\/image0-1-768x1364.jpeg 768w, https:\/\/agora.xtec.cat\/iesdali\/wp-content\/uploads\/usu384\/2025\/03\/image0-1-865x1536.jpeg 865w, https:\/\/agora.xtec.cat\/iesdali\/wp-content\/uploads\/usu384\/2025\/03\/image0-1.jpeg 901w\" sizes=\"auto, (max-width: 169px) 100vw, 169px\" \/><\/a><\/p>\n<p><strong>2n ESO:<\/strong> Passejada ciclista al municipi organitzat per la gu\u00e0rdia urbana (2n trimestre)<\/p>\n<p>Sortida l\u00fadicoesportiva a la platja del Prat (3r trimestre)<\/p>\n<p><a href=\"https:\/\/agora.xtec.cat\/iesdali\/wp-content\/uploads\/usu384\/2025\/03\/GPzE5GmWAAEfamT-224x300-2.jpg\"><img loading=\"lazy\" decoding=\"async\" class=\"size-full wp-image-6793 alignnone\" src=\"https:\/\/agora.xtec.cat\/iesdali\/wp-content\/uploads\/usu384\/2025\/03\/GPzE5GmWAAEfamT-224x300-2.jpg\" alt=\"\" width=\"224\" height=\"300\" \/><\/a> <a href=\"https:\/\/agora.xtec.cat\/iesdali\/wp-content\/uploads\/usu384\/2025\/03\/GPzE5KaXcAAixpY-224x300-2.jpg\"><img loading=\"lazy\" decoding=\"async\" class=\"size-full wp-image-6794 alignnone\" src=\"https:\/\/agora.xtec.cat\/iesdali\/wp-content\/uploads\/usu384\/2025\/03\/GPzE5KaXcAAixpY-224x300-2.jpg\" alt=\"\" width=\"224\" height=\"300\" \/><\/a><\/p>\n<p><strong>3r ESO:<\/strong> Sortida rugbi (1r trimestre)<\/p>\n<p><a href=\"https:\/\/agora.xtec.cat\/iesdali\/wp-content\/uploads\/usu384\/2025\/03\/rugbi-3-ESO.jpeg\"><img loading=\"lazy\" decoding=\"async\" class=\"wp-image-6802 size-medium alignnone\" src=\"https:\/\/agora.xtec.cat\/iesdali\/wp-content\/uploads\/usu384\/2025\/03\/rugbi-3-ESO-300x225.jpeg\" alt=\"\" width=\"300\" height=\"225\" srcset=\"https:\/\/agora.xtec.cat\/iesdali\/wp-content\/uploads\/usu384\/2025\/03\/rugbi-3-ESO-300x225.jpeg 300w, https:\/\/agora.xtec.cat\/iesdali\/wp-content\/uploads\/usu384\/2025\/03\/rugbi-3-ESO-200x150.jpeg 200w, https:\/\/agora.xtec.cat\/iesdali\/wp-content\/uploads\/usu384\/2025\/03\/rugbi-3-ESO.jpeg 768w\" sizes=\"auto, (max-width: 300px) 100vw, 300px\" \/><\/a><a href=\"https:\/\/agora.xtec.cat\/iesdali\/wp-content\/uploads\/usu384\/2025\/03\/rugbi-3-ESO-2.jpeg\"><img loading=\"lazy\" decoding=\"async\" class=\"wp-image-6806 size-medium alignnone\" src=\"https:\/\/agora.xtec.cat\/iesdali\/wp-content\/uploads\/usu384\/2025\/03\/rugbi-3-ESO-2-300x225.jpeg\" alt=\"\" width=\"300\" height=\"225\" srcset=\"https:\/\/agora.xtec.cat\/iesdali\/wp-content\/uploads\/usu384\/2025\/03\/rugbi-3-ESO-2-300x225.jpeg 300w, https:\/\/agora.xtec.cat\/iesdali\/wp-content\/uploads\/usu384\/2025\/03\/rugbi-3-ESO-2-200x150.jpeg 200w, https:\/\/agora.xtec.cat\/iesdali\/wp-content\/uploads\/usu384\/2025\/03\/rugbi-3-ESO-2.jpeg 768w\" sizes=\"auto, (max-width: 300px) 100vw, 300px\" \/><\/a><\/p>\n<p><a href=\"https:\/\/agora.xtec.cat\/iesdali\/general\/esquiada-de-3r-deso-2\/\">Esquiada<\/a> (2n trimestre)<\/p>\n<p><strong>4t ESO<\/strong>: Sortida a la platja (Jornades esportives organitzades per l\u2019alumnat del CFGS (INS Les Salines) (2n trimestre)<\/p>\n<p><a href=\"https:\/\/agora.xtec.cat\/iesdali\/wp-content\/uploads\/usu384\/2025\/03\/4-ESO-Platja.jpeg\"><img loading=\"lazy\" decoding=\"async\" class=\"aligncenter wp-image-6804 size-medium\" src=\"https:\/\/agora.xtec.cat\/iesdali\/wp-content\/uploads\/usu384\/2025\/03\/4-ESO-Platja-300x259.jpeg\" alt=\"\" width=\"300\" height=\"259\" srcset=\"https:\/\/agora.xtec.cat\/iesdali\/wp-content\/uploads\/usu384\/2025\/03\/4-ESO-Platja-300x259.jpeg 300w, https:\/\/agora.xtec.cat\/iesdali\/wp-content\/uploads\/usu384\/2025\/03\/4-ESO-Platja-768x663.jpeg 768w, https:\/\/agora.xtec.cat\/iesdali\/wp-content\/uploads\/usu384\/2025\/03\/4-ESO-Platja.jpeg 1024w\" sizes=\"auto, (max-width: 300px) 100vw, 300px\" \/><\/a><\/p>\n<p><strong>1r BTX:<\/strong> Cursa d&#8217;orientaci\u00f3 a Collserola (1r o 2n trimestre)<\/p>\n<p><a href=\"https:\/\/agora.xtec.cat\/iesdali\/wp-content\/uploads\/usu384\/2025\/03\/Cursa-orientacio-1-Batx-2.jpeg\"><img loading=\"lazy\" decoding=\"async\" class=\"wp-image-6803 alignnone\" src=\"https:\/\/agora.xtec.cat\/iesdali\/wp-content\/uploads\/usu384\/2025\/03\/Cursa-orientacio-1-Batx-2-169x300.jpeg\" alt=\"\" width=\"144\" height=\"256\" srcset=\"https:\/\/agora.xtec.cat\/iesdali\/wp-content\/uploads\/usu384\/2025\/03\/Cursa-orientacio-1-Batx-2-169x300.jpeg 169w, https:\/\/agora.xtec.cat\/iesdali\/wp-content\/uploads\/usu384\/2025\/03\/Cursa-orientacio-1-Batx-2.jpeg 576w\" sizes=\"auto, (max-width: 144px) 100vw, 144px\" \/><\/a><a href=\"https:\/\/agora.xtec.cat\/iesdali\/wp-content\/uploads\/usu384\/2025\/03\/Cursa-orientacio-1-Batx.jpeg\"><img loading=\"lazy\" decoding=\"async\" class=\"wp-image-6805 alignnone\" src=\"https:\/\/agora.xtec.cat\/iesdali\/wp-content\/uploads\/usu384\/2025\/03\/Cursa-orientacio-1-Batx-300x135.jpeg\" alt=\"\" width=\"566\" height=\"255\" srcset=\"https:\/\/agora.xtec.cat\/iesdali\/wp-content\/uploads\/usu384\/2025\/03\/Cursa-orientacio-1-Batx-300x135.jpeg 300w, https:\/\/agora.xtec.cat\/iesdali\/wp-content\/uploads\/usu384\/2025\/03\/Cursa-orientacio-1-Batx.jpeg 768w\" sizes=\"auto, (max-width: 566px) 100vw, 566px\" \/><\/a><\/p>\n<p>&nbsp;<\/p>\n<p>&nbsp;<\/p>\n<p><strong>Llibres de text<\/strong><\/p>\n<ol>\n<li>ARI\u00d1O LAVI\u00d1A, JES\u00daS\u00a0 i\u00a0 Altres.<\/li>\n<\/ol>\n<p>Educaci\u00f3 F\u00edsica. Primer i Segon curs d\u2019ESO. Projecte Olimpia-1<\/p>\n<p>Edicions del Serbal. Barcelona, 2009.<\/p>\n<ol start=\"2\">\n<li>ARI\u00d1O LAVI\u00d1A, JES\u00daS\u00a0 i\u00a0 Altres.<\/li>\n<\/ol>\n<p>Educaci\u00f3 F\u00edsica. Tercer i Quart curs d\u2019ESO. Projecte Olimpia-4<\/p>\n<p>Edicions del Serbal. Barcelona, 2010.<\/p>\n<ol start=\"3\">\n<li>ARI\u00d1O LAVI\u00d1A, JES\u00daS\u00a0 i\u00a0 Altres.<\/li>\n<\/ol>\n<p>Educaci\u00f3 F\u00edsica.\u00a0 Batxillerat. Projecte Olimpia-7<\/p>\n<p>Edicions del Serbal. Barcelona, 2010.<\/p>\n<p>&nbsp;<\/p>\n<p><strong>Enlla\u00e7os d\u2019inter\u00e8s<\/strong><\/p>\n<p>http:\/\/www.edu365.cat\/eso\/muds\/ed_fisica\/index.htm<\/p>\n<p>https:\/\/sites.google.com\/site\/educaciofisicaperabatxillerat\/4-enllacos-d-interes\/enllacos-d-interes<\/p>\n<p>http:\/\/esport.gencat.cat\/ca\/arees_dactuacio\/esport_escolar\/altres_informacio_dinteres<\/p>\n<p>http:\/\/www.xtec.cat\/~lsala3\/enllacos.htm<\/p>\n<p>http:\/\/www.observatoridelesport.cat<\/p>\n","protected":false},"excerpt":{"rendered":"<p>DEPARTAMENT D\u2019EDUCACI\u00d3 F\u00cdSICA Professorat Juanjo G\u00f3mez (Cap de departament) S\u00edlvia Hermida Andreu Mu\u00f1oz Marcel Rod\u00e0 &nbsp; Mat\u00e8ries Les mat\u00e8ria d\u2019educaci\u00f3 f\u00edsica s\u2019imparteix en els quatre nivells de l\u2019ESO i el primer curs de batxillerat. L\u2019educaci\u00f3 f\u00edsica treballa el desenvolupament personal a trav\u00e9s de la millora de la forma f\u00edsica, la cura del cos, la salut\u00a0 [&hellip;]<\/p>\n","protected":false},"author":176,"featured_media":0,"parent":3509,"menu_order":0,"comment_status":"closed","ping_status":"closed","template":"","meta":{"_bbp_topic_count":0,"_bbp_reply_count":0,"_bbp_total_topic_count":0,"_bbp_total_reply_count":0,"_bbp_voice_count":0,"_bbp_anonymous_reply_count":0,"_bbp_topic_count_hidden":0,"_bbp_reply_count_hidden":0,"_bbp_forum_subforum_count":0,"site-sidebar-layout":"default","site-content-layout":"","ast-site-content-layout":"default","site-content-style":"default","site-sidebar-style":"default","ast-global-header-display":"","ast-banner-title-visibility":"","ast-main-header-display":"","ast-hfb-above-header-display":"","ast-hfb-below-header-display":"","ast-hfb-mobile-header-display":"","site-post-title":"","ast-breadcrumbs-content":"","ast-featured-img":"","footer-sml-layout":"","theme-transparent-header-meta":"default","adv-header-id-meta":"","stick-header-meta":"","header-above-stick-meta":"","header-main-stick-meta":"","header-below-stick-meta":"","astra-migrate-meta-layouts":"set","ast-page-background-enabled":"default","ast-page-background-meta":{"desktop":{"background-color":"var(--ast-global-color-4)","background-image":"","background-repeat":"repeat","background-position":"center center","background-size":"auto","background-attachment":"scroll","background-type":"","background-media":"","overlay-type":"","overlay-color":"","overlay-opacity":"","overlay-gradient":""},"tablet":{"background-color":"","background-image":"","background-repeat":"repeat","background-position":"center center","background-size":"auto","background-attachment":"scroll","background-type":"","background-media":"","overlay-type":"","overlay-color":"","overlay-opacity":"","overlay-gradient":""},"mobile":{"background-color":"","background-image":"","background-repeat":"repeat","background-position":"center center","background-size":"auto","background-attachment":"scroll","background-type":"","background-media":"","overlay-type":"","overlay-color":"","overlay-opacity":"","overlay-gradient":""}},"ast-content-background-meta":{"desktop":{"background-color":"var(--ast-global-color-5)","background-image":"","background-repeat":"repeat","background-position":"center center","background-size":"auto","background-attachment":"scroll","background-type":"","background-media":"","overlay-type":"","overlay-color":"","overlay-opacity":"","overlay-gradient":""},"tablet":{"background-color":"var(--ast-global-color-5)","background-image":"","background-repeat":"repeat","background-position":"center center","background-size":"auto","background-attachment":"scroll","background-type":"","background-media":"","overlay-type":"","overlay-color":"","overlay-opacity":"","overlay-gradient":""},"mobile":{"background-color":"var(--ast-global-color-5)","background-image":"","background-repeat":"repeat","background-position":"center center","background-size":"auto","background-attachment":"scroll","background-type":"","background-media":"","overlay-type":"","overlay-color":"","overlay-opacity":"","overlay-gradient":""}},"footnotes":""},"class_list":["post-3514","page","type-page","status-publish","hentry"],"post_mailing_queue_ids":[],"_links":{"self":[{"href":"https:\/\/agora.xtec.cat\/iesdali\/wp-json\/wp\/v2\/pages\/3514","targetHints":{"allow":["GET"]}}],"collection":[{"href":"https:\/\/agora.xtec.cat\/iesdali\/wp-json\/wp\/v2\/pages"}],"about":[{"href":"https:\/\/agora.xtec.cat\/iesdali\/wp-json\/wp\/v2\/types\/page"}],"author":[{"embeddable":true,"href":"https:\/\/agora.xtec.cat\/iesdali\/wp-json\/wp\/v2\/users\/176"}],"replies":[{"embeddable":true,"href":"https:\/\/agora.xtec.cat\/iesdali\/wp-json\/wp\/v2\/comments?post=3514"}],"version-history":[{"count":6,"href":"https:\/\/agora.xtec.cat\/iesdali\/wp-json\/wp\/v2\/pages\/3514\/revisions"}],"predecessor-version":[{"id":7252,"href":"https:\/\/agora.xtec.cat\/iesdali\/wp-json\/wp\/v2\/pages\/3514\/revisions\/7252"}],"up":[{"embeddable":true,"href":"https:\/\/agora.xtec.cat\/iesdali\/wp-json\/wp\/v2\/pages\/3509"}],"wp:attachment":[{"href":"https:\/\/agora.xtec.cat\/iesdali\/wp-json\/wp\/v2\/media?parent=3514"}],"curies":[{"name":"wp","href":"https:\/\/api.w.org\/{rel}","templated":true}]}}