{"id":3144,"date":"2021-02-28T12:41:30","date_gmt":"2021-02-28T11:41:30","guid":{"rendered":"http:\/\/agora.xtec.cat\/iesdali\/?page_id=3144"},"modified":"2022-02-23T12:43:47","modified_gmt":"2022-02-23T11:43:47","slug":"lalumnat-del-dali-respon","status":"publish","type":"page","link":"https:\/\/agora.xtec.cat\/iesdali\/lalumnat-del-dali-respon\/","title":{"rendered":"L&#8217;alumnat del Dal\u00ed respon"},"content":{"rendered":"<p><span style=\"font-weight: 400;\">Quines assignatures noves hi ha a l\u2019institut?<\/span><\/p>\n<p><iframe loading=\"lazy\" src=\"\/\/www.youtube.com\/embed\/rK0P0G0NiOE\" width=\"560\" height=\"315\" frameborder=\"0\"><\/iframe><\/p>\n<p><span style=\"font-weight: 400;\">Qu\u00e8 \u00e9s el Temps de lectura?<\/span><\/p>\n<p><iframe loading=\"lazy\" src=\"\/\/www.youtube.com\/embed\/quOezPeZOGo\" width=\"560\" height=\"315\" frameborder=\"0\"><\/iframe><\/p>\n<p><span style=\"font-weight: 400;\">Com va ser el primer dia al Dal\u00ed?<\/span><\/p>\n<p><iframe loading=\"lazy\" src=\"\/\/www.youtube.com\/embed\/fgmTkP_p1F0\" width=\"560\" height=\"315\" frameborder=\"0\"><\/iframe><\/p>\n<p><span style=\"font-weight: 400;\">Qu\u00e8 fa un delegat o delegada?<\/span><\/p>\n<p><iframe loading=\"lazy\" src=\"\/\/www.youtube.com\/embed\/WmC-c0nuVe8\" width=\"560\" height=\"315\" frameborder=\"0\"><\/iframe><\/p>\n<p><span style=\"font-weight: 400;\">Qu\u00e8 fa un delegat o delegada?<\/span><\/p>\n<p><iframe loading=\"lazy\" src=\"\/\/www.youtube.com\/embed\/tdBE4jT7ypk\" width=\"560\" height=\"315\" frameborder=\"0\"><\/iframe><\/p>\n<p><span style=\"font-weight: 400;\">Quin horari es fa?<\/span><\/p>\n<p><iframe loading=\"lazy\" src=\"\/\/www.youtube.com\/embed\/8mN1iWc2kYM\" width=\"560\" height=\"315\" frameborder=\"0\"><\/iframe><\/p>\n<p><span style=\"font-weight: 400;\">Quan es trien mat\u00e8ries optatives?<\/span><\/p>\n<p><iframe loading=\"lazy\" src=\"\/\/www.youtube.com\/embed\/Ibn0FPjjQ5M\" width=\"560\" height=\"315\" frameborder=\"0\"><\/iframe><\/p>\n<p><span style=\"font-weight: 400;\">Quants professors o professores tenim?<\/span><\/p>\n<p><iframe loading=\"lazy\" src=\"\/\/www.youtube.com\/embed\/KNHyMnAvoDA\" width=\"560\" height=\"315\" frameborder=\"0\"><\/iframe><\/p>\n<p><span style=\"font-weight: 400;\">Es celebra el carnaval?<\/span><\/p>\n<p><iframe loading=\"lazy\" src=\"\/\/www.youtube.com\/embed\/33pQZleg_ec\" width=\"560\" height=\"315\" frameborder=\"0\"><\/iframe><\/p>\n<p><span style=\"font-weight: 400;\">Es pot treure el m\u00f2bil?<\/span><\/p>\n<p><iframe loading=\"lazy\" src=\"\/\/www.youtube.com\/embed\/kEbLodZCE7E\" width=\"560\" height=\"315\" frameborder=\"0\"><\/iframe><\/p>\n<p><span style=\"font-weight: 400;\">S\u2019utilitzen els llibres de text?<\/span><\/p>\n<p><iframe loading=\"lazy\" src=\"\/\/www.youtube.com\/embed\/BcmoQDmSevQ\" width=\"560\" height=\"315\" frameborder=\"0\"><\/iframe><\/p>\n<p><span style=\"font-weight: 400;\">Hi ha armariets?<\/span><\/p>\n<p><iframe loading=\"lazy\" src=\"\/\/www.youtube.com\/embed\/8hbOThIoNT8\" width=\"560\" height=\"315\" frameborder=\"0\"><\/iframe><\/p>\n","protected":false},"excerpt":{"rendered":"<p>Quines assignatures noves hi ha a l\u2019institut? Qu\u00e8 \u00e9s el Temps de lectura? Com va ser el primer dia al Dal\u00ed? Qu\u00e8 fa un delegat o delegada? Qu\u00e8 fa un delegat o delegada? Quin horari es fa? Quan es trien mat\u00e8ries optatives? Quants professors o professores tenim? Es celebra el carnaval? Es pot treure el [&hellip;]<\/p>\n","protected":false},"author":68,"featured_media":0,"parent":0,"menu_order":0,"comment_status":"closed","ping_status":"closed","template":"page-templates\/side-menu.php","meta":{"_bbp_topic_count":0,"_bbp_reply_count":0,"_bbp_total_topic_count":0,"_bbp_total_reply_count":0,"_bbp_voice_count":0,"_bbp_anonymous_reply_count":0,"_bbp_topic_count_hidden":0,"_bbp_reply_count_hidden":0,"_bbp_forum_subforum_count":0,"site-sidebar-layout":"default","site-content-layout":"","ast-site-content-layout":"","site-content-style":"default","site-sidebar-style":"default","ast-global-header-display":"","ast-banner-title-visibility":"","ast-main-header-display":"","ast-hfb-above-header-display":"","ast-hfb-below-header-display":"","ast-hfb-mobile-header-display":"","site-post-title":"","ast-breadcrumbs-content":"","ast-featured-img":"","footer-sml-layout":"","theme-transparent-header-meta":"","adv-header-id-meta":"","stick-header-meta":"","header-above-stick-meta":"","header-main-stick-meta":"","header-below-stick-meta":"","astra-migrate-meta-layouts":"default","ast-page-background-enabled":"default","ast-page-background-meta":{"desktop":{"background-color":"var(--ast-global-color-4)","background-image":"","background-repeat":"repeat","background-position":"center center","background-size":"auto","background-attachment":"scroll","background-type":"","background-media":"","overlay-type":"","overlay-color":"","overlay-opacity":"","overlay-gradient":""},"tablet":{"background-color":"","background-image":"","background-repeat":"repeat","background-position":"center center","background-size":"auto","background-attachment":"scroll","background-type":"","background-media":"","overlay-type":"","overlay-color":"","overlay-opacity":"","overlay-gradient":""},"mobile":{"background-color":"","background-image":"","background-repeat":"repeat","background-position":"center center","background-size":"auto","background-attachment":"scroll","background-type":"","background-media":"","overlay-type":"","overlay-color":"","overlay-opacity":"","overlay-gradient":""}},"ast-content-background-meta":{"desktop":{"background-color":"var(--ast-global-color-5)","background-image":"","background-repeat":"repeat","background-position":"center center","background-size":"auto","background-attachment":"scroll","background-type":"","background-media":"","overlay-type":"","overlay-color":"","overlay-opacity":"","overlay-gradient":""},"tablet":{"background-color":"var(--ast-global-color-5)","background-image":"","background-repeat":"repeat","background-position":"center center","background-size":"auto","background-attachment":"scroll","background-type":"","background-media":"","overlay-type":"","overlay-color":"","overlay-opacity":"","overlay-gradient":""},"mobile":{"background-color":"var(--ast-global-color-5)","background-image":"","background-repeat":"repeat","background-position":"center center","background-size":"auto","background-attachment":"scroll","background-type":"","background-media":"","overlay-type":"","overlay-color":"","overlay-opacity":"","overlay-gradient":""}},"footnotes":""},"class_list":["post-3144","page","type-page","status-publish","hentry"],"post_mailing_queue_ids":[],"_links":{"self":[{"href":"https:\/\/agora.xtec.cat\/iesdali\/wp-json\/wp\/v2\/pages\/3144","targetHints":{"allow":["GET"]}}],"collection":[{"href":"https:\/\/agora.xtec.cat\/iesdali\/wp-json\/wp\/v2\/pages"}],"about":[{"href":"https:\/\/agora.xtec.cat\/iesdali\/wp-json\/wp\/v2\/types\/page"}],"author":[{"embeddable":true,"href":"https:\/\/agora.xtec.cat\/iesdali\/wp-json\/wp\/v2\/users\/68"}],"replies":[{"embeddable":true,"href":"https:\/\/agora.xtec.cat\/iesdali\/wp-json\/wp\/v2\/comments?post=3144"}],"version-history":[{"count":3,"href":"https:\/\/agora.xtec.cat\/iesdali\/wp-json\/wp\/v2\/pages\/3144\/revisions"}],"predecessor-version":[{"id":3188,"href":"https:\/\/agora.xtec.cat\/iesdali\/wp-json\/wp\/v2\/pages\/3144\/revisions\/3188"}],"wp:attachment":[{"href":"https:\/\/agora.xtec.cat\/iesdali\/wp-json\/wp\/v2\/media?parent=3144"}],"curies":[{"name":"wp","href":"https:\/\/api.w.org\/{rel}","templated":true}]}}