{"id":3102,"date":"2021-02-26T17:41:25","date_gmt":"2021-02-26T16:41:25","guid":{"rendered":"http:\/\/agora.xtec.cat\/iesdali\/?page_id=3102"},"modified":"2022-02-22T13:05:13","modified_gmt":"2022-02-22T12:05:13","slug":"escoles-verdes","status":"publish","type":"page","link":"https:\/\/agora.xtec.cat\/iesdali\/que-fem-projectes-de-centre\/escoles-verdes\/","title":{"rendered":"Escoles Verdes"},"content":{"rendered":"<p style=\"text-align: justify;\" align=\"justify\">A l\u2019institut Salvador Dal\u00ed fa molts anys que treballem per la sostenibilitat i el medi ambient, i \u00e9s per aquest motiu que formem part de la Xarxa Al Prat Escoles m\u00e9s sostenibles.<\/p>\n<p style=\"text-align: justify;\" align=\"justify\">Amb aquest objectiu, al llarg de tots aquests anys, les nostres delegades i delegats verds han participat i participen en diferents accions, tant a l\u2019Institut com en el nostre entorn m\u00e9s proper (platja, espais naturals,&#8230;), per tal de fomentar valors de respecte i consci\u00e8ncia ambiental.<\/p>\n<p style=\"text-align: justify;\" align=\"justify\">L\u2019educaci\u00f3 ambiental \u00e9s fonamental en la formaci\u00f3 del nostre alumnat, ja que el vincula al seu territori i el fa conscient del seu impacte en el medi i el de les seves accions. \u00c9s un aprenentatge lligat al de la resta de mat\u00e8ries del curr\u00edculum establert per a l\u2019ESO.<\/p>\n<p style=\"text-align: justify;\" align=\"justify\">Durant el curs 2020-21, tot i la situaci\u00f3 de pand\u00e8mia, continuem treballant amb diferents projectes esperan\u00e7ats d\u2019un futur millor i m\u00e9s VERD!!!<\/p>\n<p align=\"left\"><b>IMATGES D\u2019ACTUACIONS REALITZADES EN CURSOS ANTERIORS<\/b><\/p>\n<table style=\"height: 494px; width: 780px;\" width=\"863\" cellspacing=\"0\" cellpadding=\"10\">\n<colgroup>\n<col width=\"429\" \/>\n<col width=\"430\" \/> <\/colgroup>\n<tbody>\n<tr style=\"height: 57px;\" valign=\"top\">\n<td style=\"background: #6aa84f; width: 389.333px; height: 57px;\" bgcolor=\"#6aa84f\">\n<p align=\"center\"><b>ACCI\u00d3<\/b><\/p>\n<\/td>\n<td style=\"background: #6aa84f; width: 388.667px; height: 57px;\" bgcolor=\"#6aa84f\">\n<p align=\"center\"><b>IMATGES<\/b><\/p>\n<\/td>\n<\/tr>\n<tr style=\"height: 301px;\" valign=\"top\">\n<td style=\"background: transparent; width: 389.333px; height: 301px;\">\n<p align=\"left\"><strong>Caixes niu i menjadores al nostre h\u00e0bitat<\/strong><\/p>\n<\/td>\n<td style=\"background: transparent; width: 388.667px; height: 301px;\">\n<p align=\"left\"><a href=\"https:\/\/agora.xtec.cat\/iesdali\/wp-content\/uploads\/usu384\/2021\/02\/ev1.jpg\"><img loading=\"lazy\" decoding=\"async\" class=\"wp-image-3103 alignleft\" src=\"https:\/\/agora.xtec.cat\/iesdali\/wp-content\/uploads\/usu384\/2021\/02\/ev1.jpg\" alt=\"\" width=\"145\" height=\"257\" srcset=\"https:\/\/agora.xtec.cat\/iesdali\/wp-content\/uploads\/usu384\/2021\/02\/ev1.jpg 1410w, https:\/\/agora.xtec.cat\/iesdali\/wp-content\/uploads\/usu384\/2021\/02\/ev1-169x300.jpg 169w, https:\/\/agora.xtec.cat\/iesdali\/wp-content\/uploads\/usu384\/2021\/02\/ev1-768x1362.jpg 768w, https:\/\/agora.xtec.cat\/iesdali\/wp-content\/uploads\/usu384\/2021\/02\/ev1-578x1024.jpg 578w\" sizes=\"auto, (max-width: 145px) 100vw, 145px\" \/><\/a><a href=\"https:\/\/agora.xtec.cat\/iesdali\/wp-content\/uploads\/usu384\/2021\/02\/ev2.jpg\"><img loading=\"lazy\" decoding=\"async\" class=\"alignnone wp-image-3106\" src=\"https:\/\/agora.xtec.cat\/iesdali\/wp-content\/uploads\/usu384\/2021\/02\/ev2.jpg\" alt=\"\" width=\"148\" height=\"263\" srcset=\"https:\/\/agora.xtec.cat\/iesdali\/wp-content\/uploads\/usu384\/2021\/02\/ev2.jpg 1410w, https:\/\/agora.xtec.cat\/iesdali\/wp-content\/uploads\/usu384\/2021\/02\/ev2-169x300.jpg 169w, https:\/\/agora.xtec.cat\/iesdali\/wp-content\/uploads\/usu384\/2021\/02\/ev2-768x1362.jpg 768w, https:\/\/agora.xtec.cat\/iesdali\/wp-content\/uploads\/usu384\/2021\/02\/ev2-578x1024.jpg 578w\" sizes=\"auto, (max-width: 148px) 100vw, 148px\" \/><\/a><\/p>\n<\/td>\n<\/tr>\n<tr style=\"height: 136px;\" valign=\"top\">\n<td style=\"background: transparent; width: 389.333px; height: 136px;\">\n<p align=\"left\"><strong>Projecte recollida selectiva d\u2019envasos al centre<\/strong><\/p>\n<\/td>\n<td style=\"background: transparent; width: 388.667px; height: 136px;\"><a href=\"https:\/\/agora.xtec.cat\/iesdali\/wp-content\/uploads\/usu384\/2021\/02\/ev3.jpg\"><img loading=\"lazy\" decoding=\"async\" class=\"wp-image-3107 aligncenter\" src=\"https:\/\/agora.xtec.cat\/iesdali\/wp-content\/uploads\/usu384\/2021\/02\/ev3.jpg\" alt=\"\" width=\"310\" height=\"248\" srcset=\"https:\/\/agora.xtec.cat\/iesdali\/wp-content\/uploads\/usu384\/2021\/02\/ev3.jpg 2000w, https:\/\/agora.xtec.cat\/iesdali\/wp-content\/uploads\/usu384\/2021\/02\/ev3-300x240.jpg 300w, https:\/\/agora.xtec.cat\/iesdali\/wp-content\/uploads\/usu384\/2021\/02\/ev3-768x614.jpg 768w, https:\/\/agora.xtec.cat\/iesdali\/wp-content\/uploads\/usu384\/2021\/02\/ev3-1024x819.jpg 1024w\" sizes=\"auto, (max-width: 310px) 100vw, 310px\" \/><\/a><\/p>\n<p align=\"left\">\n<\/td>\n<\/tr>\n<\/tbody>\n<\/table>\n<table style=\"height: 106px; width: 776px;\" width=\"893\" cellspacing=\"0\" cellpadding=\"10\">\n<colgroup>\n<col width=\"429\" \/>\n<col width=\"430\" \/> <\/colgroup>\n<tbody>\n<tr valign=\"top\">\n<td style=\"background: transparent; width: 390.667px;\">\n<p align=\"left\"><strong>F\u00f2rum escoles verdes<\/strong><\/p>\n<\/td>\n<td style=\"background: transparent; width: 383.333px;\"><a href=\"https:\/\/agora.xtec.cat\/iesdali\/wp-content\/uploads\/usu384\/2021\/02\/ev4.jpg\"><img loading=\"lazy\" decoding=\"async\" class=\"wp-image-3108 aligncenter\" src=\"https:\/\/agora.xtec.cat\/iesdali\/wp-content\/uploads\/usu384\/2021\/02\/ev4.jpg\" alt=\"\" width=\"231\" height=\"185\" srcset=\"https:\/\/agora.xtec.cat\/iesdali\/wp-content\/uploads\/usu384\/2021\/02\/ev4.jpg 2000w, https:\/\/agora.xtec.cat\/iesdali\/wp-content\/uploads\/usu384\/2021\/02\/ev4-300x240.jpg 300w, https:\/\/agora.xtec.cat\/iesdali\/wp-content\/uploads\/usu384\/2021\/02\/ev4-768x614.jpg 768w, https:\/\/agora.xtec.cat\/iesdali\/wp-content\/uploads\/usu384\/2021\/02\/ev4-1024x819.jpg 1024w\" sizes=\"auto, (max-width: 231px) 100vw, 231px\" \/><\/a><\/p>\n<p align=\"left\">\n<\/td>\n<\/tr>\n<tr valign=\"top\">\n<td style=\"background: transparent; width: 390.667px;\">\n<p align=\"left\"><strong>Recollida de micropl\u00e0stics i altres residus a la platja del Prat<\/strong><\/p>\n<\/td>\n<td style=\"background: transparent; width: 383.333px;\"><a href=\"https:\/\/agora.xtec.cat\/iesdali\/wp-content\/uploads\/usu384\/2021\/02\/ev5.jpg\"><img loading=\"lazy\" decoding=\"async\" class=\"wp-image-3109 aligncenter\" src=\"https:\/\/agora.xtec.cat\/iesdali\/wp-content\/uploads\/usu384\/2021\/02\/ev5.jpg\" alt=\"\" width=\"244\" height=\"195\" srcset=\"https:\/\/agora.xtec.cat\/iesdali\/wp-content\/uploads\/usu384\/2021\/02\/ev5.jpg 2000w, https:\/\/agora.xtec.cat\/iesdali\/wp-content\/uploads\/usu384\/2021\/02\/ev5-300x240.jpg 300w, https:\/\/agora.xtec.cat\/iesdali\/wp-content\/uploads\/usu384\/2021\/02\/ev5-768x614.jpg 768w, https:\/\/agora.xtec.cat\/iesdali\/wp-content\/uploads\/usu384\/2021\/02\/ev5-1024x819.jpg 1024w\" sizes=\"auto, (max-width: 244px) 100vw, 244px\" \/><\/a><\/p>\n<p align=\"left\">\n<\/td>\n<\/tr>\n<\/tbody>\n<\/table>\n<table style=\"width: 777px;\" width=\"903\" cellspacing=\"0\" cellpadding=\"10\">\n<colgroup>\n<col width=\"429\" \/>\n<col width=\"430\" \/> <\/colgroup>\n<tbody>\n<tr valign=\"top\">\n<td style=\"background: transparent; width: 372px;\">\n<p align=\"left\"><strong>F\u00f2rum del Baix Llobregat\u00a0<\/strong><\/p>\n<\/td>\n<td style=\"background: transparent; width: 402.667px;\"><a href=\"https:\/\/agora.xtec.cat\/iesdali\/wp-content\/uploads\/usu384\/2021\/02\/ev6.jpg\"><img loading=\"lazy\" decoding=\"async\" class=\"wp-image-3111 aligncenter\" src=\"https:\/\/agora.xtec.cat\/iesdali\/wp-content\/uploads\/usu384\/2021\/02\/ev6.jpg\" alt=\"\" width=\"196\" height=\"348\" srcset=\"https:\/\/agora.xtec.cat\/iesdali\/wp-content\/uploads\/usu384\/2021\/02\/ev6.jpg 1410w, https:\/\/agora.xtec.cat\/iesdali\/wp-content\/uploads\/usu384\/2021\/02\/ev6-169x300.jpg 169w, https:\/\/agora.xtec.cat\/iesdali\/wp-content\/uploads\/usu384\/2021\/02\/ev6-768x1362.jpg 768w, https:\/\/agora.xtec.cat\/iesdali\/wp-content\/uploads\/usu384\/2021\/02\/ev6-578x1024.jpg 578w\" sizes=\"auto, (max-width: 196px) 100vw, 196px\" \/><\/a><\/p>\n<p align=\"center\">\n<\/td>\n<\/tr>\n<\/tbody>\n<\/table>\n<table style=\"width: 776px;\" width=\"903\" cellspacing=\"0\" cellpadding=\"10\">\n<colgroup>\n<col width=\"429\" \/>\n<col width=\"430\" \/> <\/colgroup>\n<tbody>\n<tr valign=\"top\">\n<td style=\"background: transparent; width: 400px;\">\n<p align=\"left\"><strong>Dia mundial dels boscos<\/strong><\/p>\n<\/td>\n<td style=\"background: transparent; width: 374.667px;\"><a href=\"https:\/\/agora.xtec.cat\/iesdali\/wp-content\/uploads\/usu384\/2021\/02\/ev7.jpg\"><img loading=\"lazy\" decoding=\"async\" class=\"wp-image-3112 aligncenter\" src=\"https:\/\/agora.xtec.cat\/iesdali\/wp-content\/uploads\/usu384\/2021\/02\/ev7.jpg\" alt=\"\" width=\"273\" height=\"219\" srcset=\"https:\/\/agora.xtec.cat\/iesdali\/wp-content\/uploads\/usu384\/2021\/02\/ev7.jpg 2000w, https:\/\/agora.xtec.cat\/iesdali\/wp-content\/uploads\/usu384\/2021\/02\/ev7-300x240.jpg 300w, https:\/\/agora.xtec.cat\/iesdali\/wp-content\/uploads\/usu384\/2021\/02\/ev7-768x614.jpg 768w, https:\/\/agora.xtec.cat\/iesdali\/wp-content\/uploads\/usu384\/2021\/02\/ev7-1024x819.jpg 1024w\" sizes=\"auto, (max-width: 273px) 100vw, 273px\" \/><\/a><\/p>\n<p align=\"left\">\n<\/td>\n<\/tr>\n<tr valign=\"top\">\n<td style=\"background: transparent; width: 400px;\">\n<p align=\"left\"><strong>Projecte esmorzars sostenibles<\/strong><\/p>\n<\/td>\n<td style=\"background: transparent; width: 374.667px;\"><a href=\"https:\/\/agora.xtec.cat\/iesdali\/wp-content\/uploads\/usu384\/2021\/02\/ev8.jpg\"><img loading=\"lazy\" decoding=\"async\" class=\"wp-image-3113 aligncenter\" src=\"https:\/\/agora.xtec.cat\/iesdali\/wp-content\/uploads\/usu384\/2021\/02\/ev8.jpg\" alt=\"\" width=\"272\" height=\"204\" srcset=\"https:\/\/agora.xtec.cat\/iesdali\/wp-content\/uploads\/usu384\/2021\/02\/ev8.jpg 2500w, https:\/\/agora.xtec.cat\/iesdali\/wp-content\/uploads\/usu384\/2021\/02\/ev8-300x225.jpg 300w, https:\/\/agora.xtec.cat\/iesdali\/wp-content\/uploads\/usu384\/2021\/02\/ev8-768x576.jpg 768w, https:\/\/agora.xtec.cat\/iesdali\/wp-content\/uploads\/usu384\/2021\/02\/ev8-1024x768.jpg 1024w, https:\/\/agora.xtec.cat\/iesdali\/wp-content\/uploads\/usu384\/2021\/02\/ev8-200x150.jpg 200w\" sizes=\"auto, (max-width: 272px) 100vw, 272px\" \/><\/a><\/p>\n<p align=\"left\">\n<\/td>\n<\/tr>\n<\/tbody>\n<\/table>\n<table style=\"width: 773px;\" width=\"903\" cellspacing=\"0\" cellpadding=\"10\">\n<colgroup>\n<col width=\"429\" \/>\n<col width=\"430\" \/> <\/colgroup>\n<tbody>\n<tr valign=\"top\">\n<td style=\"background: transparent; width: 396.667px;\">\n<p align=\"left\"><strong>Aturada pel canvi clim\u00e0tic<\/strong><\/p>\n<\/td>\n<td style=\"background: transparent; width: 374.667px;\"><a href=\"https:\/\/agora.xtec.cat\/iesdali\/wp-content\/uploads\/usu384\/2021\/02\/ev9.jpg\"><img loading=\"lazy\" decoding=\"async\" class=\"wp-image-3114 aligncenter\" src=\"https:\/\/agora.xtec.cat\/iesdali\/wp-content\/uploads\/usu384\/2021\/02\/ev9.jpg\" alt=\"\" width=\"274\" height=\"219\" srcset=\"https:\/\/agora.xtec.cat\/iesdali\/wp-content\/uploads\/usu384\/2021\/02\/ev9.jpg 2000w, https:\/\/agora.xtec.cat\/iesdali\/wp-content\/uploads\/usu384\/2021\/02\/ev9-300x240.jpg 300w, https:\/\/agora.xtec.cat\/iesdali\/wp-content\/uploads\/usu384\/2021\/02\/ev9-768x614.jpg 768w, https:\/\/agora.xtec.cat\/iesdali\/wp-content\/uploads\/usu384\/2021\/02\/ev9-1024x819.jpg 1024w\" sizes=\"auto, (max-width: 274px) 100vw, 274px\" \/><\/a><\/p>\n<p align=\"left\">\n<\/td>\n<\/tr>\n<\/tbody>\n<\/table>\n<p align=\"left\"><b>I AQUEST CURS ESTEM TREBALLANT EN\u2026..<\/b><\/p>\n<ul>\n<li>\n<p align=\"left\"><b>repensar el pati interior<\/b><\/p>\n<\/li>\n<\/ul>\n<p><a href=\"https:\/\/agora.xtec.cat\/iesdali\/wp-content\/uploads\/usu384\/2021\/02\/evx.jpg\"><img loading=\"lazy\" decoding=\"async\" class=\"wp-image-3117 alignleft\" src=\"https:\/\/agora.xtec.cat\/iesdali\/wp-content\/uploads\/usu384\/2021\/02\/evx.jpg\" alt=\"\" width=\"313\" height=\"235\" srcset=\"https:\/\/agora.xtec.cat\/iesdali\/wp-content\/uploads\/usu384\/2021\/02\/evx.jpg 2500w, https:\/\/agora.xtec.cat\/iesdali\/wp-content\/uploads\/usu384\/2021\/02\/evx-300x225.jpg 300w, https:\/\/agora.xtec.cat\/iesdali\/wp-content\/uploads\/usu384\/2021\/02\/evx-768x576.jpg 768w, https:\/\/agora.xtec.cat\/iesdali\/wp-content\/uploads\/usu384\/2021\/02\/evx-1024x768.jpg 1024w, https:\/\/agora.xtec.cat\/iesdali\/wp-content\/uploads\/usu384\/2021\/02\/evx-200x150.jpg 200w\" sizes=\"auto, (max-width: 313px) 100vw, 313px\" \/><\/a><a href=\"https:\/\/agora.xtec.cat\/iesdali\/wp-content\/uploads\/usu384\/2021\/02\/ev11.jpg\"><img loading=\"lazy\" decoding=\"async\" class=\"alignnone wp-image-3116\" src=\"https:\/\/agora.xtec.cat\/iesdali\/wp-content\/uploads\/usu384\/2021\/02\/ev11.jpg\" alt=\"\" width=\"327\" height=\"245\" srcset=\"https:\/\/agora.xtec.cat\/iesdali\/wp-content\/uploads\/usu384\/2021\/02\/ev11.jpg 2500w, https:\/\/agora.xtec.cat\/iesdali\/wp-content\/uploads\/usu384\/2021\/02\/ev11-300x225.jpg 300w, https:\/\/agora.xtec.cat\/iesdali\/wp-content\/uploads\/usu384\/2021\/02\/ev11-768x576.jpg 768w, https:\/\/agora.xtec.cat\/iesdali\/wp-content\/uploads\/usu384\/2021\/02\/ev11-1024x768.jpg 1024w, https:\/\/agora.xtec.cat\/iesdali\/wp-content\/uploads\/usu384\/2021\/02\/ev11-200x150.jpg 200w\" sizes=\"auto, (max-width: 327px) 100vw, 327px\" \/><\/a><\/p>\n<p><a href=\"https:\/\/agora.xtec.cat\/iesdali\/wp-content\/uploads\/usu384\/2021\/02\/ev10.jpg\"><img loading=\"lazy\" decoding=\"async\" class=\"alignnone wp-image-3115\" src=\"https:\/\/agora.xtec.cat\/iesdali\/wp-content\/uploads\/usu384\/2021\/02\/ev10.jpg\" alt=\"\" width=\"315\" height=\"236\" srcset=\"https:\/\/agora.xtec.cat\/iesdali\/wp-content\/uploads\/usu384\/2021\/02\/ev10.jpg 2500w, https:\/\/agora.xtec.cat\/iesdali\/wp-content\/uploads\/usu384\/2021\/02\/ev10-300x225.jpg 300w, https:\/\/agora.xtec.cat\/iesdali\/wp-content\/uploads\/usu384\/2021\/02\/ev10-768x576.jpg 768w, https:\/\/agora.xtec.cat\/iesdali\/wp-content\/uploads\/usu384\/2021\/02\/ev10-1024x768.jpg 1024w, https:\/\/agora.xtec.cat\/iesdali\/wp-content\/uploads\/usu384\/2021\/02\/ev10-200x150.jpg 200w\" sizes=\"auto, (max-width: 315px) 100vw, 315px\" \/><\/a><a href=\"https:\/\/agora.xtec.cat\/iesdali\/wp-content\/uploads\/usu384\/2021\/02\/ev21.jpg\"><img loading=\"lazy\" decoding=\"async\" class=\"wp-image-3118 alignright\" src=\"https:\/\/agora.xtec.cat\/iesdali\/wp-content\/uploads\/usu384\/2021\/02\/ev21.jpg\" alt=\"\" width=\"300\" height=\"225\" srcset=\"https:\/\/agora.xtec.cat\/iesdali\/wp-content\/uploads\/usu384\/2021\/02\/ev21.jpg 2500w, https:\/\/agora.xtec.cat\/iesdali\/wp-content\/uploads\/usu384\/2021\/02\/ev21-300x225.jpg 300w, https:\/\/agora.xtec.cat\/iesdali\/wp-content\/uploads\/usu384\/2021\/02\/ev21-768x576.jpg 768w, https:\/\/agora.xtec.cat\/iesdali\/wp-content\/uploads\/usu384\/2021\/02\/ev21-1024x768.jpg 1024w, https:\/\/agora.xtec.cat\/iesdali\/wp-content\/uploads\/usu384\/2021\/02\/ev21-200x150.jpg 200w\" sizes=\"auto, (max-width: 300px) 100vw, 300px\" \/><\/a><\/p>\n<p>&nbsp;<\/p>\n<p>&nbsp;<\/p>\n<p><a href=\"https:\/\/agora.xtec.cat\/iesdali\/wp-content\/uploads\/usu384\/2021\/02\/ev20.jpg\"><img loading=\"lazy\" decoding=\"async\" class=\"wp-image-3119 aligncenter\" src=\"https:\/\/agora.xtec.cat\/iesdali\/wp-content\/uploads\/usu384\/2021\/02\/ev20.jpg\" alt=\"\" width=\"394\" height=\"295\" srcset=\"https:\/\/agora.xtec.cat\/iesdali\/wp-content\/uploads\/usu384\/2021\/02\/ev20.jpg 2500w, https:\/\/agora.xtec.cat\/iesdali\/wp-content\/uploads\/usu384\/2021\/02\/ev20-300x225.jpg 300w, https:\/\/agora.xtec.cat\/iesdali\/wp-content\/uploads\/usu384\/2021\/02\/ev20-768x576.jpg 768w, https:\/\/agora.xtec.cat\/iesdali\/wp-content\/uploads\/usu384\/2021\/02\/ev20-1024x768.jpg 1024w, https:\/\/agora.xtec.cat\/iesdali\/wp-content\/uploads\/usu384\/2021\/02\/ev20-200x150.jpg 200w\" sizes=\"auto, (max-width: 394px) 100vw, 394px\" \/><\/a><\/p>\n<p><a href=\"https:\/\/agora.xtec.cat\/iesdali\/wp-content\/uploads\/usu384\/2021\/02\/ev22.jpg\"><img loading=\"lazy\" decoding=\"async\" class=\"alignnone wp-image-3120\" src=\"https:\/\/agora.xtec.cat\/iesdali\/wp-content\/uploads\/usu384\/2021\/02\/ev22.jpg\" alt=\"\" width=\"352\" height=\"264\" srcset=\"https:\/\/agora.xtec.cat\/iesdali\/wp-content\/uploads\/usu384\/2021\/02\/ev22.jpg 2500w, https:\/\/agora.xtec.cat\/iesdali\/wp-content\/uploads\/usu384\/2021\/02\/ev22-300x225.jpg 300w, https:\/\/agora.xtec.cat\/iesdali\/wp-content\/uploads\/usu384\/2021\/02\/ev22-768x576.jpg 768w, https:\/\/agora.xtec.cat\/iesdali\/wp-content\/uploads\/usu384\/2021\/02\/ev22-1024x768.jpg 1024w, https:\/\/agora.xtec.cat\/iesdali\/wp-content\/uploads\/usu384\/2021\/02\/ev22-200x150.jpg 200w\" sizes=\"auto, (max-width: 352px) 100vw, 352px\" \/><\/a><a href=\"https:\/\/agora.xtec.cat\/iesdali\/wp-content\/uploads\/usu384\/2021\/02\/ev23.jpg\"><img loading=\"lazy\" decoding=\"async\" class=\"alignnone wp-image-3121\" src=\"https:\/\/agora.xtec.cat\/iesdali\/wp-content\/uploads\/usu384\/2021\/02\/ev23.jpg\" alt=\"\" width=\"350\" height=\"263\" srcset=\"https:\/\/agora.xtec.cat\/iesdali\/wp-content\/uploads\/usu384\/2021\/02\/ev23.jpg 2500w, https:\/\/agora.xtec.cat\/iesdali\/wp-content\/uploads\/usu384\/2021\/02\/ev23-300x225.jpg 300w, https:\/\/agora.xtec.cat\/iesdali\/wp-content\/uploads\/usu384\/2021\/02\/ev23-768x576.jpg 768w, https:\/\/agora.xtec.cat\/iesdali\/wp-content\/uploads\/usu384\/2021\/02\/ev23-1024x768.jpg 1024w, https:\/\/agora.xtec.cat\/iesdali\/wp-content\/uploads\/usu384\/2021\/02\/ev23-200x150.jpg 200w\" sizes=\"auto, (max-width: 350px) 100vw, 350px\" \/><\/a><\/p>\n<ul>\n<li><b>acci\u00f3 contra el canvi clim\u00e0tic<\/b><\/li>\n<\/ul>\n<p><a href=\"https:\/\/agora.xtec.cat\/iesdali\/wp-content\/uploads\/usu384\/2021\/02\/ev12.jpg\"><img loading=\"lazy\" decoding=\"async\" class=\"wp-image-3122 aligncenter\" src=\"https:\/\/agora.xtec.cat\/iesdali\/wp-content\/uploads\/usu384\/2021\/02\/ev12.jpg\" alt=\"\" width=\"244\" height=\"216\" srcset=\"https:\/\/agora.xtec.cat\/iesdali\/wp-content\/uploads\/usu384\/2021\/02\/ev12.jpg 2500w, https:\/\/agora.xtec.cat\/iesdali\/wp-content\/uploads\/usu384\/2021\/02\/ev12-300x265.jpg 300w, https:\/\/agora.xtec.cat\/iesdali\/wp-content\/uploads\/usu384\/2021\/02\/ev12-768x678.jpg 768w, https:\/\/agora.xtec.cat\/iesdali\/wp-content\/uploads\/usu384\/2021\/02\/ev12-1024x904.jpg 1024w\" sizes=\"auto, (max-width: 244px) 100vw, 244px\" \/><\/a><\/p>\n<ul>\n<li>\n<p align=\"left\"><b>1r butllet\u00ed el Dal\u00ed m\u00e9s Verd<\/b><\/p>\n<\/li>\n<\/ul>\n<p><a href=\"https:\/\/agora.xtec.cat\/iesdali\/wp-content\/uploads\/usu384\/2021\/02\/ev13.jpg\"><img loading=\"lazy\" decoding=\"async\" class=\"alignnone wp-image-3123\" src=\"https:\/\/agora.xtec.cat\/iesdali\/wp-content\/uploads\/usu384\/2021\/02\/ev13.jpg\" alt=\"\" width=\"340\" height=\"480\" srcset=\"https:\/\/agora.xtec.cat\/iesdali\/wp-content\/uploads\/usu384\/2021\/02\/ev13.jpg 1414w, https:\/\/agora.xtec.cat\/iesdali\/wp-content\/uploads\/usu384\/2021\/02\/ev13-212x300.jpg 212w, https:\/\/agora.xtec.cat\/iesdali\/wp-content\/uploads\/usu384\/2021\/02\/ev13-768x1086.jpg 768w, https:\/\/agora.xtec.cat\/iesdali\/wp-content\/uploads\/usu384\/2021\/02\/ev13-724x1024.jpg 724w\" sizes=\"auto, (max-width: 340px) 100vw, 340px\" \/><\/a><a href=\"https:\/\/agora.xtec.cat\/iesdali\/wp-content\/uploads\/usu384\/2021\/02\/ev30.jpg\"><img loading=\"lazy\" decoding=\"async\" class=\"alignnone wp-image-3124\" src=\"https:\/\/agora.xtec.cat\/iesdali\/wp-content\/uploads\/usu384\/2021\/02\/ev30.jpg\" alt=\"\" width=\"352\" height=\"498\" srcset=\"https:\/\/agora.xtec.cat\/iesdali\/wp-content\/uploads\/usu384\/2021\/02\/ev30.jpg 1414w, https:\/\/agora.xtec.cat\/iesdali\/wp-content\/uploads\/usu384\/2021\/02\/ev30-212x300.jpg 212w, https:\/\/agora.xtec.cat\/iesdali\/wp-content\/uploads\/usu384\/2021\/02\/ev30-768x1086.jpg 768w, https:\/\/agora.xtec.cat\/iesdali\/wp-content\/uploads\/usu384\/2021\/02\/ev30-724x1024.jpg 724w\" sizes=\"auto, (max-width: 352px) 100vw, 352px\" \/><\/a><\/p>\n<p align=\"left\"><b>I moltes m\u00e9s coses que estem preparant! Estigueu atents i atentes!!!<\/b><\/p>\n<p align=\"left\"><a href=\"https:\/\/agora.xtec.cat\/iesdali\/wp-content\/uploads\/usu384\/2021\/02\/ev40.jpg\"><img loading=\"lazy\" decoding=\"async\" class=\"size-full wp-image-3125 alignleft\" src=\"https:\/\/agora.xtec.cat\/iesdali\/wp-content\/uploads\/usu384\/2021\/02\/ev40.jpg\" alt=\"\" width=\"120\" height=\"75\" \/><\/a> <a href=\"https:\/\/agora.xtec.cat\/iesdali\/wp-content\/uploads\/usu384\/2021\/02\/ev50.jpg\"><img loading=\"lazy\" decoding=\"async\" class=\"alignnone size-full wp-image-3126\" src=\"https:\/\/agora.xtec.cat\/iesdali\/wp-content\/uploads\/usu384\/2021\/02\/ev50.jpg\" alt=\"\" width=\"121\" height=\"64\" \/>\u00a0<\/a> <a href=\"https:\/\/agora.xtec.cat\/iesdali\/wp-content\/uploads\/usu384\/2021\/02\/ev31.png\"><img loading=\"lazy\" decoding=\"async\" class=\"alignnone wp-image-3127\" src=\"https:\/\/agora.xtec.cat\/iesdali\/wp-content\/uploads\/usu384\/2021\/02\/ev31.png\" alt=\"\" width=\"116\" height=\"48\" srcset=\"https:\/\/agora.xtec.cat\/iesdali\/wp-content\/uploads\/usu384\/2021\/02\/ev31.png 1211w, https:\/\/agora.xtec.cat\/iesdali\/wp-content\/uploads\/usu384\/2021\/02\/ev31-300x124.png 300w, https:\/\/agora.xtec.cat\/iesdali\/wp-content\/uploads\/usu384\/2021\/02\/ev31-768x318.png 768w, https:\/\/agora.xtec.cat\/iesdali\/wp-content\/uploads\/usu384\/2021\/02\/ev31-1024x424.png 1024w\" sizes=\"auto, (max-width: 116px) 100vw, 116px\" \/><\/a><a href=\"https:\/\/agora.xtec.cat\/iesdali\/wp-content\/uploads\/usu384\/2021\/02\/ev34.png\"><img loading=\"lazy\" decoding=\"async\" class=\"wp-image-3128 alignnone\" src=\"https:\/\/agora.xtec.cat\/iesdali\/wp-content\/uploads\/usu384\/2021\/02\/ev34.png\" alt=\"\" width=\"76\" height=\"53\" \/><\/a><\/p>\n<p align=\"left\">\n","protected":false},"excerpt":{"rendered":"<p>A l\u2019institut Salvador Dal\u00ed fa molts anys que treballem per la sostenibilitat i el medi ambient, i \u00e9s per aquest motiu que formem part de la Xarxa Al Prat Escoles m\u00e9s sostenibles. Amb aquest objectiu, al llarg de tots aquests anys, les nostres delegades i delegats verds han participat i participen en diferents accions, tant [&hellip;]<\/p>\n","protected":false},"author":68,"featured_media":0,"parent":2371,"menu_order":0,"comment_status":"closed","ping_status":"closed","template":"page-templates\/side-menu.php","meta":{"_bbp_topic_count":0,"_bbp_reply_count":0,"_bbp_total_topic_count":0,"_bbp_total_reply_count":0,"_bbp_voice_count":0,"_bbp_anonymous_reply_count":0,"_bbp_topic_count_hidden":0,"_bbp_reply_count_hidden":0,"_bbp_forum_subforum_count":0,"site-sidebar-layout":"default","site-content-layout":"","ast-site-content-layout":"","site-content-style":"default","site-sidebar-style":"default","ast-global-header-display":"","ast-banner-title-visibility":"","ast-main-header-display":"","ast-hfb-above-header-display":"","ast-hfb-below-header-display":"","ast-hfb-mobile-header-display":"","site-post-title":"","ast-breadcrumbs-content":"","ast-featured-img":"","footer-sml-layout":"","theme-transparent-header-meta":"","adv-header-id-meta":"","stick-header-meta":"","header-above-stick-meta":"","header-main-stick-meta":"","header-below-stick-meta":"","astra-migrate-meta-layouts":"default","ast-page-background-enabled":"default","ast-page-background-meta":{"desktop":{"background-color":"var(--ast-global-color-4)","background-image":"","background-repeat":"repeat","background-position":"center center","background-size":"auto","background-attachment":"scroll","background-type":"","background-media":"","overlay-type":"","overlay-color":"","overlay-opacity":"","overlay-gradient":""},"tablet":{"background-color":"","background-image":"","background-repeat":"repeat","background-position":"center center","background-size":"auto","background-attachment":"scroll","background-type":"","background-media":"","overlay-type":"","overlay-color":"","overlay-opacity":"","overlay-gradient":""},"mobile":{"background-color":"","background-image":"","background-repeat":"repeat","background-position":"center center","background-size":"auto","background-attachment":"scroll","background-type":"","background-media":"","overlay-type":"","overlay-color":"","overlay-opacity":"","overlay-gradient":""}},"ast-content-background-meta":{"desktop":{"background-color":"var(--ast-global-color-5)","background-image":"","background-repeat":"repeat","background-position":"center center","background-size":"auto","background-attachment":"scroll","background-type":"","background-media":"","overlay-type":"","overlay-color":"","overlay-opacity":"","overlay-gradient":""},"tablet":{"background-color":"var(--ast-global-color-5)","background-image":"","background-repeat":"repeat","background-position":"center center","background-size":"auto","background-attachment":"scroll","background-type":"","background-media":"","overlay-type":"","overlay-color":"","overlay-opacity":"","overlay-gradient":""},"mobile":{"background-color":"var(--ast-global-color-5)","background-image":"","background-repeat":"repeat","background-position":"center center","background-size":"auto","background-attachment":"scroll","background-type":"","background-media":"","overlay-type":"","overlay-color":"","overlay-opacity":"","overlay-gradient":""}},"footnotes":""},"class_list":["post-3102","page","type-page","status-publish","hentry"],"post_mailing_queue_ids":[],"_links":{"self":[{"href":"https:\/\/agora.xtec.cat\/iesdali\/wp-json\/wp\/v2\/pages\/3102","targetHints":{"allow":["GET"]}}],"collection":[{"href":"https:\/\/agora.xtec.cat\/iesdali\/wp-json\/wp\/v2\/pages"}],"about":[{"href":"https:\/\/agora.xtec.cat\/iesdali\/wp-json\/wp\/v2\/types\/page"}],"author":[{"embeddable":true,"href":"https:\/\/agora.xtec.cat\/iesdali\/wp-json\/wp\/v2\/users\/68"}],"replies":[{"embeddable":true,"href":"https:\/\/agora.xtec.cat\/iesdali\/wp-json\/wp\/v2\/comments?post=3102"}],"version-history":[{"count":3,"href":"https:\/\/agora.xtec.cat\/iesdali\/wp-json\/wp\/v2\/pages\/3102\/revisions"}],"predecessor-version":[{"id":3938,"href":"https:\/\/agora.xtec.cat\/iesdali\/wp-json\/wp\/v2\/pages\/3102\/revisions\/3938"}],"up":[{"embeddable":true,"href":"https:\/\/agora.xtec.cat\/iesdali\/wp-json\/wp\/v2\/pages\/2371"}],"wp:attachment":[{"href":"https:\/\/agora.xtec.cat\/iesdali\/wp-json\/wp\/v2\/media?parent=3102"}],"curies":[{"name":"wp","href":"https:\/\/api.w.org\/{rel}","templated":true}]}}