{"id":3080,"date":"2021-02-25T20:25:11","date_gmt":"2021-02-25T19:25:11","guid":{"rendered":"http:\/\/agora.xtec.cat\/iesdali\/?page_id=3080"},"modified":"2022-02-22T13:06:51","modified_gmt":"2022-02-22T12:06:51","slug":"siei-2","status":"publish","type":"page","link":"https:\/\/agora.xtec.cat\/iesdali\/que-fem-projectes-de-centre\/siei-2\/","title":{"rendered":"SIEI"},"content":{"rendered":"<p align=\"left\"><span style=\"color: #666666;\"><span style=\"font-size: medium;\"><b>Suport intensiu escolaritzaci\u00f3 inclusiva (SIEI)<\/b><\/span><\/span><\/p>\n<p align=\"left\"><span style=\"color: #666666;\"><span style=\"font-family: Calibri, serif;\">Els suports intensius per a l\u2019escolaritzaci\u00f3 inclusiva (SIEI), abans <a href=\"https:\/\/agora.xtec.cat\/iesdali\/categoria\/usee\/\">USEE<\/a>; s\u00f3n dotacions extraordin\u00e0ries de professionals que s\u2019incoporen a les plantilles d\u2019escoles i instituts com a recursos intensius per atendre els alumnes amb necessitats educatives especials que ho necessitin.<\/span><\/span><\/p>\n<p align=\"left\"><span style=\"color: #666666;\"><span style=\"font-family: Calibri, serif;\">El SIEI del nostre institut porta en funcionament des del curs 2010-11 (abans USEE), en total m\u00e9s de trenta alumnes han rebut atenci\u00f3 del professorat de SIEI. <\/span><\/span><\/p>\n<p align=\"left\"><span style=\"color: #666666;\"><span style=\"font-family: Calibri, serif;\"><b>L\u2019equip de SIEI<\/b><\/span><\/span><\/p>\n<p align=\"left\"><span style=\"color: #666666;\"><span style=\"font-family: Calibri, serif;\">Est\u00e0 format per dues psicopedagogues de SIEI, una professora del centre i una educadora.<\/span><\/span><\/p>\n<p align=\"left\"><span style=\"color: #666666;\"><span style=\"font-family: Calibri, serif;\"><b>Qu\u00e8 fem a SIEI?<\/b><\/span><\/span><\/p>\n<p align=\"left\"><span style=\"color: #666666;\"><span style=\"font-family: Calibri, serif;\">Acompanyem l\u2019alumnat de SIEI al llarg de tota l\u2019escolaritzaci\u00f3 a l\u2019ESO.<\/span><\/span><\/p>\n<ul>\n<li>\n<p align=\"left\"><span style=\"color: #666666;\"><span style=\"font-family: Calibri, serif;\">Suport emocional en l\u2019adaptaci\u00f3 i al llarg de l\u2019escolaritzaci\u00f3. <\/span><\/span><\/p>\n<\/li>\n<li>\n<p align=\"left\"><span style=\"color: #666666;\"><span style=\"font-family: Calibri, serif;\">S\u2019estableix una cotutoria entre tutor\/a SIEI i de l\u2019aula ordin\u00e0ria.<\/span><\/span><\/p>\n<\/li>\n<li>\n<p align=\"left\"><span style=\"color: #666666;\"><span style=\"font-family: Calibri, serif;\">Suport a les fam\u00edlies i coordinaci\u00f3 amb els serveis externs.<\/span><\/span><\/p>\n<\/li>\n<li>\n<p align=\"left\"><span style=\"color: #666666;\"><span style=\"font-family: Calibri, serif;\">Assessorament a l\u2019equip docent per garantir la millor atenci\u00f3 a l\u2019alumnat.<\/span><\/span><\/p>\n<\/li>\n<li>\n<p align=\"left\"><span style=\"color: #666666;\"><span style=\"font-family: Calibri, serif;\">Acompanyament a l\u2019aula ordin\u00e0ria de totes les mat\u00e8ries en diferents franges hor\u00e0ries.<\/span><\/span><\/p>\n<\/li>\n<li>\n<p align=\"left\"><span style=\"color: #666666;\"><span style=\"font-family: Calibri, serif;\">Acompanyament en les sortides acad\u00e8miques i l\u00fadiques que realitzen amb el seu grup ordinari<\/span><\/span><\/p>\n<\/li>\n<li>\n<p align=\"left\"><span style=\"color: #666666;\"><span style=\"font-family: Calibri, serif;\">S\u2019imparteix l\u2019assignatura de matem\u00e0tiques en petit grup.<\/span><\/span><\/p>\n<\/li>\n<li>\n<p align=\"left\"><span style=\"color: #666666;\"><span style=\"font-family: Calibri, serif;\">Acompanyament en l\u2019orientaci\u00f3 acad\u00e8mica en acabar l\u2019etapa de l\u2019ESO.<\/span><\/span><\/p>\n<\/li>\n<li>\n<p align=\"left\"><span style=\"color: #666666;\"><span style=\"font-family: Calibri, serif;\">Es dediquen hores a suport a l\u2019estudi a l\u2019aula de SIEI.En aquest espai s\u2019ajuda a l\u2019alumnat a:<\/span><\/span><\/p>\n<\/li>\n<\/ul>\n<p align=\"left\"><span style=\"color: #666666;\"><span style=\"font-family: Calibri, serif;\">-Organitzaci\u00f3 d\u2019agenda i planificaci\u00f3 d\u2019estudi.<\/span><\/span><\/p>\n<p align=\"left\"><span style=\"color: #666666;\"><span style=\"font-family: Calibri, serif;\">-Seguiment de les mat\u00e8ries i les activitats educatives que es fan a l\u2019aula ordin\u00e0ria.<\/span><\/span><\/p>\n<p align=\"left\"><span style=\"color: #666666;\"><span style=\"font-family: Calibri, serif;\">-Adaptaci\u00f3 i preparaci\u00f3 d&#8217;ex\u00e0mens.<\/span><\/span><\/p>\n<p align=\"left\"><span style=\"color: #666666;\"><span style=\"font-family: Calibri, serif;\">-Suport a l&#8217;alumne en l\u2019\u00fas de les eines digitals.<\/span><\/span><\/p>\n<ul>\n<li>\n<p align=\"left\"><span style=\"color: #666666;\"><span style=\"font-family: Calibri, serif;\">Projectes, miniprojectes i tallers espec\u00edfics de SIEI (Educaci\u00f3 emocional, Expressi\u00f3 art\u00edstica, L\u2019hort i les arom\u00e0tiques, Cuina\u2026)<\/span><\/span><\/p>\n<\/li>\n<\/ul>\n<p><a href=\"https:\/\/agora.xtec.cat\/iesdali\/wp-content\/uploads\/usu384\/2021\/02\/s1.jpg\"><img loading=\"lazy\" decoding=\"async\" class=\"alignnone wp-image-3081\" src=\"https:\/\/agora.xtec.cat\/iesdali\/wp-content\/uploads\/usu384\/2021\/02\/s1.jpg\" alt=\"\" width=\"227\" height=\"303\" srcset=\"https:\/\/agora.xtec.cat\/iesdali\/wp-content\/uploads\/usu384\/2021\/02\/s1.jpg 1875w, https:\/\/agora.xtec.cat\/iesdali\/wp-content\/uploads\/usu384\/2021\/02\/s1-225x300.jpg 225w, https:\/\/agora.xtec.cat\/iesdali\/wp-content\/uploads\/usu384\/2021\/02\/s1-768x1024.jpg 768w\" sizes=\"auto, (max-width: 227px) 100vw, 227px\" \/><\/a><a href=\"https:\/\/agora.xtec.cat\/iesdali\/wp-content\/uploads\/usu384\/2021\/02\/s2.jpg\"><img loading=\"lazy\" decoding=\"async\" class=\"alignnone wp-image-3082\" src=\"https:\/\/agora.xtec.cat\/iesdali\/wp-content\/uploads\/usu384\/2021\/02\/s2.jpg\" alt=\"\" width=\"228\" height=\"304\" srcset=\"https:\/\/agora.xtec.cat\/iesdali\/wp-content\/uploads\/usu384\/2021\/02\/s2.jpg 1875w, https:\/\/agora.xtec.cat\/iesdali\/wp-content\/uploads\/usu384\/2021\/02\/s2-225x300.jpg 225w, https:\/\/agora.xtec.cat\/iesdali\/wp-content\/uploads\/usu384\/2021\/02\/s2-768x1024.jpg 768w\" sizes=\"auto, (max-width: 228px) 100vw, 228px\" \/><\/a><a href=\"https:\/\/agora.xtec.cat\/iesdali\/wp-content\/uploads\/usu384\/2021\/02\/s3.jpg\"><img loading=\"lazy\" decoding=\"async\" class=\"alignnone wp-image-3083\" src=\"https:\/\/agora.xtec.cat\/iesdali\/wp-content\/uploads\/usu384\/2021\/02\/s3.jpg\" alt=\"\" width=\"228\" height=\"304\" srcset=\"https:\/\/agora.xtec.cat\/iesdali\/wp-content\/uploads\/usu384\/2021\/02\/s3.jpg 480w, https:\/\/agora.xtec.cat\/iesdali\/wp-content\/uploads\/usu384\/2021\/02\/s3-225x300.jpg 225w\" sizes=\"auto, (max-width: 228px) 100vw, 228px\" \/><\/a><\/p>\n<p>Treballant compet\u00e8ncia digital\u00a0 \u00a0 \u00a0 \u00a0 \u00a0 \u00a0Projecte d&#8217;arom\u00e0tiques\u00a0 \u00a0 \u00a0 \u00a0 \u00a0 Acompanyament aula ordin\u00e0ria<\/p>\n<p><a href=\"https:\/\/agora.xtec.cat\/iesdali\/wp-content\/uploads\/usu384\/2021\/02\/s4.jpg\"><img loading=\"lazy\" decoding=\"async\" class=\"wp-image-3084 aligncenter\" src=\"https:\/\/agora.xtec.cat\/iesdali\/wp-content\/uploads\/usu384\/2021\/02\/s4.jpg\" alt=\"\" width=\"583\" height=\"438\" srcset=\"https:\/\/agora.xtec.cat\/iesdali\/wp-content\/uploads\/usu384\/2021\/02\/s4.jpg 2048w, https:\/\/agora.xtec.cat\/iesdali\/wp-content\/uploads\/usu384\/2021\/02\/s4-300x225.jpg 300w, https:\/\/agora.xtec.cat\/iesdali\/wp-content\/uploads\/usu384\/2021\/02\/s4-768x576.jpg 768w, https:\/\/agora.xtec.cat\/iesdali\/wp-content\/uploads\/usu384\/2021\/02\/s4-1024x768.jpg 1024w, https:\/\/agora.xtec.cat\/iesdali\/wp-content\/uploads\/usu384\/2021\/02\/s4-200x150.jpg 200w\" sizes=\"auto, (max-width: 583px) 100vw, 583px\" \/><\/a><\/p>\n<p>L\u2019equip de SIEI: la Montse, la M.Jos\u00e9, la M\u00f2nica i la Charo<\/p>\n<p>&nbsp;<\/p>\n<p>&nbsp;<\/p>\n","protected":false},"excerpt":{"rendered":"<p>Suport intensiu escolaritzaci\u00f3 inclusiva (SIEI) Els suports intensius per a l\u2019escolaritzaci\u00f3 inclusiva (SIEI), abans USEE; s\u00f3n dotacions extraordin\u00e0ries de professionals que s\u2019incoporen a les plantilles d\u2019escoles i instituts com a recursos intensius per atendre els alumnes amb necessitats educatives especials que ho necessitin. El SIEI del nostre institut porta en funcionament des del curs 2010-11 [&hellip;]<\/p>\n","protected":false},"author":68,"featured_media":0,"parent":2371,"menu_order":0,"comment_status":"closed","ping_status":"closed","template":"page-templates\/side-menu.php","meta":{"_bbp_topic_count":0,"_bbp_reply_count":0,"_bbp_total_topic_count":0,"_bbp_total_reply_count":0,"_bbp_voice_count":0,"_bbp_anonymous_reply_count":0,"_bbp_topic_count_hidden":0,"_bbp_reply_count_hidden":0,"_bbp_forum_subforum_count":0,"site-sidebar-layout":"default","site-content-layout":"","ast-site-content-layout":"","site-content-style":"default","site-sidebar-style":"default","ast-global-header-display":"","ast-banner-title-visibility":"","ast-main-header-display":"","ast-hfb-above-header-display":"","ast-hfb-below-header-display":"","ast-hfb-mobile-header-display":"","site-post-title":"","ast-breadcrumbs-content":"","ast-featured-img":"","footer-sml-layout":"","theme-transparent-header-meta":"","adv-header-id-meta":"","stick-header-meta":"","header-above-stick-meta":"","header-main-stick-meta":"","header-below-stick-meta":"","astra-migrate-meta-layouts":"default","ast-page-background-enabled":"default","ast-page-background-meta":{"desktop":{"background-color":"var(--ast-global-color-4)","background-image":"","background-repeat":"repeat","background-position":"center center","background-size":"auto","background-attachment":"scroll","background-type":"","background-media":"","overlay-type":"","overlay-color":"","overlay-opacity":"","overlay-gradient":""},"tablet":{"background-color":"","background-image":"","background-repeat":"repeat","background-position":"center center","background-size":"auto","background-attachment":"scroll","background-type":"","background-media":"","overlay-type":"","overlay-color":"","overlay-opacity":"","overlay-gradient":""},"mobile":{"background-color":"","background-image":"","background-repeat":"repeat","background-position":"center center","background-size":"auto","background-attachment":"scroll","background-type":"","background-media":"","overlay-type":"","overlay-color":"","overlay-opacity":"","overlay-gradient":""}},"ast-content-background-meta":{"desktop":{"background-color":"var(--ast-global-color-5)","background-image":"","background-repeat":"repeat","background-position":"center center","background-size":"auto","background-attachment":"scroll","background-type":"","background-media":"","overlay-type":"","overlay-color":"","overlay-opacity":"","overlay-gradient":""},"tablet":{"background-color":"var(--ast-global-color-5)","background-image":"","background-repeat":"repeat","background-position":"center center","background-size":"auto","background-attachment":"scroll","background-type":"","background-media":"","overlay-type":"","overlay-color":"","overlay-opacity":"","overlay-gradient":""},"mobile":{"background-color":"var(--ast-global-color-5)","background-image":"","background-repeat":"repeat","background-position":"center center","background-size":"auto","background-attachment":"scroll","background-type":"","background-media":"","overlay-type":"","overlay-color":"","overlay-opacity":"","overlay-gradient":""}},"footnotes":""},"class_list":["post-3080","page","type-page","status-publish","hentry"],"post_mailing_queue_ids":[],"_links":{"self":[{"href":"https:\/\/agora.xtec.cat\/iesdali\/wp-json\/wp\/v2\/pages\/3080","targetHints":{"allow":["GET"]}}],"collection":[{"href":"https:\/\/agora.xtec.cat\/iesdali\/wp-json\/wp\/v2\/pages"}],"about":[{"href":"https:\/\/agora.xtec.cat\/iesdali\/wp-json\/wp\/v2\/types\/page"}],"author":[{"embeddable":true,"href":"https:\/\/agora.xtec.cat\/iesdali\/wp-json\/wp\/v2\/users\/68"}],"replies":[{"embeddable":true,"href":"https:\/\/agora.xtec.cat\/iesdali\/wp-json\/wp\/v2\/comments?post=3080"}],"version-history":[{"count":2,"href":"https:\/\/agora.xtec.cat\/iesdali\/wp-json\/wp\/v2\/pages\/3080\/revisions"}],"predecessor-version":[{"id":3086,"href":"https:\/\/agora.xtec.cat\/iesdali\/wp-json\/wp\/v2\/pages\/3080\/revisions\/3086"}],"up":[{"embeddable":true,"href":"https:\/\/agora.xtec.cat\/iesdali\/wp-json\/wp\/v2\/pages\/2371"}],"wp:attachment":[{"href":"https:\/\/agora.xtec.cat\/iesdali\/wp-json\/wp\/v2\/media?parent=3080"}],"curies":[{"name":"wp","href":"https:\/\/api.w.org\/{rel}","templated":true}]}}