{"id":3047,"date":"2021-02-25T12:02:10","date_gmt":"2021-02-25T11:02:10","guid":{"rendered":"http:\/\/agora.xtec.cat\/iesdali\/?page_id=3047"},"modified":"2024-02-22T19:47:44","modified_gmt":"2024-02-22T18:47:44","slug":"colla-gegantera","status":"publish","type":"page","link":"https:\/\/agora.xtec.cat\/iesdali\/que-fem-projectes-de-centre\/colla-gegantera\/","title":{"rendered":"Colla Gegantera"},"content":{"rendered":"<p style=\"text-align: justify;\">La colla gegantera est\u00e0 formada per l&#8217;AFA, <strong>alumnes<\/strong> portadors dels gegants, fam\u00edlies i docents.<\/p>\n<p style=\"text-align: justify;\"><a href=\"https:\/\/agora.xtec.cat\/iesdali\/wp-content\/uploads\/usu384\/2024\/02\/IMG-20230506-WA0022.jpg\"><img loading=\"lazy\" decoding=\"async\" class=\" wp-image-5773 alignnone\" src=\"https:\/\/agora.xtec.cat\/iesdali\/wp-content\/uploads\/usu384\/2024\/02\/IMG-20230506-WA0022-300x225.jpg\" alt=\"\" width=\"471\" height=\"353\" srcset=\"https:\/\/agora.xtec.cat\/iesdali\/wp-content\/uploads\/usu384\/2024\/02\/IMG-20230506-WA0022-300x225.jpg 300w, https:\/\/agora.xtec.cat\/iesdali\/wp-content\/uploads\/usu384\/2024\/02\/IMG-20230506-WA0022-1024x768.jpg 1024w, https:\/\/agora.xtec.cat\/iesdali\/wp-content\/uploads\/usu384\/2024\/02\/IMG-20230506-WA0022-768x576.jpg 768w, https:\/\/agora.xtec.cat\/iesdali\/wp-content\/uploads\/usu384\/2024\/02\/IMG-20230506-WA0022-1536x1152.jpg 1536w, https:\/\/agora.xtec.cat\/iesdali\/wp-content\/uploads\/usu384\/2024\/02\/IMG-20230506-WA0022-200x150.jpg 200w, https:\/\/agora.xtec.cat\/iesdali\/wp-content\/uploads\/usu384\/2024\/02\/IMG-20230506-WA0022.jpg 2048w\" sizes=\"auto, (max-width: 471px) 100vw, 471px\" \/><\/a> <a href=\"https:\/\/agora.xtec.cat\/iesdali\/wp-content\/uploads\/usu384\/2024\/02\/IMG-20230506-WA0015.jpg\"><img loading=\"lazy\" decoding=\"async\" class=\" wp-image-5774 alignnone\" src=\"https:\/\/agora.xtec.cat\/iesdali\/wp-content\/uploads\/usu384\/2024\/02\/IMG-20230506-WA0015-225x300.jpg\" alt=\"\" width=\"267\" height=\"356\" srcset=\"https:\/\/agora.xtec.cat\/iesdali\/wp-content\/uploads\/usu384\/2024\/02\/IMG-20230506-WA0015-225x300.jpg 225w, https:\/\/agora.xtec.cat\/iesdali\/wp-content\/uploads\/usu384\/2024\/02\/IMG-20230506-WA0015-768x1024.jpg 768w, https:\/\/agora.xtec.cat\/iesdali\/wp-content\/uploads\/usu384\/2024\/02\/IMG-20230506-WA0015-1152x1536.jpg 1152w, https:\/\/agora.xtec.cat\/iesdali\/wp-content\/uploads\/usu384\/2024\/02\/IMG-20230506-WA0015.jpg 1500w\" sizes=\"auto, (max-width: 267px) 100vw, 267px\" \/><\/a><\/p>\n<p>&nbsp;<\/p>\n<p style=\"text-align: justify;\">Aquesta comissi\u00f3 es posa en marxa cada cop que hi ha sortides, siguin espor\u00e0diques o fixes, com ara:<\/p>\n<ul>\n<li style=\"text-align: justify;\">Festa Major<a href=\"https:\/\/agora.xtec.cat\/iesdali\/wp-content\/uploads\/usu384\/2024\/02\/IMG-20230506-WA0023.jpg\"><img loading=\"lazy\" decoding=\"async\" class=\"wp-image-5772 alignright\" src=\"https:\/\/agora.xtec.cat\/iesdali\/wp-content\/uploads\/usu384\/2024\/02\/IMG-20230506-WA0023-225x300.jpg\" alt=\"\" width=\"270\" height=\"360\" srcset=\"https:\/\/agora.xtec.cat\/iesdali\/wp-content\/uploads\/usu384\/2024\/02\/IMG-20230506-WA0023-225x300.jpg 225w, https:\/\/agora.xtec.cat\/iesdali\/wp-content\/uploads\/usu384\/2024\/02\/IMG-20230506-WA0023-768x1024.jpg 768w, https:\/\/agora.xtec.cat\/iesdali\/wp-content\/uploads\/usu384\/2024\/02\/IMG-20230506-WA0023-1152x1536.jpg 1152w, https:\/\/agora.xtec.cat\/iesdali\/wp-content\/uploads\/usu384\/2024\/02\/IMG-20230506-WA0023.jpg 1536w\" sizes=\"auto, (max-width: 270px) 100vw, 270px\" \/><\/a><\/li>\n<li style=\"text-align: justify;\">Fira Av\u00edcola<\/li>\n<li style=\"text-align: justify;\">Sant Jordi<\/li>\n<li style=\"text-align: justify;\">Pratifolk<\/li>\n<\/ul>\n<p>&nbsp;<\/p>\n<p style=\"text-align: justify;\">La participaci\u00f3 est\u00e0 oberta a tot l\u2019alumnat del centre i \u00e9s per aquest motiu que aquesta comissi\u00f3 passa per totes les classes de 1rESO per explicar el projecte i animar a participar-hi.<\/p>\n<p><a href=\"https:\/\/agora.xtec.cat\/iesdali\/wp-content\/uploads\/usu384\/2024\/02\/Captura-de-pantalla-2024-02-22-193916.jpg\"><img loading=\"lazy\" decoding=\"async\" class=\"aligncenter  wp-image-5780\" src=\"https:\/\/agora.xtec.cat\/iesdali\/wp-content\/uploads\/usu384\/2024\/02\/Captura-de-pantalla-2024-02-22-193916-300x228.jpg\" alt=\"\" width=\"447\" height=\"340\" srcset=\"https:\/\/agora.xtec.cat\/iesdali\/wp-content\/uploads\/usu384\/2024\/02\/Captura-de-pantalla-2024-02-22-193916-300x228.jpg 300w, https:\/\/agora.xtec.cat\/iesdali\/wp-content\/uploads\/usu384\/2024\/02\/Captura-de-pantalla-2024-02-22-193916-768x585.jpg 768w, https:\/\/agora.xtec.cat\/iesdali\/wp-content\/uploads\/usu384\/2024\/02\/Captura-de-pantalla-2024-02-22-193916.jpg 993w\" sizes=\"auto, (max-width: 447px) 100vw, 447px\" \/><\/a><\/p>\n<p style=\"text-align: justify;\">L\u2019any 2004, per commemorar el naixement del pintor Salvador Dal\u00ed, la professora de visual i pl\u00e0stica Lali Pineda, va dissenyar i construir, junt amb alumnes, el Sadal\u00ed, el primer gegant de l\u2019institut.<\/p>\n<p style=\"text-align: justify;\">Degut a la pressi\u00f3 popular, l\u2019any 2017 va n\u00e9ixer la <strong>Gal\u00b7la<\/strong>, i el <strong>Sadal\u00ed<\/strong> ja no va haver de caminar sol.<\/p>\n<p><a href=\"https:\/\/agora.xtec.cat\/iesdali\/wp-content\/uploads\/usu384\/2024\/02\/Captura-de-pantalla-2024-02-22-193756.jpg\"><img loading=\"lazy\" decoding=\"async\" class=\" wp-image-5779 alignnone\" src=\"https:\/\/agora.xtec.cat\/iesdali\/wp-content\/uploads\/usu384\/2024\/02\/Captura-de-pantalla-2024-02-22-193756-300x221.jpg\" alt=\"\" width=\"417\" height=\"307\" srcset=\"https:\/\/agora.xtec.cat\/iesdali\/wp-content\/uploads\/usu384\/2024\/02\/Captura-de-pantalla-2024-02-22-193756-300x221.jpg 300w, https:\/\/agora.xtec.cat\/iesdali\/wp-content\/uploads\/usu384\/2024\/02\/Captura-de-pantalla-2024-02-22-193756-768x565.jpg 768w, https:\/\/agora.xtec.cat\/iesdali\/wp-content\/uploads\/usu384\/2024\/02\/Captura-de-pantalla-2024-02-22-193756.jpg 995w\" sizes=\"auto, (max-width: 417px) 100vw, 417px\" \/> <\/a><a href=\"https:\/\/agora.xtec.cat\/iesdali\/wp-content\/uploads\/usu384\/2024\/02\/Captura-de-pantalla-2024-02-22-194546.jpg\"><img loading=\"lazy\" decoding=\"async\" class=\" wp-image-5783 alignnone\" src=\"https:\/\/agora.xtec.cat\/iesdali\/wp-content\/uploads\/usu384\/2024\/02\/Captura-de-pantalla-2024-02-22-194546-225x300.jpg\" alt=\"\" width=\"228\" height=\"304\" srcset=\"https:\/\/agora.xtec.cat\/iesdali\/wp-content\/uploads\/usu384\/2024\/02\/Captura-de-pantalla-2024-02-22-194546-225x300.jpg 225w, https:\/\/agora.xtec.cat\/iesdali\/wp-content\/uploads\/usu384\/2024\/02\/Captura-de-pantalla-2024-02-22-194546.jpg 571w\" sizes=\"auto, (max-width: 228px) 100vw, 228px\" \/><\/a><\/p>\n<p>&nbsp;<\/p>\n","protected":false},"excerpt":{"rendered":"<p>La colla gegantera est\u00e0 formada per l&#8217;AFA, alumnes portadors dels gegants, fam\u00edlies i docents. &nbsp; Aquesta comissi\u00f3 es posa en marxa cada cop que hi ha sortides, siguin espor\u00e0diques o fixes, com ara: Festa Major Fira Av\u00edcola Sant Jordi Pratifolk &nbsp; La participaci\u00f3 est\u00e0 oberta a tot l\u2019alumnat del centre i \u00e9s per aquest motiu [&hellip;]<\/p>\n","protected":false},"author":68,"featured_media":0,"parent":2371,"menu_order":0,"comment_status":"closed","ping_status":"closed","template":"page-templates\/side-menu.php","meta":{"_bbp_topic_count":0,"_bbp_reply_count":0,"_bbp_total_topic_count":0,"_bbp_total_reply_count":0,"_bbp_voice_count":0,"_bbp_anonymous_reply_count":0,"_bbp_topic_count_hidden":0,"_bbp_reply_count_hidden":0,"_bbp_forum_subforum_count":0,"site-sidebar-layout":"default","site-content-layout":"","ast-site-content-layout":"","site-content-style":"default","site-sidebar-style":"default","ast-global-header-display":"","ast-banner-title-visibility":"","ast-main-header-display":"","ast-hfb-above-header-display":"","ast-hfb-below-header-display":"","ast-hfb-mobile-header-display":"","site-post-title":"","ast-breadcrumbs-content":"","ast-featured-img":"","footer-sml-layout":"","theme-transparent-header-meta":"","adv-header-id-meta":"","stick-header-meta":"","header-above-stick-meta":"","header-main-stick-meta":"","header-below-stick-meta":"","astra-migrate-meta-layouts":"default","ast-page-background-enabled":"default","ast-page-background-meta":{"desktop":{"background-color":"var(--ast-global-color-4)","background-image":"","background-repeat":"repeat","background-position":"center center","background-size":"auto","background-attachment":"scroll","background-type":"","background-media":"","overlay-type":"","overlay-color":"","overlay-opacity":"","overlay-gradient":""},"tablet":{"background-color":"","background-image":"","background-repeat":"repeat","background-position":"center center","background-size":"auto","background-attachment":"scroll","background-type":"","background-media":"","overlay-type":"","overlay-color":"","overlay-opacity":"","overlay-gradient":""},"mobile":{"background-color":"","background-image":"","background-repeat":"repeat","background-position":"center center","background-size":"auto","background-attachment":"scroll","background-type":"","background-media":"","overlay-type":"","overlay-color":"","overlay-opacity":"","overlay-gradient":""}},"ast-content-background-meta":{"desktop":{"background-color":"var(--ast-global-color-5)","background-image":"","background-repeat":"repeat","background-position":"center center","background-size":"auto","background-attachment":"scroll","background-type":"","background-media":"","overlay-type":"","overlay-color":"","overlay-opacity":"","overlay-gradient":""},"tablet":{"background-color":"var(--ast-global-color-5)","background-image":"","background-repeat":"repeat","background-position":"center center","background-size":"auto","background-attachment":"scroll","background-type":"","background-media":"","overlay-type":"","overlay-color":"","overlay-opacity":"","overlay-gradient":""},"mobile":{"background-color":"var(--ast-global-color-5)","background-image":"","background-repeat":"repeat","background-position":"center center","background-size":"auto","background-attachment":"scroll","background-type":"","background-media":"","overlay-type":"","overlay-color":"","overlay-opacity":"","overlay-gradient":""}},"footnotes":""},"class_list":["post-3047","page","type-page","status-publish","hentry"],"post_mailing_queue_ids":[],"_links":{"self":[{"href":"https:\/\/agora.xtec.cat\/iesdali\/wp-json\/wp\/v2\/pages\/3047","targetHints":{"allow":["GET"]}}],"collection":[{"href":"https:\/\/agora.xtec.cat\/iesdali\/wp-json\/wp\/v2\/pages"}],"about":[{"href":"https:\/\/agora.xtec.cat\/iesdali\/wp-json\/wp\/v2\/types\/page"}],"author":[{"embeddable":true,"href":"https:\/\/agora.xtec.cat\/iesdali\/wp-json\/wp\/v2\/users\/68"}],"replies":[{"embeddable":true,"href":"https:\/\/agora.xtec.cat\/iesdali\/wp-json\/wp\/v2\/comments?post=3047"}],"version-history":[{"count":5,"href":"https:\/\/agora.xtec.cat\/iesdali\/wp-json\/wp\/v2\/pages\/3047\/revisions"}],"predecessor-version":[{"id":5785,"href":"https:\/\/agora.xtec.cat\/iesdali\/wp-json\/wp\/v2\/pages\/3047\/revisions\/5785"}],"up":[{"embeddable":true,"href":"https:\/\/agora.xtec.cat\/iesdali\/wp-json\/wp\/v2\/pages\/2371"}],"wp:attachment":[{"href":"https:\/\/agora.xtec.cat\/iesdali\/wp-json\/wp\/v2\/media?parent=3047"}],"curies":[{"name":"wp","href":"https:\/\/api.w.org\/{rel}","templated":true}]}}