{"id":2713,"date":"2020-05-27T16:00:28","date_gmt":"2020-05-27T14:00:28","guid":{"rendered":"http:\/\/agora.xtec.cat\/iesdali\/?page_id=2713"},"modified":"2022-02-22T13:05:36","modified_gmt":"2022-02-22T12:05:36","slug":"robotica","status":"publish","type":"page","link":"https:\/\/agora.xtec.cat\/iesdali\/que-fem-projectes-de-centre\/robotica\/","title":{"rendered":"Rob\u00f2tica"},"content":{"rendered":"<p><strong>Impulsem la rob\u00f2tica. Tecnologies creatives a l\u2019aula<\/strong><\/p>\n<p style=\"text-align: justify;\">Es tracta d\u2019un <strong>projecte d\u2019innovaci\u00f3 pedag\u00f2gica<\/strong> a la mat\u00e8ria de Tecnologia de 4t d\u2019ESO, el qual gira al voltant de l\u2019<strong>aplicaci\u00f3 d\u2019un aprenentatge basat en projectes (ABP) utilitzant la plataforma de hardware lliure Arduino. <\/strong>El nostre centre ha format part d\u2019aquest projecte en les tres darreres edicions.<\/p>\n<p style=\"text-align: justify;\">El programa est\u00e0 concebut per ser desenvolupat en dues fases. En la primera fase, anomenada amb tota l\u00f2gica, d\u2019experimentaci\u00f3, l\u2019alumnat seguint tamb\u00e9 un ABP, ja que les experi\u00e8ncies han girat contextualitzades a trav\u00e9s de petits projectes <strong>on l\u2019alumnat t\u00e9 l\u2019oportunitat d\u2019aprendre descobrint, assajant, explorant, modificant i, <\/strong>incl\u00fas,<strong> reinventant<\/strong>, tot plegat <strong>amb la finalitat d\u2019assolir un aprenentatge m\u00e9s profund i significatiu, alhora que permet una millor acomodaci\u00f3 a la particular diversitat de capacitats i interessos de l\u2019alumnat.<\/strong><\/p>\n<p style=\"text-align: justify;\"><strong>A la segona fase<\/strong> del programa, anomenada<strong>, d\u2019experimentaci\u00f3<\/strong>, l\u2019alumnat seguint tamb\u00e9 un ABP i aprofitant tot l\u2019apr\u00e9s a la fase d\u2019experimentaci\u00f3, <strong>t\u00e9 l\u2019oportunitat de posar en marxa la seva imaginaci\u00f3 i creativitat en la realitzaci\u00f3 d\u2019un projecte, que despr\u00e9s haur\u00e0 de difondre i exposar a la seva finalitzaci\u00f3. Els tipus de projectes abasten camps com <\/strong><strong><em>l\u2019efici\u00e8ncia energ\u00e8tica<\/em><\/strong>, <strong><em>esport<\/em><\/strong>, <strong><em>ajudes a persones amb discapacitat sensorial<\/em><\/strong>, <strong><em>impressi\u00f3 3D<\/em><\/strong>, <strong><em>seguretat vial<\/em><\/strong> i <strong><em>la dom\u00f2tica<\/em><\/strong><\/p>\n<p>&nbsp;<\/p>\n<p><a href=\"https:\/\/agora.xtec.cat\/iesdali\/wp-content\/uploads\/usu384\/2020\/05\/1-11.jpg\"><img loading=\"lazy\" decoding=\"async\" class=\"wp-image-2714 aligncenter\" src=\"https:\/\/agora.xtec.cat\/iesdali\/wp-content\/uploads\/usu384\/2020\/05\/1-11.jpg\" alt=\"\" width=\"511\" height=\"269\" srcset=\"https:\/\/agora.xtec.cat\/iesdali\/wp-content\/uploads\/usu384\/2020\/05\/1-11.jpg 1110w, https:\/\/agora.xtec.cat\/iesdali\/wp-content\/uploads\/usu384\/2020\/05\/1-11-300x158.jpg 300w, https:\/\/agora.xtec.cat\/iesdali\/wp-content\/uploads\/usu384\/2020\/05\/1-11-768x405.jpg 768w, https:\/\/agora.xtec.cat\/iesdali\/wp-content\/uploads\/usu384\/2020\/05\/1-11-1024x540.jpg 1024w\" sizes=\"auto, (max-width: 511px) 100vw, 511px\" \/><\/a><\/p>\n<p>David Cuartielles, cofundador d\u2019Arduino, jugant amb nosaltres a la Fira<\/p>\n<p>&nbsp;<\/p>\n<p><a href=\"https:\/\/agora.xtec.cat\/iesdali\/wp-content\/uploads\/usu384\/2020\/05\/2-11.jpg\"><img loading=\"lazy\" decoding=\"async\" class=\"wp-image-2715 aligncenter\" src=\"https:\/\/agora.xtec.cat\/iesdali\/wp-content\/uploads\/usu384\/2020\/05\/2-11.jpg\" alt=\"\" width=\"499\" height=\"264\" srcset=\"https:\/\/agora.xtec.cat\/iesdali\/wp-content\/uploads\/usu384\/2020\/05\/2-11.jpg 1134w, https:\/\/agora.xtec.cat\/iesdali\/wp-content\/uploads\/usu384\/2020\/05\/2-11-300x159.jpg 300w, https:\/\/agora.xtec.cat\/iesdali\/wp-content\/uploads\/usu384\/2020\/05\/2-11-768x406.jpg 768w, https:\/\/agora.xtec.cat\/iesdali\/wp-content\/uploads\/usu384\/2020\/05\/2-11-1024x542.jpg 1024w\" sizes=\"auto, (max-width: 499px) 100vw, 499px\" \/><\/a><\/p>\n<p>L\u2019alumnat va gaudir mostrant i explicant els seus projectes a la Fira.<\/p>\n<p>&nbsp;<\/p>\n<p><a href=\"https:\/\/agora.xtec.cat\/iesdali\/wp-content\/uploads\/usu384\/2020\/05\/3-8.jpg\"><img loading=\"lazy\" decoding=\"async\" class=\"wp-image-2716 aligncenter\" src=\"https:\/\/agora.xtec.cat\/iesdali\/wp-content\/uploads\/usu384\/2020\/05\/3-8.jpg\" alt=\"\" width=\"536\" height=\"400\" srcset=\"https:\/\/agora.xtec.cat\/iesdali\/wp-content\/uploads\/usu384\/2020\/05\/3-8.jpg 1091w, https:\/\/agora.xtec.cat\/iesdali\/wp-content\/uploads\/usu384\/2020\/05\/3-8-300x224.jpg 300w, https:\/\/agora.xtec.cat\/iesdali\/wp-content\/uploads\/usu384\/2020\/05\/3-8-768x574.jpg 768w, https:\/\/agora.xtec.cat\/iesdali\/wp-content\/uploads\/usu384\/2020\/05\/3-8-1024x766.jpg 1024w, https:\/\/agora.xtec.cat\/iesdali\/wp-content\/uploads\/usu384\/2020\/05\/3-8-200x150.jpg 200w\" sizes=\"auto, (max-width: 536px) 100vw, 536px\" \/><\/a><\/p>\n<p>Els alumnes preparant les maquetes dels seus projectes<\/p>\n","protected":false},"excerpt":{"rendered":"<p>Impulsem la rob\u00f2tica. Tecnologies creatives a l\u2019aula Es tracta d\u2019un projecte d\u2019innovaci\u00f3 pedag\u00f2gica a la mat\u00e8ria de Tecnologia de 4t d\u2019ESO, el qual gira al voltant de l\u2019aplicaci\u00f3 d\u2019un aprenentatge basat en projectes (ABP) utilitzant la plataforma de hardware lliure Arduino. El nostre centre ha format part d\u2019aquest projecte en les tres darreres edicions. El [&hellip;]<\/p>\n","protected":false},"author":68,"featured_media":0,"parent":2371,"menu_order":0,"comment_status":"closed","ping_status":"closed","template":"page-templates\/side-menu.php","meta":{"_bbp_topic_count":0,"_bbp_reply_count":0,"_bbp_total_topic_count":0,"_bbp_total_reply_count":0,"_bbp_voice_count":0,"_bbp_anonymous_reply_count":0,"_bbp_topic_count_hidden":0,"_bbp_reply_count_hidden":0,"_bbp_forum_subforum_count":0,"site-sidebar-layout":"default","site-content-layout":"","ast-site-content-layout":"","site-content-style":"default","site-sidebar-style":"default","ast-global-header-display":"","ast-banner-title-visibility":"","ast-main-header-display":"","ast-hfb-above-header-display":"","ast-hfb-below-header-display":"","ast-hfb-mobile-header-display":"","site-post-title":"","ast-breadcrumbs-content":"","ast-featured-img":"","footer-sml-layout":"","theme-transparent-header-meta":"","adv-header-id-meta":"","stick-header-meta":"","header-above-stick-meta":"","header-main-stick-meta":"","header-below-stick-meta":"","astra-migrate-meta-layouts":"default","ast-page-background-enabled":"default","ast-page-background-meta":{"desktop":{"background-color":"var(--ast-global-color-4)","background-image":"","background-repeat":"repeat","background-position":"center center","background-size":"auto","background-attachment":"scroll","background-type":"","background-media":"","overlay-type":"","overlay-color":"","overlay-opacity":"","overlay-gradient":""},"tablet":{"background-color":"","background-image":"","background-repeat":"repeat","background-position":"center center","background-size":"auto","background-attachment":"scroll","background-type":"","background-media":"","overlay-type":"","overlay-color":"","overlay-opacity":"","overlay-gradient":""},"mobile":{"background-color":"","background-image":"","background-repeat":"repeat","background-position":"center center","background-size":"auto","background-attachment":"scroll","background-type":"","background-media":"","overlay-type":"","overlay-color":"","overlay-opacity":"","overlay-gradient":""}},"ast-content-background-meta":{"desktop":{"background-color":"var(--ast-global-color-5)","background-image":"","background-repeat":"repeat","background-position":"center center","background-size":"auto","background-attachment":"scroll","background-type":"","background-media":"","overlay-type":"","overlay-color":"","overlay-opacity":"","overlay-gradient":""},"tablet":{"background-color":"var(--ast-global-color-5)","background-image":"","background-repeat":"repeat","background-position":"center center","background-size":"auto","background-attachment":"scroll","background-type":"","background-media":"","overlay-type":"","overlay-color":"","overlay-opacity":"","overlay-gradient":""},"mobile":{"background-color":"var(--ast-global-color-5)","background-image":"","background-repeat":"repeat","background-position":"center center","background-size":"auto","background-attachment":"scroll","background-type":"","background-media":"","overlay-type":"","overlay-color":"","overlay-opacity":"","overlay-gradient":""}},"footnotes":""},"class_list":["post-2713","page","type-page","status-publish","hentry"],"post_mailing_queue_ids":[],"_links":{"self":[{"href":"https:\/\/agora.xtec.cat\/iesdali\/wp-json\/wp\/v2\/pages\/2713","targetHints":{"allow":["GET"]}}],"collection":[{"href":"https:\/\/agora.xtec.cat\/iesdali\/wp-json\/wp\/v2\/pages"}],"about":[{"href":"https:\/\/agora.xtec.cat\/iesdali\/wp-json\/wp\/v2\/types\/page"}],"author":[{"embeddable":true,"href":"https:\/\/agora.xtec.cat\/iesdali\/wp-json\/wp\/v2\/users\/68"}],"replies":[{"embeddable":true,"href":"https:\/\/agora.xtec.cat\/iesdali\/wp-json\/wp\/v2\/comments?post=2713"}],"version-history":[{"count":1,"href":"https:\/\/agora.xtec.cat\/iesdali\/wp-json\/wp\/v2\/pages\/2713\/revisions"}],"predecessor-version":[{"id":2717,"href":"https:\/\/agora.xtec.cat\/iesdali\/wp-json\/wp\/v2\/pages\/2713\/revisions\/2717"}],"up":[{"embeddable":true,"href":"https:\/\/agora.xtec.cat\/iesdali\/wp-json\/wp\/v2\/pages\/2371"}],"wp:attachment":[{"href":"https:\/\/agora.xtec.cat\/iesdali\/wp-json\/wp\/v2\/media?parent=2713"}],"curies":[{"name":"wp","href":"https:\/\/api.w.org\/{rel}","templated":true}]}}