{"id":2682,"date":"2020-05-27T11:00:16","date_gmt":"2020-05-27T09:00:16","guid":{"rendered":"http:\/\/agora.xtec.cat\/iesdali\/?page_id=2682"},"modified":"2023-02-05T09:35:20","modified_gmt":"2023-02-05T08:35:20","slug":"treball-per-projectes","status":"publish","type":"page","link":"https:\/\/agora.xtec.cat\/iesdali\/que-fem-projectes-de-centre\/treball-per-projectes\/","title":{"rendered":"Treball per projectes"},"content":{"rendered":"<p><strong>TREBALL PER PROJECTES<\/strong><\/p>\n<p style=\"text-align: justify;\">A l\u2019institut portem a terme l\u2019aprenentatge basat en projectes a 1r i 2n d\u2019ESO. Aquesta metodologia consisteix a plantejar un repte, un enc\u00e0rrec o pregunta inicial, que cal respondre a trav\u00e9s d\u2019una investigaci\u00f3 guiada i treballant en grup de forma cooperativa.<\/p>\n<ul>\n<li><strong>Quantes hores es treballa per projectes a 1rESO i a 2nESO?<\/strong><\/li>\n<\/ul>\n<p>Els projectes s\u00f3n d\u2019un o m\u00e9s \u00e0mbits i tenen una dedicaci\u00f3\u00a0 <span style=\"font-family: inherit; font-size: 1em;\">de 22\/24 hores per projecte, organitzades en tres sessions <\/span>de dues hores per setmana.<\/p>\n<ul>\n<li><strong>Com s\u2019agrupa l\u2019alumnat?<\/strong><\/li>\n<\/ul>\n<p>L\u2019alumnat treballa en petits grups cooperatius de 4 alumnes, que es mantenen al llarg del quadrimestre. Cada alumne\/a t\u00e9 un rol amb unes funcions espec\u00edfiques que canvia cada projecte.<\/p>\n<p><a href=\"https:\/\/agora.xtec.cat\/iesdali\/wp-content\/uploads\/usu384\/2020\/05\/1-5.jpg\"><img loading=\"lazy\" decoding=\"async\" class=\"wp-image-2683 aligncenter\" src=\"https:\/\/agora.xtec.cat\/iesdali\/wp-content\/uploads\/usu384\/2020\/05\/1-5.jpg\" alt=\"\" width=\"286\" height=\"286\" srcset=\"https:\/\/agora.xtec.cat\/iesdali\/wp-content\/uploads\/usu384\/2020\/05\/1-5.jpg 1920w, https:\/\/agora.xtec.cat\/iesdali\/wp-content\/uploads\/usu384\/2020\/05\/1-5-150x150.jpg 150w, https:\/\/agora.xtec.cat\/iesdali\/wp-content\/uploads\/usu384\/2020\/05\/1-5-300x300.jpg 300w, https:\/\/agora.xtec.cat\/iesdali\/wp-content\/uploads\/usu384\/2020\/05\/1-5-768x768.jpg 768w, https:\/\/agora.xtec.cat\/iesdali\/wp-content\/uploads\/usu384\/2020\/05\/1-5-1024x1024.jpg 1024w\" sizes=\"auto, (max-width: 286px) 100vw, 286px\" \/><\/a><\/p>\n<ul>\n<li><strong>Com es treballa?<\/strong><\/li>\n<\/ul>\n<p style=\"text-align: justify;\">Amb dos docents a l\u2019aula les sessions s\u2019organitzen segons les necessitats, grup sencer o desdoblat, i ocupant diferents espais del centre: laboratori, aula de visual i pl\u00e0stica, cuina, biblioteca, pati interior, aula d\u2019inform\u00e0tica\u2026 Tamb\u00e9 comptem amb una tauleta per cada grup a 1r d\u2019ESO i un ordinador per grup a 2n d\u2019ESO, a m\u00e9s del carro de port\u00e0tils que tenim al centre.<\/p>\n<p><a href=\"https:\/\/agora.xtec.cat\/iesdali\/wp-content\/uploads\/usu384\/2020\/05\/1-6.jpg\"><img loading=\"lazy\" decoding=\"async\" class=\"wp-image-2684 aligncenter\" src=\"https:\/\/agora.xtec.cat\/iesdali\/wp-content\/uploads\/usu384\/2020\/05\/1-6.jpg\" alt=\"\" width=\"269\" height=\"202\" srcset=\"https:\/\/agora.xtec.cat\/iesdali\/wp-content\/uploads\/usu384\/2020\/05\/1-6.jpg 2000w, https:\/\/agora.xtec.cat\/iesdali\/wp-content\/uploads\/usu384\/2020\/05\/1-6-300x225.jpg 300w, https:\/\/agora.xtec.cat\/iesdali\/wp-content\/uploads\/usu384\/2020\/05\/1-6-768x576.jpg 768w, https:\/\/agora.xtec.cat\/iesdali\/wp-content\/uploads\/usu384\/2020\/05\/1-6-1024x768.jpg 1024w, https:\/\/agora.xtec.cat\/iesdali\/wp-content\/uploads\/usu384\/2020\/05\/1-6-200x150.jpg 200w\" sizes=\"auto, (max-width: 269px) 100vw, 269px\" \/><\/a><\/p>\n<ul>\n<li><strong>Com s\u2019avalua?<\/strong><\/li>\n<\/ul>\n<p style=\"text-align: justify;\">Hi ha una avaluaci\u00f3 formativa i formadora al llarg del projecte, que ajuda a l\u2019alumnat en el seu proc\u00e9s d\u2019aprenentatge. \u00a0En activitats determinades i\/o al final del projecte tamb\u00e9 es fa autoavaluaci\u00f3 i\/o coavaluaci\u00f3 amb diversitat d\u2019instruments (r\u00fabrica, diana, <em>checklist<\/em>&#8230;). Al final del projecte, mitjan\u00e7ant una r\u00fabrica, es fa una avaluaci\u00f3 amb retorn a l\u2019alumnat i a les fam\u00edlies. La qualificaci\u00f3 del projecte t\u00e9 un pes a les mat\u00e8ries implicades.<\/p>\n<p><a href=\"https:\/\/agora.xtec.cat\/iesdali\/wp-content\/uploads\/usu384\/2020\/05\/2-6.jpg\"><img loading=\"lazy\" decoding=\"async\" class=\"wp-image-2685 aligncenter\" src=\"https:\/\/agora.xtec.cat\/iesdali\/wp-content\/uploads\/usu384\/2020\/05\/2-6.jpg\" alt=\"\" width=\"314\" height=\"418\" srcset=\"https:\/\/agora.xtec.cat\/iesdali\/wp-content\/uploads\/usu384\/2020\/05\/2-6.jpg 1875w, https:\/\/agora.xtec.cat\/iesdali\/wp-content\/uploads\/usu384\/2020\/05\/2-6-225x300.jpg 225w, https:\/\/agora.xtec.cat\/iesdali\/wp-content\/uploads\/usu384\/2020\/05\/2-6-768x1024.jpg 768w\" sizes=\"auto, (max-width: 314px) 100vw, 314px\" \/><\/a><\/p>\n<ul>\n<li><strong>Activitats complement\u00e0ries<\/strong><\/li>\n<\/ul>\n<p style=\"text-align: justify;\">Sovint necessitem sortir de l\u2019institut o rebre la visita d\u2019experts per poder portar a terme la nostra tasca o investigaci\u00f3, entre les quans destaquen la visita a la r\u00e0dio, l\u2019excursi\u00f3 al riu, el taller d\u2019embolcalls sostenibles, el lliurament d\u2019hotels d\u2019insectes a centres de prim\u00e0ria, la sessi\u00f3 de teatre amb una actriu professional, el walking tour amb l\u2019auxiliar de conversa\u2026<\/p>\n<p><a href=\"https:\/\/agora.xtec.cat\/iesdali\/wp-content\/uploads\/usu384\/2020\/05\/3-4.jpg\"><img loading=\"lazy\" decoding=\"async\" class=\"alignnone wp-image-2686\" src=\"https:\/\/agora.xtec.cat\/iesdali\/wp-content\/uploads\/usu384\/2020\/05\/3-4.jpg\" alt=\"\" width=\"325\" height=\"182\" srcset=\"https:\/\/agora.xtec.cat\/iesdali\/wp-content\/uploads\/usu384\/2020\/05\/3-4.jpg 2500w, https:\/\/agora.xtec.cat\/iesdali\/wp-content\/uploads\/usu384\/2020\/05\/3-4-300x169.jpg 300w, https:\/\/agora.xtec.cat\/iesdali\/wp-content\/uploads\/usu384\/2020\/05\/3-4-768x432.jpg 768w, https:\/\/agora.xtec.cat\/iesdali\/wp-content\/uploads\/usu384\/2020\/05\/3-4-1024x576.jpg 1024w\" sizes=\"auto, (max-width: 325px) 100vw, 325px\" \/><\/a> <a href=\"https:\/\/agora.xtec.cat\/iesdali\/wp-content\/uploads\/usu384\/2020\/05\/4-1.jpg\"><img loading=\"lazy\" decoding=\"async\" class=\"alignnone wp-image-2687\" src=\"https:\/\/agora.xtec.cat\/iesdali\/wp-content\/uploads\/usu384\/2020\/05\/4-1.jpg\" alt=\"\" width=\"399\" height=\"179\" srcset=\"https:\/\/agora.xtec.cat\/iesdali\/wp-content\/uploads\/usu384\/2020\/05\/4-1.jpg 1600w, https:\/\/agora.xtec.cat\/iesdali\/wp-content\/uploads\/usu384\/2020\/05\/4-1-300x135.jpg 300w, https:\/\/agora.xtec.cat\/iesdali\/wp-content\/uploads\/usu384\/2020\/05\/4-1-768x346.jpg 768w, https:\/\/agora.xtec.cat\/iesdali\/wp-content\/uploads\/usu384\/2020\/05\/4-1-1024x461.jpg 1024w\" sizes=\"auto, (max-width: 399px) 100vw, 399px\" \/><\/a><\/p>\n<ul>\n<li><strong>Mostra de pr<\/strong><strong>ojectes<\/strong><\/li>\n<\/ul>\n<p>Un cop l\u2019any convidem tota la comunitat educativa per ensenyar i compartir el que fem a l\u2019institut. \u00c9s un moment emocionant i una gran tarda.<\/p>\n<p><a href=\"https:\/\/agora.xtec.cat\/iesdali\/wp-content\/uploads\/usu384\/2020\/05\/1-7.jpg\"><img loading=\"lazy\" decoding=\"async\" class=\"alignnone wp-image-2688\" src=\"https:\/\/agora.xtec.cat\/iesdali\/wp-content\/uploads\/usu384\/2020\/05\/1-7.jpg\" alt=\"\" width=\"417\" height=\"203\" srcset=\"https:\/\/agora.xtec.cat\/iesdali\/wp-content\/uploads\/usu384\/2020\/05\/1-7.jpg 678w, https:\/\/agora.xtec.cat\/iesdali\/wp-content\/uploads\/usu384\/2020\/05\/1-7-300x146.jpg 300w\" sizes=\"auto, (max-width: 417px) 100vw, 417px\" \/>. \u00a0<\/a><a href=\"https:\/\/agora.xtec.cat\/iesdali\/wp-content\/uploads\/usu384\/2020\/05\/2-7.jpg\"><img loading=\"lazy\" decoding=\"async\" class=\"alignnone wp-image-2689\" src=\"https:\/\/agora.xtec.cat\/iesdali\/wp-content\/uploads\/usu384\/2020\/05\/2-7.jpg\" alt=\"\" width=\"424\" height=\"206\" srcset=\"https:\/\/agora.xtec.cat\/iesdali\/wp-content\/uploads\/usu384\/2020\/05\/2-7.jpg 2500w, https:\/\/agora.xtec.cat\/iesdali\/wp-content\/uploads\/usu384\/2020\/05\/2-7-300x146.jpg 300w, https:\/\/agora.xtec.cat\/iesdali\/wp-content\/uploads\/usu384\/2020\/05\/2-7-768x373.jpg 768w, https:\/\/agora.xtec.cat\/iesdali\/wp-content\/uploads\/usu384\/2020\/05\/2-7-1024x498.jpg 1024w\" sizes=\"auto, (max-width: 424px) 100vw, 424px\" \/><\/a><\/p>\n<p><a href=\"https:\/\/agora.xtec.cat\/iesdali\/wp-content\/uploads\/usu384\/2020\/05\/3-5.jpg\"><img loading=\"lazy\" decoding=\"async\" class=\"alignnone wp-image-2690\" src=\"https:\/\/agora.xtec.cat\/iesdali\/wp-content\/uploads\/usu384\/2020\/05\/3-5.jpg\" alt=\"\" width=\"202\" height=\"269\" srcset=\"https:\/\/agora.xtec.cat\/iesdali\/wp-content\/uploads\/usu384\/2020\/05\/3-5.jpg 1062w, https:\/\/agora.xtec.cat\/iesdali\/wp-content\/uploads\/usu384\/2020\/05\/3-5-225x300.jpg 225w, https:\/\/agora.xtec.cat\/iesdali\/wp-content\/uploads\/usu384\/2020\/05\/3-5-768x1024.jpg 768w\" sizes=\"auto, (max-width: 202px) 100vw, 202px\" \/><\/a>. \u00a0\u00a0 \u00a0\u00a0 <a href=\"https:\/\/agora.xtec.cat\/iesdali\/wp-content\/uploads\/usu384\/2020\/05\/4-2.jpg\"><img loading=\"lazy\" decoding=\"async\" class=\"alignnone wp-image-2691\" src=\"https:\/\/agora.xtec.cat\/iesdali\/wp-content\/uploads\/usu384\/2020\/05\/4-2.jpg\" alt=\"\" width=\"359\" height=\"269\" srcset=\"https:\/\/agora.xtec.cat\/iesdali\/wp-content\/uploads\/usu384\/2020\/05\/4-2.jpg 703w, https:\/\/agora.xtec.cat\/iesdali\/wp-content\/uploads\/usu384\/2020\/05\/4-2-300x225.jpg 300w, https:\/\/agora.xtec.cat\/iesdali\/wp-content\/uploads\/usu384\/2020\/05\/4-2-200x150.jpg 200w\" sizes=\"auto, (max-width: 359px) 100vw, 359px\" \/><\/a><\/p>\n<p><a href=\"https:\/\/agora.xtec.cat\/iesdali\/wp-content\/uploads\/usu384\/2020\/05\/1-8.jpg\"><img loading=\"lazy\" decoding=\"async\" class=\"alignnone wp-image-2692\" src=\"https:\/\/agora.xtec.cat\/iesdali\/wp-content\/uploads\/usu384\/2020\/05\/1-8.jpg\" alt=\"\" width=\"429\" height=\"322\" srcset=\"https:\/\/agora.xtec.cat\/iesdali\/wp-content\/uploads\/usu384\/2020\/05\/1-8.jpg 451w, https:\/\/agora.xtec.cat\/iesdali\/wp-content\/uploads\/usu384\/2020\/05\/1-8-300x225.jpg 300w, https:\/\/agora.xtec.cat\/iesdali\/wp-content\/uploads\/usu384\/2020\/05\/1-8-200x150.jpg 200w\" sizes=\"auto, (max-width: 429px) 100vw, 429px\" \/><\/a>. \u00a0\u00a0<a href=\"https:\/\/agora.xtec.cat\/iesdali\/wp-content\/uploads\/usu384\/2020\/05\/2-8.jpg\"><img loading=\"lazy\" decoding=\"async\" class=\"alignnone wp-image-2693\" src=\"https:\/\/agora.xtec.cat\/iesdali\/wp-content\/uploads\/usu384\/2020\/05\/2-8.jpg\" alt=\"\" width=\"240\" height=\"320\" srcset=\"https:\/\/agora.xtec.cat\/iesdali\/wp-content\/uploads\/usu384\/2020\/05\/2-8.jpg 289w, https:\/\/agora.xtec.cat\/iesdali\/wp-content\/uploads\/usu384\/2020\/05\/2-8-225x300.jpg 225w\" sizes=\"auto, (max-width: 240px) 100vw, 240px\" \/><\/a><\/p>\n<p>&nbsp;<\/p>\n<p><a href=\"https:\/\/agora.xtec.cat\/iesdali\/wp-content\/uploads\/usu384\/2020\/05\/3-6-e1590569384485.jpg\"><img loading=\"lazy\" decoding=\"async\" class=\"alignnone wp-image-2694\" src=\"https:\/\/agora.xtec.cat\/iesdali\/wp-content\/uploads\/usu384\/2020\/05\/3-6-e1590569384485.jpg\" alt=\"\" width=\"313\" height=\"417\" srcset=\"https:\/\/agora.xtec.cat\/iesdali\/wp-content\/uploads\/usu384\/2020\/05\/3-6-e1590569384485.jpg 375w, https:\/\/agora.xtec.cat\/iesdali\/wp-content\/uploads\/usu384\/2020\/05\/3-6-e1590569384485-225x300.jpg 225w\" sizes=\"auto, (max-width: 313px) 100vw, 313px\" \/>. \u00a0 \u00a0 \u00a0<\/a><a href=\"https:\/\/agora.xtec.cat\/iesdali\/wp-content\/uploads\/usu384\/2020\/05\/4-3-e1590569400115.jpg\"><img loading=\"lazy\" decoding=\"async\" class=\"alignnone wp-image-2695\" src=\"https:\/\/agora.xtec.cat\/iesdali\/wp-content\/uploads\/usu384\/2020\/05\/4-3-e1590569400115.jpg\" alt=\"\" width=\"313\" height=\"417\" srcset=\"https:\/\/agora.xtec.cat\/iesdali\/wp-content\/uploads\/usu384\/2020\/05\/4-3-e1590569400115.jpg 382w, https:\/\/agora.xtec.cat\/iesdali\/wp-content\/uploads\/usu384\/2020\/05\/4-3-e1590569400115-225x300.jpg 225w\" sizes=\"auto, (max-width: 313px) 100vw, 313px\" \/><\/a><\/p>\n<p>&nbsp;<\/p>\n<ul>\n<li><strong>Projectes que es duen a terme el curs 2022-2023<\/strong><\/li>\n<\/ul>\n<table style=\"width: 78.4225%; height: 363px;\">\n<tbody>\n<tr style=\"height: 33px;\">\n<td style=\"width: 49.5066%; height: 33px;\" colspan=\"2\" width=\"301\"><strong>1rESO <\/strong><\/td>\n<td style=\"width: 77.796%; height: 33px;\" colspan=\"2\" width=\"298\"><strong>2nESO<\/strong><\/td>\n<\/tr>\n<tr style=\"height: 33px;\">\n<td style=\"width: 23.3553%; height: 33px;\" width=\"142\"><strong>T\u00cdTOL<\/strong><\/td>\n<td style=\"width: 26.1513%; height: 33px;\" width=\"159\"><strong>\u00c0MBITS<\/strong><\/td>\n<td style=\"width: 24.2703%; height: 33px;\" width=\"139\"><strong>T\u00cdTOL<\/strong><\/td>\n<td style=\"width: 53.5257%; height: 33px;\" width=\"159\"><strong>\u00c0MBITS<\/strong><\/td>\n<\/tr>\n<tr style=\"height: 33px;\">\n<td style=\"width: 23.3553%; height: 33px;\" width=\"142\"><em>Enigmats<\/em><\/td>\n<td style=\"width: 26.1513%; height: 33px;\" width=\"159\">Matem\u00e0tic i ling\u00fc\u00edstic<\/td>\n<td style=\"width: 24.2703%; height: 33px;\" width=\"139\">Valores, \u00a1a escena!<\/td>\n<td style=\"width: 53.5257%; height: 33px;\" width=\"159\">Valors i ling\u00fc\u00edstic<\/td>\n<\/tr>\n<tr style=\"height: 33px;\">\n<td style=\"width: 23.3553%; height: 33px;\" width=\"142\">Refa\u00e7ana&#8217;t<\/td>\n<td style=\"width: 26.1513%; height: 33px;\" width=\"159\">Cient\u00edficotecnol\u00f2gic i art\u00edstic<\/td>\n<td style=\"width: 24.2703%; height: 33px;\" width=\"139\">Passion for chocolate<\/td>\n<td style=\"width: 53.5257%; height: 33px;\" width=\"159\">Cientificotecnol\u00f2gic i angl\u00e8s<\/td>\n<\/tr>\n<tr style=\"height: 33px;\">\n<td style=\"width: 23.3553%; height: 33px;\" width=\"142\">Arrela&#8217;t al Dal\u00ed<\/td>\n<td style=\"width: 26.1513%; height: 33px;\" width=\"159\">Cient\u00edficotecnol\u00f2gic<\/td>\n<td style=\"width: 24.2703%; height: 33px;\" width=\"139\">Catapulta&#8217;t<\/td>\n<td style=\"width: 53.5257%; height: 33px;\" width=\"159\">Social i cientificotecnol\u00f2gic<\/td>\n<\/tr>\n<tr style=\"height: 33px;\">\n<td style=\"width: 23.3553%; height: 33px;\" width=\"142\">SoliDALIty<\/td>\n<td style=\"width: 26.1513%; height: 33px;\" width=\"159\">Valors i angl\u00e8s<\/td>\n<td style=\"width: 24.2703%; height: 33px;\" width=\"139\">Joc de trons<\/td>\n<td style=\"width: 53.5257%; height: 33px;\" width=\"159\">Social i ling\u00fc\u00edstic<\/td>\n<\/tr>\n<tr style=\"height: 48px;\">\n<td style=\"width: 23.3553%; height: 48px;\" width=\"142\"><em>La RoboTicBand del Dal\u00ed<\/em><\/td>\n<td style=\"width: 26.1513%; height: 48px;\" width=\"159\">Cient\u00edficotecnol\u00f2gic i art\u00edstic<\/td>\n<td style=\"width: 24.2703%; height: 48px;\" width=\"139\">Existeix l&#8217;env\u00e0s perfecte?<\/td>\n<td style=\"width: 53.5257%; height: 48px;\" width=\"159\">Cientificotecnol\u00f2gic i matem\u00e0tic<\/td>\n<\/tr>\n<tr style=\"height: 48px;\">\n<td style=\"width: 23.3553%; height: 48px;\" width=\"142\"><em>Las 40 principales de la historia<\/em><\/td>\n<td style=\"width: 26.1513%; height: 48px;\" width=\"159\">Social i ling\u00fc\u00edstic<\/td>\n<td style=\"width: 24.2703%; height: 48px;\" width=\"139\"><a href=\"https:\/\/docs.google.com\/presentation\/d\/1pyeOYtWCQdzc8rvb0GCk2c1gJEePDkQW1bwMQ5qUbEY\/edit#slide=id.g118f4095ad4_0_48\">Projecte optatiu<\/a><\/td>\n<td style=\"width: 53.5257%; height: 48px;\" width=\"159\">Tots els \u00e0mbits<\/td>\n<\/tr>\n<\/tbody>\n<\/table>\n<ul>\n<li><strong>Projectes que s\u2019han dut a terme el curs 2019-2020<\/strong><\/li>\n<\/ul>\n<table style=\"width: 79.2815%; height: 474px;\" width=\"0\">\n<tbody>\n<tr>\n<td colspan=\"2\" width=\"301\"><strong>1rESO <\/strong><\/td>\n<td colspan=\"2\" width=\"298\"><strong>2nESO<\/strong><\/td>\n<\/tr>\n<tr>\n<td width=\"142\"><strong>T\u00cdTOL<\/strong><\/td>\n<td width=\"159\"><strong>\u00c0MBITS<\/strong><\/td>\n<td width=\"139\"><strong>T\u00cdTOL<\/strong><\/td>\n<td width=\"159\"><strong>\u00c0MBITS<\/strong><\/td>\n<\/tr>\n<tr>\n<td width=\"142\"><em>C\u00f2mic matem\u00e0tic<\/em><\/td>\n<td width=\"159\">Matem\u00e0tic i ling\u00fc\u00edstic<\/td>\n<td width=\"139\"><em>Welcome to el Prat!<\/em><\/td>\n<td width=\"159\">Ling\u00fc\u00edstic<\/td>\n<\/tr>\n<tr>\n<td width=\"142\"><em>Retrats<\/em><\/td>\n<td width=\"159\">Cultura i valors \u00e8tics i \u00e0mbit art\u00edstic<\/td>\n<td width=\"139\"><em>Un plaer amb molta qu\u00edmica<\/em><\/td>\n<td width=\"159\">Cientificotecnol\u00f2gic<\/td>\n<\/tr>\n<tr>\n<td width=\"142\"><em>Hotel d\u2019insectes<\/em><\/td>\n<td width=\"159\">Cientificotecnol\u00f2gic<\/td>\n<td width=\"139\"><em>Existeix l\u2019env\u00e0s perfecte?<\/em><\/td>\n<td width=\"159\">Cientificotecnol\u00f2gic i matem\u00e0tic<\/td>\n<\/tr>\n<tr>\n<td width=\"142\"><em>Museu de la prehist\u00f2ria<\/em><\/td>\n<td width=\"159\">Social i ling\u00fc\u00edstic<\/td>\n<td width=\"139\"><em>Casa meva \u00e9s casa nostra?<\/em><\/td>\n<td width=\"159\">Social i ling\u00fc\u00edstic<\/td>\n<\/tr>\n<tr>\n<td width=\"142\"><em>Teatre matem\u00e0tic<\/em><\/td>\n<td width=\"159\">Matem\u00e0tic i ling\u00fc\u00edstic<\/td>\n<td width=\"139\"><em>On the air<\/em><\/td>\n<td width=\"159\">Ling\u00fc\u00edstic<\/td>\n<\/tr>\n<tr>\n<td width=\"142\"><em>Drets dels infants<\/em><\/td>\n<td width=\"159\">Cultura i valors \u00e8tics i \u00e0mbit art\u00edstic<\/td>\n<td width=\"139\"><em>El somni de volar<\/em><\/td>\n<td width=\"159\">Cientificotecnol\u00f2gic<\/td>\n<\/tr>\n<tr>\n<td width=\"142\"><em>Som sostenibles?<\/em><\/td>\n<td width=\"159\">Cientificotecnol\u00f2gic<\/td>\n<td width=\"139\"><em>Catapulta\u2019t<\/em><\/td>\n<td width=\"159\">Cientificotecnol\u00f2gic i matem\u00e0tic<\/td>\n<\/tr>\n<tr>\n<td width=\"142\"><em>Las 40 principales de la historia<\/em><\/td>\n<td width=\"159\">Social i ling\u00fc\u00edstic<\/td>\n<td width=\"139\"><em>Escriptori medieval<\/em><\/td>\n<td width=\"159\">Social i ling\u00fc\u00edstic<\/td>\n<\/tr>\n<\/tbody>\n<\/table>\n<ul>\n<li><strong>Projectes que s\u2019han dut a terme el curs 2021-2022<\/strong><\/li>\n<\/ul>\n<table style=\"width: 79.1767%; height: 388px;\" width=\"587\">\n<tbody>\n<tr style=\"height: 10px;\">\n<td style=\"height: 10px;\" colspan=\"2\" width=\"295\"><strong>1rESO<\/strong><\/td>\n<td style=\"height: 10px;\" colspan=\"2\" width=\"292\"><strong>2nESO<\/strong><\/td>\n<\/tr>\n<tr style=\"height: 14px;\">\n<td style=\"height: 14px;\" width=\"138\"><strong>T\u00cdTOL<\/strong><\/td>\n<td style=\"height: 14px;\" width=\"157\"><strong>\u00c0MBITS<\/strong><\/td>\n<td style=\"height: 14px;\" width=\"135\"><strong>T\u00cdTOL<\/strong><\/td>\n<td style=\"height: 14px;\" width=\"157\"><strong>\u00c0MBITS<\/strong><\/td>\n<\/tr>\n<tr style=\"height: 25px;\">\n<td style=\"height: 25px;\" width=\"138\"><em>Comencem al Dal\u00ed (*)<\/em><\/td>\n<td style=\"height: 25px;\" width=\"157\">\u00c0mbit personal i social<\/td>\n<td style=\"height: 25px;\" width=\"135\"><em>Passion for chocolate<\/em><\/td>\n<td style=\"height: 25px;\" width=\"157\">Cientificotecnol\u00f2gic i ling\u00fc\u00edstic<\/td>\n<\/tr>\n<tr style=\"height: 10px;\">\n<td style=\"height: 10px;\" width=\"138\"><em>Arrela\u2019t al Dal\u00ed<\/em><\/td>\n<td style=\"height: 10px;\" width=\"157\">\u00c0mbit cientificotecnol\u00f2gic<\/td>\n<td style=\"height: 10px;\" width=\"135\"><em>Catapulta\u2019t<\/em><\/td>\n<td style=\"height: 10px;\" width=\"157\">Cientificotecnol\u00f2gic i matem\u00e0tic<\/td>\n<\/tr>\n<tr style=\"height: 34px;\">\n<td style=\"height: 34px;\" width=\"138\"><em>Children\u2019s rights<\/em><\/td>\n<td style=\"height: 34px;\" width=\"157\">Cultura i valors \u00e8tics i \u00e0mbit ling\u00fc\u00edstic<\/td>\n<td style=\"height: 34px;\" width=\"135\"><em>Existeix l\u2019env\u00e0s perfecte?<\/em><\/td>\n<td style=\"height: 34px;\" width=\"157\">Cientificotecnol\u00f2gic i matem\u00e0tic<\/td>\n<\/tr>\n<tr style=\"height: 19px;\">\n<td style=\"height: 19px;\" width=\"138\"><em>Enigmats<\/em><\/td>\n<td style=\"height: 19px;\" width=\"157\">Matem\u00e0tic i ling\u00fc\u00edstic<\/td>\n<td style=\"height: 19px;\" width=\"135\"><em>La vida al monestir<\/em><\/td>\n<td style=\"height: 19px;\" width=\"157\">Social i ling\u00fc\u00edstic<\/td>\n<\/tr>\n<tr style=\"height: 42px;\">\n<td style=\"height: 42px;\" width=\"138\"><em>La RoboTicBand del Dal\u00ed<\/em><\/td>\n<td style=\"height: 42px;\" width=\"157\">Cientificotecnol\u00f2gic i art\u00edstic<\/td>\n<td style=\"height: 42px;\" width=\"135\"><em>Valores \u00a1A ESCENA!<\/em><\/td>\n<td style=\"height: 42px;\" width=\"157\">Cultura i valors \u00e8tics i \u00e0mbit ling\u00fc\u00edstic<\/td>\n<\/tr>\n<tr style=\"height: 26px;\">\n<td style=\"height: 26px;\" width=\"138\"><em>Las 40 principales de la historia<\/em><\/td>\n<td style=\"height: 26px;\" width=\"157\">Social i ling\u00fc\u00edstic<\/td>\n<td style=\"height: 26px;\" width=\"135\"><em>Projecte optatiu (**)<\/em><\/td>\n<td style=\"height: 26px;\" width=\"157\">Interdisciplinari<\/td>\n<\/tr>\n<\/tbody>\n<\/table>\n<p>(*) El projecte \u201cComencem al Dal\u00ed\u201d t\u00e9 com a objectiu donar la benvinguda al tot l\u2019alumnat que s\u2019incorpora al centre a 1r ESO. En aquest projecte l\u2019alumnat treballar\u00e0 les compet\u00e8ncies de l\u2019\u00e0mbit personal i social a trav\u00e9s d\u2019un seguit de reptes i tasques que ajudaran que els alumnes es vagin coneixent, descobreixin l\u2019entorn del centre, el professorat, etc.<\/p>\n<p>(**) L\u2019alumnat de 2n ESO podr\u00e0 escollir entre 5 opcions un projecte af\u00ed als seus interessos, hi haur\u00e0 propostes dels diferents \u00e0mbits curriculars que intervenen en la franja de projectes.<\/p>\n<p>&nbsp;<\/p>\n<p>&nbsp;<\/p>\n","protected":false},"excerpt":{"rendered":"<p>TREBALL PER PROJECTES A l\u2019institut portem a terme l\u2019aprenentatge basat en projectes a 1r i 2n d\u2019ESO. Aquesta metodologia consisteix a plantejar un repte, un enc\u00e0rrec o pregunta inicial, que cal respondre a trav\u00e9s d\u2019una investigaci\u00f3 guiada i treballant en grup de forma cooperativa. Quantes hores es treballa per projectes a 1rESO i a 2nESO? [&hellip;]<\/p>\n","protected":false},"author":68,"featured_media":0,"parent":2371,"menu_order":0,"comment_status":"closed","ping_status":"closed","template":"page-templates\/side-menu.php","meta":{"_bbp_topic_count":0,"_bbp_reply_count":0,"_bbp_total_topic_count":0,"_bbp_total_reply_count":0,"_bbp_voice_count":0,"_bbp_anonymous_reply_count":0,"_bbp_topic_count_hidden":0,"_bbp_reply_count_hidden":0,"_bbp_forum_subforum_count":0,"site-sidebar-layout":"default","site-content-layout":"","ast-site-content-layout":"","site-content-style":"default","site-sidebar-style":"default","ast-global-header-display":"","ast-banner-title-visibility":"","ast-main-header-display":"","ast-hfb-above-header-display":"","ast-hfb-below-header-display":"","ast-hfb-mobile-header-display":"","site-post-title":"","ast-breadcrumbs-content":"","ast-featured-img":"","footer-sml-layout":"","theme-transparent-header-meta":"","adv-header-id-meta":"","stick-header-meta":"","header-above-stick-meta":"","header-main-stick-meta":"","header-below-stick-meta":"","astra-migrate-meta-layouts":"default","ast-page-background-enabled":"default","ast-page-background-meta":{"desktop":{"background-color":"var(--ast-global-color-4)","background-image":"","background-repeat":"repeat","background-position":"center center","background-size":"auto","background-attachment":"scroll","background-type":"","background-media":"","overlay-type":"","overlay-color":"","overlay-opacity":"","overlay-gradient":""},"tablet":{"background-color":"","background-image":"","background-repeat":"repeat","background-position":"center center","background-size":"auto","background-attachment":"scroll","background-type":"","background-media":"","overlay-type":"","overlay-color":"","overlay-opacity":"","overlay-gradient":""},"mobile":{"background-color":"","background-image":"","background-repeat":"repeat","background-position":"center center","background-size":"auto","background-attachment":"scroll","background-type":"","background-media":"","overlay-type":"","overlay-color":"","overlay-opacity":"","overlay-gradient":""}},"ast-content-background-meta":{"desktop":{"background-color":"var(--ast-global-color-5)","background-image":"","background-repeat":"repeat","background-position":"center center","background-size":"auto","background-attachment":"scroll","background-type":"","background-media":"","overlay-type":"","overlay-color":"","overlay-opacity":"","overlay-gradient":""},"tablet":{"background-color":"var(--ast-global-color-5)","background-image":"","background-repeat":"repeat","background-position":"center center","background-size":"auto","background-attachment":"scroll","background-type":"","background-media":"","overlay-type":"","overlay-color":"","overlay-opacity":"","overlay-gradient":""},"mobile":{"background-color":"var(--ast-global-color-5)","background-image":"","background-repeat":"repeat","background-position":"center center","background-size":"auto","background-attachment":"scroll","background-type":"","background-media":"","overlay-type":"","overlay-color":"","overlay-opacity":"","overlay-gradient":""}},"footnotes":""},"class_list":["post-2682","page","type-page","status-publish","hentry"],"post_mailing_queue_ids":[],"_links":{"self":[{"href":"https:\/\/agora.xtec.cat\/iesdali\/wp-json\/wp\/v2\/pages\/2682","targetHints":{"allow":["GET"]}}],"collection":[{"href":"https:\/\/agora.xtec.cat\/iesdali\/wp-json\/wp\/v2\/pages"}],"about":[{"href":"https:\/\/agora.xtec.cat\/iesdali\/wp-json\/wp\/v2\/types\/page"}],"author":[{"embeddable":true,"href":"https:\/\/agora.xtec.cat\/iesdali\/wp-json\/wp\/v2\/users\/68"}],"replies":[{"embeddable":true,"href":"https:\/\/agora.xtec.cat\/iesdali\/wp-json\/wp\/v2\/comments?post=2682"}],"version-history":[{"count":4,"href":"https:\/\/agora.xtec.cat\/iesdali\/wp-json\/wp\/v2\/pages\/2682\/revisions"}],"predecessor-version":[{"id":4508,"href":"https:\/\/agora.xtec.cat\/iesdali\/wp-json\/wp\/v2\/pages\/2682\/revisions\/4508"}],"up":[{"embeddable":true,"href":"https:\/\/agora.xtec.cat\/iesdali\/wp-json\/wp\/v2\/pages\/2371"}],"wp:attachment":[{"href":"https:\/\/agora.xtec.cat\/iesdali\/wp-json\/wp\/v2\/media?parent=2682"}],"curies":[{"name":"wp","href":"https:\/\/api.w.org\/{rel}","templated":true}]}}