{"id":2366,"date":"2020-02-19T17:11:53","date_gmt":"2020-02-19T16:11:53","guid":{"rendered":"http:\/\/agora.xtec.cat\/iesdali\/?page_id=2366"},"modified":"2025-10-17T13:11:33","modified_gmt":"2025-10-17T11:11:33","slug":"documents-de-centre","status":"publish","type":"page","link":"https:\/\/agora.xtec.cat\/iesdali\/documents-de-centre\/","title":{"rendered":"Documents de centre"},"content":{"rendered":"<ul>\n<li>Carta de <a href=\"https:\/\/drive.google.com\/file\/d\/1wrH3ngaNuZ8-UAEkg2Z-a_7YAI63fAee\/view?usp=sharing\">comprom\u00eds educatiu<\/a><\/li>\n<li><a style=\"font-family: inherit; font-size: 1em;\" href=\"https:\/\/agora.xtec.cat\/iesdali\/wp-content\/uploads\/usu384\/2020\/10\/Justificant-dabs\u00e8ncies-ALUMNAT.pdf\">Justificant <\/a> <span style=\"font-family: inherit; font-size: 1em;\">d&#8217;abs\u00e8ncies de l&#8217;alumnat<\/span><\/li>\n<li><a href=\"https:\/\/docs.google.com\/document\/d\/1C43KtnaK_p1oAZGzCcil0BhqgEDsWfy8LJ14-fDz0IA\/edit?tab=t.0\">Inst\u00e0ncia<\/a> repetici\u00f3 d&#8217;examen per motius de salut<\/li>\n<\/ul>\n<p>&nbsp;<\/p>\n<ul>\n<li>Projecte Educatiu de Centre (<a href=\"https:\/\/drive.google.com\/file\/d\/1h1szFmMynB1BmNcGOKgvJ_rU5_Ls9xd4\/view?usp=sharing\">PEC)<\/a>.<\/li>\n<li>Programaci\u00f3 General Anual (<a href=\"https:\/\/drive.google.com\/file\/d\/1bRwsrPzpREfzFc0UQsc4iP2KX9ecprfM\/view?usp=drive_link\">PGA<\/a>)<\/li>\n<li>Projecte Ling\u00fc\u00edstic de Centre (<a href=\"https:\/\/drive.google.com\/file\/d\/1mhhHZ_9Nr3b_Ho1MgM9baMqjNIBu4ToI\/view?usp=sharing\">PLC<\/a>).<\/li>\n<li>Normes d&#8217;organitzaci\u00f3 i funcionament del Centre (<a href=\"https:\/\/drive.google.com\/file\/d\/1WgQeOXMTpT0qFyM3cdaS6gfll0EJaxpk\/view?usp=sharing\">NOFC<\/a>).<\/li>\n<li>Projecte de conviv\u00e8ncia <a href=\"https:\/\/agora.xtec.cat\/iesdali\/wp-content\/uploads\/usu384\/2021\/10\/projectedeconvivencia_maig2020_aprovatConsellEscolar.pdf\">(PC)<\/a><\/li>\n<li>Projecte de sostenibilitat i reutilitzaci\u00f3 de llibres de text. (<a href=\"https:\/\/agora.xtec.cat\/iesdali\/wp-content\/uploads\/usu384\/2021\/04\/PROJECTE-SORELL-20-21.pdf\">Projecte Sorell<\/a>)<\/li>\n<li>Pla de comunicaci\u00f3 (<a href=\"https:\/\/drive.google.com\/file\/d\/1Je6Qoj3AOnYGrGClpaqzX1CxTeSvqtPg\/view?usp=sharing\">PC<\/a>)<\/li>\n<\/ul>\n","protected":false},"excerpt":{"rendered":"<p>Carta de comprom\u00eds educatiu Justificant d&#8217;abs\u00e8ncies de l&#8217;alumnat Inst\u00e0ncia repetici\u00f3 d&#8217;examen per motius de salut &nbsp; Projecte Educatiu de Centre (PEC). Programaci\u00f3 General Anual (PGA) Projecte Ling\u00fc\u00edstic de Centre (PLC). Normes d&#8217;organitzaci\u00f3 i funcionament del Centre (NOFC). Projecte de conviv\u00e8ncia (PC) Projecte de sostenibilitat i reutilitzaci\u00f3 de llibres de text. (Projecte Sorell) Pla de comunicaci\u00f3 [&hellip;]<\/p>\n","protected":false},"author":68,"featured_media":0,"parent":0,"menu_order":0,"comment_status":"closed","ping_status":"closed","template":"","meta":{"_bbp_topic_count":0,"_bbp_reply_count":0,"_bbp_total_topic_count":0,"_bbp_total_reply_count":0,"_bbp_voice_count":0,"_bbp_anonymous_reply_count":0,"_bbp_topic_count_hidden":0,"_bbp_reply_count_hidden":0,"_bbp_forum_subforum_count":0,"site-sidebar-layout":"default","site-content-layout":"","ast-site-content-layout":"default","site-content-style":"default","site-sidebar-style":"default","ast-global-header-display":"","ast-banner-title-visibility":"","ast-main-header-display":"","ast-hfb-above-header-display":"","ast-hfb-below-header-display":"","ast-hfb-mobile-header-display":"","site-post-title":"","ast-breadcrumbs-content":"","ast-featured-img":"","footer-sml-layout":"","theme-transparent-header-meta":"default","adv-header-id-meta":"","stick-header-meta":"","header-above-stick-meta":"","header-main-stick-meta":"","header-below-stick-meta":"","astra-migrate-meta-layouts":"set","ast-page-background-enabled":"default","ast-page-background-meta":{"desktop":{"background-color":"var(--ast-global-color-4)","background-image":"","background-repeat":"repeat","background-position":"center center","background-size":"auto","background-attachment":"scroll","background-type":"","background-media":"","overlay-type":"","overlay-color":"","overlay-opacity":"","overlay-gradient":""},"tablet":{"background-color":"","background-image":"","background-repeat":"repeat","background-position":"center center","background-size":"auto","background-attachment":"scroll","background-type":"","background-media":"","overlay-type":"","overlay-color":"","overlay-opacity":"","overlay-gradient":""},"mobile":{"background-color":"","background-image":"","background-repeat":"repeat","background-position":"center center","background-size":"auto","background-attachment":"scroll","background-type":"","background-media":"","overlay-type":"","overlay-color":"","overlay-opacity":"","overlay-gradient":""}},"ast-content-background-meta":{"desktop":{"background-color":"var(--ast-global-color-5)","background-image":"","background-repeat":"repeat","background-position":"center center","background-size":"auto","background-attachment":"scroll","background-type":"","background-media":"","overlay-type":"","overlay-color":"","overlay-opacity":"","overlay-gradient":""},"tablet":{"background-color":"var(--ast-global-color-5)","background-image":"","background-repeat":"repeat","background-position":"center center","background-size":"auto","background-attachment":"scroll","background-type":"","background-media":"","overlay-type":"","overlay-color":"","overlay-opacity":"","overlay-gradient":""},"mobile":{"background-color":"var(--ast-global-color-5)","background-image":"","background-repeat":"repeat","background-position":"center center","background-size":"auto","background-attachment":"scroll","background-type":"","background-media":"","overlay-type":"","overlay-color":"","overlay-opacity":"","overlay-gradient":""}},"footnotes":""},"class_list":["post-2366","page","type-page","status-publish","hentry"],"post_mailing_queue_ids":[],"_links":{"self":[{"href":"https:\/\/agora.xtec.cat\/iesdali\/wp-json\/wp\/v2\/pages\/2366","targetHints":{"allow":["GET"]}}],"collection":[{"href":"https:\/\/agora.xtec.cat\/iesdali\/wp-json\/wp\/v2\/pages"}],"about":[{"href":"https:\/\/agora.xtec.cat\/iesdali\/wp-json\/wp\/v2\/types\/page"}],"author":[{"embeddable":true,"href":"https:\/\/agora.xtec.cat\/iesdali\/wp-json\/wp\/v2\/users\/68"}],"replies":[{"embeddable":true,"href":"https:\/\/agora.xtec.cat\/iesdali\/wp-json\/wp\/v2\/comments?post=2366"}],"version-history":[{"count":7,"href":"https:\/\/agora.xtec.cat\/iesdali\/wp-json\/wp\/v2\/pages\/2366\/revisions"}],"predecessor-version":[{"id":7291,"href":"https:\/\/agora.xtec.cat\/iesdali\/wp-json\/wp\/v2\/pages\/2366\/revisions\/7291"}],"wp:attachment":[{"href":"https:\/\/agora.xtec.cat\/iesdali\/wp-json\/wp\/v2\/media?parent=2366"}],"curies":[{"name":"wp","href":"https:\/\/api.w.org\/{rel}","templated":true}]}}