{"id":1034,"date":"2017-02-13T18:15:07","date_gmt":"2017-02-13T17:15:07","guid":{"rendered":"http:\/\/agora.xtec.cat\/iesdali\/?page_id=1034"},"modified":"2026-02-25T18:29:41","modified_gmt":"2026-02-25T17:29:41","slug":"fisica-i-quimica","status":"publish","type":"page","link":"https:\/\/agora.xtec.cat\/iesdali\/departaments-seminaris\/fisica-i-quimica\/","title":{"rendered":"F\u00edsica i Qu\u00edmica"},"content":{"rendered":"<p><strong>Professorat<\/strong><\/p>\n<p>Marta Balletb\u00f3<\/p>\n<p>Valent\u00ed Ferrer<\/p>\n<p>Alicia Peque\u00f1o (Cap de departament)<\/p>\n<p>Al\u00edcia Rubio<\/p>\n<p><strong>\u00a0<\/strong><\/p>\n<p><strong>\u00a0<\/strong><strong>Mat\u00e8ries<\/strong><\/p>\n<p>L\u2019assignatura de f\u00edsica i qu\u00edmica forma part de l\u2019\u00e0mbit cientificotecnol\u00f2gic. \u00c9s obligat\u00f2ria a 2n i 3r d\u2019ESO i a 4rt d\u2019ESO \u00e9s una mat\u00e8ria optativa.<\/p>\n<p>Es treballa la compet\u00e8ncia cient\u00edfica des del vessant de la f\u00edsica i qu\u00edmica, m\u00e9s concretament:<\/p>\n<ul>\n<li>Identificar i caracteritzar els sistemes f\u00edsics i qu\u00edmics des de la perspectiva dels models, per comunicar i predir el comportament dels fen\u00f2mens naturals.<\/li>\n<li>Identificar i resoldre problemes cient\u00edfics susceptibles de ser investigats en l\u2019\u00e0mbit escolar, que impliquin el disseny, la realitzaci\u00f3 i la comunicaci\u00f3 d\u2019investigacions experimentals.<\/li>\n<li>Resoldre problemes de la vida quotidiana aplicant el raonament cient\u00edfic.<\/li>\n<\/ul>\n<p>A segon de l\u2019ESO es treballa la mat\u00e8ria a l\u2019aula ordin\u00e0ria i per projectes en grups cooperatius.<\/p>\n<p>A primer i segon de Batxillerat s\u2019imparteixen la F\u00edsica i la Qu\u00edmica com a mat\u00e8ries optatives per l\u2019alumnat que opta per la modalitat del Batxillerat cient\u00edfic o tecnol\u00f2gic.<\/p>\n<p><strong>\u00a0<\/strong><\/p>\n<p><strong>Activitats i sortides<\/strong><\/p>\n<p>Estem compromeses amb l\u2019ensenyament de les ci\u00e8ncies des de la vessant pr\u00e0ctica, per aix\u00f2 realitzem m\u00faltiples activitats al centre i fora d\u2019ell. Tamb\u00e9 fem revisi\u00f3 cont\u00ednua de la nostra formaci\u00f3 participant de diferents cursos en les universitats o el CESIRE.<\/p>\n<ul>\n<li>Realitzaci\u00f3 de treballs pr\u00e0ctics al laboratori de F\u00edsica i al laboratori de Qu\u00edmica de l\u2019institut a tots els nivells d\u2019ESO i Batxillerat.<\/li>\n<\/ul>\n<p>&nbsp;<\/p>\n<p><a href=\"https:\/\/agora.xtec.cat\/iesdali\/wp-content\/uploads\/usu384\/2020\/05\/1-2.png\"><img loading=\"lazy\" decoding=\"async\" class=\"alignnone wp-image-2664\" src=\"https:\/\/agora.xtec.cat\/iesdali\/wp-content\/uploads\/usu384\/2020\/05\/1-2.png\" alt=\"\" width=\"263\" height=\"350\" srcset=\"https:\/\/agora.xtec.cat\/iesdali\/wp-content\/uploads\/usu384\/2020\/05\/1-2.png 410w, https:\/\/agora.xtec.cat\/iesdali\/wp-content\/uploads\/usu384\/2020\/05\/1-2-225x300.png 225w\" sizes=\"auto, (max-width: 263px) 100vw, 263px\" \/><\/a> <a href=\"https:\/\/agora.xtec.cat\/iesdali\/wp-content\/uploads\/usu384\/2020\/05\/2-2.jpg\"><img loading=\"lazy\" decoding=\"async\" class=\"alignnone wp-image-2665\" src=\"https:\/\/agora.xtec.cat\/iesdali\/wp-content\/uploads\/usu384\/2020\/05\/2-2.jpg\" alt=\"\" width=\"467\" height=\"350\" srcset=\"https:\/\/agora.xtec.cat\/iesdali\/wp-content\/uploads\/usu384\/2020\/05\/2-2.jpg 727w, https:\/\/agora.xtec.cat\/iesdali\/wp-content\/uploads\/usu384\/2020\/05\/2-2-300x225.jpg 300w, https:\/\/agora.xtec.cat\/iesdali\/wp-content\/uploads\/usu384\/2020\/05\/2-2-200x150.jpg 200w\" sizes=\"auto, (max-width: 467px) 100vw, 467px\" \/><\/a><\/p>\n<p><a href=\"https:\/\/agora.xtec.cat\/iesdali\/wp-content\/uploads\/usu384\/2020\/05\/3-2-e1590508590648.jpg\"><img loading=\"lazy\" decoding=\"async\" class=\"alignnone wp-image-2666\" src=\"https:\/\/agora.xtec.cat\/iesdali\/wp-content\/uploads\/usu384\/2020\/05\/3-2-e1590508590648.jpg\" alt=\"\" width=\"245\" height=\"327\" srcset=\"https:\/\/agora.xtec.cat\/iesdali\/wp-content\/uploads\/usu384\/2020\/05\/3-2-e1590508590648.jpg 545w, https:\/\/agora.xtec.cat\/iesdali\/wp-content\/uploads\/usu384\/2020\/05\/3-2-e1590508590648-225x300.jpg 225w\" sizes=\"auto, (max-width: 245px) 100vw, 245px\" \/>. \u00a0 \u00a0<\/a><a href=\"https:\/\/agora.xtec.cat\/iesdali\/wp-content\/uploads\/usu384\/2020\/05\/1.jpg\"><img loading=\"lazy\" decoding=\"async\" class=\"alignnone wp-image-2667\" src=\"https:\/\/agora.xtec.cat\/iesdali\/wp-content\/uploads\/usu384\/2020\/05\/1.jpg\" alt=\"\" width=\"436\" height=\"326\" srcset=\"https:\/\/agora.xtec.cat\/iesdali\/wp-content\/uploads\/usu384\/2020\/05\/1.jpg 727w, https:\/\/agora.xtec.cat\/iesdali\/wp-content\/uploads\/usu384\/2020\/05\/1-300x225.jpg 300w, https:\/\/agora.xtec.cat\/iesdali\/wp-content\/uploads\/usu384\/2020\/05\/1-200x150.jpg 200w\" sizes=\"auto, (max-width: 436px) 100vw, 436px\" \/><\/a><\/p>\n<p><a href=\"https:\/\/agora.xtec.cat\/iesdali\/wp-content\/uploads\/usu384\/2020\/05\/2-3.jpg\"><img loading=\"lazy\" decoding=\"async\" class=\"alignnone wp-image-2668\" src=\"https:\/\/agora.xtec.cat\/iesdali\/wp-content\/uploads\/usu384\/2020\/05\/2-3.jpg\" alt=\"\" width=\"378\" height=\"283\" srcset=\"https:\/\/agora.xtec.cat\/iesdali\/wp-content\/uploads\/usu384\/2020\/05\/2-3.jpg 727w, https:\/\/agora.xtec.cat\/iesdali\/wp-content\/uploads\/usu384\/2020\/05\/2-3-300x225.jpg 300w, https:\/\/agora.xtec.cat\/iesdali\/wp-content\/uploads\/usu384\/2020\/05\/2-3-200x150.jpg 200w\" sizes=\"auto, (max-width: 378px) 100vw, 378px\" \/>. \u00a0<\/a><a href=\"https:\/\/agora.xtec.cat\/iesdali\/wp-content\/uploads\/usu384\/2020\/05\/3-3.jpg\"><img loading=\"lazy\" decoding=\"async\" class=\"alignnone wp-image-2669\" src=\"https:\/\/agora.xtec.cat\/iesdali\/wp-content\/uploads\/usu384\/2020\/05\/3-3.jpg\" alt=\"\" width=\"379\" height=\"284\" srcset=\"https:\/\/agora.xtec.cat\/iesdali\/wp-content\/uploads\/usu384\/2020\/05\/3-3.jpg 727w, https:\/\/agora.xtec.cat\/iesdali\/wp-content\/uploads\/usu384\/2020\/05\/3-3-300x225.jpg 300w, https:\/\/agora.xtec.cat\/iesdali\/wp-content\/uploads\/usu384\/2020\/05\/3-3-200x150.jpg 200w\" sizes=\"auto, (max-width: 379px) 100vw, 379px\" \/><\/a><\/p>\n<ul>\n<li>Celebraci\u00f3 del <em>Dia Internacional de la Dona i la Nena en la Ci\u00e8ncia<\/em>:<\/li>\n<\/ul>\n<ul>\n<li style=\"list-style-type: none;\">\n<ul>\n<li>Mural commemoratiu<\/li>\n<li>Experiments divulgatius a tots els nivells de l\u2019ESO per part d\u2019equips femenins.<\/li>\n<li>Participaci\u00f3 en la Jornada de F\u00edsica de les Part\u00edcules de la UAB.<\/li>\n<\/ul>\n<\/li>\n<\/ul>\n<p><a href=\"https:\/\/agora.xtec.cat\/iesdali\/wp-content\/uploads\/usu384\/2020\/05\/1-1.jpg\"><img loading=\"lazy\" decoding=\"async\" class=\"alignnone wp-image-2670\" src=\"https:\/\/agora.xtec.cat\/iesdali\/wp-content\/uploads\/usu384\/2020\/05\/1-1.jpg\" alt=\"\" width=\"395\" height=\"296\" srcset=\"https:\/\/agora.xtec.cat\/iesdali\/wp-content\/uploads\/usu384\/2020\/05\/1-1.jpg 1024w, https:\/\/agora.xtec.cat\/iesdali\/wp-content\/uploads\/usu384\/2020\/05\/1-1-300x225.jpg 300w, https:\/\/agora.xtec.cat\/iesdali\/wp-content\/uploads\/usu384\/2020\/05\/1-1-768x576.jpg 768w, https:\/\/agora.xtec.cat\/iesdali\/wp-content\/uploads\/usu384\/2020\/05\/1-1-200x150.jpg 200w\" sizes=\"auto, (max-width: 395px) 100vw, 395px\" \/><\/a> <a href=\"https:\/\/agora.xtec.cat\/iesdali\/wp-content\/uploads\/usu384\/2020\/05\/2.png\"><img loading=\"lazy\" decoding=\"async\" class=\"alignnone wp-image-2671\" src=\"https:\/\/agora.xtec.cat\/iesdali\/wp-content\/uploads\/usu384\/2020\/05\/2.png\" alt=\"\" width=\"393\" height=\"295\" srcset=\"https:\/\/agora.xtec.cat\/iesdali\/wp-content\/uploads\/usu384\/2020\/05\/2.png 727w, https:\/\/agora.xtec.cat\/iesdali\/wp-content\/uploads\/usu384\/2020\/05\/2-300x225.png 300w, https:\/\/agora.xtec.cat\/iesdali\/wp-content\/uploads\/usu384\/2020\/05\/2-200x150.png 200w\" sizes=\"auto, (max-width: 393px) 100vw, 393px\" \/><\/a> <a href=\"https:\/\/agora.xtec.cat\/iesdali\/wp-content\/uploads\/usu384\/2020\/05\/3.png\"><img loading=\"lazy\" decoding=\"async\" class=\"alignnone wp-image-2672\" src=\"https:\/\/agora.xtec.cat\/iesdali\/wp-content\/uploads\/usu384\/2020\/05\/3.png\" alt=\"\" width=\"392\" height=\"294\" srcset=\"https:\/\/agora.xtec.cat\/iesdali\/wp-content\/uploads\/usu384\/2020\/05\/3.png 727w, https:\/\/agora.xtec.cat\/iesdali\/wp-content\/uploads\/usu384\/2020\/05\/3-300x225.png 300w, https:\/\/agora.xtec.cat\/iesdali\/wp-content\/uploads\/usu384\/2020\/05\/3-200x150.png 200w\" sizes=\"auto, (max-width: 392px) 100vw, 392px\" \/><\/a><\/p>\n<ul>\n<li>Organitzaci\u00f3 dels Tallers cient\u00edfics del dia de Sant Jordi impartits per alumnat de l\u2019ESO als seus companys\/es:<\/li>\n<\/ul>\n<ul>\n<li style=\"list-style-type: none;\">\n<ul>\n<li>Taller d\u2019Slime:<\/li>\n<\/ul>\n<\/li>\n<\/ul>\n<p><a href=\"https:\/\/agora.xtec.cat\/iesdali\/wp-content\/uploads\/usu384\/2020\/05\/1-3.png\"><img loading=\"lazy\" decoding=\"async\" class=\"wp-image-2673 aligncenter\" src=\"https:\/\/agora.xtec.cat\/iesdali\/wp-content\/uploads\/usu384\/2020\/05\/1-3.png\" alt=\"\" width=\"342\" height=\"256\" srcset=\"https:\/\/agora.xtec.cat\/iesdali\/wp-content\/uploads\/usu384\/2020\/05\/1-3.png 727w, https:\/\/agora.xtec.cat\/iesdali\/wp-content\/uploads\/usu384\/2020\/05\/1-3-300x225.png 300w, https:\/\/agora.xtec.cat\/iesdali\/wp-content\/uploads\/usu384\/2020\/05\/1-3-200x150.png 200w\" sizes=\"auto, (max-width: 342px) 100vw, 342px\" \/><\/a><\/p>\n<p>&nbsp;<\/p>\n<ul>\n<li>Participaci\u00f3 en congressos i festivals:<\/li>\n<\/ul>\n<ul>\n<li style=\"list-style-type: none;\">\n<ul>\n<li>Congr\u00e9s de Fot\u00f2nica per a Joves de l\u2019ICFO (institut de ci\u00e8ncies fot\u00f2niques).<\/li>\n<li>Congr\u00e9s de Cristal\u00b7lografia de la UB.<\/li>\n<li>Festival de Nanotecnologia <em>10 a la menos 9<\/em>\u00a0.<\/li>\n<li>Concurs de p\u00f2sters i v\u00eddeos Nanoeduca.<\/li>\n<\/ul>\n<\/li>\n<\/ul>\n<p><a href=\"https:\/\/agora.xtec.cat\/iesdali\/wp-content\/uploads\/usu384\/2020\/05\/a1.jpg\"><img loading=\"lazy\" decoding=\"async\" class=\"wp-image-2674 aligncenter\" src=\"https:\/\/agora.xtec.cat\/iesdali\/wp-content\/uploads\/usu384\/2020\/05\/a1.jpg\" alt=\"\" width=\"397\" height=\"298\" srcset=\"https:\/\/agora.xtec.cat\/iesdali\/wp-content\/uploads\/usu384\/2020\/05\/a1.jpg 727w, https:\/\/agora.xtec.cat\/iesdali\/wp-content\/uploads\/usu384\/2020\/05\/a1-300x225.jpg 300w, https:\/\/agora.xtec.cat\/iesdali\/wp-content\/uploads\/usu384\/2020\/05\/a1-200x150.jpg 200w\" sizes=\"auto, (max-width: 397px) 100vw, 397px\" \/><\/a><\/p>\n<ul>\n<li>Visites de l\u2019alumnat de l\u2019ESO al Cosmocaixa per participar d\u2019activitats temporals i de l\u2019exposici\u00f3 permanent.<\/li>\n<li>Assist\u00e8ncia a les activitats cient\u00edfiques de la UPC Steam F\u00f2rum i Steam Anella.<\/li>\n<li>Participaci\u00f3 en el F\u00f2rum de Treballs de Recerca de Batxillerat de El Prat.<\/li>\n<li>Col\u00b7laboraci\u00f3 amb la UB en el projecte FORCES dels Treballs de Recerca de Batxillerat.<\/li>\n<li>Assist\u00e8ncia a la Jornada de Qu\u00edmica als laboratoris de la facultat (UB o UAB) o als del Museu de la Ci\u00e8ncia i la T\u00e8cnica de Terrassa.<\/li>\n<li>Participaci\u00f3 en el Taller de F\u00edsica de Part\u00edcules de la UB.<\/li>\n<\/ul>\n<p><a href=\"https:\/\/agora.xtec.cat\/iesdali\/wp-content\/uploads\/usu384\/2020\/05\/1-2.jpg\"><img loading=\"lazy\" decoding=\"async\" class=\"alignnone wp-image-2675\" src=\"https:\/\/agora.xtec.cat\/iesdali\/wp-content\/uploads\/usu384\/2020\/05\/1-2.jpg\" alt=\"\" width=\"396\" height=\"297\" srcset=\"https:\/\/agora.xtec.cat\/iesdali\/wp-content\/uploads\/usu384\/2020\/05\/1-2.jpg 727w, https:\/\/agora.xtec.cat\/iesdali\/wp-content\/uploads\/usu384\/2020\/05\/1-2-300x225.jpg 300w, https:\/\/agora.xtec.cat\/iesdali\/wp-content\/uploads\/usu384\/2020\/05\/1-2-200x150.jpg 200w\" sizes=\"auto, (max-width: 396px) 100vw, 396px\" \/><\/a> <a href=\"https:\/\/agora.xtec.cat\/iesdali\/wp-content\/uploads\/usu384\/2020\/05\/2-1.png\"><img loading=\"lazy\" decoding=\"async\" class=\"alignnone wp-image-2676\" src=\"https:\/\/agora.xtec.cat\/iesdali\/wp-content\/uploads\/usu384\/2020\/05\/2-1.png\" alt=\"\" width=\"395\" height=\"296\" srcset=\"https:\/\/agora.xtec.cat\/iesdali\/wp-content\/uploads\/usu384\/2020\/05\/2-1.png 727w, https:\/\/agora.xtec.cat\/iesdali\/wp-content\/uploads\/usu384\/2020\/05\/2-1-300x225.png 300w, https:\/\/agora.xtec.cat\/iesdali\/wp-content\/uploads\/usu384\/2020\/05\/2-1-200x150.png 200w\" sizes=\"auto, (max-width: 395px) 100vw, 395px\" \/><\/a><\/p>\n<ul>\n<li>Realitzaci\u00f3 de xerrades divulgatives al centre per part de professorat investigador de la UB:<\/li>\n<\/ul>\n<ul>\n<li style=\"list-style-type: none;\">\n<ul>\n<li>L\u2019origen dels elements qu\u00edmics: a c\u00e0rrec del Xavier Gim\u00e9nez.<\/li>\n<li>Els materials i els nous reptes tecnol\u00f2gics, a c\u00e0rrec del Javier Fern\u00e1ndez<\/li>\n<li>Nanotecnologia: a c\u00e0rrec de l\u2019Helena Villuendas, investigadora de l\u2019ICFO i ex-alumna.<\/li>\n<\/ul>\n<\/li>\n<\/ul>\n<p><a href=\"https:\/\/agora.xtec.cat\/iesdali\/wp-content\/uploads\/usu384\/2020\/05\/1-3.jpg\"><img loading=\"lazy\" decoding=\"async\" class=\"alignnone wp-image-2677\" src=\"https:\/\/agora.xtec.cat\/iesdali\/wp-content\/uploads\/usu384\/2020\/05\/1-3.jpg\" alt=\"\" width=\"429\" height=\"321\" srcset=\"https:\/\/agora.xtec.cat\/iesdali\/wp-content\/uploads\/usu384\/2020\/05\/1-3.jpg 727w, https:\/\/agora.xtec.cat\/iesdali\/wp-content\/uploads\/usu384\/2020\/05\/1-3-300x225.jpg 300w, https:\/\/agora.xtec.cat\/iesdali\/wp-content\/uploads\/usu384\/2020\/05\/1-3-200x150.jpg 200w\" sizes=\"auto, (max-width: 429px) 100vw, 429px\" \/><\/a> <a href=\"https:\/\/agora.xtec.cat\/iesdali\/wp-content\/uploads\/usu384\/2020\/05\/2-4.jpg\"><img loading=\"lazy\" decoding=\"async\" class=\"alignnone wp-image-2678\" src=\"https:\/\/agora.xtec.cat\/iesdali\/wp-content\/uploads\/usu384\/2020\/05\/2-4.jpg\" alt=\"\" width=\"429\" height=\"321\" srcset=\"https:\/\/agora.xtec.cat\/iesdali\/wp-content\/uploads\/usu384\/2020\/05\/2-4.jpg 727w, https:\/\/agora.xtec.cat\/iesdali\/wp-content\/uploads\/usu384\/2020\/05\/2-4-300x225.jpg 300w, https:\/\/agora.xtec.cat\/iesdali\/wp-content\/uploads\/usu384\/2020\/05\/2-4-200x150.jpg 200w\" sizes=\"auto, (max-width: 429px) 100vw, 429px\" \/><\/a><\/p>\n<ul>\n<li>Comprom\u00eds amb la formaci\u00f3 continuada del professorat del departament assistint a diferents cursos especialitzats:<\/li>\n<\/ul>\n<ul>\n<li style=\"list-style-type: none;\">\n<ul>\n<li>Seminari permanent de F\u00edsica i Qu\u00edmica del CESIRE.<\/li>\n<li>Projecte ci\u00e8ncies 12-15: un enfocament competencial de les ci\u00e8ncies dins del marc STEM.<\/li>\n<li>Formaci\u00f3 en Nanoci\u00e8ncia i Nanotecnologia.<\/li>\n<li>Taller d\u2019activitats del projecte Qu\u00edmica en Context.<\/li>\n<\/ul>\n<\/li>\n<\/ul>\n<p><a href=\"https:\/\/agora.xtec.cat\/iesdali\/wp-content\/uploads\/usu384\/2020\/05\/1-4.jpg\"><img loading=\"lazy\" decoding=\"async\" class=\"alignnone wp-image-2679\" src=\"https:\/\/agora.xtec.cat\/iesdali\/wp-content\/uploads\/usu384\/2020\/05\/1-4.jpg\" alt=\"\" width=\"407\" height=\"306\" srcset=\"https:\/\/agora.xtec.cat\/iesdali\/wp-content\/uploads\/usu384\/2020\/05\/1-4.jpg 1600w, https:\/\/agora.xtec.cat\/iesdali\/wp-content\/uploads\/usu384\/2020\/05\/1-4-300x225.jpg 300w, https:\/\/agora.xtec.cat\/iesdali\/wp-content\/uploads\/usu384\/2020\/05\/1-4-768x576.jpg 768w, https:\/\/agora.xtec.cat\/iesdali\/wp-content\/uploads\/usu384\/2020\/05\/1-4-1024x768.jpg 1024w, https:\/\/agora.xtec.cat\/iesdali\/wp-content\/uploads\/usu384\/2020\/05\/1-4-200x150.jpg 200w\" sizes=\"auto, (max-width: 407px) 100vw, 407px\" \/><\/a> <a href=\"https:\/\/agora.xtec.cat\/iesdali\/wp-content\/uploads\/usu384\/2020\/05\/2-5.jpg\"><img loading=\"lazy\" decoding=\"async\" class=\"alignnone wp-image-2680\" src=\"https:\/\/agora.xtec.cat\/iesdali\/wp-content\/uploads\/usu384\/2020\/05\/2-5.jpg\" alt=\"\" width=\"406\" height=\"304\" srcset=\"https:\/\/agora.xtec.cat\/iesdali\/wp-content\/uploads\/usu384\/2020\/05\/2-5.jpg 727w, https:\/\/agora.xtec.cat\/iesdali\/wp-content\/uploads\/usu384\/2020\/05\/2-5-300x225.jpg 300w, https:\/\/agora.xtec.cat\/iesdali\/wp-content\/uploads\/usu384\/2020\/05\/2-5-200x150.jpg 200w\" sizes=\"auto, (max-width: 406px) 100vw, 406px\" \/><\/a><\/p>\n","protected":false},"excerpt":{"rendered":"<p>Professorat Marta Balletb\u00f3 Valent\u00ed Ferrer Alicia Peque\u00f1o (Cap de departament) Al\u00edcia Rubio \u00a0 \u00a0Mat\u00e8ries L\u2019assignatura de f\u00edsica i qu\u00edmica forma part de l\u2019\u00e0mbit cientificotecnol\u00f2gic. \u00c9s obligat\u00f2ria a 2n i 3r d\u2019ESO i a 4rt d\u2019ESO \u00e9s una mat\u00e8ria optativa. Es treballa la compet\u00e8ncia cient\u00edfica des del vessant de la f\u00edsica i qu\u00edmica, m\u00e9s concretament: Identificar [&hellip;]<\/p>\n","protected":false},"author":68,"featured_media":0,"parent":3509,"menu_order":0,"comment_status":"closed","ping_status":"closed","template":"","meta":{"_bbp_topic_count":0,"_bbp_reply_count":0,"_bbp_total_topic_count":0,"_bbp_total_reply_count":0,"_bbp_voice_count":0,"_bbp_anonymous_reply_count":0,"_bbp_topic_count_hidden":0,"_bbp_reply_count_hidden":0,"_bbp_forum_subforum_count":0,"site-sidebar-layout":"default","site-content-layout":"","ast-site-content-layout":"default","site-content-style":"default","site-sidebar-style":"default","ast-global-header-display":"","ast-banner-title-visibility":"","ast-main-header-display":"","ast-hfb-above-header-display":"","ast-hfb-below-header-display":"","ast-hfb-mobile-header-display":"","site-post-title":"","ast-breadcrumbs-content":"","ast-featured-img":"","footer-sml-layout":"","theme-transparent-header-meta":"default","adv-header-id-meta":"","stick-header-meta":"","header-above-stick-meta":"","header-main-stick-meta":"","header-below-stick-meta":"","astra-migrate-meta-layouts":"set","ast-page-background-enabled":"default","ast-page-background-meta":{"desktop":{"background-color":"var(--ast-global-color-4)","background-image":"","background-repeat":"repeat","background-position":"center center","background-size":"auto","background-attachment":"scroll","background-type":"","background-media":"","overlay-type":"","overlay-color":"","overlay-opacity":"","overlay-gradient":""},"tablet":{"background-color":"","background-image":"","background-repeat":"repeat","background-position":"center center","background-size":"auto","background-attachment":"scroll","background-type":"","background-media":"","overlay-type":"","overlay-color":"","overlay-opacity":"","overlay-gradient":""},"mobile":{"background-color":"","background-image":"","background-repeat":"repeat","background-position":"center center","background-size":"auto","background-attachment":"scroll","background-type":"","background-media":"","overlay-type":"","overlay-color":"","overlay-opacity":"","overlay-gradient":""}},"ast-content-background-meta":{"desktop":{"background-color":"var(--ast-global-color-5)","background-image":"","background-repeat":"repeat","background-position":"center center","background-size":"auto","background-attachment":"scroll","background-type":"","background-media":"","overlay-type":"","overlay-color":"","overlay-opacity":"","overlay-gradient":""},"tablet":{"background-color":"var(--ast-global-color-5)","background-image":"","background-repeat":"repeat","background-position":"center center","background-size":"auto","background-attachment":"scroll","background-type":"","background-media":"","overlay-type":"","overlay-color":"","overlay-opacity":"","overlay-gradient":""},"mobile":{"background-color":"var(--ast-global-color-5)","background-image":"","background-repeat":"repeat","background-position":"center center","background-size":"auto","background-attachment":"scroll","background-type":"","background-media":"","overlay-type":"","overlay-color":"","overlay-opacity":"","overlay-gradient":""}},"footnotes":""},"class_list":["post-1034","page","type-page","status-publish","hentry"],"post_mailing_queue_ids":[],"_links":{"self":[{"href":"https:\/\/agora.xtec.cat\/iesdali\/wp-json\/wp\/v2\/pages\/1034","targetHints":{"allow":["GET"]}}],"collection":[{"href":"https:\/\/agora.xtec.cat\/iesdali\/wp-json\/wp\/v2\/pages"}],"about":[{"href":"https:\/\/agora.xtec.cat\/iesdali\/wp-json\/wp\/v2\/types\/page"}],"author":[{"embeddable":true,"href":"https:\/\/agora.xtec.cat\/iesdali\/wp-json\/wp\/v2\/users\/68"}],"replies":[{"embeddable":true,"href":"https:\/\/agora.xtec.cat\/iesdali\/wp-json\/wp\/v2\/comments?post=1034"}],"version-history":[{"count":7,"href":"https:\/\/agora.xtec.cat\/iesdali\/wp-json\/wp\/v2\/pages\/1034\/revisions"}],"predecessor-version":[{"id":7517,"href":"https:\/\/agora.xtec.cat\/iesdali\/wp-json\/wp\/v2\/pages\/1034\/revisions\/7517"}],"up":[{"embeddable":true,"href":"https:\/\/agora.xtec.cat\/iesdali\/wp-json\/wp\/v2\/pages\/3509"}],"wp:attachment":[{"href":"https:\/\/agora.xtec.cat\/iesdali\/wp-json\/wp\/v2\/media?parent=1034"}],"curies":[{"name":"wp","href":"https:\/\/api.w.org\/{rel}","templated":true}]}}