{"id":8604,"date":"2025-09-23T16:06:52","date_gmt":"2025-09-23T14:06:52","guid":{"rendered":"https:\/\/agora.xtec.cat\/iescorbera\/?page_id=8604"},"modified":"2025-09-23T16:15:30","modified_gmt":"2025-09-23T14:15:30","slug":"edc-ed-comissio-digital","status":"publish","type":"page","link":"https:\/\/agora.xtec.cat\/iescorbera\/estrategia-digital-de-centre\/edc-estrategia\/edc-ed-comissio-digital\/","title":{"rendered":"EDC &#8211; ED &#8211; Comissi\u00f3 Digital"},"content":{"rendered":"\n<h1 class=\"wp-block-heading\">Comissi\u00f3 Digital (CD)<\/h1>\n\n\n\n<p>La <strong>Comissi\u00f3 Digital del Centre (CD)<\/strong> \u00e9s l\u2019equip encarregat de definir i implementar l\u2019estrat\u00e8gia que vol seguir un centre en relaci\u00f3 amb les tecnologies digitals, amb l\u2019objectiu que l\u2019alumnat, els docents i el centre assoleixin el nivell m\u00e9s alt possible de maduresa i compet\u00e8ncia digital des d\u2019una perspectiva d\u2019innovaci\u00f3 i de millora cont\u00ednua. Per tant, \u00e9s l\u2019equip impulsor de l\u2019Estrat\u00e8gia Digital de Centre (EDC).<\/p>\n\n\n\n<p>La comissi\u00f3 est\u00e0 formada per:<\/p>\n\n\n\n<ul class=\"wp-block-list\">\n<li>Un membre de l\u2019equip directiu<\/li>\n\n\n\n<li>El coordinador\/a digital del centre<\/li>\n\n\n\n<li>Docents de diferents nivells, mat\u00e8ries o \u00e0mbits i amb diferents c\u00e0rrecs de coordinaci\u00f3.<\/li>\n<\/ul>\n\n\n\n<h2 class=\"wp-block-heading\">Curs 2025-2026<\/h2>\n\n\n\n<p>Durant el curs 2025-2026, la CDC est\u00e0 formada per:<\/p>\n\n\n\n<ul class=\"wp-block-list\">\n<li>M\u00f2nica Montilla Ferreres&nbsp;(Directora)<\/li>\n\n\n\n<li>Susana Burriel Cort\u00e9s (Secret\u00e0ria)<\/li>\n\n\n\n<li>V\u00edctor Boix Bellido&nbsp;(Coordinador inform\u00e0tica)<\/li>\n\n\n\n<li>Marta P\u00e0mies Salvador&nbsp;(Cap del Departament de Tecnologia)<\/li>\n\n\n\n<li>Sergio Valenzuela Garcia <em>(Responsable manteniment web)<\/em><\/li>\n<\/ul>\n\n\n\n<h3 class=\"wp-block-heading\">Hist\u00f2ric de membres del CD<\/h3>\n\n\n\n<div class=\"wp-block-getwid-accordion has-icon-left\" data-active-element=\"none\">\n<div class=\"wp-block-getwid-accordion__header-wrapper\"><span class=\"wp-block-getwid-accordion__header\"><a href=\"#\"><span class=\"wp-block-getwid-accordion__header-title\">2024-2025<\/span><span class=\"wp-block-getwid-accordion__icon is-active\"><i class=\"fas fa-plus\"><\/i><\/span><span class=\"wp-block-getwid-accordion__icon is-passive\"><i class=\"fas fa-minus\"><\/i><\/span><\/a><\/span><\/div><div class=\"wp-block-getwid-accordion__content-wrapper\"><div class=\"wp-block-getwid-accordion__content\">\n<p><\/p>\n\n\n\n<ul class=\"wp-block-list\">\n<li>M\u00f2nica Montilla Ferreres&nbsp;(Directora)<\/li>\n\n\n\n<li>Susana Burriel Cort\u00e9s (Secret\u00e0ria)<\/li>\n\n\n\n<li>V\u00edctor Boix Bellido&nbsp;(Coordinador inform\u00e0tica)<\/li>\n\n\n\n<li>Marta P\u00e0mies Salvador&nbsp;(Cap del Departament de Tecnologia)<\/li>\n\n\n\n<li>Sergio Valenzuela Garcia <em>(Responsable manteniment web)<\/em><\/li>\n<\/ul>\n<\/div><\/div>\n\n\n\n<div class=\"wp-block-getwid-accordion__header-wrapper\"><span class=\"wp-block-getwid-accordion__header\"><a href=\"#\"><span class=\"wp-block-getwid-accordion__header-title\">2023-2024<\/span><span class=\"wp-block-getwid-accordion__icon is-active\"><i class=\"fas fa-plus\"><\/i><\/span><span class=\"wp-block-getwid-accordion__icon is-passive\"><i class=\"fas fa-minus\"><\/i><\/span><\/a><\/span><\/div><div class=\"wp-block-getwid-accordion__content-wrapper\"><div class=\"wp-block-getwid-accordion__content\">\n<p><\/p>\n\n\n\n<ul class=\"wp-block-list\">\n<li><em>M\u00f2nica Montilla Ferreres&nbsp;(Directora)<\/em><\/li>\n\n\n\n<li><em>Susana Burriel Cort\u00e9s&nbsp;(Secret\u00e0ria)<\/em><\/li>\n\n\n\n<li><em>V\u00edctor Boix Bellido&nbsp;(Coordinador inform\u00e0tica)<\/em><\/li>\n\n\n\n<li><em>Marta P\u00e0mies Salvador&nbsp;(Cap del Departament de Tecnologia)<\/em><\/li>\n\n\n\n<li><em>Sergio Valenzuela Garcia (Responsable manteniment web)<\/em><\/li>\n<\/ul>\n<\/div><\/div>\n\n\n\n<div class=\"wp-block-getwid-accordion__header-wrapper\"><span class=\"wp-block-getwid-accordion__header\"><a href=\"#\"><span class=\"wp-block-getwid-accordion__header-title\">2022-2023<\/span><span class=\"wp-block-getwid-accordion__icon is-active\"><i class=\"fas fa-plus\"><\/i><\/span><span class=\"wp-block-getwid-accordion__icon is-passive\"><i class=\"fas fa-minus\"><\/i><\/span><\/a><\/span><\/div><div class=\"wp-block-getwid-accordion__content-wrapper\"><div class=\"wp-block-getwid-accordion__content\">\n<p><\/p>\n\n\n\n<ul class=\"wp-block-list\">\n<li><em>M\u00f2nica Montilla Ferreres&nbsp;(Directora)<\/em><\/li>\n\n\n\n<li><em>Susana Burriel Cort\u00e9s&nbsp;(Secret\u00e0ria)<\/em><\/li>\n\n\n\n<li><em>V\u00edctor Boix Bellido&nbsp;(Coordinador inform\u00e0tica)<\/em><\/li>\n\n\n\n<li><em>Marta P\u00e0mies Salvador&nbsp;(Cap del Departament de Tecnologia)<\/em><\/li>\n\n\n\n<li><em>Sergio Valenzuela Garcia<\/em> <em>(Professor de Tecnologia)<\/em><\/li>\n\n\n\n<li><em>M\u00edriam Ribera Rius (Cap de Departament \/ Tutora 3r ESO C)<\/em><\/li>\n<\/ul>\n<\/div><\/div>\n<\/div>\n","protected":false},"excerpt":{"rendered":"<p>Comissi\u00f3 Digital (CD) La Comissi\u00f3 Digital del Centre (CD) \u00e9s l\u2019equip encarregat de definir i implementar l\u2019estrat\u00e8gia que vol seguir un centre en relaci\u00f3 amb les tecnologies digitals, amb l\u2019objectiu que l\u2019alumnat, els docents i el centre assoleixin el nivell m\u00e9s alt possible de maduresa i compet\u00e8ncia digital des d\u2019una perspectiva d\u2019innovaci\u00f3 i de millora [&hellip;]<\/p>\n","protected":false},"author":1,"featured_media":0,"parent":8582,"menu_order":0,"comment_status":"closed","ping_status":"closed","template":"","meta":{"_bbp_topic_count":0,"_bbp_reply_count":0,"_bbp_total_topic_count":0,"_bbp_total_reply_count":0,"_bbp_voice_count":0,"_bbp_anonymous_reply_count":0,"_bbp_topic_count_hidden":0,"_bbp_reply_count_hidden":0,"_bbp_forum_subforum_count":0,"site-sidebar-layout":"default","site-content-layout":"","ast-site-content-layout":"default","site-content-style":"default","site-sidebar-style":"default","ast-global-header-display":"","ast-banner-title-visibility":"","ast-main-header-display":"","ast-hfb-above-header-display":"","ast-hfb-below-header-display":"","ast-hfb-mobile-header-display":"","site-post-title":"disabled","ast-breadcrumbs-content":"","ast-featured-img":"","footer-sml-layout":"","theme-transparent-header-meta":"","adv-header-id-meta":"","stick-header-meta":"","header-above-stick-meta":"","header-main-stick-meta":"","header-below-stick-meta":"","astra-migrate-meta-layouts":"set","ast-page-background-enabled":"default","ast-page-background-meta":{"desktop":{"background-color":"var(--ast-global-color-4)","background-image":"","background-repeat":"repeat","background-position":"center center","background-size":"auto","background-attachment":"scroll","background-type":"","background-media":"","overlay-type":"","overlay-color":"","overlay-opacity":"","overlay-gradient":""},"tablet":{"background-color":"","background-image":"","background-repeat":"repeat","background-position":"center center","background-size":"auto","background-attachment":"scroll","background-type":"","background-media":"","overlay-type":"","overlay-color":"","overlay-opacity":"","overlay-gradient":""},"mobile":{"background-color":"","background-image":"","background-repeat":"repeat","background-position":"center center","background-size":"auto","background-attachment":"scroll","background-type":"","background-media":"","overlay-type":"","overlay-color":"","overlay-opacity":"","overlay-gradient":""}},"ast-content-background-meta":{"desktop":{"background-color":"var(--ast-global-color-5)","background-image":"","background-repeat":"repeat","background-position":"center center","background-size":"auto","background-attachment":"scroll","background-type":"","background-media":"","overlay-type":"","overlay-color":"","overlay-opacity":"","overlay-gradient":""},"tablet":{"background-color":"var(--ast-global-color-5)","background-image":"","background-repeat":"repeat","background-position":"center center","background-size":"auto","background-attachment":"scroll","background-type":"","background-media":"","overlay-type":"","overlay-color":"","overlay-opacity":"","overlay-gradient":""},"mobile":{"background-color":"var(--ast-global-color-5)","background-image":"","background-repeat":"repeat","background-position":"center center","background-size":"auto","background-attachment":"scroll","background-type":"","background-media":"","overlay-type":"","overlay-color":"","overlay-opacity":"","overlay-gradient":""}},"footnotes":""},"class_list":["post-8604","page","type-page","status-publish","hentry"],"post_mailing_queue_ids":[],"_links":{"self":[{"href":"https:\/\/agora.xtec.cat\/iescorbera\/wp-json\/wp\/v2\/pages\/8604","targetHints":{"allow":["GET"]}}],"collection":[{"href":"https:\/\/agora.xtec.cat\/iescorbera\/wp-json\/wp\/v2\/pages"}],"about":[{"href":"https:\/\/agora.xtec.cat\/iescorbera\/wp-json\/wp\/v2\/types\/page"}],"author":[{"embeddable":true,"href":"https:\/\/agora.xtec.cat\/iescorbera\/wp-json\/wp\/v2\/users\/1"}],"replies":[{"embeddable":true,"href":"https:\/\/agora.xtec.cat\/iescorbera\/wp-json\/wp\/v2\/comments?post=8604"}],"version-history":[{"count":6,"href":"https:\/\/agora.xtec.cat\/iescorbera\/wp-json\/wp\/v2\/pages\/8604\/revisions"}],"predecessor-version":[{"id":10463,"href":"https:\/\/agora.xtec.cat\/iescorbera\/wp-json\/wp\/v2\/pages\/8604\/revisions\/10463"}],"up":[{"embeddable":true,"href":"https:\/\/agora.xtec.cat\/iescorbera\/wp-json\/wp\/v2\/pages\/8582"}],"wp:attachment":[{"href":"https:\/\/agora.xtec.cat\/iescorbera\/wp-json\/wp\/v2\/media?parent=8604"}],"curies":[{"name":"wp","href":"https:\/\/api.w.org\/{rel}","templated":true}]}}