{"id":8602,"date":"2025-09-23T15:49:18","date_gmt":"2025-09-23T13:49:18","guid":{"rendered":"https:\/\/agora.xtec.cat\/iescorbera\/?page_id=8602"},"modified":"2025-09-23T16:08:01","modified_gmt":"2025-09-23T14:08:01","slug":"edc-ed-avaluacio","status":"publish","type":"page","link":"https:\/\/agora.xtec.cat\/iescorbera\/estrategia-digital-de-centre\/edc-estrategia\/edc-ed-avaluacio\/","title":{"rendered":"EDC &#8211; ED &#8211; Avaluaci\u00f3"},"content":{"rendered":"\n<h2 class=\"wp-block-heading\">Avaluaci\u00f3<\/h2>\n\n\n\n<p><span class=\"C9DxTc \">Un cop completada la diagnosi de la maduresa digital del centre, aix\u00ed com la definici\u00f3 d\u2019objectius amb els seus indicadors i criteris d\u2019assoliment, i un cop planificades les activitats amb els corresponents indicadors d\u2019abast i qualitat, resta programar l\u2019avaluaci\u00f3 de l\u2019estrat\u00e8gia digital de centre.<\/span><\/p>\n\n\n\n<p class=\"zfr3Q CDt4Ke \">Aquesta avaluaci\u00f3 es planteja en tres fases: <strong>cont\u00ednua, anual i final<\/strong>.<\/p>\n\n\n\n<p class=\"zfr3Q CDt4Ke \"><strong>Avaluaci\u00f3 cont\u00ednua<\/strong>: es dur\u00e0 a terme despr\u00e9s de cada activitat a partir dels indicadors d\u2019abast i qualitat, recollits al document de diagnosi i objectius. Si no s\u2019assoleixen els objectius, caldr\u00e0 revisar les activitats i, sempre que sigui possible, repetir-les durant el curs adaptant-les a les necessitats detectades.<\/p>\n\n\n\n<p><strong>Avaluaci\u00f3 anual<\/strong>: tindr\u00e0 lloc al mes de juny, al final del curs escolar, i consistir\u00e0 a revisar el grau d\u2019assoliment dels objectius. En cas d\u2019assoliment parcial, s\u2019hauran d\u2019analitzar les causes i establir mesures de correcci\u00f3 per al curs seg\u00fcent.<\/p>\n\n\n\n<p class=\"zfr3Q CDt4Ke \"><strong>Avaluaci\u00f3 final<\/strong>: es realitzar\u00e0 en acabar la implementaci\u00f3 de l\u2019estrat\u00e8gia digital del centre i consistir\u00e0 en la revisi\u00f3 dels objectius previstos per als quatre cursos. Aquesta avaluaci\u00f3 servir\u00e0 com a punt de partida per al seg\u00fcent per\u00edode del projecte.<\/p>\n\n\n\n<p><\/p>\n","protected":false},"excerpt":{"rendered":"<p>Avaluaci\u00f3 Un cop completada la diagnosi de la maduresa digital del centre, aix\u00ed com la definici\u00f3 d\u2019objectius amb els seus indicadors i criteris d\u2019assoliment, i un cop planificades les activitats amb els corresponents indicadors d\u2019abast i qualitat, resta programar l\u2019avaluaci\u00f3 de l\u2019estrat\u00e8gia digital de centre. Aquesta avaluaci\u00f3 es planteja en tres fases: cont\u00ednua, anual i [&hellip;]<\/p>\n","protected":false},"author":1,"featured_media":0,"parent":8582,"menu_order":0,"comment_status":"closed","ping_status":"closed","template":"","meta":{"_bbp_topic_count":0,"_bbp_reply_count":0,"_bbp_total_topic_count":0,"_bbp_total_reply_count":0,"_bbp_voice_count":0,"_bbp_anonymous_reply_count":0,"_bbp_topic_count_hidden":0,"_bbp_reply_count_hidden":0,"_bbp_forum_subforum_count":0,"site-sidebar-layout":"default","site-content-layout":"","ast-site-content-layout":"default","site-content-style":"default","site-sidebar-style":"default","ast-global-header-display":"","ast-banner-title-visibility":"","ast-main-header-display":"","ast-hfb-above-header-display":"","ast-hfb-below-header-display":"","ast-hfb-mobile-header-display":"","site-post-title":"disabled","ast-breadcrumbs-content":"","ast-featured-img":"","footer-sml-layout":"","theme-transparent-header-meta":"","adv-header-id-meta":"","stick-header-meta":"","header-above-stick-meta":"","header-main-stick-meta":"","header-below-stick-meta":"","astra-migrate-meta-layouts":"set","ast-page-background-enabled":"default","ast-page-background-meta":{"desktop":{"background-color":"var(--ast-global-color-4)","background-image":"","background-repeat":"repeat","background-position":"center center","background-size":"auto","background-attachment":"scroll","background-type":"","background-media":"","overlay-type":"","overlay-color":"","overlay-opacity":"","overlay-gradient":""},"tablet":{"background-color":"","background-image":"","background-repeat":"repeat","background-position":"center center","background-size":"auto","background-attachment":"scroll","background-type":"","background-media":"","overlay-type":"","overlay-color":"","overlay-opacity":"","overlay-gradient":""},"mobile":{"background-color":"","background-image":"","background-repeat":"repeat","background-position":"center center","background-size":"auto","background-attachment":"scroll","background-type":"","background-media":"","overlay-type":"","overlay-color":"","overlay-opacity":"","overlay-gradient":""}},"ast-content-background-meta":{"desktop":{"background-color":"var(--ast-global-color-5)","background-image":"","background-repeat":"repeat","background-position":"center center","background-size":"auto","background-attachment":"scroll","background-type":"","background-media":"","overlay-type":"","overlay-color":"","overlay-opacity":"","overlay-gradient":""},"tablet":{"background-color":"var(--ast-global-color-5)","background-image":"","background-repeat":"repeat","background-position":"center center","background-size":"auto","background-attachment":"scroll","background-type":"","background-media":"","overlay-type":"","overlay-color":"","overlay-opacity":"","overlay-gradient":""},"mobile":{"background-color":"var(--ast-global-color-5)","background-image":"","background-repeat":"repeat","background-position":"center center","background-size":"auto","background-attachment":"scroll","background-type":"","background-media":"","overlay-type":"","overlay-color":"","overlay-opacity":"","overlay-gradient":""}},"footnotes":""},"class_list":["post-8602","page","type-page","status-publish","hentry"],"post_mailing_queue_ids":[],"_links":{"self":[{"href":"https:\/\/agora.xtec.cat\/iescorbera\/wp-json\/wp\/v2\/pages\/8602","targetHints":{"allow":["GET"]}}],"collection":[{"href":"https:\/\/agora.xtec.cat\/iescorbera\/wp-json\/wp\/v2\/pages"}],"about":[{"href":"https:\/\/agora.xtec.cat\/iescorbera\/wp-json\/wp\/v2\/types\/page"}],"author":[{"embeddable":true,"href":"https:\/\/agora.xtec.cat\/iescorbera\/wp-json\/wp\/v2\/users\/1"}],"replies":[{"embeddable":true,"href":"https:\/\/agora.xtec.cat\/iescorbera\/wp-json\/wp\/v2\/comments?post=8602"}],"version-history":[{"count":3,"href":"https:\/\/agora.xtec.cat\/iescorbera\/wp-json\/wp\/v2\/pages\/8602\/revisions"}],"predecessor-version":[{"id":10448,"href":"https:\/\/agora.xtec.cat\/iescorbera\/wp-json\/wp\/v2\/pages\/8602\/revisions\/10448"}],"up":[{"embeddable":true,"href":"https:\/\/agora.xtec.cat\/iescorbera\/wp-json\/wp\/v2\/pages\/8582"}],"wp:attachment":[{"href":"https:\/\/agora.xtec.cat\/iescorbera\/wp-json\/wp\/v2\/media?parent=8602"}],"curies":[{"name":"wp","href":"https:\/\/api.w.org\/{rel}","templated":true}]}}