{"id":8596,"date":"2025-09-23T15:13:19","date_gmt":"2025-09-23T13:13:19","guid":{"rendered":"https:\/\/agora.xtec.cat\/iescorbera\/?page_id=8596"},"modified":"2025-09-23T15:42:29","modified_gmt":"2025-09-23T13:42:29","slug":"edc-ed-objectius","status":"publish","type":"page","link":"https:\/\/agora.xtec.cat\/iescorbera\/estrategia-digital-de-centre\/edc-estrategia\/edc-ed-objectius\/","title":{"rendered":"EDC &#8211; ED &#8211; Objectius"},"content":{"rendered":"\n<h2 class=\"wp-block-heading\">Objectius<\/h2>\n\n\n\n<figure class=\"wp-block-image size-full\"><a href=\"https:\/\/agora.xtec.cat\/iescorbera\/wp-content\/uploads\/usu1465\/2025\/09\/img_EDC_graph_04-1024x637-1.png\"><img loading=\"lazy\" decoding=\"async\" width=\"1024\" height=\"378\" src=\"https:\/\/agora.xtec.cat\/iescorbera\/wp-content\/uploads\/usu1465\/2025\/09\/img_EDC_graph_04-1024x637-1.png\" alt=\"\" class=\"wp-image-10426\" srcset=\"https:\/\/agora.xtec.cat\/iescorbera\/wp-content\/uploads\/usu1465\/2025\/09\/img_EDC_graph_04-1024x637-1.png 1024w, https:\/\/agora.xtec.cat\/iescorbera\/wp-content\/uploads\/usu1465\/2025\/09\/img_EDC_graph_04-1024x637-1-300x111.png 300w, https:\/\/agora.xtec.cat\/iescorbera\/wp-content\/uploads\/usu1465\/2025\/09\/img_EDC_graph_04-1024x637-1-768x284.png 768w\" sizes=\"auto, (max-width: 1024px) 100vw, 1024px\" \/><\/a><\/figure>\n\n\n\n<p>Despr\u00e9s de realitzar la diagnosi, per poder concretar els objectius de l\u2019EDC, cal determinar la visi\u00f3 del centre en l\u2019\u00e0mbit digital i tenir en compte els objectius del PEC i del projecte de direcci\u00f3, sense perdre de vista els objectius del\u00a0<a href=\"https:\/\/agora.xtec.cat\/iescorbera\/estrategia-digital-de-centre\/\">PEDC<\/a>. La conjunci\u00f3 d\u2019aquests aspectes determinar\u00e0 els objectius de l\u2019EDC.\u00a0<\/p>\n\n\n\n<p>La Comissi\u00f3 Digital de Centre (CDC) de l&#8217;Institut Corbera despr\u00e9s de realitzar la diagnosi i fer una avaluaci\u00f3 del centre, va concretar i fixar com a prioritaris 4 objectius:<\/p>\n\n\n\n<ul class=\"wp-block-list\">\n<li><strong>OBJECTIU 1<\/strong>\n<ul class=\"wp-block-list\">\n<li><em>Redactar i implementar un pla d&#8217;acollida digital que permeti a tot el professorat con\u00e8ixer Alexia, Alexia Classroom i l&#8217;\u00fas de les pissarres digitals (tamb\u00e9 els panells interactius).<\/em><\/li>\n<\/ul>\n<\/li>\n\n\n\n<li><strong>OBJECTIU 2<\/strong>\n<ul class=\"wp-block-list\">\n<li><em> Modificar el pla de comunicaci\u00f3 (o el PEC) perqu\u00e8 contempli els acords de centre a nivell de tecnologies digitals.<\/em><\/li>\n<\/ul>\n<\/li>\n\n\n\n<li><strong>OBJECTIU 3<\/strong>\n<ul class=\"wp-block-list\">\n<li><em>Promoure l&#8217;\u00fas dels EVA(1) del centre per augmentar el seguiment i l&#8217;avaluaci\u00f3 dels alumnes.<\/em><\/li>\n<\/ul>\n<\/li>\n\n\n\n<li><strong>OBJECTIU 4<\/strong>\n<ul class=\"wp-block-list\">\n<li><em>Instaurar unes bones pr\u00e0ctiques digitals en el centre i compartir-les amb la resta de tota la comunitat educativa, per preservar la seguretat i privacitat de les dades.<\/em><\/li>\n<\/ul>\n<\/li>\n<\/ul>\n\n\n\n<p><em>(1) EVA &#8211; Entorn Virtual d&#8217;Aprenentatge<\/em><\/p>\n","protected":false},"excerpt":{"rendered":"<p>Objectius Despr\u00e9s de realitzar la diagnosi, per poder concretar els objectius de l\u2019EDC, cal determinar la visi\u00f3 del centre en l\u2019\u00e0mbit digital i tenir en compte els objectius del PEC i del projecte de direcci\u00f3, sense perdre de vista els objectius del\u00a0PEDC. La conjunci\u00f3 d\u2019aquests aspectes determinar\u00e0 els objectius de l\u2019EDC.\u00a0 La Comissi\u00f3 Digital de [&hellip;]<\/p>\n","protected":false},"author":1,"featured_media":0,"parent":8582,"menu_order":0,"comment_status":"closed","ping_status":"closed","template":"","meta":{"_bbp_topic_count":0,"_bbp_reply_count":0,"_bbp_total_topic_count":0,"_bbp_total_reply_count":0,"_bbp_voice_count":0,"_bbp_anonymous_reply_count":0,"_bbp_topic_count_hidden":0,"_bbp_reply_count_hidden":0,"_bbp_forum_subforum_count":0,"site-sidebar-layout":"default","site-content-layout":"","ast-site-content-layout":"default","site-content-style":"default","site-sidebar-style":"default","ast-global-header-display":"","ast-banner-title-visibility":"","ast-main-header-display":"","ast-hfb-above-header-display":"","ast-hfb-below-header-display":"","ast-hfb-mobile-header-display":"","site-post-title":"disabled","ast-breadcrumbs-content":"","ast-featured-img":"","footer-sml-layout":"","theme-transparent-header-meta":"","adv-header-id-meta":"","stick-header-meta":"","header-above-stick-meta":"","header-main-stick-meta":"","header-below-stick-meta":"","astra-migrate-meta-layouts":"set","ast-page-background-enabled":"default","ast-page-background-meta":{"desktop":{"background-color":"var(--ast-global-color-4)","background-image":"","background-repeat":"repeat","background-position":"center center","background-size":"auto","background-attachment":"scroll","background-type":"","background-media":"","overlay-type":"","overlay-color":"","overlay-opacity":"","overlay-gradient":""},"tablet":{"background-color":"","background-image":"","background-repeat":"repeat","background-position":"center center","background-size":"auto","background-attachment":"scroll","background-type":"","background-media":"","overlay-type":"","overlay-color":"","overlay-opacity":"","overlay-gradient":""},"mobile":{"background-color":"","background-image":"","background-repeat":"repeat","background-position":"center center","background-size":"auto","background-attachment":"scroll","background-type":"","background-media":"","overlay-type":"","overlay-color":"","overlay-opacity":"","overlay-gradient":""}},"ast-content-background-meta":{"desktop":{"background-color":"var(--ast-global-color-5)","background-image":"","background-repeat":"repeat","background-position":"center center","background-size":"auto","background-attachment":"scroll","background-type":"","background-media":"","overlay-type":"","overlay-color":"","overlay-opacity":"","overlay-gradient":""},"tablet":{"background-color":"var(--ast-global-color-5)","background-image":"","background-repeat":"repeat","background-position":"center center","background-size":"auto","background-attachment":"scroll","background-type":"","background-media":"","overlay-type":"","overlay-color":"","overlay-opacity":"","overlay-gradient":""},"mobile":{"background-color":"var(--ast-global-color-5)","background-image":"","background-repeat":"repeat","background-position":"center center","background-size":"auto","background-attachment":"scroll","background-type":"","background-media":"","overlay-type":"","overlay-color":"","overlay-opacity":"","overlay-gradient":""}},"footnotes":""},"class_list":["post-8596","page","type-page","status-publish","hentry"],"post_mailing_queue_ids":[],"_links":{"self":[{"href":"https:\/\/agora.xtec.cat\/iescorbera\/wp-json\/wp\/v2\/pages\/8596","targetHints":{"allow":["GET"]}}],"collection":[{"href":"https:\/\/agora.xtec.cat\/iescorbera\/wp-json\/wp\/v2\/pages"}],"about":[{"href":"https:\/\/agora.xtec.cat\/iescorbera\/wp-json\/wp\/v2\/types\/page"}],"author":[{"embeddable":true,"href":"https:\/\/agora.xtec.cat\/iescorbera\/wp-json\/wp\/v2\/users\/1"}],"replies":[{"embeddable":true,"href":"https:\/\/agora.xtec.cat\/iescorbera\/wp-json\/wp\/v2\/comments?post=8596"}],"version-history":[{"count":6,"href":"https:\/\/agora.xtec.cat\/iescorbera\/wp-json\/wp\/v2\/pages\/8596\/revisions"}],"predecessor-version":[{"id":10434,"href":"https:\/\/agora.xtec.cat\/iescorbera\/wp-json\/wp\/v2\/pages\/8596\/revisions\/10434"}],"up":[{"embeddable":true,"href":"https:\/\/agora.xtec.cat\/iescorbera\/wp-json\/wp\/v2\/pages\/8582"}],"wp:attachment":[{"href":"https:\/\/agora.xtec.cat\/iescorbera\/wp-json\/wp\/v2\/media?parent=8596"}],"curies":[{"name":"wp","href":"https:\/\/api.w.org\/{rel}","templated":true}]}}