{"id":8594,"date":"2025-09-23T14:57:23","date_gmt":"2025-09-23T12:57:23","guid":{"rendered":"https:\/\/agora.xtec.cat\/iescorbera\/?page_id=8594"},"modified":"2025-09-23T15:40:11","modified_gmt":"2025-09-23T13:40:11","slug":"edc-ed-diagnosi","status":"publish","type":"page","link":"https:\/\/agora.xtec.cat\/iescorbera\/estrategia-digital-de-centre\/edc-estrategia\/edc-ed-diagnosi\/","title":{"rendered":"EDC- ED &#8211; Diagnosi"},"content":{"rendered":"\n<h2 class=\"wp-block-heading\">Diagnosi<\/h2>\n\n\n\n<p>Les eines emprades per la comissi\u00f3 digital del centre (CDC) per a fer la diagnosi del centre han estat <strong>dos enquestes<\/strong>.<\/p>\n\n\n\n<p>Una primera enquesta, gen\u00e8rica, on s&#8217;ha demanat la participaci\u00f3 de l&#8217;equip directiu, el professorat i l&#8217;alumnat, en la seva totalitat. Una segona, on nom\u00e9s va participar, de manera exclusiva, en el professorat.<\/p>\n\n\n\n<div class=\"wp-block-getwid-accordion has-icon-left\" data-active-element=\"none\">\n<div class=\"wp-block-getwid-accordion__header-wrapper\"><span class=\"wp-block-getwid-accordion__header\"><a href=\"#\"><span class=\"wp-block-getwid-accordion__header-title\">Enquesta SELFIE a a l&#8217;equip directiu,&nbsp;al professorat&nbsp;i a l&#8217;alumnat <\/span><span class=\"wp-block-getwid-accordion__icon is-active\"><i class=\"fas fa-plus\"><\/i><\/span><span class=\"wp-block-getwid-accordion__icon is-passive\"><i class=\"fas fa-minus\"><\/i><\/span><\/a><\/span><\/div><div class=\"wp-block-getwid-accordion__content-wrapper\"><div class=\"wp-block-getwid-accordion__content\">\n<p>La primera enquesta realitzada va ser realitzada entre el 9 i el 19 d&#8217;octubre de 2022 va tenir una participaci\u00f3 de l&#8217;equip directiu, el professorat i l&#8217;alumnat.<\/p>\n\n\n\n<figure class=\"wp-block-image aligncenter size-large\"><a href=\"https:\/\/agora.xtec.cat\/iescorbera\/wp-content\/uploads\/usu1465\/2025\/09\/Participation_CA_MODIF.png\"><img loading=\"lazy\" decoding=\"async\" width=\"1024\" height=\"159\" src=\"https:\/\/agora.xtec.cat\/iescorbera\/wp-content\/uploads\/usu1465\/2025\/09\/Participation_CA_MODIF-1024x159.png\" alt=\"Resultats de participaci\u00f3 de l'enquesta SELFIE a l'Institut de Corbera de Llobregat.\" class=\"wp-image-10417\" srcset=\"https:\/\/agora.xtec.cat\/iescorbera\/wp-content\/uploads\/usu1465\/2025\/09\/Participation_CA_MODIF-1024x159.png 1024w, https:\/\/agora.xtec.cat\/iescorbera\/wp-content\/uploads\/usu1465\/2025\/09\/Participation_CA_MODIF-300x47.png 300w, https:\/\/agora.xtec.cat\/iescorbera\/wp-content\/uploads\/usu1465\/2025\/09\/Participation_CA_MODIF-768x120.png 768w, https:\/\/agora.xtec.cat\/iescorbera\/wp-content\/uploads\/usu1465\/2025\/09\/Participation_CA_MODIF-1536x239.png 1536w, https:\/\/agora.xtec.cat\/iescorbera\/wp-content\/uploads\/usu1465\/2025\/09\/Participation_CA_MODIF-2048x319.png 2048w\" sizes=\"auto, (max-width: 1024px) 100vw, 1024px\" \/><\/a><figcaption class=\"wp-element-caption\"><em>Percentatge de participaci\u00f3 a l&#8217;enquesta SELFIE <\/em><\/figcaption><\/figure>\n\n\n\n<p>Aquesta enquesta va utilitzar al model SELFIE de la Comissi\u00f3 Europea. SELFIE (les sigles en angl\u00e8s de la qual signifiquen \u00abreflexi\u00f3 personal sobre un aprenentatge efectiu mitjan\u00e7ant el foment de la innovaci\u00f3 a trav\u00e9s de tecnologies educatives\u00bb) \u00e9s una eina gratu\u00efta dissenyada per a ajudar els centres educatius a integrar les tecnologies digitals en l&#8217;ensenyament, l&#8217;aprenentatge i l&#8217;avaluaci\u00f3. (<a href=\"https:\/\/education.ec.europa.eu\/es\/selfie\/about-selfie\" target=\"_blank\" rel=\"noreferrer noopener\">https:\/\/education.ec.europa.eu\/es\/selfie\/about-selfie<\/a>)<\/p>\n\n\n\n<p>L&#8217;enquesta SELFIE recull, de manera <strong>an\u00f2nima<\/strong>, les opinions de l&#8217;alumnat, el professorat i l&#8217;equip directiu sobre el mode en qu\u00e8 s&#8217;usen les tecnologies en el seu centre educatiu. Per a aix\u00f2, s&#8217;utilitzen afirmacions i preguntes breus amb una simple escala de l&#8217;1 al 5 per a respondre. Completar totes les preguntes i afirmacions porta uns vint minuts.<\/p>\n\n\n\n<p><\/p>\n<\/div><\/div>\n\n\n\n<div class=\"wp-block-getwid-accordion__header-wrapper\"><span class=\"wp-block-getwid-accordion__header\"><a href=\"#\"><span class=\"wp-block-getwid-accordion__header-title\">Enquesta al professorat<\/span><span class=\"wp-block-getwid-accordion__icon is-active\"><i class=\"fas fa-plus\"><\/i><\/span><span class=\"wp-block-getwid-accordion__icon is-passive\"><i class=\"fas fa-minus\"><\/i><\/span><\/a><\/span><\/div><div class=\"wp-block-getwid-accordion__content-wrapper\"><div class=\"wp-block-getwid-accordion__content\">\n<p>L&#8217;enquesta al professorat es va realitzar mitjan\u00e7ant un formulari de google an\u00f2nim i on es va adaptar la formulaci\u00f3 de les preguntes a les caracter\u00edstiques del centre.<\/p>\n\n\n\n<p><\/p>\n<\/div><\/div>\n<\/div>\n\n\n\n<p>La CDC a partir de l&#8217;an\u00e0lisi dels resultats obtinguts amb aquestes eines detect\u00e0 un conjunt de punts forts i febles (punts de millora) segons els diferents aspectes avaluats.<\/p>\n","protected":false},"excerpt":{"rendered":"<p>Diagnosi Les eines emprades per la comissi\u00f3 digital del centre (CDC) per a fer la diagnosi del centre han estat dos enquestes. Una primera enquesta, gen\u00e8rica, on s&#8217;ha demanat la participaci\u00f3 de l&#8217;equip directiu, el professorat i l&#8217;alumnat, en la seva totalitat. Una segona, on nom\u00e9s va participar, de manera exclusiva, en el professorat. La [&hellip;]<\/p>\n","protected":false},"author":1,"featured_media":0,"parent":8582,"menu_order":0,"comment_status":"closed","ping_status":"closed","template":"","meta":{"_bbp_topic_count":0,"_bbp_reply_count":0,"_bbp_total_topic_count":0,"_bbp_total_reply_count":0,"_bbp_voice_count":0,"_bbp_anonymous_reply_count":0,"_bbp_topic_count_hidden":0,"_bbp_reply_count_hidden":0,"_bbp_forum_subforum_count":0,"site-sidebar-layout":"default","site-content-layout":"","ast-site-content-layout":"default","site-content-style":"default","site-sidebar-style":"default","ast-global-header-display":"","ast-banner-title-visibility":"","ast-main-header-display":"","ast-hfb-above-header-display":"","ast-hfb-below-header-display":"","ast-hfb-mobile-header-display":"","site-post-title":"disabled","ast-breadcrumbs-content":"","ast-featured-img":"","footer-sml-layout":"","theme-transparent-header-meta":"","adv-header-id-meta":"","stick-header-meta":"","header-above-stick-meta":"","header-main-stick-meta":"","header-below-stick-meta":"","astra-migrate-meta-layouts":"set","ast-page-background-enabled":"default","ast-page-background-meta":{"desktop":{"background-color":"var(--ast-global-color-4)","background-image":"","background-repeat":"repeat","background-position":"center center","background-size":"auto","background-attachment":"scroll","background-type":"","background-media":"","overlay-type":"","overlay-color":"","overlay-opacity":"","overlay-gradient":""},"tablet":{"background-color":"","background-image":"","background-repeat":"repeat","background-position":"center center","background-size":"auto","background-attachment":"scroll","background-type":"","background-media":"","overlay-type":"","overlay-color":"","overlay-opacity":"","overlay-gradient":""},"mobile":{"background-color":"","background-image":"","background-repeat":"repeat","background-position":"center center","background-size":"auto","background-attachment":"scroll","background-type":"","background-media":"","overlay-type":"","overlay-color":"","overlay-opacity":"","overlay-gradient":""}},"ast-content-background-meta":{"desktop":{"background-color":"var(--ast-global-color-5)","background-image":"","background-repeat":"repeat","background-position":"center center","background-size":"auto","background-attachment":"scroll","background-type":"","background-media":"","overlay-type":"","overlay-color":"","overlay-opacity":"","overlay-gradient":""},"tablet":{"background-color":"var(--ast-global-color-5)","background-image":"","background-repeat":"repeat","background-position":"center center","background-size":"auto","background-attachment":"scroll","background-type":"","background-media":"","overlay-type":"","overlay-color":"","overlay-opacity":"","overlay-gradient":""},"mobile":{"background-color":"var(--ast-global-color-5)","background-image":"","background-repeat":"repeat","background-position":"center center","background-size":"auto","background-attachment":"scroll","background-type":"","background-media":"","overlay-type":"","overlay-color":"","overlay-opacity":"","overlay-gradient":""}},"footnotes":""},"class_list":["post-8594","page","type-page","status-publish","hentry"],"post_mailing_queue_ids":[],"_links":{"self":[{"href":"https:\/\/agora.xtec.cat\/iescorbera\/wp-json\/wp\/v2\/pages\/8594","targetHints":{"allow":["GET"]}}],"collection":[{"href":"https:\/\/agora.xtec.cat\/iescorbera\/wp-json\/wp\/v2\/pages"}],"about":[{"href":"https:\/\/agora.xtec.cat\/iescorbera\/wp-json\/wp\/v2\/types\/page"}],"author":[{"embeddable":true,"href":"https:\/\/agora.xtec.cat\/iescorbera\/wp-json\/wp\/v2\/users\/1"}],"replies":[{"embeddable":true,"href":"https:\/\/agora.xtec.cat\/iescorbera\/wp-json\/wp\/v2\/comments?post=8594"}],"version-history":[{"count":6,"href":"https:\/\/agora.xtec.cat\/iescorbera\/wp-json\/wp\/v2\/pages\/8594\/revisions"}],"predecessor-version":[{"id":10445,"href":"https:\/\/agora.xtec.cat\/iescorbera\/wp-json\/wp\/v2\/pages\/8594\/revisions\/10445"}],"up":[{"embeddable":true,"href":"https:\/\/agora.xtec.cat\/iescorbera\/wp-json\/wp\/v2\/pages\/8582"}],"wp:attachment":[{"href":"https:\/\/agora.xtec.cat\/iescorbera\/wp-json\/wp\/v2\/media?parent=8594"}],"curies":[{"name":"wp","href":"https:\/\/api.w.org\/{rel}","templated":true}]}}