{"id":8572,"date":"2025-09-23T14:26:08","date_gmt":"2025-09-23T12:26:08","guid":{"rendered":"https:\/\/agora.xtec.cat\/iescorbera\/?page_id=8572"},"modified":"2025-11-27T14:07:22","modified_gmt":"2025-11-27T13:07:22","slug":"estrategia-digital-de-centre","status":"publish","type":"page","link":"https:\/\/agora.xtec.cat\/iescorbera\/estrategia-digital-de-centre\/","title":{"rendered":"Estrat\u00e8gia Digital de Centre (EDC)"},"content":{"rendered":"\n<h1 class=\"wp-block-heading zfr3Q duRjpb CDt4Ke\" id=\"h.kdtsfm9xz3of\"><span class=\"C9DxTc \">Qu\u00e8 \u00e9s l&#8217;estrat\u00e8gia digital del centre o EDC?<\/span><\/h1>\n\n\n\n<p>Benvinguts al nostre espai d&#8217;estrat\u00e8gia digital de centre.<\/p>\n\n\n\n<div class=\"wp-block-columns is-layout-flex wp-container-core-columns-is-layout-1 wp-block-columns-is-layout-flex\">\n<div class=\"wp-block-column is-layout-flow wp-block-column-is-layout-flow\" style=\"flex-basis:50%\">\n<p><a href=\"https:\/\/projectes.xtec.cat\/edc-suport\/\" target=\"_blank\" rel=\"noreferrer noopener\">L\u2019Estrat\u00e8gia Digital de Centre<\/a>&nbsp;(EDC) \u00e9s un document que recull totes les accions que es realitzen en un centre, i les que es realitzaran a mitj\u00e0 termini,&nbsp;per aconseguir-la&nbsp;m\u00e0xima compet\u00e8ncia digital de l\u2019alumnat, del professorat i del centre educatiu. <\/p>\n<\/div>\n\n\n\n<div class=\"wp-block-column is-layout-flow wp-block-column-is-layout-flow\" style=\"flex-basis:50%\">\n<figure class=\"wp-block-embed is-type-video is-provider-youtube wp-block-embed-youtube wp-embed-aspect-16-9 wp-has-aspect-ratio\"><div class=\"wp-block-embed__wrapper\">\n<div class=\"ast-oembed-container \" style=\"height: 100%;\"><iframe loading=\"lazy\" title=\"Estrat\u00e8gia digital de centre\" width=\"500\" height=\"281\" src=\"https:\/\/www.youtube.com\/embed\/uS5UUZIYLPQ?feature=oembed\" frameborder=\"0\" allow=\"accelerometer; autoplay; clipboard-write; encrypted-media; gyroscope; picture-in-picture; web-share\" referrerpolicy=\"strict-origin-when-cross-origin\" allowfullscreen><\/iframe><\/div>\n<\/div><\/figure>\n<\/div>\n<\/div>\n\n\n\n<p>L&#8217;EDC ha de tenir com a referent el&nbsp;Pla d\u2019educaci\u00f3 digital de Catalunya (PEDC), on s\u2019indica la necessitat d\u2019assolir la fita d\u2019una societat digitalment competent, fent \u00e8mfasi en l\u2019equitat i tenint en compte l\u2019evoluci\u00f3 del context social i tecnol\u00f2gic. (Font:&nbsp;<a href=\"https:\/\/projectes.xtec.cat\/edc-suport\/\" target=\"_blank\" rel=\"noreferrer noopener\">https:\/\/projectes.xtec.cat\/edc-suport\/<\/a>)&nbsp;&nbsp;<\/p>\n\n\n\n<div class=\"wp-block-columns is-layout-flex wp-container-core-columns-is-layout-2 wp-block-columns-is-layout-flex\">\n<div class=\"wp-block-column is-layout-flow wp-block-column-is-layout-flow\" style=\"flex-basis:33.33%\">\n<div class=\"wp-block-getwid-image-hotspot\" data-appearance-animation=\"none\" data-image-points=\"[{&quot;link&quot;:&quot;https:\/\/agora.xtec.cat\/iescorbera\/estrategia-digital-de-centre\/edc-estrategia\/&quot;,&quot;icon&quot;:&quot;&quot;,&quot;title&quot;:&quot;Estrat\u00e8gia Digital (ED)&quot;,&quot;color&quot;:&quot;&quot;,&quot;content&quot;:&quot;&quot;,&quot;backgroundColor&quot;:&quot;var(--ast-global-color-0)&quot;,&quot;newTab&quot;:false,&quot;popUpOpen&quot;:false,&quot;popUpWidth&quot;:350,&quot;placement&quot;:&quot;top&quot;,&quot;position&quot;:{&quot;x&quot;:&quot;37.96%&quot;,&quot;y&quot;:&quot;29.89%&quot;}},{&quot;link&quot;:&quot;https:\/\/agora.xtec.cat\/iescorbera\/estrategia-digital-de-centre\/edc-cultura-digital\/&quot;,&quot;icon&quot;:&quot;&quot;,&quot;title&quot;:&quot;Cultura Digital (CD)&quot;,&quot;color&quot;:&quot;&quot;,&quot;content&quot;:&quot;&quot;,&quot;backgroundColor&quot;:&quot;var(--ast-global-color-0)&quot;,&quot;newTab&quot;:false,&quot;popUpOpen&quot;:false,&quot;popUpWidth&quot;:350,&quot;placement&quot;:&quot;top&quot;,&quot;position&quot;:{&quot;x&quot;:&quot;86.29%&quot;,&quot;y&quot;:&quot;30.18%&quot;}}]\" data-trigger=\"click\" data-theme=\"light\" data-tooltip-animation=\"shift-toward\" data-arrow=\"true\"><div class=\"wp-block-getwid-image-hotspot__wrapper\"><img loading=\"lazy\" decoding=\"async\" width=\"598\" height=\"1031\" src=\"https:\/\/agora.xtec.cat\/iescorbera\/wp-content\/uploads\/usu1465\/2025\/09\/EDC.png\" alt=\"\" class=\"wp-block-getwid-image-hotspot__image wp-image-10399\" srcset=\"https:\/\/agora.xtec.cat\/iescorbera\/wp-content\/uploads\/usu1465\/2025\/09\/EDC.png 598w, https:\/\/agora.xtec.cat\/iescorbera\/wp-content\/uploads\/usu1465\/2025\/09\/EDC-174x300.png 174w, https:\/\/agora.xtec.cat\/iescorbera\/wp-content\/uploads\/usu1465\/2025\/09\/EDC-594x1024.png 594w\" sizes=\"auto, (max-width: 598px) 100vw, 598px\" \/><div data-point-id=\"0\" class=\"wp-block-getwid-image-hotspot__dot has-animation-pulse\" style=\"left:37.96%;top:29.89%;background-color:var(--ast-global-color-0)\"><div class=\"wp-block-getwid-image-hotspot__dot-wrapper\"><div class=\"wp-block-getwid-image-hotspot__dot-content\"><i class=\"fas fa-plus wp-block-getwid-image-hotspot__dot-icon\"><\/i><\/div><\/div><div class=\"wp-block-getwid-image-hotspot__dot-description\"><div class=\"wp-block-getwid-image-hotspot__dot-title\"><a href=\"https:\/\/agora.xtec.cat\/iescorbera\/estrategia-digital-de-centre\/edc-estrategia\/\">Estrat\u00e8gia Digital (ED)<\/a><\/div><\/div><\/div><div data-point-id=\"1\" class=\"wp-block-getwid-image-hotspot__dot has-animation-pulse\" style=\"left:86.29%;top:30.18%;background-color:var(--ast-global-color-0)\"><div class=\"wp-block-getwid-image-hotspot__dot-wrapper\"><div class=\"wp-block-getwid-image-hotspot__dot-content\"><i class=\"fas fa-plus wp-block-getwid-image-hotspot__dot-icon\"><\/i><\/div><\/div><div class=\"wp-block-getwid-image-hotspot__dot-description\"><div class=\"wp-block-getwid-image-hotspot__dot-title\"><a href=\"https:\/\/agora.xtec.cat\/iescorbera\/estrategia-digital-de-centre\/edc-cultura-digital\/\">Cultura Digital (CD)<\/a><\/div><\/div><\/div><\/div><\/div>\n<\/div>\n\n\n\n<div class=\"wp-block-column is-layout-flow wp-block-column-is-layout-flow\" style=\"flex-basis:66.66%\">\n<p>Al&nbsp;Projecte Educatiu de Centre&nbsp;(PEC), dintre de l&#8217;objectiu prioritari&nbsp;Millorar els resultats educatius, es plantegen un grup d&#8217;actuacions relacionades amb el desplegament de l&#8217;Estrat\u00e8gia Digital de Centre.<\/p>\n\n\n\n<p>Amb la implementaci\u00f3 del Pla d&#8217;Educaci\u00f3 Digital de Catalunya 20-23, el centre ha rebut una dotaci\u00f3 de material i una millora de la connectivitat Wi-Fi substancial, el qual ha perm\u00e8s dotar a l&#8217;alumnat i al professorat de dispositius que faciliten l&#8217;exploraci\u00f3 de metodologies m\u00e9s actives i universals. Aix\u00f2 ha perm\u00e8s millorar la nostra resposta educativa a diferents contextos per a tot l&#8217;alumnat.<\/p>\n<\/div>\n<\/div>\n\n\n\n<p>Juntament amb la formaci\u00f3 continuada del professorat, aquesta estrat\u00e8gia digital est\u00e0 orientada a tenir un impacte als nostres tres objectius estrat\u00e8gics:&nbsp;<em>Millorar els resultats educatius<\/em>,&nbsp;<em>Millorar la cohesi\u00f3 social<\/em>&nbsp;i&nbsp;<em>Garantir la confian\u00e7a dels grups d&#8217;inter\u00e8s<\/em>.<\/p>\n","protected":false},"excerpt":{"rendered":"<p>Qu\u00e8 \u00e9s l&#8217;estrat\u00e8gia digital del centre o EDC? Benvinguts al nostre espai d&#8217;estrat\u00e8gia digital de centre. L\u2019Estrat\u00e8gia Digital de Centre&nbsp;(EDC) \u00e9s un document que recull totes les accions que es realitzen en un centre, i les que es realitzaran a mitj\u00e0 termini,&nbsp;per aconseguir-la&nbsp;m\u00e0xima compet\u00e8ncia digital de l\u2019alumnat, del professorat i del centre educatiu. L&#8217;EDC ha [&hellip;]<\/p>\n","protected":false},"author":1,"featured_media":0,"parent":0,"menu_order":0,"comment_status":"closed","ping_status":"closed","template":"","meta":{"_bbp_topic_count":0,"_bbp_reply_count":0,"_bbp_total_topic_count":0,"_bbp_total_reply_count":0,"_bbp_voice_count":0,"_bbp_anonymous_reply_count":0,"_bbp_topic_count_hidden":0,"_bbp_reply_count_hidden":0,"_bbp_forum_subforum_count":0,"site-sidebar-layout":"default","site-content-layout":"","ast-site-content-layout":"default","site-content-style":"default","site-sidebar-style":"default","ast-global-header-display":"","ast-banner-title-visibility":"","ast-main-header-display":"","ast-hfb-above-header-display":"","ast-hfb-below-header-display":"","ast-hfb-mobile-header-display":"","site-post-title":"","ast-breadcrumbs-content":"","ast-featured-img":"","footer-sml-layout":"","theme-transparent-header-meta":"","adv-header-id-meta":"","stick-header-meta":"","header-above-stick-meta":"","header-main-stick-meta":"","header-below-stick-meta":"","astra-migrate-meta-layouts":"set","ast-page-background-enabled":"default","ast-page-background-meta":{"desktop":{"background-color":"var(--ast-global-color-4)","background-image":"","background-repeat":"repeat","background-position":"center center","background-size":"auto","background-attachment":"scroll","background-type":"","background-media":"","overlay-type":"","overlay-color":"","overlay-opacity":"","overlay-gradient":""},"tablet":{"background-color":"","background-image":"","background-repeat":"repeat","background-position":"center center","background-size":"auto","background-attachment":"scroll","background-type":"","background-media":"","overlay-type":"","overlay-color":"","overlay-opacity":"","overlay-gradient":""},"mobile":{"background-color":"","background-image":"","background-repeat":"repeat","background-position":"center center","background-size":"auto","background-attachment":"scroll","background-type":"","background-media":"","overlay-type":"","overlay-color":"","overlay-opacity":"","overlay-gradient":""}},"ast-content-background-meta":{"desktop":{"background-color":"var(--ast-global-color-5)","background-image":"","background-repeat":"repeat","background-position":"center center","background-size":"auto","background-attachment":"scroll","background-type":"","background-media":"","overlay-type":"","overlay-color":"","overlay-opacity":"","overlay-gradient":""},"tablet":{"background-color":"var(--ast-global-color-5)","background-image":"","background-repeat":"repeat","background-position":"center center","background-size":"auto","background-attachment":"scroll","background-type":"","background-media":"","overlay-type":"","overlay-color":"","overlay-opacity":"","overlay-gradient":""},"mobile":{"background-color":"var(--ast-global-color-5)","background-image":"","background-repeat":"repeat","background-position":"center center","background-size":"auto","background-attachment":"scroll","background-type":"","background-media":"","overlay-type":"","overlay-color":"","overlay-opacity":"","overlay-gradient":""}},"footnotes":""},"class_list":["post-8572","page","type-page","status-publish","hentry"],"post_mailing_queue_ids":[],"_links":{"self":[{"href":"https:\/\/agora.xtec.cat\/iescorbera\/wp-json\/wp\/v2\/pages\/8572","targetHints":{"allow":["GET"]}}],"collection":[{"href":"https:\/\/agora.xtec.cat\/iescorbera\/wp-json\/wp\/v2\/pages"}],"about":[{"href":"https:\/\/agora.xtec.cat\/iescorbera\/wp-json\/wp\/v2\/types\/page"}],"author":[{"embeddable":true,"href":"https:\/\/agora.xtec.cat\/iescorbera\/wp-json\/wp\/v2\/users\/1"}],"replies":[{"embeddable":true,"href":"https:\/\/agora.xtec.cat\/iescorbera\/wp-json\/wp\/v2\/comments?post=8572"}],"version-history":[{"count":6,"href":"https:\/\/agora.xtec.cat\/iescorbera\/wp-json\/wp\/v2\/pages\/8572\/revisions"}],"predecessor-version":[{"id":10672,"href":"https:\/\/agora.xtec.cat\/iescorbera\/wp-json\/wp\/v2\/pages\/8572\/revisions\/10672"}],"wp:attachment":[{"href":"https:\/\/agora.xtec.cat\/iescorbera\/wp-json\/wp\/v2\/media?parent=8572"}],"curies":[{"name":"wp","href":"https:\/\/api.w.org\/{rel}","templated":true}]}}