{"id":7124,"date":"2023-05-12T14:26:04","date_gmt":"2023-05-12T12:26:04","guid":{"rendered":"https:\/\/agora.xtec.cat\/iescorbera\/?page_id=7124"},"modified":"2025-06-10T12:23:34","modified_gmt":"2025-06-10T10:23:34","slug":"curriculum-de-btx-per-al-curs-2023-24","status":"publish","type":"page","link":"https:\/\/agora.xtec.cat\/iescorbera\/curriculum-de-btx-per-al-curs-2023-24\/","title":{"rendered":"Curr\u00edculum de Batxillerat"},"content":{"rendered":"<h2>Curr\u00edculum de Batxillerat per al curs 2025-26<\/h2>\n<p style=\"padding-left: 40px;\">\ud83d\udccc Curr\u00edculum de 1r de Batxillerat (<a href=\"https:\/\/ja.cat\/0KpJ8\" target=\"_blank\" rel=\"noopener\">enlla\u00e7<\/a>)<\/p>\n<p style=\"padding-left: 40px;\">\ud83d\udccc Curr\u00edculum de 2n de Batxillerat (<a href=\"https:\/\/ja.cat\/NPBKs\" target=\"_blank\" rel=\"noopener\">enlla\u00e7<\/a>)<\/p>\n<h2><\/h2>\n<h3>Hist\u00f2ric<\/h3>\n<h4>Curr\u00edculum de Batxillerat per al curs 2024-25<\/h4>\n<ul>\n<li style=\"list-style-type: none;\">\n<ul>\n<li>Curr\u00edculum de 1r de Batxillerat<a href=\"https:\/\/ja.cat\/sK8VZ\" target=\"_blank\" rel=\"noopener\"> (enlla\u00e7)<\/a><\/li>\n<li>Curr\u00edculum de 2n de Batxillerat <a href=\"https:\/\/ja.cat\/AUJJ9\" target=\"_blank\" rel=\"noopener\">(enlla\u00e7)<\/a><\/li>\n<\/ul>\n<\/li>\n<\/ul>\n","protected":false},"excerpt":{"rendered":"<p>Curr\u00edculum de Batxillerat per al curs 2025-26 \ud83d\udccc Curr\u00edculum de 1r de Batxillerat (enlla\u00e7) \ud83d\udccc Curr\u00edculum de 2n de Batxillerat (enlla\u00e7) Hist\u00f2ric Curr\u00edculum de Batxillerat per al curs 2024-25 Curr\u00edculum de 1r de Batxillerat (enlla\u00e7) Curr\u00edculum de 2n de Batxillerat (enlla\u00e7)<\/p>\n","protected":false},"author":1,"featured_media":0,"parent":0,"menu_order":0,"comment_status":"closed","ping_status":"closed","template":"","meta":{"_bbp_topic_count":0,"_bbp_reply_count":0,"_bbp_total_topic_count":0,"_bbp_total_reply_count":0,"_bbp_voice_count":0,"_bbp_anonymous_reply_count":0,"_bbp_topic_count_hidden":0,"_bbp_reply_count_hidden":0,"_bbp_forum_subforum_count":0,"site-sidebar-layout":"default","site-content-layout":"","ast-site-content-layout":"","site-content-style":"default","site-sidebar-style":"default","ast-global-header-display":"","ast-banner-title-visibility":"","ast-main-header-display":"","ast-hfb-above-header-display":"","ast-hfb-below-header-display":"","ast-hfb-mobile-header-display":"","site-post-title":"","ast-breadcrumbs-content":"","ast-featured-img":"","footer-sml-layout":"","theme-transparent-header-meta":"","adv-header-id-meta":"","stick-header-meta":"","header-above-stick-meta":"","header-main-stick-meta":"","header-below-stick-meta":"","astra-migrate-meta-layouts":"default","ast-page-background-enabled":"default","ast-page-background-meta":{"desktop":{"background-color":"var(--ast-global-color-4)","background-image":"","background-repeat":"repeat","background-position":"center center","background-size":"auto","background-attachment":"scroll","background-type":"","background-media":"","overlay-type":"","overlay-color":"","overlay-opacity":"","overlay-gradient":""},"tablet":{"background-color":"","background-image":"","background-repeat":"repeat","background-position":"center center","background-size":"auto","background-attachment":"scroll","background-type":"","background-media":"","overlay-type":"","overlay-color":"","overlay-opacity":"","overlay-gradient":""},"mobile":{"background-color":"","background-image":"","background-repeat":"repeat","background-position":"center center","background-size":"auto","background-attachment":"scroll","background-type":"","background-media":"","overlay-type":"","overlay-color":"","overlay-opacity":"","overlay-gradient":""}},"ast-content-background-meta":{"desktop":{"background-color":"var(--ast-global-color-5)","background-image":"","background-repeat":"repeat","background-position":"center center","background-size":"auto","background-attachment":"scroll","background-type":"","background-media":"","overlay-type":"","overlay-color":"","overlay-opacity":"","overlay-gradient":""},"tablet":{"background-color":"var(--ast-global-color-5)","background-image":"","background-repeat":"repeat","background-position":"center center","background-size":"auto","background-attachment":"scroll","background-type":"","background-media":"","overlay-type":"","overlay-color":"","overlay-opacity":"","overlay-gradient":""},"mobile":{"background-color":"var(--ast-global-color-5)","background-image":"","background-repeat":"repeat","background-position":"center center","background-size":"auto","background-attachment":"scroll","background-type":"","background-media":"","overlay-type":"","overlay-color":"","overlay-opacity":"","overlay-gradient":""}},"footnotes":""},"class_list":["post-7124","page","type-page","status-publish","hentry"],"post_mailing_queue_ids":[],"_links":{"self":[{"href":"https:\/\/agora.xtec.cat\/iescorbera\/wp-json\/wp\/v2\/pages\/7124","targetHints":{"allow":["GET"]}}],"collection":[{"href":"https:\/\/agora.xtec.cat\/iescorbera\/wp-json\/wp\/v2\/pages"}],"about":[{"href":"https:\/\/agora.xtec.cat\/iescorbera\/wp-json\/wp\/v2\/types\/page"}],"author":[{"embeddable":true,"href":"https:\/\/agora.xtec.cat\/iescorbera\/wp-json\/wp\/v2\/users\/1"}],"replies":[{"embeddable":true,"href":"https:\/\/agora.xtec.cat\/iescorbera\/wp-json\/wp\/v2\/comments?post=7124"}],"version-history":[{"count":6,"href":"https:\/\/agora.xtec.cat\/iescorbera\/wp-json\/wp\/v2\/pages\/7124\/revisions"}],"predecessor-version":[{"id":9892,"href":"https:\/\/agora.xtec.cat\/iescorbera\/wp-json\/wp\/v2\/pages\/7124\/revisions\/9892"}],"wp:attachment":[{"href":"https:\/\/agora.xtec.cat\/iescorbera\/wp-json\/wp\/v2\/media?parent=7124"}],"curies":[{"name":"wp","href":"https:\/\/api.w.org\/{rel}","templated":true}]}}