{"id":5392,"date":"2021-04-23T09:58:15","date_gmt":"2021-04-23T07:58:15","guid":{"rendered":"http:\/\/agora.xtec.cat\/iescorbera\/?page_id=5392"},"modified":"2025-10-09T14:24:02","modified_gmt":"2025-10-09T12:24:02","slug":"orientacio-academica","status":"publish","type":"page","link":"https:\/\/agora.xtec.cat\/iescorbera\/orientacio-academica\/","title":{"rendered":"Orientaci\u00f3 acad\u00e8mica"},"content":{"rendered":"<h2>Batxillerat<\/h2>\n<h3 style=\"padding-left: 40px;\"><a href=\"https:\/\/ja.cat\/MwCLv\" target=\"_blank\" rel=\"noopener\">Reuni\u00f3 &#8220;I despr\u00e9s del Batxillerat, qu\u00e8?&#8221;<\/a><\/h3>\n<h3 style=\"padding-left: 40px;\"><a href=\"https:\/\/ja.cat\/m7fPf\" target=\"_blank\" rel=\"noopener\">Presentaci\u00f3 &#8220;Formaci\u00f3 Professional Inicial<\/a>&#8220;<\/h3>\n<h2>ESO<\/h2>\n<h3 style=\"text-align: left; padding-left: 40px;\"><span style=\"color: #000000;\"><a style=\"color: #000000;\" href=\"https:\/\/ja.cat\/xdEYm\" target=\"_blank\" rel=\"noopener\">Reuni\u00f3 &#8220;I despr\u00e9s de l&#8217;ESO, qu\u00e8?&#8221;<\/a><\/span><\/h3>\n<h3 style=\"padding-left: 40px;\"><span style=\"color: #000000;\"><a style=\"color: #000000;\" href=\"https:\/\/sites.google.com\/view\/exemplesiteoa4inscorbera\/inici?authuser=0\">Programa d&#8217;orientaci\u00f3 vocacional (POV 4t d&#8217;ESO)<\/a><\/span><\/h3>\n<h2>General<\/h2>\n<h3 style=\"text-align: left; padding-left: 40px;\"><a href=\"http:\/\/triaeducativa.gencat.cat\">Web tem\u00e0tic d&#8217;acompanyament en la tria educativa<\/a><\/h3>\n","protected":false},"excerpt":{"rendered":"<p>Batxillerat Reuni\u00f3 &#8220;I despr\u00e9s del Batxillerat, qu\u00e8?&#8221; Presentaci\u00f3 &#8220;Formaci\u00f3 Professional Inicial&#8220; ESO Reuni\u00f3 &#8220;I despr\u00e9s de l&#8217;ESO, qu\u00e8?&#8221; Programa d&#8217;orientaci\u00f3 vocacional (POV 4t d&#8217;ESO) General Web tem\u00e0tic d&#8217;acompanyament en la tria educativa<\/p>\n","protected":false},"author":1,"featured_media":0,"parent":0,"menu_order":0,"comment_status":"closed","ping_status":"closed","template":"","meta":{"_bbp_topic_count":0,"_bbp_reply_count":0,"_bbp_total_topic_count":0,"_bbp_total_reply_count":0,"_bbp_voice_count":0,"_bbp_anonymous_reply_count":0,"_bbp_topic_count_hidden":0,"_bbp_reply_count_hidden":0,"_bbp_forum_subforum_count":0,"site-sidebar-layout":"default","site-content-layout":"","ast-site-content-layout":"default","site-content-style":"default","site-sidebar-style":"default","ast-global-header-display":"","ast-banner-title-visibility":"","ast-main-header-display":"","ast-hfb-above-header-display":"","ast-hfb-below-header-display":"","ast-hfb-mobile-header-display":"","site-post-title":"","ast-breadcrumbs-content":"","ast-featured-img":"","footer-sml-layout":"","theme-transparent-header-meta":"","adv-header-id-meta":"","stick-header-meta":"","header-above-stick-meta":"","header-main-stick-meta":"","header-below-stick-meta":"","astra-migrate-meta-layouts":"set","ast-page-background-enabled":"default","ast-page-background-meta":{"desktop":{"background-color":"var(--ast-global-color-4)","background-image":"","background-repeat":"repeat","background-position":"center center","background-size":"auto","background-attachment":"scroll","background-type":"","background-media":"","overlay-type":"","overlay-color":"","overlay-opacity":"","overlay-gradient":""},"tablet":{"background-color":"","background-image":"","background-repeat":"repeat","background-position":"center center","background-size":"auto","background-attachment":"scroll","background-type":"","background-media":"","overlay-type":"","overlay-color":"","overlay-opacity":"","overlay-gradient":""},"mobile":{"background-color":"","background-image":"","background-repeat":"repeat","background-position":"center center","background-size":"auto","background-attachment":"scroll","background-type":"","background-media":"","overlay-type":"","overlay-color":"","overlay-opacity":"","overlay-gradient":""}},"ast-content-background-meta":{"desktop":{"background-color":"var(--ast-global-color-5)","background-image":"","background-repeat":"repeat","background-position":"center center","background-size":"auto","background-attachment":"scroll","background-type":"","background-media":"","overlay-type":"","overlay-color":"","overlay-opacity":"","overlay-gradient":""},"tablet":{"background-color":"var(--ast-global-color-5)","background-image":"","background-repeat":"repeat","background-position":"center center","background-size":"auto","background-attachment":"scroll","background-type":"","background-media":"","overlay-type":"","overlay-color":"","overlay-opacity":"","overlay-gradient":""},"mobile":{"background-color":"var(--ast-global-color-5)","background-image":"","background-repeat":"repeat","background-position":"center center","background-size":"auto","background-attachment":"scroll","background-type":"","background-media":"","overlay-type":"","overlay-color":"","overlay-opacity":"","overlay-gradient":""}},"footnotes":""},"class_list":["post-5392","page","type-page","status-publish","hentry"],"post_mailing_queue_ids":[],"_links":{"self":[{"href":"https:\/\/agora.xtec.cat\/iescorbera\/wp-json\/wp\/v2\/pages\/5392","targetHints":{"allow":["GET"]}}],"collection":[{"href":"https:\/\/agora.xtec.cat\/iescorbera\/wp-json\/wp\/v2\/pages"}],"about":[{"href":"https:\/\/agora.xtec.cat\/iescorbera\/wp-json\/wp\/v2\/types\/page"}],"author":[{"embeddable":true,"href":"https:\/\/agora.xtec.cat\/iescorbera\/wp-json\/wp\/v2\/users\/1"}],"replies":[{"embeddable":true,"href":"https:\/\/agora.xtec.cat\/iescorbera\/wp-json\/wp\/v2\/comments?post=5392"}],"version-history":[{"count":6,"href":"https:\/\/agora.xtec.cat\/iescorbera\/wp-json\/wp\/v2\/pages\/5392\/revisions"}],"predecessor-version":[{"id":10564,"href":"https:\/\/agora.xtec.cat\/iescorbera\/wp-json\/wp\/v2\/pages\/5392\/revisions\/10564"}],"wp:attachment":[{"href":"https:\/\/agora.xtec.cat\/iescorbera\/wp-json\/wp\/v2\/media?parent=5392"}],"curies":[{"name":"wp","href":"https:\/\/api.w.org\/{rel}","templated":true}]}}