{"id":4862,"date":"2021-01-21T12:11:31","date_gmt":"2021-01-21T11:11:31","guid":{"rendered":"http:\/\/agora.xtec.cat\/iescorbera\/?page_id=4862"},"modified":"2021-01-22T11:27:06","modified_gmt":"2021-01-22T10:27:06","slug":"etapes-del-projecte","status":"publish","type":"page","link":"https:\/\/agora.xtec.cat\/iescorbera\/escola-verda\/etapes-del-projecte\/","title":{"rendered":"Etapes del projecte"},"content":{"rendered":"<p>&nbsp;<\/p>\n<p>Curs 2019-20: dur a terme el pla d\u2019acci\u00f3.<\/p>\n<p>Curs 2020-21: dur a terme el pla d\u2019acci\u00f3 i la seva avaluaci\u00f3 a fi de saber si s\u2019han complert els objectius.<\/p>\n<ul>\n<li>El reconeixement que el centre forma part de la xarxa d\u2019escoles verdes es realitza, per primera vegada, despr\u00e9s d\u2019haver executat satisfact\u00f2riament el primer Pla d\u2019acci\u00f3 de centre i d\u2019haver obtingut el certificat del primer seminari d\u2019equip de centre.<\/li>\n<li>Cada curs es revisa i s\u2019actualitza el PA.<\/li>\n<li>Cada 4 anys, el centre duu a terme una autoavaluaci\u00f3 global que implica una revisi\u00f3 del Pla d\u2019Educaci\u00f3 per a la Sostenibilitat (als centres p\u00fablics, aquesta avaluaci\u00f3 coincideix amb la renovaci\u00f3 del projecte de direcci\u00f3).<\/li>\n<li>Cada 8 anys, el centre actualitza el seu Pla d\u2019educaci\u00f3 per a la sostenibilitat. \u00c9s a dir, fa una autoavaluaci\u00f3 global m\u00e9s profunda, que implica una nova diagnosi de la situaci\u00f3 en qu\u00e8 es troba el centre, identifica els nous objectius estrat\u00e8gics que cal assolir i fa una nova prioritzaci\u00f3 d\u2019aquests objectius. I, finalment, concreta el Pla d\u2019acci\u00f3 per al proper curs escolar.<\/li>\n<\/ul>\n<p><strong><em>Volem ser escola verda, volem aprendre a prendre consci\u00e8ncia en sostenibilitat, volem construir un aprenentatge continu\u00a0 des del respecte per l&#8217;entorn. Aquest prop\u00f2sit\u00a0no s&#8217;aconsegueix amb un distintiu penjat a la paret, sin\u00f3 amb la convicci\u00f3 d&#8217;un treball continu i a pas ferm&#8230;<\/em><\/strong><\/p>\n","protected":false},"excerpt":{"rendered":"<p>&nbsp; Curs 2019-20: dur a terme el pla d\u2019acci\u00f3. Curs 2020-21: dur a terme el pla d\u2019acci\u00f3 i la seva avaluaci\u00f3 a fi de saber si s\u2019han complert els objectius. El reconeixement que el centre forma part de la xarxa d\u2019escoles verdes es realitza, per primera vegada, despr\u00e9s d\u2019haver executat satisfact\u00f2riament el primer Pla d\u2019acci\u00f3 [&hellip;]<\/p>\n","protected":false},"author":1,"featured_media":0,"parent":4854,"menu_order":20,"comment_status":"closed","ping_status":"closed","template":"page-templates\/side-menu.php","meta":{"_bbp_topic_count":0,"_bbp_reply_count":0,"_bbp_total_topic_count":0,"_bbp_total_reply_count":0,"_bbp_voice_count":0,"_bbp_anonymous_reply_count":0,"_bbp_topic_count_hidden":0,"_bbp_reply_count_hidden":0,"_bbp_forum_subforum_count":0,"site-sidebar-layout":"default","site-content-layout":"","ast-site-content-layout":"","site-content-style":"default","site-sidebar-style":"default","ast-global-header-display":"","ast-banner-title-visibility":"","ast-main-header-display":"","ast-hfb-above-header-display":"","ast-hfb-below-header-display":"","ast-hfb-mobile-header-display":"","site-post-title":"","ast-breadcrumbs-content":"","ast-featured-img":"","footer-sml-layout":"","theme-transparent-header-meta":"","adv-header-id-meta":"","stick-header-meta":"","header-above-stick-meta":"","header-main-stick-meta":"","header-below-stick-meta":"","astra-migrate-meta-layouts":"default","ast-page-background-enabled":"default","ast-page-background-meta":{"desktop":{"background-color":"var(--ast-global-color-4)","background-image":"","background-repeat":"repeat","background-position":"center center","background-size":"auto","background-attachment":"scroll","background-type":"","background-media":"","overlay-type":"","overlay-color":"","overlay-opacity":"","overlay-gradient":""},"tablet":{"background-color":"","background-image":"","background-repeat":"repeat","background-position":"center center","background-size":"auto","background-attachment":"scroll","background-type":"","background-media":"","overlay-type":"","overlay-color":"","overlay-opacity":"","overlay-gradient":""},"mobile":{"background-color":"","background-image":"","background-repeat":"repeat","background-position":"center center","background-size":"auto","background-attachment":"scroll","background-type":"","background-media":"","overlay-type":"","overlay-color":"","overlay-opacity":"","overlay-gradient":""}},"ast-content-background-meta":{"desktop":{"background-color":"var(--ast-global-color-5)","background-image":"","background-repeat":"repeat","background-position":"center center","background-size":"auto","background-attachment":"scroll","background-type":"","background-media":"","overlay-type":"","overlay-color":"","overlay-opacity":"","overlay-gradient":""},"tablet":{"background-color":"var(--ast-global-color-5)","background-image":"","background-repeat":"repeat","background-position":"center center","background-size":"auto","background-attachment":"scroll","background-type":"","background-media":"","overlay-type":"","overlay-color":"","overlay-opacity":"","overlay-gradient":""},"mobile":{"background-color":"var(--ast-global-color-5)","background-image":"","background-repeat":"repeat","background-position":"center center","background-size":"auto","background-attachment":"scroll","background-type":"","background-media":"","overlay-type":"","overlay-color":"","overlay-opacity":"","overlay-gradient":""}},"footnotes":""},"class_list":["post-4862","page","type-page","status-publish","hentry"],"post_mailing_queue_ids":[],"_links":{"self":[{"href":"https:\/\/agora.xtec.cat\/iescorbera\/wp-json\/wp\/v2\/pages\/4862","targetHints":{"allow":["GET"]}}],"collection":[{"href":"https:\/\/agora.xtec.cat\/iescorbera\/wp-json\/wp\/v2\/pages"}],"about":[{"href":"https:\/\/agora.xtec.cat\/iescorbera\/wp-json\/wp\/v2\/types\/page"}],"author":[{"embeddable":true,"href":"https:\/\/agora.xtec.cat\/iescorbera\/wp-json\/wp\/v2\/users\/1"}],"replies":[{"embeddable":true,"href":"https:\/\/agora.xtec.cat\/iescorbera\/wp-json\/wp\/v2\/comments?post=4862"}],"version-history":[{"count":2,"href":"https:\/\/agora.xtec.cat\/iescorbera\/wp-json\/wp\/v2\/pages\/4862\/revisions"}],"predecessor-version":[{"id":4877,"href":"https:\/\/agora.xtec.cat\/iescorbera\/wp-json\/wp\/v2\/pages\/4862\/revisions\/4877"}],"up":[{"embeddable":true,"href":"https:\/\/agora.xtec.cat\/iescorbera\/wp-json\/wp\/v2\/pages\/4854"}],"wp:attachment":[{"href":"https:\/\/agora.xtec.cat\/iescorbera\/wp-json\/wp\/v2\/media?parent=4862"}],"curies":[{"name":"wp","href":"https:\/\/api.w.org\/{rel}","templated":true}]}}