{"id":4860,"date":"2021-01-21T12:10:28","date_gmt":"2021-01-21T11:10:28","guid":{"rendered":"http:\/\/agora.xtec.cat\/iescorbera\/?page_id=4860"},"modified":"2021-11-15T10:09:43","modified_gmt":"2021-11-15T09:09:43","slug":"equip-impulsor-comite-escola-verda","status":"publish","type":"page","link":"https:\/\/agora.xtec.cat\/iescorbera\/escola-verda\/equip-impulsor-comite-escola-verda\/","title":{"rendered":"Equip impulsor comit\u00e8 Escola verda"},"content":{"rendered":"<p>&nbsp;<\/p>\n<p><strong>Equip impulsor: <\/strong><\/p>\n<p>Lourdes Allepuz (Departament de Catal\u00e0)<\/p>\n<p>Cinta Llop (Departament de Ci\u00e8ncies Socials)<\/p>\n<p>M\u00f2nica Montilla (Departament de Ci\u00e8ncies Experimentals)<\/p>\n<p>Comptem amb el suport i la col\u00b7laboraci\u00f3 de tot el claustre.<\/p>\n<p><strong>Comit\u00e8 ESCOLA VERDA (comit\u00e9 ambiental): <\/strong>format per<\/p>\n<ul>\n<li>professorat (equip impulsor)<\/li>\n<li>representant equip directiu (Coordinaci\u00f3 Pedag\u00f2gica: Ernest Alcoba)<\/li>\n<li>delegat de l\u2019alumnat (1 per cada tutoria)<\/li>\n<li>representant Ajuntament<\/li>\n<li>representant fam\u00edlies<\/li>\n<\/ul>\n","protected":false},"excerpt":{"rendered":"<p>&nbsp; Equip impulsor: Lourdes Allepuz (Departament de Catal\u00e0) Cinta Llop (Departament de Ci\u00e8ncies Socials) M\u00f2nica Montilla (Departament de Ci\u00e8ncies Experimentals) Comptem amb el suport i la col\u00b7laboraci\u00f3 de tot el claustre. Comit\u00e8 ESCOLA VERDA (comit\u00e9 ambiental): format per professorat (equip impulsor) representant equip directiu (Coordinaci\u00f3 Pedag\u00f2gica: Ernest Alcoba) delegat de l\u2019alumnat (1 per cada tutoria) [&hellip;]<\/p>\n","protected":false},"author":1,"featured_media":0,"parent":4854,"menu_order":10,"comment_status":"closed","ping_status":"closed","template":"page-templates\/side-menu.php","meta":{"_bbp_topic_count":0,"_bbp_reply_count":0,"_bbp_total_topic_count":0,"_bbp_total_reply_count":0,"_bbp_voice_count":0,"_bbp_anonymous_reply_count":0,"_bbp_topic_count_hidden":0,"_bbp_reply_count_hidden":0,"_bbp_forum_subforum_count":0,"site-sidebar-layout":"default","site-content-layout":"","ast-site-content-layout":"","site-content-style":"default","site-sidebar-style":"default","ast-global-header-display":"","ast-banner-title-visibility":"","ast-main-header-display":"","ast-hfb-above-header-display":"","ast-hfb-below-header-display":"","ast-hfb-mobile-header-display":"","site-post-title":"","ast-breadcrumbs-content":"","ast-featured-img":"","footer-sml-layout":"","theme-transparent-header-meta":"","adv-header-id-meta":"","stick-header-meta":"","header-above-stick-meta":"","header-main-stick-meta":"","header-below-stick-meta":"","astra-migrate-meta-layouts":"default","ast-page-background-enabled":"default","ast-page-background-meta":{"desktop":{"background-color":"var(--ast-global-color-4)","background-image":"","background-repeat":"repeat","background-position":"center center","background-size":"auto","background-attachment":"scroll","background-type":"","background-media":"","overlay-type":"","overlay-color":"","overlay-opacity":"","overlay-gradient":""},"tablet":{"background-color":"","background-image":"","background-repeat":"repeat","background-position":"center center","background-size":"auto","background-attachment":"scroll","background-type":"","background-media":"","overlay-type":"","overlay-color":"","overlay-opacity":"","overlay-gradient":""},"mobile":{"background-color":"","background-image":"","background-repeat":"repeat","background-position":"center center","background-size":"auto","background-attachment":"scroll","background-type":"","background-media":"","overlay-type":"","overlay-color":"","overlay-opacity":"","overlay-gradient":""}},"ast-content-background-meta":{"desktop":{"background-color":"var(--ast-global-color-5)","background-image":"","background-repeat":"repeat","background-position":"center center","background-size":"auto","background-attachment":"scroll","background-type":"","background-media":"","overlay-type":"","overlay-color":"","overlay-opacity":"","overlay-gradient":""},"tablet":{"background-color":"var(--ast-global-color-5)","background-image":"","background-repeat":"repeat","background-position":"center center","background-size":"auto","background-attachment":"scroll","background-type":"","background-media":"","overlay-type":"","overlay-color":"","overlay-opacity":"","overlay-gradient":""},"mobile":{"background-color":"var(--ast-global-color-5)","background-image":"","background-repeat":"repeat","background-position":"center center","background-size":"auto","background-attachment":"scroll","background-type":"","background-media":"","overlay-type":"","overlay-color":"","overlay-opacity":"","overlay-gradient":""}},"footnotes":""},"class_list":["post-4860","page","type-page","status-publish","hentry"],"post_mailing_queue_ids":[],"_links":{"self":[{"href":"https:\/\/agora.xtec.cat\/iescorbera\/wp-json\/wp\/v2\/pages\/4860","targetHints":{"allow":["GET"]}}],"collection":[{"href":"https:\/\/agora.xtec.cat\/iescorbera\/wp-json\/wp\/v2\/pages"}],"about":[{"href":"https:\/\/agora.xtec.cat\/iescorbera\/wp-json\/wp\/v2\/types\/page"}],"author":[{"embeddable":true,"href":"https:\/\/agora.xtec.cat\/iescorbera\/wp-json\/wp\/v2\/users\/1"}],"replies":[{"embeddable":true,"href":"https:\/\/agora.xtec.cat\/iescorbera\/wp-json\/wp\/v2\/comments?post=4860"}],"version-history":[{"count":3,"href":"https:\/\/agora.xtec.cat\/iescorbera\/wp-json\/wp\/v2\/pages\/4860\/revisions"}],"predecessor-version":[{"id":5752,"href":"https:\/\/agora.xtec.cat\/iescorbera\/wp-json\/wp\/v2\/pages\/4860\/revisions\/5752"}],"up":[{"embeddable":true,"href":"https:\/\/agora.xtec.cat\/iescorbera\/wp-json\/wp\/v2\/pages\/4854"}],"wp:attachment":[{"href":"https:\/\/agora.xtec.cat\/iescorbera\/wp-json\/wp\/v2\/media?parent=4860"}],"curies":[{"name":"wp","href":"https:\/\/api.w.org\/{rel}","templated":true}]}}