{"id":4330,"date":"2020-02-06T11:03:16","date_gmt":"2020-02-06T10:03:16","guid":{"rendered":"http:\/\/agora.xtec.cat\/iescorbera\/?page_id=4330"},"modified":"2026-02-25T08:19:08","modified_gmt":"2026-02-25T07:19:08","slug":"treballs-de-recerca","status":"publish","type":"page","link":"https:\/\/agora.xtec.cat\/iescorbera\/treballs-de-recerca\/","title":{"rendered":"Treballs de recerca"},"content":{"rendered":"\n<h2 class=\"wp-block-heading\"><span lang=\"es\">Presentaci\u00f3<\/span><\/h2>\n\n\n\n<p><span lang=\"es\">Els treballs que us presentem enguany representen un pas m\u00e9s en els esfor\u00e7os que els Departaments conjuntament amb la Coordinaci\u00f3 de Batxillerat estan fent per ajudar-vos a concretar el tema del vostre treball de recerca.<\/span><\/p>\n\n\n\n<p><span lang=\"es\">La tasca d&#8217;informaci\u00f3 de qu\u00e8 \u00e9s el treball de recerca i com s&#8217;ha d&#8217;afrontar, aix\u00ed com la reflexi\u00f3 personal sobre els \u00e0mbits que m\u00e9s us interessen o pels quals teniu m\u00e9s facilitat, es duu a terme durant aquest darrer trimestre a les sessions de tutoria. Despr\u00e9s en restar\u00e0 la part final que \u00e9s la concreci\u00f3 del tema i dels objectius generals que es pretenen.<\/span><\/p>\n\n\n\n<p><span lang=\"es\">Aquestes propostes&nbsp; poden&nbsp; ajudar a aquelles persones que, tot i saber la mat\u00e8ria sobre la qual volen treballar, no en tenen prou coneixements per a poder proposar un treball que s&#8217;ajusti al temps del qual disposaran per fer-lo, ni saben els mitjans amb qu\u00e8 compten els Departaments per poder-lo portar a terme.<\/span><\/p>\n\n\n\n<p><span lang=\"es\">Penseu, malgrat aix\u00f2, que les propostes aqu\u00ed expressades no s\u00f3n tancades i que sempre es pot negociar amb el Departament corresponent aspectes concrets d&#8217;algunes d&#8217;elles. Tamb\u00e9 \u00e9s possible acceptar noves propostes que faci un o una alumna si es veu factible i adequat als objectius que es pretenen amb la realitzaci\u00f3 d&#8217;un treball de recerca.<\/span><\/p>\n\n\n\n<p><span lang=\"es\">Volem demanar-vos, doncs, que llegiu amb atenci\u00f3 aquestes p\u00e0gines i que poseu la m\u00e0xima cura en l&#8217;elecci\u00f3 que fareu. L&#8217;experi\u00e8ncia dels cursos anteriors durant els quals ja s&#8217;han fet treballs de recerca al nostre Institut, ens demostra que \u00e9s important que des de l&#8217;inici hi poseu el treball i la il\u00b7lusi\u00f3 necessaris per assolir els resultats desitjats. Bona sort!<\/span><\/p>\n\n\n\n<h2 class=\"wp-block-heading\">Documents<\/h2>\n\n\n\n<ul class=\"wp-block-list\">\n<li><a href=\"https:\/\/ja.cat\/skoW5\" target=\"_blank\" rel=\"noreferrer noopener\">Dossier Treball de Recerca (2026-27)<\/a><\/li>\n\n\n\n<li><a href=\"https:\/\/ja.cat\/LqFFp\" target=\"_blank\" rel=\"noreferrer noopener\">Acta d&#8217;avaluaci\u00f3 del TR (2026-27)<\/a><\/li>\n\n\n\n<li><a href=\"https:\/\/ja.cat\/u98a6\" target=\"_blank\" rel=\"noreferrer noopener\">Calendari inicial del TR&nbsp; (2026-27)<em>&nbsp;<\/em><\/a><\/li>\n\n\n\n<li><a href=\"https:\/\/ja.cat\/ZrKmk\" target=\"_blank\" rel=\"noreferrer noopener\">Planificaci\u00f3 del Treball de Recerca (2026-27)<\/a><\/li>\n<\/ul>\n\n\n\n<h3 class=\"wp-block-heading\">Sol\u00b7licitud del Treball de Recerca (2026-27)<\/h3>\n\n\n\n<div class=\"wp-block-buttons is-content-justification-center is-layout-flex wp-container-core-buttons-is-layout-1 wp-block-buttons-is-layout-flex\">\n<div class=\"wp-block-button\"><a class=\"wp-block-button__link wp-element-button\" href=\"https:\/\/ja.cat\/ffbqT\" target=\"_blank\" rel=\"noreferrer noopener\">Formulari Proposta Departaments<\/a><\/div>\n\n\n\n<div class=\"wp-block-button\"><a class=\"wp-block-button__link wp-element-button\" href=\"https:\/\/ja.cat\/iCyib\" target=\"_blank\" rel=\"noreferrer noopener\">Formulari Proposta Pr\u00f2pia<\/a><\/div>\n<\/div>\n\n\n\n<h2 class=\"wp-block-heading\">Propostes de treball de recerca<\/h2>\n\n\n\n<p>Les propostes de treball de recerca estan agrupades per departaments.<\/p>\n\n\n\n<p class=\"has-text-align-center\"><strong><a href=\"https:\/\/ja.cat\/8bpwY\" target=\"_blank\" rel=\"noreferrer noopener\">Llistat general<\/a> dels TR proposats pels Departaments.<\/strong><\/p>\n\n\n\n<figure class=\"wp-block-table  aligncenter\"><table class=\"has-fixed-layout\"><tbody><tr><td class=\"has-text-align-center\" data-align=\"center\"><a href=\"https:\/\/ja.cat\/sqoNq\" target=\"_blank\" rel=\"noreferrer noopener\">Castella i cl\u00e0ssiques<\/a><\/td><\/tr><tr><td class=\"has-text-align-center\" data-align=\"center\"><a href=\"https:\/\/ja.cat\/YGoXQ\" target=\"_blank\" rel=\"noreferrer noopener\">Catal\u00e0<\/a><\/td><\/tr><tr><td class=\"has-text-align-center\" data-align=\"center\"><a href=\"https:\/\/ja.cat\/L684E\" target=\"_blank\" rel=\"noreferrer noopener\">Lleng\u00fces estrangeres (Angl\u00e8s i Franc\u00e8s)<\/a><\/td><\/tr><tr><td class=\"has-text-align-center\" data-align=\"center\"><a href=\"https:\/\/ja.cat\/RJYbN\" target=\"_blank\" rel=\"noreferrer noopener\">Matem\u00e0tiques<\/a><\/td><\/tr><tr><td class=\"has-text-align-center\" data-align=\"center\"><a href=\"https:\/\/ja.cat\/Ne3nO\" target=\"_blank\" rel=\"noreferrer noopener\">Orientaci\u00f3<\/a><\/td><\/tr><tr><td class=\"has-text-align-center\" data-align=\"center\"><a href=\"https:\/\/ja.cat\/eCuH1\" target=\"_blank\" rel=\"noreferrer noopener\">Tecnologia i Economia<\/a><\/td><\/tr><tr><td class=\"has-text-align-center\" data-align=\"center\"><a href=\"https:\/\/ja.cat\/vLyf9\" target=\"_blank\" rel=\"noreferrer noopener\">Ci\u00e8ncies Experimentals<\/a><\/td><\/tr><tr><td class=\"has-text-align-center\" data-align=\"center\"><a href=\"https:\/\/ja.cat\/w02qA\" target=\"_blank\" rel=\"noreferrer noopener\">Ci\u00e8ncies socials i filosofia<\/a><\/td><\/tr><tr><td class=\"has-text-align-center\" data-align=\"center\"><a href=\"https:\/\/ja.cat\/nYKWz\" target=\"_blank\" rel=\"noopener\">Expressi\u00f3 (Educaci\u00f3 f\u00edsica<\/a><a href=\"https:\/\/ja.cat\/YFiLp\" target=\"_blank\" rel=\"noreferrer noopener\">; M\u00fasica; Visual i Pl\u00e0stica)<\/a><\/td><\/tr><\/tbody><\/table><\/figure>\n\n\n\n<p>&nbsp;<\/p>\n","protected":false},"excerpt":{"rendered":"<p>Presentaci\u00f3 Els treballs que us presentem enguany representen un pas m\u00e9s en els esfor\u00e7os que els Departaments conjuntament amb la Coordinaci\u00f3 de Batxillerat estan fent per ajudar-vos a concretar el tema del vostre treball de recerca. La tasca d&#8217;informaci\u00f3 de qu\u00e8 \u00e9s el treball de recerca i com s&#8217;ha d&#8217;afrontar, aix\u00ed com la reflexi\u00f3 personal [&hellip;]<\/p>\n","protected":false},"author":1,"featured_media":0,"parent":0,"menu_order":0,"comment_status":"closed","ping_status":"closed","template":"","meta":{"_bbp_topic_count":0,"_bbp_reply_count":0,"_bbp_total_topic_count":0,"_bbp_total_reply_count":0,"_bbp_voice_count":0,"_bbp_anonymous_reply_count":0,"_bbp_topic_count_hidden":0,"_bbp_reply_count_hidden":0,"_bbp_forum_subforum_count":0,"site-sidebar-layout":"default","site-content-layout":"","ast-site-content-layout":"default","site-content-style":"default","site-sidebar-style":"default","ast-global-header-display":"","ast-banner-title-visibility":"","ast-main-header-display":"","ast-hfb-above-header-display":"","ast-hfb-below-header-display":"","ast-hfb-mobile-header-display":"","site-post-title":"","ast-breadcrumbs-content":"","ast-featured-img":"","footer-sml-layout":"","theme-transparent-header-meta":"","adv-header-id-meta":"","stick-header-meta":"","header-above-stick-meta":"","header-main-stick-meta":"","header-below-stick-meta":"","astra-migrate-meta-layouts":"set","ast-page-background-enabled":"default","ast-page-background-meta":{"desktop":{"background-color":"var(--ast-global-color-4)","background-image":"","background-repeat":"repeat","background-position":"center center","background-size":"auto","background-attachment":"scroll","background-type":"","background-media":"","overlay-type":"","overlay-color":"","overlay-opacity":"","overlay-gradient":""},"tablet":{"background-color":"","background-image":"","background-repeat":"repeat","background-position":"center center","background-size":"auto","background-attachment":"scroll","background-type":"","background-media":"","overlay-type":"","overlay-color":"","overlay-opacity":"","overlay-gradient":""},"mobile":{"background-color":"","background-image":"","background-repeat":"repeat","background-position":"center center","background-size":"auto","background-attachment":"scroll","background-type":"","background-media":"","overlay-type":"","overlay-color":"","overlay-opacity":"","overlay-gradient":""}},"ast-content-background-meta":{"desktop":{"background-color":"var(--ast-global-color-5)","background-image":"","background-repeat":"repeat","background-position":"center center","background-size":"auto","background-attachment":"scroll","background-type":"","background-media":"","overlay-type":"","overlay-color":"","overlay-opacity":"","overlay-gradient":""},"tablet":{"background-color":"var(--ast-global-color-5)","background-image":"","background-repeat":"repeat","background-position":"center center","background-size":"auto","background-attachment":"scroll","background-type":"","background-media":"","overlay-type":"","overlay-color":"","overlay-opacity":"","overlay-gradient":""},"mobile":{"background-color":"var(--ast-global-color-5)","background-image":"","background-repeat":"repeat","background-position":"center center","background-size":"auto","background-attachment":"scroll","background-type":"","background-media":"","overlay-type":"","overlay-color":"","overlay-opacity":"","overlay-gradient":""}},"footnotes":""},"class_list":["post-4330","page","type-page","status-publish","hentry"],"post_mailing_queue_ids":[],"_links":{"self":[{"href":"https:\/\/agora.xtec.cat\/iescorbera\/wp-json\/wp\/v2\/pages\/4330","targetHints":{"allow":["GET"]}}],"collection":[{"href":"https:\/\/agora.xtec.cat\/iescorbera\/wp-json\/wp\/v2\/pages"}],"about":[{"href":"https:\/\/agora.xtec.cat\/iescorbera\/wp-json\/wp\/v2\/types\/page"}],"author":[{"embeddable":true,"href":"https:\/\/agora.xtec.cat\/iescorbera\/wp-json\/wp\/v2\/users\/1"}],"replies":[{"embeddable":true,"href":"https:\/\/agora.xtec.cat\/iescorbera\/wp-json\/wp\/v2\/comments?post=4330"}],"version-history":[{"count":6,"href":"https:\/\/agora.xtec.cat\/iescorbera\/wp-json\/wp\/v2\/pages\/4330\/revisions"}],"predecessor-version":[{"id":11034,"href":"https:\/\/agora.xtec.cat\/iescorbera\/wp-json\/wp\/v2\/pages\/4330\/revisions\/11034"}],"wp:attachment":[{"href":"https:\/\/agora.xtec.cat\/iescorbera\/wp-json\/wp\/v2\/media?parent=4330"}],"curies":[{"name":"wp","href":"https:\/\/api.w.org\/{rel}","templated":true}]}}