{"id":43,"date":"2026-03-03T09:50:48","date_gmt":"2026-03-03T08:50:48","guid":{"rendered":"http:\/\/agora.xtec.cat\/iescorbera\/?page_id=43"},"modified":"2026-03-03T10:18:51","modified_gmt":"2026-03-03T09:18:51","slug":"consell-escolar","status":"publish","type":"page","link":"https:\/\/agora.xtec.cat\/iescorbera\/linstitut\/consell-escolar\/","title":{"rendered":"Consell escolar"},"content":{"rendered":"\n<h2 class=\"wp-block-heading\">Composici\u00f3 del Consell Escolar (Curs 2025-2026 )<\/h2>\n\n\n\n<figure class=\"wp-block-table\"><table class=\"has-fixed-layout\"><tbody><tr><td>Directora<\/td><td>M\u00f2nica Montilla Ferreres<\/td><\/tr><tr><td>Cap d\u2019estudis<\/td><td>Merc\u00e8 Morales Garc\u00eda<\/td><\/tr><tr><td>Secret\u00e0ria<\/td><td>Susana Burriel Cort\u00e9s<\/td><\/tr><tr><td>Representants pares i mares<\/td><td>Elisabeth Olid Castilla<br>Sandra Nueva Suri\u00f1ach<\/td><\/tr><tr><td>Representants de l\u2019alumnat<\/td><td>Claudia Guillen Gonz\u00e1lez<br>Ainhoa Moreno Vi\u00f1as<br>Xavier Sol\u00e0 Val\u00e8ncia<\/td><\/tr><tr><td>Representant de l\u2019AFA<\/td><td>M\u00edriam Tintor\u00e9 Ejarque<\/td><\/tr><tr><td>Representants del professorat<\/td><td>Max P\u00e0rraga D\u00edaz<br>Olga Ibars Feliu<br>Ana Eva L\u00f3pez S\u00e1nchez<br>Cristina Vives D\u00edaz<br>V\u00edctor M. Ruiz Mart\u00ed<br>Lidia Garcia G\u00f3mez<\/td><\/tr><tr><td>Representant PAS<\/td><td>Carlos Arenas L\u00f3pez<\/td><\/tr><tr><td>PAE<\/td><td>N\u00faria Casamayor P\u00e9rez<\/td><\/tr><tr><td>Representant de l\u2019Ajuntament<\/td><td>Zaida Ortega Caro<\/td><\/tr><\/tbody><\/table><\/figure>\n\n\n\n<h2 class=\"wp-block-heading\">Comissions Consell Escolar<\/h2>\n\n\n\n<figure class=\"wp-block-table\"><table class=\"has-fixed-layout\"><tbody><tr><td>Comissi\u00f3 permanent<\/td><td>M\u00f2nica Montilla Ferreres<br>Elisabeth Olid Castilla<br>Cristina Vives D\u00edaz<br>Claudia Guillen Gonz\u00e1lez<\/td><\/tr><tr><td>Comissi\u00f3 econ\u00f2mica<\/td><td>M\u00f2nica Montilla Ferreres<br>Susana Burriel Cort\u00e9s<br>Ainhoa Moreno Vi\u00f1as<br>Lidia Garcia G\u00f3mez<br>Sandra Nueva Suri\u00f1ach<\/td><\/tr><tr><td>Representant coeducaci\u00f3<\/td><td>Max P\u00e0rraga D\u00edaz<\/td><\/tr><tr><td>Representants Consell Escolar Municipal<\/td><td>M\u00f2nica Montilla Ferreres<br>Olga Ibars Feliu \/ Ana Eva L\u00f3pez S\u00e1nchez<br>M\u00edriam Tintor\u00e9 Ejarque<br>Xavier Sol\u00e0 Val\u00e8ncia<\/td><\/tr><tr><td>Comissi\u00f3 de conviv\u00e8ncia<\/td><td>M\u00f2nica Montilla Ferreres<br>Merc\u00e8 Morales Garcia<br>V\u00edctor M. Ruiz Mart\u00ed<br>Elisabeth Olid Castilla<br>Xavier Sol\u00e0 Val\u00e8ncia<\/td><\/tr><\/tbody><\/table><\/figure>\n\n\n\n<h3 class=\"wp-block-heading\">Funcions del Consell Escolar ( Article 148 )<\/h3>\n\n\n\n<ol class=\"wp-block-list\">\n<li>Participar en l\u2019aprovaci\u00f3 del projecte educatiu i les seves modificacions. El consell escolar ha de ser consultat per la Direcci\u00f3 de manera preceptiva per valorar la proposta del projecte educatiu i manifestar el seu suport amb una majoria de tres cinquenes parts dels membres.<\/li>\n\n\n\n<li>Participar en l\u2019aprovaci\u00f3 de la programaci\u00f3 general anual del centre, de les normes de funcionament i de la gesti\u00f3 econ\u00f2mica del centre. El consell escolar ha de ser consultat de manera preceptiva per valorar cada una de les propostes i manifestar el seu suport per majoria simple dels membres. i avaluar-ne el desenvolupament i els resultats.<\/li>\n\n\n\n<li>Avaluar l\u2019aplicaci\u00f3 del projecte educatiu del centre i de les seves modificacions aix\u00ed com la resta de documents de gesti\u00f3 del centre.<\/li>\n\n\n\n<li>Ser consultat preceptivament pel director abans que aquest aprovi el pressupost. Fer el seguiment del pressupost, comprovant l\u2019aplicaci\u00f3 dels recursos econ\u00f2mics. Valorar la liquidaci\u00f3 del pressupost.<\/li>\n\n\n\n<li>Aprovar les propostes d\u2019acords de coresponsabilitat, convenis i altres acords de col\u00b7laboraci\u00f3 del centre amb entitats o institucions.<\/li>\n\n\n\n<li>Intervenir en el procediment d\u2019admissi\u00f3 d\u2019alumnes.<\/li>\n\n\n\n<li>Participar en el procediment de selecci\u00f3 i en la proposta de cessament del director o directora.<\/li>\n\n\n\n<li>Intervenir en la resoluci\u00f3 de conflictes i, si escau, revisar les sancions dels alumnes.<\/li>\n\n\n\n<li>Aprovar les directrius per a la programaci\u00f3 d\u2019activitats escolars complement\u00e0ries i d\u2019activitats extraescolars, i avaluar-ne el desenvolupament.<\/li>\n\n\n\n<li>Participar en les an\u00e0lisis i les avaluacions del funcionament general del centre i con\u00e8ixer l\u2019evoluci\u00f3 del rendiment escolar.<\/li>\n\n\n\n<li>Aprovar els criteris de col\u00b7laboraci\u00f3 amb altres centres i amb l\u2019entorn.<\/li>\n\n\n\n<li>Qualsevol altra que li sigui atribu\u00efda per les normes legals o reglament\u00e0ries.<\/li>\n<\/ol>\n","protected":false},"excerpt":{"rendered":"<p>Composici\u00f3 del Consell Escolar (Curs 2025-2026 ) Directora M\u00f2nica Montilla Ferreres Cap d\u2019estudis Merc\u00e8 Morales Garc\u00eda Secret\u00e0ria Susana Burriel Cort\u00e9s Representants pares i mares Elisabeth Olid CastillaSandra Nueva Suri\u00f1ach Representants de l\u2019alumnat Claudia Guillen Gonz\u00e1lezAinhoa Moreno Vi\u00f1asXavier Sol\u00e0 Val\u00e8ncia Representant de l\u2019AFA M\u00edriam Tintor\u00e9 Ejarque Representants del professorat Max P\u00e0rraga D\u00edazOlga Ibars FeliuAna Eva L\u00f3pez [&hellip;]<\/p>\n","protected":false},"author":1,"featured_media":0,"parent":19,"menu_order":60,"comment_status":"closed","ping_status":"closed","template":"","meta":{"_bbp_topic_count":0,"_bbp_reply_count":0,"_bbp_total_topic_count":0,"_bbp_total_reply_count":0,"_bbp_voice_count":0,"_bbp_anonymous_reply_count":0,"_bbp_topic_count_hidden":0,"_bbp_reply_count_hidden":0,"_bbp_forum_subforum_count":0,"site-sidebar-layout":"default","site-content-layout":"","ast-site-content-layout":"default","site-content-style":"default","site-sidebar-style":"default","ast-global-header-display":"","ast-banner-title-visibility":"","ast-main-header-display":"","ast-hfb-above-header-display":"","ast-hfb-below-header-display":"","ast-hfb-mobile-header-display":"","site-post-title":"","ast-breadcrumbs-content":"","ast-featured-img":"","footer-sml-layout":"","theme-transparent-header-meta":"","adv-header-id-meta":"","stick-header-meta":"","header-above-stick-meta":"","header-main-stick-meta":"","header-below-stick-meta":"","astra-migrate-meta-layouts":"set","ast-page-background-enabled":"default","ast-page-background-meta":{"desktop":{"background-color":"var(--ast-global-color-4)","background-image":"","background-repeat":"repeat","background-position":"center center","background-size":"auto","background-attachment":"scroll","background-type":"","background-media":"","overlay-type":"","overlay-color":"","overlay-opacity":"","overlay-gradient":""},"tablet":{"background-color":"","background-image":"","background-repeat":"repeat","background-position":"center center","background-size":"auto","background-attachment":"scroll","background-type":"","background-media":"","overlay-type":"","overlay-color":"","overlay-opacity":"","overlay-gradient":""},"mobile":{"background-color":"","background-image":"","background-repeat":"repeat","background-position":"center center","background-size":"auto","background-attachment":"scroll","background-type":"","background-media":"","overlay-type":"","overlay-color":"","overlay-opacity":"","overlay-gradient":""}},"ast-content-background-meta":{"desktop":{"background-color":"var(--ast-global-color-5)","background-image":"","background-repeat":"repeat","background-position":"center center","background-size":"auto","background-attachment":"scroll","background-type":"","background-media":"","overlay-type":"","overlay-color":"","overlay-opacity":"","overlay-gradient":""},"tablet":{"background-color":"var(--ast-global-color-5)","background-image":"","background-repeat":"repeat","background-position":"center center","background-size":"auto","background-attachment":"scroll","background-type":"","background-media":"","overlay-type":"","overlay-color":"","overlay-opacity":"","overlay-gradient":""},"mobile":{"background-color":"var(--ast-global-color-5)","background-image":"","background-repeat":"repeat","background-position":"center center","background-size":"auto","background-attachment":"scroll","background-type":"","background-media":"","overlay-type":"","overlay-color":"","overlay-opacity":"","overlay-gradient":""}},"footnotes":""},"class_list":["post-43","page","type-page","status-publish","hentry"],"post_mailing_queue_ids":[],"_links":{"self":[{"href":"https:\/\/agora.xtec.cat\/iescorbera\/wp-json\/wp\/v2\/pages\/43","targetHints":{"allow":["GET"]}}],"collection":[{"href":"https:\/\/agora.xtec.cat\/iescorbera\/wp-json\/wp\/v2\/pages"}],"about":[{"href":"https:\/\/agora.xtec.cat\/iescorbera\/wp-json\/wp\/v2\/types\/page"}],"author":[{"embeddable":true,"href":"https:\/\/agora.xtec.cat\/iescorbera\/wp-json\/wp\/v2\/users\/1"}],"replies":[{"embeddable":true,"href":"https:\/\/agora.xtec.cat\/iescorbera\/wp-json\/wp\/v2\/comments?post=43"}],"version-history":[{"count":5,"href":"https:\/\/agora.xtec.cat\/iescorbera\/wp-json\/wp\/v2\/pages\/43\/revisions"}],"predecessor-version":[{"id":11079,"href":"https:\/\/agora.xtec.cat\/iescorbera\/wp-json\/wp\/v2\/pages\/43\/revisions\/11079"}],"up":[{"embeddable":true,"href":"https:\/\/agora.xtec.cat\/iescorbera\/wp-json\/wp\/v2\/pages\/19"}],"wp:attachment":[{"href":"https:\/\/agora.xtec.cat\/iescorbera\/wp-json\/wp\/v2\/media?parent=43"}],"curies":[{"name":"wp","href":"https:\/\/api.w.org\/{rel}","templated":true}]}}