{"id":2371,"date":"2017-09-29T08:37:47","date_gmt":"2017-09-29T06:37:47","guid":{"rendered":"http:\/\/agora.xtec.cat\/iescorbera\/?page_id=2371"},"modified":"2017-09-29T10:54:52","modified_gmt":"2017-09-29T08:54:52","slug":"projecte-etwinning","status":"publish","type":"page","link":"https:\/\/agora.xtec.cat\/iescorbera\/projecte-etwinning\/","title":{"rendered":"Projecte eTwinning"},"content":{"rendered":"<p><a href=\"http:\/\/agora.xtec.cat\/iescorbera\/wp-content\/uploads\/usu1465\/2017\/09\/etwinning.jpg\"><img loading=\"lazy\" decoding=\"async\" class=\"size-full wp-image-2372 aligncenter\" src=\"http:\/\/agora.xtec.cat\/iescorbera\/wp-content\/uploads\/usu1465\/2017\/09\/etwinning.jpg\" alt=\"\" width=\"272\" height=\"185\" \/><\/a><\/p>\n<h5 align=\"center\"><strong>4t. D\u2019ESO: INTERCANVI ALEMANYA<\/strong><\/h5>\n<h5 align=\"center\"><strong>Dates: del 11 al 15 de Desembre. Destinaci\u00f3: Hauenstein<\/strong><\/h5>\n<p align=\"justify\">Aquest curs, des de la mat\u00e8ria d\u2019angl\u00e8s, l\u2019alumnat participar\u00e0 en un projecte internacional (Regne Unit, Alemanya, It\u00e0lia i Hongria) emmarcat en la comunitat eTwinning.<\/p>\n<p align=\"justify\">eTwinning \u00e9s la comunitat de centres escolars d\u2019Europa. Ofereix una plataforma als equips educatius per a comunicar-se, col\u00b7laborar i crear projectes conjunts. Fomenta la col\u00b7laboraci\u00f3 escolar a Europa utilitzant les tecnologies de la informaci\u00f3 i la comunicaci\u00f3 (TIC).<\/p>\n<p align=\"justify\">eTwinning va n\u00e9ixer en 2005 com la iniciativa m\u00e9s important del Programa d\u2019aprenentatge eLearning de la Comissi\u00f3 Europea y des del 2014 forma part d\u2019<a href=\"http:\/\/ec.europa.eu\/programmes\/erasmus-plus\/index_es.htm\">Erasmus+<\/a>, el programa de la Uni\u00f3 Europea en mat\u00e8ria d\u2019educaci\u00f3, formaci\u00f3, joventut i esport. El seu Servei Central de suport est\u00e0 dirigit per <a href=\"http:\/\/www.eun.org\/\">European Schoolnet<\/a>, una associaci\u00f3 internacional de 31 Ministeris d\u2019educaci\u00f3 europeus que promouen l\u2019educaci\u00f3 en els centres escolars.<\/p>\n<p align=\"justify\">El projecte s\u2019anomena \u2018Create a Magazine\u2019. L\u2019alumnat tindr\u00e0 la possibilitat de comunicar-se amb els companys\/es dels altres pa\u00efsos i anar creant de manera conjunta les seves revistes. Una revista ser\u00e0 doncs el producte final del treball elaborat durant el curs. Cada pa\u00eds elaborar\u00e0 una revista en angl\u00e8s i la presentar\u00e0 als altres pa\u00efsos.<\/p>\n<p align=\"justify\">Dintre d\u2019aquest projecte, l\u2019alumnat que durant el curs anterior (3ESO) va demostrar inter\u00e8s per la llengua anglesa i va superar la mat\u00e8ria amb un 6 o m\u00e9s, tindr\u00e0 l\u2019oportunitat de ser representant del centre a l\u2019intercanvi que es dur\u00e0 a terme amb l\u2019escola alemanya. Est\u00e0 previst que l\u2019alumnat de Corbera visiti l\u2019escola alemanya els dies 11-15 de desembre i presenti l\u2019estat del projecte (aniran acompanyats per professorat de l\u2019Institut Corbera). Ser\u00e0 una gran oportunitat per viure i veure de prop com funciona el sistema educatiu alemany i visitar \u00e0rees de gran valor cultural i hist\u00f2ric acompanyats per la seva gent.<\/p>\n<p align=\"justify\">Els estudiants s\u2019allotjaran amb fam\u00edlies alemanyes, la qual cosa permetr\u00e0 una immersi\u00f3 ling\u00fc\u00edstica total, ja que la llengua de comunicaci\u00f3 haur\u00e0 de ser l\u2019angl\u00e8s.<\/p>\n<p align=\"justify\">Aix\u00ed mateix, l\u2019alumnat alemany acompanyat pel professorat ens visitar\u00e0 als voltants de Sant Jordi 2018, per viure de prop aquesta celebraci\u00f3 i con\u00e8ixer el nostre m\u00f3n. L\u2019alumnat alemany s\u2019allotjar\u00e0 a casa de l\u2019alumne que va ser acollit a Alemanya.<\/p>\n<p align=\"justify\">Per a m\u00e9s informaci\u00f3 us podeu posar en contacte amb la Cristina Vives (Cap del Departament de Lleng\u00fces Estrangeres i professora de 4tESO), que \u00e9s qui est\u00e0 duent a terme aquest projecte amb els grups de 4tESO: cvives@institutcorbera.cat<\/p>\n<h6 align=\"justify\"><a href=\"https:\/\/drive.google.com\/file\/d\/0B4yIgvQxNc6mS0s4alVGeXJyWGs\/view?usp=sharing\">Carta als pares de l&#8217;intercanvi a Alemanya<\/a><\/h6>\n","protected":false},"excerpt":{"rendered":"<p>4t. D\u2019ESO: INTERCANVI ALEMANYA Dates: del 11 al 15 de Desembre. Destinaci\u00f3: Hauenstein Aquest curs, des de la mat\u00e8ria d\u2019angl\u00e8s, l\u2019alumnat participar\u00e0 en un projecte internacional (Regne Unit, Alemanya, It\u00e0lia i Hongria) emmarcat en la comunitat eTwinning. eTwinning \u00e9s la comunitat de centres escolars d\u2019Europa. Ofereix una plataforma als equips educatius per a comunicar-se, col\u00b7laborar [&hellip;]<\/p>\n","protected":false},"author":1,"featured_media":0,"parent":0,"menu_order":0,"comment_status":"closed","ping_status":"closed","template":"","meta":{"_bbp_topic_count":0,"_bbp_reply_count":0,"_bbp_total_topic_count":0,"_bbp_total_reply_count":0,"_bbp_voice_count":0,"_bbp_anonymous_reply_count":0,"_bbp_topic_count_hidden":0,"_bbp_reply_count_hidden":0,"_bbp_forum_subforum_count":0,"site-sidebar-layout":"default","site-content-layout":"","ast-site-content-layout":"","site-content-style":"default","site-sidebar-style":"default","ast-global-header-display":"","ast-banner-title-visibility":"","ast-main-header-display":"","ast-hfb-above-header-display":"","ast-hfb-below-header-display":"","ast-hfb-mobile-header-display":"","site-post-title":"","ast-breadcrumbs-content":"","ast-featured-img":"","footer-sml-layout":"","theme-transparent-header-meta":"","adv-header-id-meta":"","stick-header-meta":"","header-above-stick-meta":"","header-main-stick-meta":"","header-below-stick-meta":"","astra-migrate-meta-layouts":"default","ast-page-background-enabled":"default","ast-page-background-meta":{"desktop":{"background-color":"var(--ast-global-color-4)","background-image":"","background-repeat":"repeat","background-position":"center center","background-size":"auto","background-attachment":"scroll","background-type":"","background-media":"","overlay-type":"","overlay-color":"","overlay-opacity":"","overlay-gradient":""},"tablet":{"background-color":"","background-image":"","background-repeat":"repeat","background-position":"center center","background-size":"auto","background-attachment":"scroll","background-type":"","background-media":"","overlay-type":"","overlay-color":"","overlay-opacity":"","overlay-gradient":""},"mobile":{"background-color":"","background-image":"","background-repeat":"repeat","background-position":"center center","background-size":"auto","background-attachment":"scroll","background-type":"","background-media":"","overlay-type":"","overlay-color":"","overlay-opacity":"","overlay-gradient":""}},"ast-content-background-meta":{"desktop":{"background-color":"var(--ast-global-color-5)","background-image":"","background-repeat":"repeat","background-position":"center center","background-size":"auto","background-attachment":"scroll","background-type":"","background-media":"","overlay-type":"","overlay-color":"","overlay-opacity":"","overlay-gradient":""},"tablet":{"background-color":"var(--ast-global-color-5)","background-image":"","background-repeat":"repeat","background-position":"center center","background-size":"auto","background-attachment":"scroll","background-type":"","background-media":"","overlay-type":"","overlay-color":"","overlay-opacity":"","overlay-gradient":""},"mobile":{"background-color":"var(--ast-global-color-5)","background-image":"","background-repeat":"repeat","background-position":"center center","background-size":"auto","background-attachment":"scroll","background-type":"","background-media":"","overlay-type":"","overlay-color":"","overlay-opacity":"","overlay-gradient":""}},"footnotes":""},"class_list":["post-2371","page","type-page","status-publish","hentry"],"post_mailing_queue_ids":[],"_links":{"self":[{"href":"https:\/\/agora.xtec.cat\/iescorbera\/wp-json\/wp\/v2\/pages\/2371","targetHints":{"allow":["GET"]}}],"collection":[{"href":"https:\/\/agora.xtec.cat\/iescorbera\/wp-json\/wp\/v2\/pages"}],"about":[{"href":"https:\/\/agora.xtec.cat\/iescorbera\/wp-json\/wp\/v2\/types\/page"}],"author":[{"embeddable":true,"href":"https:\/\/agora.xtec.cat\/iescorbera\/wp-json\/wp\/v2\/users\/1"}],"replies":[{"embeddable":true,"href":"https:\/\/agora.xtec.cat\/iescorbera\/wp-json\/wp\/v2\/comments?post=2371"}],"version-history":[{"count":3,"href":"https:\/\/agora.xtec.cat\/iescorbera\/wp-json\/wp\/v2\/pages\/2371\/revisions"}],"predecessor-version":[{"id":2376,"href":"https:\/\/agora.xtec.cat\/iescorbera\/wp-json\/wp\/v2\/pages\/2371\/revisions\/2376"}],"wp:attachment":[{"href":"https:\/\/agora.xtec.cat\/iescorbera\/wp-json\/wp\/v2\/media?parent=2371"}],"curies":[{"name":"wp","href":"https:\/\/api.w.org\/{rel}","templated":true}]}}