{"id":19,"date":"2014-09-17T14:56:56","date_gmt":"2014-09-17T14:56:56","guid":{"rendered":"http:\/\/agora.xtec.cat\/iescorbera\/?page_id=19"},"modified":"2025-09-11T20:43:37","modified_gmt":"2025-09-11T18:43:37","slug":"linstitut","status":"publish","type":"page","link":"https:\/\/agora.xtec.cat\/iescorbera\/linstitut\/","title":{"rendered":"L&#8217;institut"},"content":{"rendered":"\n<h2 class=\"wp-block-heading\">QUI SOM<\/h2>\n\n\n\n<p>L&#8217;<strong>lNS de Corbera de Llobregat<\/strong> \u00e9s un institut p\u00fablic d&#8217;ensenyament secundari i batxillerat que va n\u00e9ixer el curs 1992-93. Va comen\u00e7ar la seva activitat amb la Reforma Educativa, tot impartint estudis d&#8217;ESO i despr\u00e9s de Batxillerat, amb les especialitats de ci\u00e8ncies, tecnologia i human\u00edstic.\u00a0 En aquest moment\u00a0 consta de tres l\u00ednies d&#8217;ESO i dos de Batxillerat amb un\u00a0 total d&#8217;uns 540 alumnes matriculats.<\/p>\n\n\n\n<p>L&#8217;objectiu de l&#8217;institut \u00e9s donar un servei educatiu de qualitat als nois i noies de la poblaci\u00f3 de Corbera de Llobregat. A causa de les nombroses urbanitzacions de la zona, una part dels alumnes d&#8217;ESO tenen servei de transport escolar. Aquest servei \u00e9s gestionat pel Consell Comarcal i per l&#8217;Ajuntament de Corbera.<\/p>\n\n\n\n<p>El centre disposa de\u00a0 pistes esportives, gimn\u00e0s polivalent, aula taller, aula polivalent, aules de tecnologia, m\u00fasica, inform\u00e0tica, dibuix, laboratoris de ci\u00e8ncies i\u00a0 d&#8217;idiomes, infermeria\u00a0i\u00a0 biblioteca.<\/p>\n\n\n\n<p>Des del curs 2005-06 funciona l&#8217;Aula Oberta, gestionada amb l&#8217;Ajuntament de Corbera. \u00a0Des del curs 2008-09 s&#8217;ha implementat un servei de pr\u00e9stec i reutilitzaci\u00f3 de llibres i dossiers escolars. Des del curs 2013-14 es va establir el nou horari intensiu.<\/p>\n\n\n\n<p>Des del curs 2014-15 funciona el SIEI que dona suport a alumnat tamb\u00e9 d&#8217;altres poblacions properes.<\/p>\n\n\n\n<p>En el centre hi treballen un equip de professionals integrat per uns 50 professors i professores, personal d&#8217;administraci\u00f3 i serveis de neteja.<\/p>\n\n\n\n<div class=\"wp-block-getwid-images-slider has-arrows-inside has-dots-inside has-images-center has-cropped-images\"><div class=\"wp-block-getwid-images-slider__wrapper\" data-effect=\"slide\" data-slides-show=\"1\" data-slides-show-laptop=\"1\" data-slides-show-tablet=\"1\" data-slides-show-mobile=\"1\" data-slides-scroll=\"1\" data-autoplay=\"true\" data-pause-hover=\"false\" data-autoplay-speed=\"2500\" data-infinite=\"true\" data-animation-speed=\"800\" data-center-mode=\"false\" data-variable-width=\"false\" data-arrows=\"inside\" data-dots=\"inside\" data-spacing=\"none\"><div class=\"wp-block-getwid-images-slider__item\"><figure><img loading=\"lazy\" decoding=\"async\" width=\"640\" height=\"428\" src=\"https:\/\/agora.xtec.cat\/iescorbera\/wp-content\/uploads\/usu1465\/2025\/07\/DSC_0035.jpg\" alt=\"\" data-id=\"10124\" data-link=\"https:\/\/agora.xtec.cat\/iescorbera\/linstitut\/attachment\/dsc_0035\/\" data-original-link=\"https:\/\/agora.xtec.cat\/iescorbera\/wp-content\/uploads\/usu1465\/2025\/07\/DSC_0035.jpg\" class=\"wp-block-getwid-images-slider__image wp-image-10124\" srcset=\"https:\/\/agora.xtec.cat\/iescorbera\/wp-content\/uploads\/usu1465\/2025\/07\/DSC_0035.jpg 640w, https:\/\/agora.xtec.cat\/iescorbera\/wp-content\/uploads\/usu1465\/2025\/07\/DSC_0035-300x201.jpg 300w\" sizes=\"auto, (max-width: 640px) 100vw, 640px\" \/><\/figure><\/div><div class=\"wp-block-getwid-images-slider__item\"><figure><img loading=\"lazy\" decoding=\"async\" width=\"640\" height=\"428\" src=\"https:\/\/agora.xtec.cat\/iescorbera\/wp-content\/uploads\/usu1465\/2025\/07\/DSC_0032.jpg\" alt=\"\" data-id=\"10135\" data-link=\"https:\/\/agora.xtec.cat\/iescorbera\/linstitut\/attachment\/dsc_0032\/\" data-original-link=\"https:\/\/agora.xtec.cat\/iescorbera\/wp-content\/uploads\/usu1465\/2025\/07\/DSC_0032.jpg\" class=\"wp-block-getwid-images-slider__image wp-image-10135\" srcset=\"https:\/\/agora.xtec.cat\/iescorbera\/wp-content\/uploads\/usu1465\/2025\/07\/DSC_0032.jpg 640w, https:\/\/agora.xtec.cat\/iescorbera\/wp-content\/uploads\/usu1465\/2025\/07\/DSC_0032-300x201.jpg 300w\" sizes=\"auto, (max-width: 640px) 100vw, 640px\" \/><\/figure><\/div><div class=\"wp-block-getwid-images-slider__item\"><figure><img loading=\"lazy\" decoding=\"async\" width=\"640\" height=\"428\" src=\"https:\/\/agora.xtec.cat\/iescorbera\/wp-content\/uploads\/usu1465\/2025\/07\/DSC_0014.jpg\" alt=\"\" data-id=\"10134\" data-link=\"https:\/\/agora.xtec.cat\/iescorbera\/linstitut\/attachment\/dsc_0014\/\" data-original-link=\"https:\/\/agora.xtec.cat\/iescorbera\/wp-content\/uploads\/usu1465\/2025\/07\/DSC_0014.jpg\" class=\"wp-block-getwid-images-slider__image wp-image-10134\" srcset=\"https:\/\/agora.xtec.cat\/iescorbera\/wp-content\/uploads\/usu1465\/2025\/07\/DSC_0014.jpg 640w, https:\/\/agora.xtec.cat\/iescorbera\/wp-content\/uploads\/usu1465\/2025\/07\/DSC_0014-300x201.jpg 300w\" sizes=\"auto, (max-width: 640px) 100vw, 640px\" \/><\/figure><\/div><div class=\"wp-block-getwid-images-slider__item\"><figure><img loading=\"lazy\" decoding=\"async\" width=\"640\" height=\"428\" src=\"https:\/\/agora.xtec.cat\/iescorbera\/wp-content\/uploads\/usu1465\/2025\/07\/DSC_0023.jpg\" alt=\"\" data-id=\"10133\" data-link=\"https:\/\/agora.xtec.cat\/iescorbera\/linstitut\/attachment\/dsc_0023\/\" data-original-link=\"https:\/\/agora.xtec.cat\/iescorbera\/wp-content\/uploads\/usu1465\/2025\/07\/DSC_0023.jpg\" class=\"wp-block-getwid-images-slider__image wp-image-10133\" srcset=\"https:\/\/agora.xtec.cat\/iescorbera\/wp-content\/uploads\/usu1465\/2025\/07\/DSC_0023.jpg 640w, https:\/\/agora.xtec.cat\/iescorbera\/wp-content\/uploads\/usu1465\/2025\/07\/DSC_0023-300x201.jpg 300w\" sizes=\"auto, (max-width: 640px) 100vw, 640px\" \/><\/figure><\/div><div class=\"wp-block-getwid-images-slider__item\"><figure><img loading=\"lazy\" decoding=\"async\" width=\"640\" height=\"428\" src=\"https:\/\/agora.xtec.cat\/iescorbera\/wp-content\/uploads\/usu1465\/2025\/07\/DSC_0045.jpg\" alt=\"\" data-id=\"10132\" data-link=\"https:\/\/agora.xtec.cat\/iescorbera\/linstitut\/attachment\/dsc_0045\/\" data-original-link=\"https:\/\/agora.xtec.cat\/iescorbera\/wp-content\/uploads\/usu1465\/2025\/07\/DSC_0045.jpg\" class=\"wp-block-getwid-images-slider__image wp-image-10132\" srcset=\"https:\/\/agora.xtec.cat\/iescorbera\/wp-content\/uploads\/usu1465\/2025\/07\/DSC_0045.jpg 640w, https:\/\/agora.xtec.cat\/iescorbera\/wp-content\/uploads\/usu1465\/2025\/07\/DSC_0045-300x201.jpg 300w\" sizes=\"auto, (max-width: 640px) 100vw, 640px\" \/><\/figure><\/div><div class=\"wp-block-getwid-images-slider__item\"><figure><img loading=\"lazy\" decoding=\"async\" width=\"640\" height=\"428\" src=\"https:\/\/agora.xtec.cat\/iescorbera\/wp-content\/uploads\/usu1465\/2025\/07\/DSC_0011.jpg\" alt=\"\" data-id=\"10131\" data-link=\"https:\/\/agora.xtec.cat\/iescorbera\/linstitut\/attachment\/dsc_0011\/\" data-original-link=\"https:\/\/agora.xtec.cat\/iescorbera\/wp-content\/uploads\/usu1465\/2025\/07\/DSC_0011.jpg\" class=\"wp-block-getwid-images-slider__image wp-image-10131\" srcset=\"https:\/\/agora.xtec.cat\/iescorbera\/wp-content\/uploads\/usu1465\/2025\/07\/DSC_0011.jpg 640w, https:\/\/agora.xtec.cat\/iescorbera\/wp-content\/uploads\/usu1465\/2025\/07\/DSC_0011-300x201.jpg 300w\" sizes=\"auto, (max-width: 640px) 100vw, 640px\" \/><\/figure><\/div><div class=\"wp-block-getwid-images-slider__item\"><figure><img loading=\"lazy\" decoding=\"async\" width=\"640\" height=\"428\" src=\"https:\/\/agora.xtec.cat\/iescorbera\/wp-content\/uploads\/usu1465\/2025\/07\/DSC_0034.jpg\" alt=\"\" data-id=\"10130\" data-link=\"https:\/\/agora.xtec.cat\/iescorbera\/linstitut\/attachment\/dsc_0034\/\" data-original-link=\"https:\/\/agora.xtec.cat\/iescorbera\/wp-content\/uploads\/usu1465\/2025\/07\/DSC_0034.jpg\" class=\"wp-block-getwid-images-slider__image wp-image-10130\" srcset=\"https:\/\/agora.xtec.cat\/iescorbera\/wp-content\/uploads\/usu1465\/2025\/07\/DSC_0034.jpg 640w, https:\/\/agora.xtec.cat\/iescorbera\/wp-content\/uploads\/usu1465\/2025\/07\/DSC_0034-300x201.jpg 300w\" sizes=\"auto, (max-width: 640px) 100vw, 640px\" \/><\/figure><\/div><div class=\"wp-block-getwid-images-slider__item\"><figure><img loading=\"lazy\" decoding=\"async\" width=\"640\" height=\"428\" src=\"https:\/\/agora.xtec.cat\/iescorbera\/wp-content\/uploads\/usu1465\/2025\/07\/DSC_0042.jpg\" alt=\"\" data-id=\"10129\" data-link=\"https:\/\/agora.xtec.cat\/iescorbera\/linstitut\/attachment\/dsc_0042\/\" data-original-link=\"https:\/\/agora.xtec.cat\/iescorbera\/wp-content\/uploads\/usu1465\/2025\/07\/DSC_0042.jpg\" class=\"wp-block-getwid-images-slider__image wp-image-10129\" srcset=\"https:\/\/agora.xtec.cat\/iescorbera\/wp-content\/uploads\/usu1465\/2025\/07\/DSC_0042.jpg 640w, https:\/\/agora.xtec.cat\/iescorbera\/wp-content\/uploads\/usu1465\/2025\/07\/DSC_0042-300x201.jpg 300w\" sizes=\"auto, (max-width: 640px) 100vw, 640px\" \/><\/figure><\/div><div class=\"wp-block-getwid-images-slider__item\"><figure><img loading=\"lazy\" decoding=\"async\" width=\"640\" height=\"428\" src=\"https:\/\/agora.xtec.cat\/iescorbera\/wp-content\/uploads\/usu1465\/2025\/07\/DSC_0041.jpg\" alt=\"\" data-id=\"10128\" data-link=\"https:\/\/agora.xtec.cat\/iescorbera\/linstitut\/attachment\/dsc_0041\/\" data-original-link=\"https:\/\/agora.xtec.cat\/iescorbera\/wp-content\/uploads\/usu1465\/2025\/07\/DSC_0041.jpg\" class=\"wp-block-getwid-images-slider__image wp-image-10128\" srcset=\"https:\/\/agora.xtec.cat\/iescorbera\/wp-content\/uploads\/usu1465\/2025\/07\/DSC_0041.jpg 640w, https:\/\/agora.xtec.cat\/iescorbera\/wp-content\/uploads\/usu1465\/2025\/07\/DSC_0041-300x201.jpg 300w\" sizes=\"auto, (max-width: 640px) 100vw, 640px\" \/><\/figure><\/div><div class=\"wp-block-getwid-images-slider__item\"><figure><img loading=\"lazy\" decoding=\"async\" width=\"640\" height=\"428\" src=\"https:\/\/agora.xtec.cat\/iescorbera\/wp-content\/uploads\/usu1465\/2025\/07\/DSC_0024.jpg\" alt=\"\" data-id=\"10127\" data-link=\"https:\/\/agora.xtec.cat\/iescorbera\/linstitut\/attachment\/dsc_0024\/\" data-original-link=\"https:\/\/agora.xtec.cat\/iescorbera\/wp-content\/uploads\/usu1465\/2025\/07\/DSC_0024.jpg\" class=\"wp-block-getwid-images-slider__image wp-image-10127\" srcset=\"https:\/\/agora.xtec.cat\/iescorbera\/wp-content\/uploads\/usu1465\/2025\/07\/DSC_0024.jpg 640w, https:\/\/agora.xtec.cat\/iescorbera\/wp-content\/uploads\/usu1465\/2025\/07\/DSC_0024-300x201.jpg 300w\" sizes=\"auto, (max-width: 640px) 100vw, 640px\" \/><\/figure><\/div><div class=\"wp-block-getwid-images-slider__item\"><figure><img loading=\"lazy\" decoding=\"async\" width=\"640\" height=\"428\" src=\"https:\/\/agora.xtec.cat\/iescorbera\/wp-content\/uploads\/usu1465\/2025\/07\/DSC_0010.jpg\" alt=\"\" data-id=\"10126\" data-link=\"https:\/\/agora.xtec.cat\/iescorbera\/linstitut\/attachment\/dsc_0010\/\" data-original-link=\"https:\/\/agora.xtec.cat\/iescorbera\/wp-content\/uploads\/usu1465\/2025\/07\/DSC_0010.jpg\" class=\"wp-block-getwid-images-slider__image wp-image-10126\" srcset=\"https:\/\/agora.xtec.cat\/iescorbera\/wp-content\/uploads\/usu1465\/2025\/07\/DSC_0010.jpg 640w, https:\/\/agora.xtec.cat\/iescorbera\/wp-content\/uploads\/usu1465\/2025\/07\/DSC_0010-300x201.jpg 300w\" sizes=\"auto, (max-width: 640px) 100vw, 640px\" \/><\/figure><\/div><div class=\"wp-block-getwid-images-slider__item\"><figure><img loading=\"lazy\" decoding=\"async\" width=\"640\" height=\"428\" src=\"https:\/\/agora.xtec.cat\/iescorbera\/wp-content\/uploads\/usu1465\/2025\/07\/DSC_0020.jpg\" alt=\"\" data-id=\"10125\" data-link=\"https:\/\/agora.xtec.cat\/iescorbera\/linstitut\/attachment\/dsc_0020\/\" data-original-link=\"https:\/\/agora.xtec.cat\/iescorbera\/wp-content\/uploads\/usu1465\/2025\/07\/DSC_0020.jpg\" class=\"wp-block-getwid-images-slider__image wp-image-10125\" srcset=\"https:\/\/agora.xtec.cat\/iescorbera\/wp-content\/uploads\/usu1465\/2025\/07\/DSC_0020.jpg 640w, https:\/\/agora.xtec.cat\/iescorbera\/wp-content\/uploads\/usu1465\/2025\/07\/DSC_0020-300x201.jpg 300w\" sizes=\"auto, (max-width: 640px) 100vw, 640px\" \/><\/figure><\/div><div class=\"wp-block-getwid-images-slider__item\"><figure><img loading=\"lazy\" decoding=\"async\" width=\"640\" height=\"428\" src=\"https:\/\/agora.xtec.cat\/iescorbera\/wp-content\/uploads\/usu1465\/2025\/07\/DSC_0025.jpg\" alt=\"\" data-id=\"10123\" data-link=\"https:\/\/agora.xtec.cat\/iescorbera\/linstitut\/attachment\/dsc_0025\/\" data-original-link=\"https:\/\/agora.xtec.cat\/iescorbera\/wp-content\/uploads\/usu1465\/2025\/07\/DSC_0025.jpg\" class=\"wp-block-getwid-images-slider__image wp-image-10123\" srcset=\"https:\/\/agora.xtec.cat\/iescorbera\/wp-content\/uploads\/usu1465\/2025\/07\/DSC_0025.jpg 640w, https:\/\/agora.xtec.cat\/iescorbera\/wp-content\/uploads\/usu1465\/2025\/07\/DSC_0025-300x201.jpg 300w\" sizes=\"auto, (max-width: 640px) 100vw, 640px\" \/><\/figure><\/div><div class=\"wp-block-getwid-images-slider__item\"><figure><img loading=\"lazy\" decoding=\"async\" width=\"640\" height=\"428\" src=\"https:\/\/agora.xtec.cat\/iescorbera\/wp-content\/uploads\/usu1465\/2025\/07\/DSC_0030.jpg\" alt=\"\" data-id=\"10122\" data-link=\"https:\/\/agora.xtec.cat\/iescorbera\/linstitut\/attachment\/dsc_0030\/\" data-original-link=\"https:\/\/agora.xtec.cat\/iescorbera\/wp-content\/uploads\/usu1465\/2025\/07\/DSC_0030.jpg\" class=\"wp-block-getwid-images-slider__image wp-image-10122\" srcset=\"https:\/\/agora.xtec.cat\/iescorbera\/wp-content\/uploads\/usu1465\/2025\/07\/DSC_0030.jpg 640w, https:\/\/agora.xtec.cat\/iescorbera\/wp-content\/uploads\/usu1465\/2025\/07\/DSC_0030-300x201.jpg 300w\" sizes=\"auto, (max-width: 640px) 100vw, 640px\" \/><\/figure><\/div><div class=\"wp-block-getwid-images-slider__item\"><figure><img loading=\"lazy\" decoding=\"async\" width=\"640\" height=\"428\" src=\"https:\/\/agora.xtec.cat\/iescorbera\/wp-content\/uploads\/usu1465\/2025\/07\/DSC_0028-1.jpg\" alt=\"\" data-id=\"10121\" data-link=\"https:\/\/agora.xtec.cat\/iescorbera\/linstitut\/attachment\/dsc_0028-2\/\" data-original-link=\"https:\/\/agora.xtec.cat\/iescorbera\/wp-content\/uploads\/usu1465\/2025\/07\/DSC_0028-1.jpg\" class=\"wp-block-getwid-images-slider__image wp-image-10121\" srcset=\"https:\/\/agora.xtec.cat\/iescorbera\/wp-content\/uploads\/usu1465\/2025\/07\/DSC_0028-1.jpg 640w, https:\/\/agora.xtec.cat\/iescorbera\/wp-content\/uploads\/usu1465\/2025\/07\/DSC_0028-1-300x201.jpg 300w\" sizes=\"auto, (max-width: 640px) 100vw, 640px\" \/><\/figure><\/div><div class=\"wp-block-getwid-images-slider__item\"><figure><img loading=\"lazy\" decoding=\"async\" width=\"640\" height=\"428\" src=\"https:\/\/agora.xtec.cat\/iescorbera\/wp-content\/uploads\/usu1465\/2025\/07\/DSC_0008.jpg\" alt=\"\" data-id=\"10120\" data-link=\"https:\/\/agora.xtec.cat\/iescorbera\/linstitut\/attachment\/dsc_0008-2\/\" data-original-link=\"https:\/\/agora.xtec.cat\/iescorbera\/wp-content\/uploads\/usu1465\/2025\/07\/DSC_0008.jpg\" class=\"wp-block-getwid-images-slider__image wp-image-10120\" srcset=\"https:\/\/agora.xtec.cat\/iescorbera\/wp-content\/uploads\/usu1465\/2025\/07\/DSC_0008.jpg 640w, https:\/\/agora.xtec.cat\/iescorbera\/wp-content\/uploads\/usu1465\/2025\/07\/DSC_0008-300x201.jpg 300w\" sizes=\"auto, (max-width: 640px) 100vw, 640px\" \/><\/figure><\/div><div class=\"wp-block-getwid-images-slider__item\"><figure><img loading=\"lazy\" decoding=\"async\" width=\"640\" height=\"428\" src=\"https:\/\/agora.xtec.cat\/iescorbera\/wp-content\/uploads\/usu1465\/2025\/07\/DSC_0015.jpg\" alt=\"\" data-id=\"10119\" data-link=\"https:\/\/agora.xtec.cat\/iescorbera\/linstitut\/attachment\/dsc_0015\/\" data-original-link=\"https:\/\/agora.xtec.cat\/iescorbera\/wp-content\/uploads\/usu1465\/2025\/07\/DSC_0015.jpg\" class=\"wp-block-getwid-images-slider__image wp-image-10119\" srcset=\"https:\/\/agora.xtec.cat\/iescorbera\/wp-content\/uploads\/usu1465\/2025\/07\/DSC_0015.jpg 640w, https:\/\/agora.xtec.cat\/iescorbera\/wp-content\/uploads\/usu1465\/2025\/07\/DSC_0015-300x201.jpg 300w\" sizes=\"auto, (max-width: 640px) 100vw, 640px\" \/><\/figure><\/div><div class=\"wp-block-getwid-images-slider__item\"><figure><img loading=\"lazy\" decoding=\"async\" width=\"640\" height=\"428\" src=\"https:\/\/agora.xtec.cat\/iescorbera\/wp-content\/uploads\/usu1465\/2025\/07\/DSC_0017.jpg\" alt=\"\" data-id=\"10118\" data-link=\"https:\/\/agora.xtec.cat\/iescorbera\/linstitut\/attachment\/dsc_0017-2\/\" data-original-link=\"https:\/\/agora.xtec.cat\/iescorbera\/wp-content\/uploads\/usu1465\/2025\/07\/DSC_0017.jpg\" class=\"wp-block-getwid-images-slider__image wp-image-10118\" srcset=\"https:\/\/agora.xtec.cat\/iescorbera\/wp-content\/uploads\/usu1465\/2025\/07\/DSC_0017.jpg 640w, https:\/\/agora.xtec.cat\/iescorbera\/wp-content\/uploads\/usu1465\/2025\/07\/DSC_0017-300x201.jpg 300w\" sizes=\"auto, (max-width: 640px) 100vw, 640px\" \/><\/figure><\/div><div class=\"wp-block-getwid-images-slider__item\"><figure><img loading=\"lazy\" decoding=\"async\" width=\"640\" height=\"428\" src=\"https:\/\/agora.xtec.cat\/iescorbera\/wp-content\/uploads\/usu1465\/2025\/07\/DSC_0026.jpg\" alt=\"\" data-id=\"10117\" data-link=\"https:\/\/agora.xtec.cat\/iescorbera\/linstitut\/attachment\/dsc_0026\/\" data-original-link=\"https:\/\/agora.xtec.cat\/iescorbera\/wp-content\/uploads\/usu1465\/2025\/07\/DSC_0026.jpg\" class=\"wp-block-getwid-images-slider__image wp-image-10117\" srcset=\"https:\/\/agora.xtec.cat\/iescorbera\/wp-content\/uploads\/usu1465\/2025\/07\/DSC_0026.jpg 640w, https:\/\/agora.xtec.cat\/iescorbera\/wp-content\/uploads\/usu1465\/2025\/07\/DSC_0026-300x201.jpg 300w\" sizes=\"auto, (max-width: 640px) 100vw, 640px\" \/><\/figure><\/div><div class=\"wp-block-getwid-images-slider__item\"><figure><img loading=\"lazy\" decoding=\"async\" width=\"640\" height=\"428\" src=\"https:\/\/agora.xtec.cat\/iescorbera\/wp-content\/uploads\/usu1465\/2025\/07\/DSC_0022.jpg\" alt=\"\" data-id=\"10116\" data-link=\"https:\/\/agora.xtec.cat\/iescorbera\/linstitut\/attachment\/dsc_0022\/\" data-original-link=\"https:\/\/agora.xtec.cat\/iescorbera\/wp-content\/uploads\/usu1465\/2025\/07\/DSC_0022.jpg\" class=\"wp-block-getwid-images-slider__image wp-image-10116\" srcset=\"https:\/\/agora.xtec.cat\/iescorbera\/wp-content\/uploads\/usu1465\/2025\/07\/DSC_0022.jpg 640w, https:\/\/agora.xtec.cat\/iescorbera\/wp-content\/uploads\/usu1465\/2025\/07\/DSC_0022-300x201.jpg 300w\" sizes=\"auto, (max-width: 640px) 100vw, 640px\" \/><\/figure><\/div><div class=\"wp-block-getwid-images-slider__item\"><figure><img loading=\"lazy\" decoding=\"async\" width=\"640\" height=\"428\" src=\"https:\/\/agora.xtec.cat\/iescorbera\/wp-content\/uploads\/usu1465\/2025\/07\/DSC_0043.jpg\" alt=\"\" data-id=\"10115\" data-link=\"https:\/\/agora.xtec.cat\/iescorbera\/linstitut\/attachment\/dsc_0043\/\" data-original-link=\"https:\/\/agora.xtec.cat\/iescorbera\/wp-content\/uploads\/usu1465\/2025\/07\/DSC_0043.jpg\" class=\"wp-block-getwid-images-slider__image wp-image-10115\" srcset=\"https:\/\/agora.xtec.cat\/iescorbera\/wp-content\/uploads\/usu1465\/2025\/07\/DSC_0043.jpg 640w, https:\/\/agora.xtec.cat\/iescorbera\/wp-content\/uploads\/usu1465\/2025\/07\/DSC_0043-300x201.jpg 300w\" sizes=\"auto, (max-width: 640px) 100vw, 640px\" \/><\/figure><\/div><div class=\"wp-block-getwid-images-slider__item\"><figure><img loading=\"lazy\" decoding=\"async\" width=\"640\" height=\"428\" src=\"https:\/\/agora.xtec.cat\/iescorbera\/wp-content\/uploads\/usu1465\/2025\/07\/DSC_0009.jpg\" alt=\"\" data-id=\"10114\" data-link=\"https:\/\/agora.xtec.cat\/iescorbera\/linstitut\/attachment\/dsc_0009\/\" data-original-link=\"https:\/\/agora.xtec.cat\/iescorbera\/wp-content\/uploads\/usu1465\/2025\/07\/DSC_0009.jpg\" class=\"wp-block-getwid-images-slider__image wp-image-10114\" srcset=\"https:\/\/agora.xtec.cat\/iescorbera\/wp-content\/uploads\/usu1465\/2025\/07\/DSC_0009.jpg 640w, https:\/\/agora.xtec.cat\/iescorbera\/wp-content\/uploads\/usu1465\/2025\/07\/DSC_0009-300x201.jpg 300w\" sizes=\"auto, (max-width: 640px) 100vw, 640px\" \/><\/figure><\/div><div class=\"wp-block-getwid-images-slider__item\"><figure><img loading=\"lazy\" decoding=\"async\" width=\"640\" height=\"428\" src=\"https:\/\/agora.xtec.cat\/iescorbera\/wp-content\/uploads\/usu1465\/2025\/07\/DSC_0005.jpg\" alt=\"\" data-id=\"10112\" data-link=\"https:\/\/agora.xtec.cat\/iescorbera\/linstitut\/attachment\/dsc_0005\/\" data-original-link=\"https:\/\/agora.xtec.cat\/iescorbera\/wp-content\/uploads\/usu1465\/2025\/07\/DSC_0005.jpg\" class=\"wp-block-getwid-images-slider__image wp-image-10112\" srcset=\"https:\/\/agora.xtec.cat\/iescorbera\/wp-content\/uploads\/usu1465\/2025\/07\/DSC_0005.jpg 640w, https:\/\/agora.xtec.cat\/iescorbera\/wp-content\/uploads\/usu1465\/2025\/07\/DSC_0005-300x201.jpg 300w\" sizes=\"auto, (max-width: 640px) 100vw, 640px\" \/><\/figure><\/div><div class=\"wp-block-getwid-images-slider__item\"><figure><img loading=\"lazy\" decoding=\"async\" width=\"640\" height=\"428\" src=\"https:\/\/agora.xtec.cat\/iescorbera\/wp-content\/uploads\/usu1465\/2025\/07\/DSC_0006.jpg\" alt=\"\" data-id=\"10113\" data-link=\"https:\/\/agora.xtec.cat\/iescorbera\/linstitut\/attachment\/dsc_0006\/\" data-original-link=\"https:\/\/agora.xtec.cat\/iescorbera\/wp-content\/uploads\/usu1465\/2025\/07\/DSC_0006.jpg\" class=\"wp-block-getwid-images-slider__image wp-image-10113\" srcset=\"https:\/\/agora.xtec.cat\/iescorbera\/wp-content\/uploads\/usu1465\/2025\/07\/DSC_0006.jpg 640w, https:\/\/agora.xtec.cat\/iescorbera\/wp-content\/uploads\/usu1465\/2025\/07\/DSC_0006-300x201.jpg 300w\" sizes=\"auto, (max-width: 640px) 100vw, 640px\" \/><\/figure><\/div><\/div><\/div>\n\n\n\n<p>&nbsp;<\/p>\n\n\n\n<p>&nbsp;<\/p>\n","protected":false},"excerpt":{"rendered":"<p>QUI SOM L&#8217;lNS de Corbera de Llobregat \u00e9s un institut p\u00fablic d&#8217;ensenyament secundari i batxillerat que va n\u00e9ixer el curs 1992-93. Va comen\u00e7ar la seva activitat amb la Reforma Educativa, tot impartint estudis d&#8217;ESO i despr\u00e9s de Batxillerat, amb les especialitats de ci\u00e8ncies, tecnologia i human\u00edstic.\u00a0 En aquest moment\u00a0 consta de tres l\u00ednies d&#8217;ESO i [&hellip;]<\/p>\n","protected":false},"author":1,"featured_media":0,"parent":0,"menu_order":0,"comment_status":"closed","ping_status":"closed","template":"","meta":{"_bbp_topic_count":0,"_bbp_reply_count":0,"_bbp_total_topic_count":0,"_bbp_total_reply_count":0,"_bbp_voice_count":0,"_bbp_anonymous_reply_count":0,"_bbp_topic_count_hidden":0,"_bbp_reply_count_hidden":0,"_bbp_forum_subforum_count":0,"site-sidebar-layout":"default","site-content-layout":"","ast-site-content-layout":"default","site-content-style":"default","site-sidebar-style":"default","ast-global-header-display":"","ast-banner-title-visibility":"","ast-main-header-display":"","ast-hfb-above-header-display":"","ast-hfb-below-header-display":"","ast-hfb-mobile-header-display":"","site-post-title":"","ast-breadcrumbs-content":"","ast-featured-img":"","footer-sml-layout":"","theme-transparent-header-meta":"","adv-header-id-meta":"","stick-header-meta":"","header-above-stick-meta":"","header-main-stick-meta":"","header-below-stick-meta":"","astra-migrate-meta-layouts":"set","ast-page-background-enabled":"default","ast-page-background-meta":{"desktop":{"background-color":"var(--ast-global-color-4)","background-image":"","background-repeat":"repeat","background-position":"center center","background-size":"auto","background-attachment":"scroll","background-type":"","background-media":"","overlay-type":"","overlay-color":"","overlay-opacity":"","overlay-gradient":""},"tablet":{"background-color":"","background-image":"","background-repeat":"repeat","background-position":"center center","background-size":"auto","background-attachment":"scroll","background-type":"","background-media":"","overlay-type":"","overlay-color":"","overlay-opacity":"","overlay-gradient":""},"mobile":{"background-color":"","background-image":"","background-repeat":"repeat","background-position":"center center","background-size":"auto","background-attachment":"scroll","background-type":"","background-media":"","overlay-type":"","overlay-color":"","overlay-opacity":"","overlay-gradient":""}},"ast-content-background-meta":{"desktop":{"background-color":"var(--ast-global-color-5)","background-image":"","background-repeat":"repeat","background-position":"center center","background-size":"auto","background-attachment":"scroll","background-type":"","background-media":"","overlay-type":"","overlay-color":"","overlay-opacity":"","overlay-gradient":""},"tablet":{"background-color":"var(--ast-global-color-5)","background-image":"","background-repeat":"repeat","background-position":"center center","background-size":"auto","background-attachment":"scroll","background-type":"","background-media":"","overlay-type":"","overlay-color":"","overlay-opacity":"","overlay-gradient":""},"mobile":{"background-color":"var(--ast-global-color-5)","background-image":"","background-repeat":"repeat","background-position":"center center","background-size":"auto","background-attachment":"scroll","background-type":"","background-media":"","overlay-type":"","overlay-color":"","overlay-opacity":"","overlay-gradient":""}},"footnotes":""},"class_list":["post-19","page","type-page","status-publish","hentry"],"post_mailing_queue_ids":[],"_links":{"self":[{"href":"https:\/\/agora.xtec.cat\/iescorbera\/wp-json\/wp\/v2\/pages\/19","targetHints":{"allow":["GET"]}}],"collection":[{"href":"https:\/\/agora.xtec.cat\/iescorbera\/wp-json\/wp\/v2\/pages"}],"about":[{"href":"https:\/\/agora.xtec.cat\/iescorbera\/wp-json\/wp\/v2\/types\/page"}],"author":[{"embeddable":true,"href":"https:\/\/agora.xtec.cat\/iescorbera\/wp-json\/wp\/v2\/users\/1"}],"replies":[{"embeddable":true,"href":"https:\/\/agora.xtec.cat\/iescorbera\/wp-json\/wp\/v2\/comments?post=19"}],"version-history":[{"count":6,"href":"https:\/\/agora.xtec.cat\/iescorbera\/wp-json\/wp\/v2\/pages\/19\/revisions"}],"predecessor-version":[{"id":10147,"href":"https:\/\/agora.xtec.cat\/iescorbera\/wp-json\/wp\/v2\/pages\/19\/revisions\/10147"}],"wp:attachment":[{"href":"https:\/\/agora.xtec.cat\/iescorbera\/wp-json\/wp\/v2\/media?parent=19"}],"curies":[{"name":"wp","href":"https:\/\/api.w.org\/{rel}","templated":true}]}}