{"id":10853,"date":"2026-01-27T19:58:00","date_gmt":"2026-01-27T18:58:00","guid":{"rendered":"https:\/\/agora.xtec.cat\/iescorbera\/?page_id=10853"},"modified":"2026-03-05T18:50:19","modified_gmt":"2026-03-05T17:50:19","slug":"jornada-de-portes-obertes-2526","status":"publish","type":"page","link":"https:\/\/agora.xtec.cat\/iescorbera\/jornada-de-portes-obertes-2526\/","title":{"rendered":"Jornada de portes obertes"},"content":{"rendered":"\n<p>Benvinguts a l\u2019Institut Corbera,<\/p>\n\n\n\n<p>Som un centre p\u00fablic d\u2019educaci\u00f3 secund\u00e0ria que apostem per l\u2019acompanyament i l\u2019excel\u00b7l\u00e8ncia. Acompanyem nois i noies en una etapa clau del seu creixement personal i acad\u00e8mic, amb una mirada educativa exigent, propera i compromesa amb el seu futur.&nbsp;<\/p>\n\n\n\n<div class=\"wp-block-getwid-accordion has-icon-left\" data-active-element=\"none\">\n<div class=\"wp-block-getwid-accordion__header-wrapper\"><span class=\"wp-block-getwid-accordion__header\"><a href=\"#\"><span class=\"wp-block-getwid-accordion__header-title\">Qui som<\/span><span class=\"wp-block-getwid-accordion__icon is-active\"><i class=\"fas fa-plus\"><\/i><\/span><span class=\"wp-block-getwid-accordion__icon is-passive\"><i class=\"fas fa-minus\"><\/i><\/span><\/a><\/span><\/div><div class=\"wp-block-getwid-accordion__content-wrapper\"><div class=\"wp-block-getwid-accordion__content\">\n<h2 class=\"wp-block-heading has-medium-font-size\">Un institut vinculat<\/h2>\n\n\n\n<p>Estem profundament arrelats a Corbera. Les vistes que gaudim a trav\u00e9s de les finestres de l\u2019edifici reten homenatge a un entorn natural \u00fanic. Estem ben connectats i mantenim una relaci\u00f3 fluida amb els altres centres educatius del municipi, l\u2019Ajuntament i entitats del territori. Establim col\u00b7laboracions regulades per convenis que ens permeten donar a con\u00e8ixer i gaudir dels serveis del poble.&nbsp;<\/p>\n\n\n\n<p>A trav\u00e9s del portal Alexia, la relaci\u00f3 entre les fam\u00edlies i el centre \u00e9s din\u00e0mica i complementa l\u2019atenci\u00f3 personalitzada que ens hem proposat establir amb la comunitat educativa. Aquest portal \u00e9s d\u2019enorme utilitat per a les fam\u00edlies, on poden consultar les notes, justificar abs\u00e8ncies o concertar c\u00f2modament una tutoria. Igualment, l\u2019alumnat pot trobar en un sol lloc les \u201caules virtuals\u201d de cada mat\u00e8ria, amb informaci\u00f3 \u00fatil, els materials de refer\u00e8ncia&#8230;&nbsp;<\/p>\n\n\n\n<p>L\u2019equip docent est\u00e0 format per un professorat ben format, estable i implicat, que treballa de manera coordinada per garantir una educaci\u00f3 de qualitat i un bon clima de centre.&nbsp;<\/p>\n\n\n\n<p><\/p>\n<\/div><\/div>\n\n\n\n<div class=\"wp-block-getwid-accordion__header-wrapper\"><span class=\"wp-block-getwid-accordion__header\"><a href=\"#\"><span class=\"wp-block-getwid-accordion__header-title\">Com som<\/span><span class=\"wp-block-getwid-accordion__icon is-active\"><i class=\"fas fa-plus\"><\/i><\/span><span class=\"wp-block-getwid-accordion__icon is-passive\"><i class=\"fas fa-minus\"><\/i><\/span><\/a><\/span><\/div><div class=\"wp-block-getwid-accordion__content-wrapper\"><div class=\"wp-block-getwid-accordion__content\">\n<h2 class=\"wp-block-heading has-medium-font-size\">El nostre projecte educatiu<\/h2>\n\n\n\n<p>Entenem l\u2019educaci\u00f3 com un proc\u00e9s integral. No nom\u00e9s ensenyem continguts, sin\u00f3 que ajudem els alumnes a:<\/p>\n\n\n\n<ul class=\"wp-block-list\">\n<li>Aprendre a pensar i donar forma a les pr\u00f2pies il\u00b7lusions<\/li>\n\n\n\n<li>Aprendre a conviure<\/li>\n\n\n\n<li>Aprendre a ser aut\u00f2noms i responsables<\/li>\n<\/ul>\n\n\n\n<p>Implementem una suma de metodologies pedag\u00f2giques innovadores i actives, obertes a la participaci\u00f3, el treball cooperatiu i el pensament cr\u00edtic, sense renunciar al rigor acad\u00e8mic. El nostre comprom\u00eds \u00e9s amb l\u2019aprenentatge integral de l\u2019alumne i no amb l\u2019aplicaci\u00f3 d\u2019un \u00fanic m\u00e8tode did\u00e0ctic. Creem situacions d\u2019aprenentatge efectiu que permeten que l\u2019alumne vagi construint-se una personalitat basada en la const\u00e0ncia, l\u2019esfor\u00e7, l\u2019esperit de superaci\u00f3 i la il\u00b7lusi\u00f3 pel seu futur.&nbsp;<\/p>\n\n\n\n<p>Acompanyem l\u2019adolescent tant en el seu creixement interior, intel\u00b7lectual i emocional, com en el seu desenvolupament social, perqu\u00e8 tri\u00ef compartir en societat la millor versi\u00f3 de si mateix. L\u2019acompanyament tutorial assegura una gran proximitat amb l\u2019alumnat, aix\u00ed com el respecte a la diversitat, pilars fonamentals del nostre projecte educatiu.<\/p>\n\n\n\n<h2 class=\"wp-block-heading has-medium-font-size\"><strong>L\u2019ESO a l\u2019Institut Corbera. Una formaci\u00f3 s\u00f2lida i competencial<\/strong><\/h2>\n\n\n\n<p>Oferim el curr\u00edculum complet de l\u2019Educaci\u00f3 Secund\u00e0ria Obligat\u00f2ria, treballant les diferents \u00e0rees amb una mirada competencial i connectada amb la realitat.&nbsp;<\/p>\n\n\n\n<p>A les classes es combinen:<\/p>\n\n\n\n<ul class=\"wp-block-list\">\n<li>Explicacions del professorat<\/li>\n\n\n\n<li>Activitats pr\u00e0ctiques i manipulatives<\/li>\n\n\n\n<li>T\u00e8cniques actives i innovadores:\n<ul class=\"wp-block-list\">\n<li>ABP (Aprenentatge basat en problemes) a trav\u00e9s, per exemple, de la metodologia de les \u201cpissarres verticals\u201d, on problemes matem\u00e0tics es resolen din\u00e0micament en grup i a trav\u00e9s de processos diferents, que despr\u00e9s s\u00f3n contrastats.<\/li>\n\n\n\n<li>PROJECTES. A finals de cada trimestre destinem quatre dies a treballar per projectes.&nbsp;<\/li>\n\n\n\n<li>ApS. A tercer curs incorporem l\u2019Aprenentatge-Servei a la mat\u00e8ria \u201cServeis Comunitaris\u201d, on col\u00b7laborem amb entitats del municipi, que venen al centre a explicar el patrimoni material i immaterial de Corbera, les desigualtats socials i les formes de superar-les, l\u2019equilibri mediambiental al municipi, etc. Les intervencions culminen amb serveis pr\u00e0ctics de l\u2019alumnat amb un impacte real al municipi. I tot aix\u00f2 sense renunciar al rigor acad\u00e8mic, l\u2019explicaci\u00f3 o el treball de laboratori.&nbsp;&nbsp;<\/li>\n<\/ul>\n<\/li>\n\n\n\n<li>Treballs individuals i en grup, interactius i col\u00b7laboratius<\/li>\n\n\n\n<li>Elaboraci\u00f3 de lapbooks, p\u00f2sters, presentacions orals<\/li>\n<\/ul>\n\n\n\n<p>Totes les aules disposen de pissarres digitals amb connexi\u00f3 a Internet, que faciliten un aprenentatge din\u00e0mic i actualitzat.<\/p>\n\n\n\n<p><\/p>\n<\/div><\/div>\n\n\n\n<div class=\"wp-block-getwid-accordion__header-wrapper\"><span class=\"wp-block-getwid-accordion__header\"><a href=\"#\"><span class=\"wp-block-getwid-accordion__header-title\">Qu\u00e8 fem?<\/span><span class=\"wp-block-getwid-accordion__icon is-active\"><i class=\"fas fa-plus\"><\/i><\/span><span class=\"wp-block-getwid-accordion__icon is-passive\"><i class=\"fas fa-minus\"><\/i><\/span><\/a><\/span><\/div><div class=\"wp-block-getwid-accordion__content-wrapper\"><div class=\"wp-block-getwid-accordion__content\">\n<h2 class=\"wp-block-heading has-medium-font-size\"><strong>Acollida del nou alumnat<\/strong><\/h2>\n\n\n\n<p>Hem dissenyat uns dies d\u2019adaptaci\u00f3 per a quan arriba a l\u2019Institut l\u2019alumnat m\u00e9s jove, que comencen per una divertida gimcana per tots els espais del centre. <\/p>\n\n\n\n<p>Disposem d\u2019un servei d\u2019orientaci\u00f3 i coordinaci\u00f3 de nivell que garanteix:&nbsp;<\/p>\n\n\n\n<ul class=\"wp-block-list\">\n<li>Coordinaci\u00f3 i trasp\u00e0s d\u2019informaci\u00f3 amb la prim\u00e0ria<\/li>\n\n\n\n<li>Tutories<\/li>\n\n\n\n<li>Acompanyament emocional. Orientaci\u00f3 personal, no nom\u00e9s acad\u00e8mica<\/li>\n\n\n\n<li>Autoestima<\/li>\n\n\n\n<li>Autoconeixement<\/li>\n\n\n\n<li>Presa de decisions acad\u00e8miques<\/li>\n<\/ul>\n\n\n\n<h2 class=\"wp-block-heading has-medium-font-size\"><strong>Continu\u00eftat acad\u00e8mica: Batxillerat i PAU<\/strong> (Preparant el futur)<\/h2>\n\n\n\n<p>L\u2019Institut Corbera ofereix una continu\u00eftat de l\u2019ESO amb els estudis de Batxillerat. Acompanyem l\u2019alumnat en la presa de decisions acad\u00e8miques i personals, ajudant-los a descobrir els seus interessos i capacitats.<\/p>\n\n\n\n<p>Els nostres bons resultats a les Proves d\u2019Acc\u00e9s a la Universitat (PAU) reflecteixen el treball rigor\u00f3s fet al llarg de tota l\u2019etapa educativa, aix\u00ed com l\u2019acompanyament personalitzat del professorat.<\/p>\n\n\n\n<h2 class=\"wp-block-heading has-medium-font-size\">M\u00e9s enll\u00e0 de les classes tradicionals<\/h2>\n\n\n\n<details class=\"wp-block-details is-layout-flow wp-block-details-is-layout-flow\"><summary>Objectius pedag\u00f2gics<\/summary>\n<div class=\"wp-block-buttons is-layout-flex wp-block-buttons-is-layout-flex\">\n<div class=\"wp-block-button\"><a class=\"wp-block-button__link wp-element-button\" href=\"https:\/\/ja.cat\/eSr5d\" target=\"_blank\" rel=\"noreferrer noopener\">Acc\u00e9s als objectius pedag\u00f2gics<\/a><\/div>\n<\/div>\n\n\n\n<p><\/p>\n<\/details>\n\n\n\n<details class=\"wp-block-details is-layout-flow wp-block-details-is-layout-flow\"><summary>Curr\u00edculum<\/summary>\n<p>Curr\u00edculum de l&#8217;ESO (<em>Les mat\u00e8ries marcades en vermell s\u00f3n les que desdoblen<\/em>)<\/p>\n\n\n\n<div class=\"wp-block-buttons is-layout-flex wp-block-buttons-is-layout-flex\">\n<div class=\"wp-block-button\"><a class=\"wp-block-button__link wp-element-button\" href=\"https:\/\/ja.cat\/UHQI0\" target=\"_blank\" rel=\"noreferrer noopener\">Curr\u00edculum d&#8217;ESO<\/a><\/div>\n<\/div>\n\n\n\n<p><\/p>\n<\/details>\n\n\n\n<details class=\"wp-block-details is-layout-flow wp-block-details-is-layout-flow\"><summary>Projectes de fi de trimestre<\/summary>\n<p>Cada trimestre es desenvolupen projectes interdisciplinaris. En total, l\u2019alumnat realitza 12 projectes al llarg de l\u2019ESO, adaptats a cada nivell. En ells, posem en valor coneixements transversals amb resultats pr\u00e0ctics: es contribueix a organitzar el dia de la interculturalitat o Sant Jordi, proposar mesures per a l\u2019acollida del nou alumnat o l\u2019acompanyament en la presa de decisions del futur professional, es dissenya un joc de taula per con\u00e8ixer el territori o es confecciona una revista,&nbsp; entre d\u2019altre<\/p>\n\n\n\n<p><\/p>\n<\/details>\n\n\n\n<details class=\"wp-block-details is-layout-flow wp-block-details-is-layout-flow\"><summary>Dies i activitats singulars de centre<\/summary>\n<p>Organitzem jornades que donen vida al centre i fomenten la creativitat i la conviv\u00e8ncia:<\/p>\n\n\n\n<ul class=\"wp-block-list\">\n<li><strong>Concurs de portes de Nadal<\/strong>. Vestim les portes per saludar les festes entorn conceptes que comencen per la lletra de cada grup<\/li>\n\n\n\n<li><strong>Cursa d\u2019orientaci\u00f3<\/strong>. Cada any organitzem una cursa d\u2019orientaci\u00f3 que implica tot l\u2019institut, amb diferents recorreguts pel poble on s\u2019han de localitzar fites que ens permeten con\u00e8ixer millor el nostre territori. Dissenyem unes ja cl\u00e0ssiques samarretes amb logotips creats pel mateix alumnat, i de diferents colors, segons el nivell.<\/li>\n\n\n\n<li><strong> Sant Jordi.<\/strong> Una jornada \u00fanica que combina premis literaris i tallers manipulatius.<\/li>\n\n\n\n<li><strong>Dia de la Interculturalitat<\/strong>. A trav\u00e9s del menjar es manifesta la diversitat del centre i de les societats contempor\u00e0nies.<\/li>\n<\/ul>\n<\/details>\n\n\n\n<details class=\"wp-block-details is-layout-flow wp-block-details-is-layout-flow\"><summary>Aprendre vivint experi\u00e8ncies<\/summary>\n<p>A l\u2019Institut Corbera l\u2019aprenentatge va m\u00e9s enll\u00e0 de l\u2019aula. Fem sortides curriculars al llarg del curs (espais naturals i culturals, tallers&#8230;), aix\u00ed com col\u00f2nies i intercanvis (Londres, Hauenstein&#8230;), on vivim experi\u00e8ncies culturals reals, practiquem l\u2019angl\u00e8s i posem en joc els nostres valors c\u00edvics.&nbsp;<\/p>\n<\/details>\n\n\n\n<details class=\"wp-block-details is-layout-flow wp-block-details-is-layout-flow\"><summary>Comissi\u00f3 de coeducaci\u00f3<\/summary>\n<p>Disposem d\u2019una comissi\u00f3 que actua com a observatori de coeducaci\u00f3, que vetlla pel respecte i la igualtat entre g\u00e8neres, tant a les aules com en els materials, el llenguatge o les relacions dins del centre.<\/p>\n<\/details>\n\n\n\n<details class=\"wp-block-details is-layout-flow wp-block-details-is-layout-flow\"><summary>Conviv\u00e8ncia<\/summary>\n<div class=\"wp-block-buttons is-layout-flex wp-block-buttons-is-layout-flex\">\n<div class=\"wp-block-button\"><a class=\"wp-block-button__link wp-element-button\" href=\"https:\/\/ja.cat\/EgAAE\" target=\"_blank\" rel=\"noreferrer noopener\">Acc\u00e9s a conviv\u00e8ncia<\/a><\/div>\n<\/div>\n\n\n\n<p><\/p>\n<\/details>\n\n\n\n<details class=\"wp-block-details is-layout-flow wp-block-details-is-layout-flow\"><summary>Projecte de lectura \u201c4 Ratlles\u201d<\/summary>\n<p>Dediquem una hora setmanal a la lectura. El projecte \u201c4 Ratlles\u201d \u00e9s una selecci\u00f3 de textos i activitats dissenyats pel mateix professorat, amb materials i activitats pr\u00f2pies, per fomentar el gust per llegir i la compet\u00e8ncia lectora. Cada any, s\u2019enriqueix amb produccions textuals i visuals proposades pel mateix alumnat.<\/p>\n<\/details>\n\n\n\n<details class=\"wp-block-details is-layout-flow wp-block-details-is-layout-flow\"><summary>Serveis Comunitaris (Aprenentatge Servei)<\/summary>\n<p>Aquesta mat\u00e8ria es localitza a tercer curs. Consisteix en 10 hores te\u00f2riques en qu\u00e8 entitats del poble ens expliquen la import\u00e0ncia social, cultural i mediambiental de la seva tasca. Posteriorment, en conveni amb l\u2019Ajuntament, desenvolupem projectes reals de servei a la comunitat, com ara:<\/p>\n\n\n\n<ul class=\"wp-block-list\">\n<li>Campanyes de donaci\u00f3 de sang<\/li>\n\n\n\n<li>Neteja de la riera<\/li>\n\n\n\n<li>Recapte d\u2019aliments&#8230;<\/li>\n<\/ul>\n\n\n\n<p>L\u2019alumnat apr\u00e8n tot contribuint activament a millorar el seu entorn.<\/p>\n<\/details>\n\n\n\n<details class=\"wp-block-details is-layout-flow wp-block-details-is-layout-flow\"><summary>Impuls a la participaci\u00f3 de l\u2019alumnat en diferents programes<\/summary>\n<p><\/p>\n\n\n\n<ul class=\"wp-block-list\">\n<li>\u201cBojos per\u2026\u201d\n<ul class=\"wp-block-list\">\n<li>Participem en els programes \u201cBojos per les Matem\u00e0tiques\u201d, \u201cper la Biologia\u201d, \u201cper la Nutrici\u00f3\u201d, \u201cper la Medicina\u201d i \u201cper l\u2019Economia\u201d. Aquesta iniciativa s\u2019adre\u00e7a a l\u2019alumnat amb inter\u00e8s i talent per aquestes disciplines i ens dona l\u2019oportunitat de fer activitats pr\u00e0ctiques i estar en contacte amb professionals, experts i entorns universitaris i de recerca. Aquesta col\u00b7laboraci\u00f3 es materialitza en l\u2019elaboraci\u00f3 d\u2019alguns Treballs de Recerca seleccionats.<\/li>\n<\/ul>\n<\/li>\n\n\n\n<li>Programes amb la Societat Catalana de les Matem\u00e0tiques\n<ul class=\"wp-block-list\">\n<li>Problemes a l\u2019esprint:  Aquest \u00e9s un concurs matem\u00e0tic anual, en l\u00ednia i per equips, organitzats en diferents cursos, en qu\u00e8 l\u2019alumnat resol reptes de l\u00f2gica i c\u00e0lcul en un temps limitat. Fomenta el treball cooperatiu, l\u2019agilitat mental i l\u2019estrat\u00e8gia en la resoluci\u00f3 de problemes.<\/li>\n\n\n\n<li>Copa Cangur:  Competici\u00f3 matem\u00e0tica per equips i presencial, en qu\u00e8 l\u2019alumnat ha de resoldre problemes de matem\u00e0tiques aplicades i de raonament, potenciant el treball en equip i el gust per les matem\u00e0tiques.<\/li>\n\n\n\n<li>Prova Cangur:  La Copa Cangur \u00e9s un concurs presencial de resoluci\u00f3 de problemes de matem\u00e0tiques per a equips de centre, organitzat per la Societat Catalana de Matem\u00e0tiques i que rep el suport log\u00edstic d\u2019Isotr\u00f2pic. Els equips estan formats per 7 alumnes de 1r i 2n d\u2019ESO (categoria Cadet) o b\u00e9 7 alumnes de 3r i 4t d\u2019ESO (categoria J\u00fanior). Un dels nostres alumnes de 1r d&#8217;ESO va rebre el curs passat, una menci\u00f3 honor\u00edfica per estar dins de l&#8217;1% de participants amb millors puntuacions del seu nivell.<\/li>\n\n\n\n<li>Olimp\u00edada Bebras de pensament computacional:  Aquesta activitat forma part d\u2019una iniciativa internacional per fomentar el pensament computacional, una habilitat clau per al desenvolupament del raonament l\u00f2gic, la resoluci\u00f3 de problemes i la creativitat. El repte Bebras convida l\u2019alumnat a resoldre petits enigmes i situacions de l\u00f2gica de manera amena i engrescadora, sense necessitat de tenir coneixements previs de programaci\u00f3.<\/li>\n<\/ul>\n<\/li>\n\n\n\n<li>Som Escola Verda: Trobades ecodelegats\n<ul class=\"wp-block-list\">\n<li>Des del curs 2018-2019, l\u2019Institut Corbera s\u2019inicia en el projecte Escola Verda. Formar part d\u2019aquest programa, impulsat des de la Generalitat de Catalunya, \u00e9s un reconeixement dels esfor\u00e7os del centre per a fer-se m\u00e9s sostenible i incidir en una educaci\u00f3 ambiental amb sentit i efectes pr\u00e0ctics. Hem constitu\u00eft una comissi\u00f3 d\u2019ecodelegats (representants voluntaris entre l\u2019alumnat) i de docents, que vetllem perqu\u00e8 el centre ocasioni la menor petjada ecol\u00f2gica possible i es vetlli pel reciclatge, la reutilitzaci\u00f3 i la reducci\u00f3 del consum.&nbsp;&nbsp;&nbsp;<\/li>\n<\/ul>\n<\/li>\n<\/ul>\n\n\n\n<p>L\u2019alumnat apr\u00e8n tot contribuint activament a millorar el seu entorn.<\/p>\n<\/details>\n\n\n\n<details class=\"wp-block-details is-layout-flow wp-block-details-is-layout-flow\"><summary>Activitats en l\u2019entorn proper<\/summary>\n<ul class=\"wp-block-list\">\n<li>Recital de Poesia i M\u00fasica\n<ul class=\"wp-block-list\">\n<li>Lectura d\u2019una selecci\u00f3 de poemes escrits pels nostres alumnes, acompanyats de m\u00fasica a l\u2019Hospital de Pelegrins de Corbera Alta.&nbsp;<\/li>\n<\/ul>\n<\/li>\n\n\n\n<li>Exposici\u00f3 al Cercle Art\u00edstic i d\u2019Autors de Corbera\n<ul class=\"wp-block-list\">\n<li>Exposici\u00f3 de treballs pl\u00e0stics realitzats per l\u2019alumnat de l\u2019Institut amb diversos materials.&nbsp;<\/li>\n<\/ul>\n<\/li>\n\n\n\n<li>Dia de l\u2019emprenedor\n<ul class=\"wp-block-list\">\n<li>\u00c9s una jornada educativa organitzada per l\u2019Ajuntament de Molins de Rei en col\u00b7laboraci\u00f3 amb la Generalitat de Catalunya (Departament&nbsp; d\u2019Empresa i Treball) que acosta l\u2019alumnat al m\u00f3n de l\u2019emprenedoria. Fomenta la iniciativa, la creativitat, el treball en equip i la cultura emprenedora. Tenim l\u2019orgull que el nostre alumnat ha guanyat aquest concurs en diferents ocasions.&nbsp;<\/li>\n<\/ul>\n<\/li>\n<\/ul>\n\n\n\n<p><\/p>\n<\/details>\n\n\n\n<details class=\"wp-block-details is-layout-flow wp-block-details-is-layout-flow\"><summary>Altres iniciatives<\/summary>\n<ul class=\"wp-block-list\">\n<li>Joves i Ci\u00e8ncia\n<ul class=\"wp-block-list\">\n<li>Programa d\u2019excel\u00b7l\u00e8ncia que acompanya joves interessats en la ci\u00e8ncia, que aix\u00ed poden visitar centres de recerca o tenir un mentoratge cient\u00edfic en treballs de recerca.<\/li>\n<\/ul>\n<\/li>\n\n\n\n<li>\u2022 Young Business Talents\n<ul class=\"wp-block-list\">\n<li>\u00c9s una competici\u00f3 de simulaci\u00f3 empresarial&nbsp; en qu\u00e8 l\u2019alumnat gestiona una empresa virtual i pren decisions reals de m\u00e0rqueting, finances i producci\u00f3, desenvolupant compet\u00e8ncies econ\u00f2miques, digitals i de presa de decisions. \u00c9s una tradici\u00f3 de molts anys que l\u2019Institut Corbera hi participi, havent arribat a la final a Madrid moltes vegades i finalment obtenir el primer premi el curs 2023-24.<\/li>\n<\/ul>\n<\/li>\n\n\n\n<li>Copa Colegial\n<ul class=\"wp-block-list\">\n<li>\u00c9s una competici\u00f3 de b\u00e0squet entre centres educatius que promou l\u2019esport, el joc net, el treball en equip i els h\u00e0bits saludables, combinant activitat f\u00edsica i valors educatius. El passat curs un dels nostres alumnes va ser premiat per ser el millor jugador-estudiant de la Copa Colegial de Catalunya.<\/li>\n<\/ul>\n<\/li>\n\n\n\n<li>Premis Treball de recerca\n<ul class=\"wp-block-list\">\n<li>Des del centre impulsem la participaci\u00f3 de l\u2019alumnat de 2n de Batxillerat en els premis del Treball de Recerca organitzats per diverses entitats (CRP Baix Llobregat VI, UB i UAB).<\/li>\n<\/ul>\n<\/li>\n<\/ul>\n\n\n\n<p><\/p>\n<\/details>\n<\/div><\/div>\n\n\n\n<div class=\"wp-block-getwid-accordion__header-wrapper\"><span class=\"wp-block-getwid-accordion__header\"><a href=\"#\"><span class=\"wp-block-getwid-accordion__header-title\">Espais i recursos. Aprendre fent<\/span><span class=\"wp-block-getwid-accordion__icon is-active\"><i class=\"fas fa-plus\"><\/i><\/span><span class=\"wp-block-getwid-accordion__icon is-passive\"><i class=\"fas fa-minus\"><\/i><\/span><\/a><\/span><\/div><div class=\"wp-block-getwid-accordion__content-wrapper\"><div class=\"wp-block-getwid-accordion__content\">\n<p>A part d\u2019aules dotades d\u2019equips inform\u00e0tics i pissarres digitals, disposem d\u2019espais espec\u00edfics equipats per a un aprenentatge pr\u00e0ctic:<\/p>\n\n\n\n<ul class=\"wp-block-list\">\n<li>Laboratori de F\u00edsica i Qu\u00edmica (fem experiments per comprendre la natura i l\u2019univers)<\/li>\n\n\n\n<li>Laboratori de Biologia (estudiem els \u00e9ssers vius a trav\u00e9s de microscopis, disseccions\u2026)<\/li>\n\n\n\n<li>Estaci\u00f3 meteorol\u00f2gica a l\u2019exterior<\/li>\n\n\n\n<li>Aules-taller de tecnologia (amb talladora l\u00e0ser, impressores 3D\u2026)<\/li>\n\n\n\n<li>Aula de m\u00fasica amb instruments (banjos, flautes, xil\u00f2fons, metal\u00b7l\u00f2fons\u2026) i un bon equip de so<\/li>\n\n\n\n<li>Aules d\u2019inform\u00e0tica. A part de la dotaci\u00f3 d\u2019equips inform\u00e0tics de les aules disposem de dues sales d\u2019inform\u00e0tica completament dotades<\/li>\n\n\n\n<li>Aula de visual i pl\u00e0stica<\/li>\n\n\n\n<li>Pistes esportives exteriors i interiors<\/li>\n<\/ul>\n<\/div><\/div>\n<\/div>\n\n\n\n<p><\/p>\n","protected":false},"excerpt":{"rendered":"<p>Benvinguts a l\u2019Institut Corbera, Som un centre p\u00fablic d\u2019educaci\u00f3 secund\u00e0ria que apostem per l\u2019acompanyament i l\u2019excel\u00b7l\u00e8ncia. Acompanyem nois i noies en una etapa clau del seu creixement personal i acad\u00e8mic, amb una mirada educativa exigent, propera i compromesa amb el seu futur.&nbsp;<\/p>\n","protected":false},"author":1,"featured_media":10886,"parent":0,"menu_order":0,"comment_status":"closed","ping_status":"close","template":"","meta":{"_bbp_topic_count":0,"_bbp_reply_count":0,"_bbp_total_topic_count":0,"_bbp_total_reply_count":0,"_bbp_voice_count":0,"_bbp_anonymous_reply_count":0,"_bbp_topic_count_hidden":0,"_bbp_reply_count_hidden":0,"_bbp_forum_subforum_count":0,"site-sidebar-layout":"default","site-content-layout":"","ast-site-content-layout":"default","site-content-style":"default","site-sidebar-style":"default","ast-global-header-display":"","ast-banner-title-visibility":"","ast-main-header-display":"","ast-hfb-above-header-display":"","ast-hfb-below-header-display":"","ast-hfb-mobile-header-display":"","site-post-title":"","ast-breadcrumbs-content":"","ast-featured-img":"","footer-sml-layout":"","theme-transparent-header-meta":"","adv-header-id-meta":"","stick-header-meta":"","header-above-stick-meta":"","header-main-stick-meta":"","header-below-stick-meta":"","astra-migrate-meta-layouts":"set","ast-page-background-enabled":"default","ast-page-background-meta":{"desktop":{"background-color":"var(--ast-global-color-4)","background-image":"","background-repeat":"repeat","background-position":"center center","background-size":"auto","background-attachment":"scroll","background-type":"","background-media":"","overlay-type":"","overlay-color":"","overlay-opacity":"","overlay-gradient":""},"tablet":{"background-color":"","background-image":"","background-repeat":"repeat","background-position":"center center","background-size":"auto","background-attachment":"scroll","background-type":"","background-media":"","overlay-type":"","overlay-color":"","overlay-opacity":"","overlay-gradient":""},"mobile":{"background-color":"","background-image":"","background-repeat":"repeat","background-position":"center center","background-size":"auto","background-attachment":"scroll","background-type":"","background-media":"","overlay-type":"","overlay-color":"","overlay-opacity":"","overlay-gradient":""}},"ast-content-background-meta":{"desktop":{"background-color":"var(--ast-global-color-5)","background-image":"","background-repeat":"repeat","background-position":"center center","background-size":"auto","background-attachment":"scroll","background-type":"","background-media":"","overlay-type":"","overlay-color":"","overlay-opacity":"","overlay-gradient":""},"tablet":{"background-color":"var(--ast-global-color-5)","background-image":"","background-repeat":"repeat","background-position":"center center","background-size":"auto","background-attachment":"scroll","background-type":"","background-media":"","overlay-type":"","overlay-color":"","overlay-opacity":"","overlay-gradient":""},"mobile":{"background-color":"var(--ast-global-color-5)","background-image":"","background-repeat":"repeat","background-position":"center center","background-size":"auto","background-attachment":"scroll","background-type":"","background-media":"","overlay-type":"","overlay-color":"","overlay-opacity":"","overlay-gradient":""}},"footnotes":""},"class_list":["post-10853","page","type-page","status-publish","has-post-thumbnail","hentry"],"post_mailing_queue_ids":[],"_links":{"self":[{"href":"https:\/\/agora.xtec.cat\/iescorbera\/wp-json\/wp\/v2\/pages\/10853","targetHints":{"allow":["GET"]}}],"collection":[{"href":"https:\/\/agora.xtec.cat\/iescorbera\/wp-json\/wp\/v2\/pages"}],"about":[{"href":"https:\/\/agora.xtec.cat\/iescorbera\/wp-json\/wp\/v2\/types\/page"}],"author":[{"embeddable":true,"href":"https:\/\/agora.xtec.cat\/iescorbera\/wp-json\/wp\/v2\/users\/1"}],"replies":[{"embeddable":true,"href":"https:\/\/agora.xtec.cat\/iescorbera\/wp-json\/wp\/v2\/comments?post=10853"}],"version-history":[{"count":6,"href":"https:\/\/agora.xtec.cat\/iescorbera\/wp-json\/wp\/v2\/pages\/10853\/revisions"}],"predecessor-version":[{"id":11101,"href":"https:\/\/agora.xtec.cat\/iescorbera\/wp-json\/wp\/v2\/pages\/10853\/revisions\/11101"}],"wp:featuredmedia":[{"embeddable":true,"href":"https:\/\/agora.xtec.cat\/iescorbera\/wp-json\/wp\/v2\/media\/10886"}],"wp:attachment":[{"href":"https:\/\/agora.xtec.cat\/iescorbera\/wp-json\/wp\/v2\/media?parent=10853"}],"curies":[{"name":"wp","href":"https:\/\/api.w.org\/{rel}","templated":true}]}}