{"id":10479,"date":"2025-09-23T16:53:50","date_gmt":"2025-09-23T14:53:50","guid":{"rendered":"https:\/\/agora.xtec.cat\/iescorbera\/?page_id=10479"},"modified":"2025-09-23T16:53:51","modified_gmt":"2025-09-23T14:53:51","slug":"edc-cd-usuaris-del-centre","status":"publish","type":"page","link":"https:\/\/agora.xtec.cat\/iescorbera\/estrategia-digital-de-centre\/edc-cultura-digital\/edc-cd-usuaris-del-centre\/","title":{"rendered":"EDC &#8211; CD &#8211; Usuaris del centre"},"content":{"rendered":"\n<h1 class=\"wp-block-heading\">Usuaris del centre<\/h1>\n\n\n\n<p>Es consideren <strong>usuaris digitals<\/strong> del centre:<\/p>\n\n\n\n<ul class=\"wp-block-list\">\n<li>L&#8217;alumnat<\/li>\n\n\n\n<li>El professorat i personal de serveis<\/li>\n\n\n\n<li>Les fam\u00edlies<\/li>\n<\/ul>\n\n\n\n<h2 class=\"wp-block-heading\"><strong>CREACI\u00d3 I GESTI\u00d3 D&#8217;USUARIS I CANVI DE CURS<\/strong><\/h2>\n\n\n\n<p>Cada membre de la comunitat escolar disposa del seu usuari en el domini<strong> @institutcorbera.cat<\/strong>.<\/p>\n\n\n\n<p><em>Davant la impossibilitat d&#8217;acc\u00e9s al teu compte personal l&#8217;usuari s&#8217;haur\u00e0 de dirigir a la secretaria per poder crear una nova contrasenya.<\/em><\/p>\n\n\n\n<h2 class=\"wp-block-heading\"><strong>GESTI\u00d3 DELS ESPAIS I RECURSOS DIGITALS<\/strong><\/h2>\n\n\n\n<p>Les aules d\u2019inform\u00e0tica s\u2019han de mantenir totalment actualitzades, s\u2019hi accedeix sense usuari i contrasenya,<\/p>\n\n\n\n<p>La gesti\u00f3 de l\u2019ocupaci\u00f3 la directament el professorat o, si no pot ser, el cap d\u2019estudis en forma d\u2019horari segons les peticions de les diferents \u00e0rees.<\/p>\n\n\n\n<p><\/p>\n","protected":false},"excerpt":{"rendered":"<p>Usuaris del centre Es consideren usuaris digitals del centre: CREACI\u00d3 I GESTI\u00d3 D&#8217;USUARIS I CANVI DE CURS Cada membre de la comunitat escolar disposa del seu usuari en el domini @institutcorbera.cat. Davant la impossibilitat d&#8217;acc\u00e9s al teu compte personal l&#8217;usuari s&#8217;haur\u00e0 de dirigir a la secretaria per poder crear una nova contrasenya. GESTI\u00d3 DELS ESPAIS [&hellip;]<\/p>\n","protected":false},"author":1,"featured_media":0,"parent":10464,"menu_order":0,"comment_status":"closed","ping_status":"close","template":"","meta":{"_bbp_topic_count":0,"_bbp_reply_count":0,"_bbp_total_topic_count":0,"_bbp_total_reply_count":0,"_bbp_voice_count":0,"_bbp_anonymous_reply_count":0,"_bbp_topic_count_hidden":0,"_bbp_reply_count_hidden":0,"_bbp_forum_subforum_count":0,"site-sidebar-layout":"default","site-content-layout":"","ast-site-content-layout":"default","site-content-style":"default","site-sidebar-style":"default","ast-global-header-display":"","ast-banner-title-visibility":"","ast-main-header-display":"","ast-hfb-above-header-display":"","ast-hfb-below-header-display":"","ast-hfb-mobile-header-display":"","site-post-title":"disabled","ast-breadcrumbs-content":"","ast-featured-img":"","footer-sml-layout":"","theme-transparent-header-meta":"","adv-header-id-meta":"","stick-header-meta":"","header-above-stick-meta":"","header-main-stick-meta":"","header-below-stick-meta":"","astra-migrate-meta-layouts":"set","ast-page-background-enabled":"default","ast-page-background-meta":{"desktop":{"background-color":"var(--ast-global-color-4)","background-image":"","background-repeat":"repeat","background-position":"center center","background-size":"auto","background-attachment":"scroll","background-type":"","background-media":"","overlay-type":"","overlay-color":"","overlay-opacity":"","overlay-gradient":""},"tablet":{"background-color":"","background-image":"","background-repeat":"repeat","background-position":"center center","background-size":"auto","background-attachment":"scroll","background-type":"","background-media":"","overlay-type":"","overlay-color":"","overlay-opacity":"","overlay-gradient":""},"mobile":{"background-color":"","background-image":"","background-repeat":"repeat","background-position":"center center","background-size":"auto","background-attachment":"scroll","background-type":"","background-media":"","overlay-type":"","overlay-color":"","overlay-opacity":"","overlay-gradient":""}},"ast-content-background-meta":{"desktop":{"background-color":"var(--ast-global-color-5)","background-image":"","background-repeat":"repeat","background-position":"center center","background-size":"auto","background-attachment":"scroll","background-type":"","background-media":"","overlay-type":"","overlay-color":"","overlay-opacity":"","overlay-gradient":""},"tablet":{"background-color":"var(--ast-global-color-5)","background-image":"","background-repeat":"repeat","background-position":"center center","background-size":"auto","background-attachment":"scroll","background-type":"","background-media":"","overlay-type":"","overlay-color":"","overlay-opacity":"","overlay-gradient":""},"mobile":{"background-color":"var(--ast-global-color-5)","background-image":"","background-repeat":"repeat","background-position":"center center","background-size":"auto","background-attachment":"scroll","background-type":"","background-media":"","overlay-type":"","overlay-color":"","overlay-opacity":"","overlay-gradient":""}},"footnotes":""},"class_list":["post-10479","page","type-page","status-publish","hentry"],"post_mailing_queue_ids":[],"_links":{"self":[{"href":"https:\/\/agora.xtec.cat\/iescorbera\/wp-json\/wp\/v2\/pages\/10479","targetHints":{"allow":["GET"]}}],"collection":[{"href":"https:\/\/agora.xtec.cat\/iescorbera\/wp-json\/wp\/v2\/pages"}],"about":[{"href":"https:\/\/agora.xtec.cat\/iescorbera\/wp-json\/wp\/v2\/types\/page"}],"author":[{"embeddable":true,"href":"https:\/\/agora.xtec.cat\/iescorbera\/wp-json\/wp\/v2\/users\/1"}],"replies":[{"embeddable":true,"href":"https:\/\/agora.xtec.cat\/iescorbera\/wp-json\/wp\/v2\/comments?post=10479"}],"version-history":[{"count":1,"href":"https:\/\/agora.xtec.cat\/iescorbera\/wp-json\/wp\/v2\/pages\/10479\/revisions"}],"predecessor-version":[{"id":10480,"href":"https:\/\/agora.xtec.cat\/iescorbera\/wp-json\/wp\/v2\/pages\/10479\/revisions\/10480"}],"up":[{"embeddable":true,"href":"https:\/\/agora.xtec.cat\/iescorbera\/wp-json\/wp\/v2\/pages\/10464"}],"wp:attachment":[{"href":"https:\/\/agora.xtec.cat\/iescorbera\/wp-json\/wp\/v2\/media?parent=10479"}],"curies":[{"name":"wp","href":"https:\/\/api.w.org\/{rel}","templated":true}]}}