{"id":10464,"date":"2025-09-23T16:33:19","date_gmt":"2025-09-23T14:33:19","guid":{"rendered":"https:\/\/agora.xtec.cat\/iescorbera\/?page_id=10464"},"modified":"2025-10-13T19:39:06","modified_gmt":"2025-10-13T17:39:06","slug":"edc-cultura-digital","status":"publish","type":"page","link":"https:\/\/agora.xtec.cat\/iescorbera\/estrategia-digital-de-centre\/edc-cultura-digital\/","title":{"rendered":"EDC &#8211; CULTURA DIGITAL"},"content":{"rendered":"\n<h2 class=\"wp-block-heading\">CULTURA DIGITAL (CD)<\/h2>\n\n\n\n<figure class=\"wp-block-image size-full\"><a href=\"https:\/\/agora.xtec.cat\/iescorbera\/estrategia-digital-de-centre\/\"><img loading=\"lazy\" decoding=\"async\" width=\"768\" height=\"547\" src=\"https:\/\/agora.xtec.cat\/iescorbera\/wp-content\/uploads\/usu1465\/2025\/09\/img_EDC_graph_07-768x547-1.png\" alt=\"\" class=\"wp-image-10465\" srcset=\"https:\/\/agora.xtec.cat\/iescorbera\/wp-content\/uploads\/usu1465\/2025\/09\/img_EDC_graph_07-768x547-1.png 768w, https:\/\/agora.xtec.cat\/iescorbera\/wp-content\/uploads\/usu1465\/2025\/09\/img_EDC_graph_07-768x547-1-300x214.png 300w\" sizes=\"auto, (max-width: 768px) 100vw, 768px\" \/><\/a><\/figure>\n\n\n\n<p>En aquest espai, que \u00e9s un apartat espec\u00edfic, es recullen tots els documents del centre que fan refer\u00e8ncia a aspectes de la cultura digital per poder tenir una visi\u00f3 completa de l&#8217;assoliment d&#8217;aquesta cultura tant pel que fa al nostre institut com al centre en general.&nbsp;<\/p>\n\n\n\n<div class=\"wp-block-columns is-layout-flex wp-container-core-columns-is-layout-1 wp-block-columns-is-layout-flex\">\n<div class=\"wp-block-column is-layout-flow wp-block-column-is-layout-flow\" style=\"flex-basis:50%\">\n<h2 class=\"wp-block-heading\"><strong>PLATAFORMA DIGITAL<\/strong><\/h2>\n\n\n\n<p>El centre disposa de dos entorns virtuals d&#8217;aprenentatge (EVA).La plataforma <strong><em>Google for Education<\/em><\/strong><em> <\/em>que permet tenir creat d&#8217;un domini propi dins (<strong>@institutcorbera.cat<\/strong>. Aix\u00f2 permet que tots els membres de la comunitat educativa (alumnat, professorat, personal d&#8217;administraci\u00f3 i fam\u00edlies) disposin d&#8217;un usuari propi. Aquesta mateixa plataforma proporciona un espai personal al n\u00favol i l&#8217;acc\u00e9s a diferents eines en xarxa.<\/p>\n<\/div>\n\n\n\n<div class=\"wp-block-column is-layout-flow wp-block-column-is-layout-flow\" style=\"flex-basis:50%\">\n<figure class=\"wp-block-image aligncenter size-full\"><a href=\"https:\/\/agora.xtec.cat\/iescorbera\/wp-content\/uploads\/usu1465\/2025\/09\/Web-Imatges.png\"><img loading=\"lazy\" decoding=\"async\" width=\"800\" height=\"600\" src=\"https:\/\/agora.xtec.cat\/iescorbera\/wp-content\/uploads\/usu1465\/2025\/09\/Web-Imatges.png\" alt=\"\" class=\"wp-image-10467\" srcset=\"https:\/\/agora.xtec.cat\/iescorbera\/wp-content\/uploads\/usu1465\/2025\/09\/Web-Imatges.png 800w, https:\/\/agora.xtec.cat\/iescorbera\/wp-content\/uploads\/usu1465\/2025\/09\/Web-Imatges-300x225.png 300w, https:\/\/agora.xtec.cat\/iescorbera\/wp-content\/uploads\/usu1465\/2025\/09\/Web-Imatges-768x576.png 768w\" sizes=\"auto, (max-width: 800px) 100vw, 800px\" \/><\/a><\/figure>\n<\/div>\n<\/div>\n\n\n\n<p>El centre tamb\u00e9 disposa de <strong><em>la suite educativa Alexia<\/em><\/strong>. Aquesta plataforma permet realitzar la gesti\u00f3 i comunicaci\u00f3 educativa entre el centre i l&#8217;alumnat i les fam\u00edlies. A m\u00e9s a m\u00e9s, proporciona un entorn EVA, basat en Moodle, anomenat <em>Alexia Classroom<\/em> que proveeix d&#8217;un espai d&#8217;ensenyament i aprenentatge.<\/p>\n\n\n\n<h2 class=\"wp-block-heading\">APARTATS DE CULTURA DIGITAL<\/h2>\n\n\n\n<ul class=\"wp-block-list\">\n<li>Documentaci\u00f3 b\u00e0sica<\/li>\n\n\n\n<li>Usuaris del centre<\/li>\n\n\n\n<li>Comunicaci\u00f3<\/li>\n<\/ul>\n\n\n\n<p><\/p>\n","protected":false},"excerpt":{"rendered":"<p>CULTURA DIGITAL (CD) En aquest espai, que \u00e9s un apartat espec\u00edfic, es recullen tots els documents del centre que fan refer\u00e8ncia a aspectes de la cultura digital per poder tenir una visi\u00f3 completa de l&#8217;assoliment d&#8217;aquesta cultura tant pel que fa al nostre institut com al centre en general.&nbsp; PLATAFORMA DIGITAL El centre disposa de [&hellip;]<\/p>\n","protected":false},"author":1,"featured_media":0,"parent":8572,"menu_order":0,"comment_status":"closed","ping_status":"close","template":"","meta":{"_bbp_topic_count":0,"_bbp_reply_count":0,"_bbp_total_topic_count":0,"_bbp_total_reply_count":0,"_bbp_voice_count":0,"_bbp_anonymous_reply_count":0,"_bbp_topic_count_hidden":0,"_bbp_reply_count_hidden":0,"_bbp_forum_subforum_count":0,"site-sidebar-layout":"default","site-content-layout":"","ast-site-content-layout":"default","site-content-style":"default","site-sidebar-style":"default","ast-global-header-display":"","ast-banner-title-visibility":"","ast-main-header-display":"","ast-hfb-above-header-display":"","ast-hfb-below-header-display":"","ast-hfb-mobile-header-display":"","site-post-title":"disabled","ast-breadcrumbs-content":"","ast-featured-img":"","footer-sml-layout":"","theme-transparent-header-meta":"","adv-header-id-meta":"","stick-header-meta":"","header-above-stick-meta":"","header-main-stick-meta":"","header-below-stick-meta":"","astra-migrate-meta-layouts":"set","ast-page-background-enabled":"default","ast-page-background-meta":{"desktop":{"background-color":"var(--ast-global-color-4)","background-image":"","background-repeat":"repeat","background-position":"center center","background-size":"auto","background-attachment":"scroll","background-type":"","background-media":"","overlay-type":"","overlay-color":"","overlay-opacity":"","overlay-gradient":""},"tablet":{"background-color":"","background-image":"","background-repeat":"repeat","background-position":"center center","background-size":"auto","background-attachment":"scroll","background-type":"","background-media":"","overlay-type":"","overlay-color":"","overlay-opacity":"","overlay-gradient":""},"mobile":{"background-color":"","background-image":"","background-repeat":"repeat","background-position":"center center","background-size":"auto","background-attachment":"scroll","background-type":"","background-media":"","overlay-type":"","overlay-color":"","overlay-opacity":"","overlay-gradient":""}},"ast-content-background-meta":{"desktop":{"background-color":"var(--ast-global-color-5)","background-image":"","background-repeat":"repeat","background-position":"center center","background-size":"auto","background-attachment":"scroll","background-type":"","background-media":"","overlay-type":"","overlay-color":"","overlay-opacity":"","overlay-gradient":""},"tablet":{"background-color":"var(--ast-global-color-5)","background-image":"","background-repeat":"repeat","background-position":"center center","background-size":"auto","background-attachment":"scroll","background-type":"","background-media":"","overlay-type":"","overlay-color":"","overlay-opacity":"","overlay-gradient":""},"mobile":{"background-color":"var(--ast-global-color-5)","background-image":"","background-repeat":"repeat","background-position":"center center","background-size":"auto","background-attachment":"scroll","background-type":"","background-media":"","overlay-type":"","overlay-color":"","overlay-opacity":"","overlay-gradient":""}},"footnotes":""},"class_list":["post-10464","page","type-page","status-publish","hentry"],"post_mailing_queue_ids":[],"_links":{"self":[{"href":"https:\/\/agora.xtec.cat\/iescorbera\/wp-json\/wp\/v2\/pages\/10464","targetHints":{"allow":["GET"]}}],"collection":[{"href":"https:\/\/agora.xtec.cat\/iescorbera\/wp-json\/wp\/v2\/pages"}],"about":[{"href":"https:\/\/agora.xtec.cat\/iescorbera\/wp-json\/wp\/v2\/types\/page"}],"author":[{"embeddable":true,"href":"https:\/\/agora.xtec.cat\/iescorbera\/wp-json\/wp\/v2\/users\/1"}],"replies":[{"embeddable":true,"href":"https:\/\/agora.xtec.cat\/iescorbera\/wp-json\/wp\/v2\/comments?post=10464"}],"version-history":[{"count":5,"href":"https:\/\/agora.xtec.cat\/iescorbera\/wp-json\/wp\/v2\/pages\/10464\/revisions"}],"predecessor-version":[{"id":10570,"href":"https:\/\/agora.xtec.cat\/iescorbera\/wp-json\/wp\/v2\/pages\/10464\/revisions\/10570"}],"up":[{"embeddable":true,"href":"https:\/\/agora.xtec.cat\/iescorbera\/wp-json\/wp\/v2\/pages\/8572"}],"wp:attachment":[{"href":"https:\/\/agora.xtec.cat\/iescorbera\/wp-json\/wp\/v2\/media?parent=10464"}],"curies":[{"name":"wp","href":"https:\/\/api.w.org\/{rel}","templated":true}]}}