{"id":10355,"date":"2025-09-11T21:15:45","date_gmt":"2025-09-11T19:15:45","guid":{"rendered":"https:\/\/agora.xtec.cat\/iescorbera\/?page_id=10355"},"modified":"2025-09-29T10:34:39","modified_gmt":"2025-09-29T08:34:39","slug":"equip-de-professionals","status":"publish","type":"page","link":"https:\/\/agora.xtec.cat\/iescorbera\/linstitut\/equip-de-professionals\/","title":{"rendered":"Equip de professionals"},"content":{"rendered":"\n<h1 class=\"wp-block-heading\">CURS 2025-2026<\/h1>\n\n\n\n<h2 class=\"wp-block-heading\">Castell\u00e0<\/h2>\n\n\n\n<figure class=\"wp-block-table\"><table class=\"has-fixed-layout\"><tbody><tr><td>Castej\u00f3n Garc\u00eda, Pedro<\/td><td>Castell\u00e0<\/td><td>Coordinaci\u00f3 Batxillerat<\/td><\/tr><tr><td>Jorba Vidal Josep Maria<\/td><td>Castell\u00e0<\/td><td>Tutoria 3r ESO C<\/td><\/tr><tr><td>Ort\u00ed Luceno, Ana<\/td><td>Castell\u00e0<\/td><td><\/td><\/tr><tr><td>Torres Dom\u00ednguez, Irene<\/td><td>Castell\u00e0<\/td><td>Cap castell\u00e0 \/ Tutoria 4t C<\/td><\/tr><tr><td>Toutain Valls, Gerard<\/td><td>Cultura cl\u00e0ssica<\/td><td><\/td><\/tr><\/tbody><\/table><\/figure>\n\n\n\n<h2 class=\"wp-block-heading\">Catal\u00e0<\/h2>\n\n\n\n<figure class=\"wp-block-table\"><table class=\"has-fixed-layout\"><tbody><tr><td>Berbel Compte, Arnau<\/td><td>Catal\u00e0<\/td><td><\/td><\/tr><tr><td>Cros Valls, Marta<\/td><td>Catal\u00e0<\/td><td>Coordinaci\u00f3 2n d&#8217;ESO<\/td><\/tr><tr><td>Ferrero Herrera, Francesc<\/td><td>Catal\u00e0<\/td><td><\/td><\/tr><tr><td>Garcia G\u00f3mez, Lidia<\/td><td>Catal\u00e0<\/td><td>Tutoria 1r BTX B<\/td><\/tr><tr><td>P\u00e0rraga D\u00edaz, Max<\/td><td>Catal\u00e0<\/td><td>Cap catal\u00e0 \/ Coeducaci\u00f3 \/ Tutoria 2n BTX A<\/td><\/tr><\/tbody><\/table><\/figure>\n\n\n\n<h2 class=\"wp-block-heading\">Experimentals<\/h2>\n\n\n\n<figure class=\"wp-block-table\"><table class=\"has-fixed-layout\"><tbody><tr><td>Alay Cubero, Ivette<\/td><td>Biologia i Geologia<\/td><td>Tutoria 3r ESO B \/ Coordinaci\u00f3 SSCC<\/td><\/tr><tr><td>Cortinas Hern\u00e1ndez, Lucia<\/td><td>Biologia i Geologia<\/td><td><\/td><\/tr><tr><td>Garc\u00e9s Costa, Carolina<\/td><td>F\u00edsica i Qu\u00edmica<\/td><td>Cap ci\u00e8ncies<\/td><\/tr><tr><td>Ibars Feliu, Olga<\/td><td>F\u00edsica i Qu\u00edmica<\/td><td><\/td><\/tr><tr><td>Lahera P\u00e9rez, Beatriz<\/td><td>Biologia i Geologia<\/td><td>Tutoria 1r ESO A \/ Comissi\u00f3 escola verda<\/td><\/tr><tr><td>Montilla Ferreres, M\u00f2nica<\/td><td>F\u00edsica i Qu\u00edmica<\/td><td>Directora<\/td><\/tr><tr><td>Morales Garcia, Mercedes<\/td><td>F\u00edsica i Qu\u00edmica<\/td><td>Cap d&#8217;estudis<\/td><\/tr><tr><td>Navarro Molina, Lorena<\/td><td>Biologia i Geologia<\/td><td>Tutoria 1r ESO D \/ Coordinaci\u00f3 projectes 1r ESO<\/td><\/tr><\/tbody><\/table><\/figure>\n\n\n\n<h2 class=\"wp-block-heading\">Expressi\u00f3<\/h2>\n\n\n\n<figure class=\"wp-block-table\"><table class=\"has-fixed-layout\"><tbody><tr><td>Campos Anaya, Javier<\/td><td>Educaci\u00f3 f\u00edsica<\/td><td>Coordinaci\u00f3 4t d&#8217;ESO \/ Coordinaci\u00f3 extraescolars<\/td><\/tr><tr><td>Escrig Hidalgo, V\u00edctor Jos\u00e9<\/td><td>Educaci\u00f3 f\u00edsica<\/td><td><\/td><\/tr><tr><td>Farregut Ferrer, Josep<\/td><td>Educaci\u00f3 f\u00edsica<\/td><td>Cap expressi\u00f3 \/ Coordinaci\u00f3 extraescolars<\/td><\/tr><tr><td>Pastor Oleart, Marta<\/td><td>M\u00fasica<\/td><td>Tutoria 3r ESO A<\/td><\/tr><tr><td>S\u00e1nchez Espinar, Virginia<\/td><td>Dibuix<\/td><td>Tutoria 1r ESO B<\/td><\/tr><tr><td>Tamarit Torres, Gl\u00f2ria<\/td><td>Dibuix<\/td><td>Tutoria 2n ESO D \/ Coordinaci\u00f3 extraescolars<\/td><\/tr><\/tbody><\/table><\/figure>\n\n\n\n<h2 class=\"wp-block-heading\">Idiomes<\/h2>\n\n\n\n<figure class=\"wp-block-table\"><table class=\"has-fixed-layout\"><tbody><tr><td>Barrachina Ruiz, Jessica<\/td><td>Angl\u00e8s<\/td><td>Cap idiomes \/ Tutoria 1r BTX C<\/td><\/tr><tr><td>De la Concepci\u00f3n Marquez, Sergio<\/td><td>Angl\u00e8s<\/td><td>Tutoria 1r ESO C<\/td><\/tr><tr><td>del Ca\u00f1o Ferrer, Miquel<\/td><td>Franc\u00e8s<\/td><td><\/td><\/tr><tr><td>L\u00f3pez S\u00e1nchez, Ana Eva<\/td><td>Angl\u00e8s<\/td><td>Coordinaci\u00f3 3r d&#8217;ESO<\/td><\/tr><tr><td>Quesada Moreno, Mari Carmen<\/td><td>Angl\u00e8s<\/td><td>Tutoria 2n ESO C<\/td><\/tr><tr><td>Vives D\u00edaz, Cristina<\/td><td>Angl\u00e8s<\/td><td>Tutoria 4t D<\/td><\/tr><\/tbody><\/table><\/figure>\n\n\n\n<h2 class=\"wp-block-heading\">Matem\u00e0tiques<\/h2>\n\n\n\n<figure class=\"wp-block-table\"><table class=\"has-fixed-layout\"><tbody><tr><td>Burriel Cort\u00e9s, Susana<\/td><td>Matem\u00e0tiques<\/td><td>Secret\u00e0ria \/ Administraci\u00f3<\/td><\/tr><tr><td>Guilera Gispert, Bea<\/td><td>Matem\u00e0tiques<\/td><td><\/td><\/tr><tr><td>Marcos Labrador, Elena<\/td><td>Matem\u00e0tiques<\/td><td><\/td><\/tr><tr><td>Nieto To, I\u00f1aki<\/td><td>Matem\u00e0tiques<\/td><td>Tutoria 2n ESO A \/ Coordinaci\u00f3 projectes 2n ESO<\/td><\/tr><tr><td>Ros Carre\u00f1o, Mario<\/td><td>Matem\u00e0tiques<\/td><td>Cap matem\u00e0tiques \/ Tutoria 4t A \/ Coordinaci\u00f3 projectes 4t ESO<\/td><\/tr><tr><td>Ru\u00edz Mart\u00ed, Victor Manuel<\/td><td>Matem\u00e0tiques<\/td><td>Coordinaci\u00f3 1r d&#8217;ESO<\/td><\/tr><\/tbody><\/table><\/figure>\n\n\n\n<h2 class=\"wp-block-heading\">Orientaci\u00f3<\/h2>\n\n\n\n<figure class=\"wp-block-table\"><table class=\"has-fixed-layout\"><tbody><tr><td>Guardo G\u00f3mez, M. Paz<\/td><td>SIEI<\/td><td>Tutoria SIEI<\/td><\/tr><tr><td>Montilla Ruz, Marisa<\/td><td>Orientaci\u00f3<\/td><td>Cap orientaci\u00f3<\/td><\/tr><tr><td>Oll\u00e9 Garci-Nu\u00f1o, Harold<\/td><td>Orientaci\u00f3<\/td><td><\/td><\/tr><tr><td>Pinedo Gonell, Alba<\/td><td>SIEI<\/td><td>Tutoria SIEI<\/td><\/tr><tr><td>Casamayor P\u00e9rez, N\u00faria<\/td><td>SIEI<\/td><td>PAE<\/td><\/tr><\/tbody><\/table><\/figure>\n\n\n\n<h2 class=\"wp-block-heading\">Socials<\/h2>\n\n\n\n<figure class=\"wp-block-table\"><table class=\"has-fixed-layout\"><tbody><tr><td>Alcoba G\u00f3mez, Ernest<\/td><td>Geografia i Hist\u00f2ria<\/td><td>Coordinador pedag\u00f2gic<\/td><\/tr><tr><td>Cobas Pi\u00f1a, Mireia<\/td><td>Geografia i Hist\u00f2ria<\/td><td>Tutoria 2n BTX B \/ Coeducaci\u00f3<\/td><\/tr><tr><td>Falc\u00f3 Mart\u00ed, Xavier<\/td><td>Filosofia<\/td><td>Tutoria 1r BTX A<\/td><\/tr><tr><td>Flores Labrador, Antonio<\/td><td>Geografia i Hist\u00f2ria<\/td><td>Tutoria 2n ESO B \/ Comissi\u00f3 escola verda<\/td><\/tr><tr><td>Garvin Arcos, Lorena<\/td><td>Geografia i Hist\u00f2ria<\/td><td>Tutoria 4t B<\/td><\/tr><tr><td>Llop Juli\u00e0, Cinta<\/td><td>Geografia i Hist\u00f2ria<\/td><td>Cap socials \/ Comissi\u00f3 escola verda \/ Coordinaci\u00f3 projectes 3r ESO<\/td><\/tr><tr><td>Robledo D\u00edaz, Ra\u00fal<\/td><td>Geografia i Hist\u00f2ria<\/td><td>Tutoria 3r ESO D \/ Coordinaci\u00f3 SSCC<\/td><\/tr><tr><td>Teleguario Patal, Mario<\/td><td>Religi\u00f3<\/td><td>Coordinaci\u00f3 LIC<\/td><\/tr><\/tbody><\/table><\/figure>\n\n\n\n<h2 class=\"wp-block-heading\">Tecnologia<\/h2>\n\n\n\n<figure class=\"wp-block-table\"><table class=\"has-fixed-layout\"><tbody><tr><td>Boix Bellido, V\u00edctor<\/td><td>Tecnologia<\/td><td>Coordinaci\u00f3 inform\u00e0tica<\/td><\/tr><tr><td>Llad\u00f3 Sastre, Miquel<\/td><td>Tecnologia<\/td><td><\/td><\/tr><tr><td>P\u00e0mies Salvador, Marta<\/td><td>Tecnologia<\/td><td>Cap tecnologia \/ Coordinaci\u00f3 riscos<\/td><\/tr><tr><td>Valenzuela Garcia, Sergi<\/td><td>Tecnologia<\/td><td>Coordinador web<\/td><\/tr><tr><td>Guitart Gast\u00f3, Diana<\/td><td>Economia<\/td><td><\/td><\/tr><\/tbody><\/table><\/figure>\n\n\n\n<h2 class=\"wp-block-heading\">PAS<\/h2>\n\n\n\n<figure class=\"wp-block-table\"><table class=\"has-fixed-layout\"><tbody><tr><td>Clara Gil Puig<\/td><td>Administrativa<\/td><td><\/td><\/tr><tr><td>Silvia Aguado S\u00e1nchez<\/td><td>Administrativa<\/td><td><\/td><\/tr><tr><td>Joan Manel Espinosa Suarez<\/td><td>Consergeria<\/td><td><\/td><\/tr><tr><td>Carlos Arenas L\u00f3pez<\/td><td>Consergeria<\/td><td><\/td><\/tr><\/tbody><\/table><\/figure>\n\n\n\n<p><\/p>\n","protected":false},"excerpt":{"rendered":"<p>CURS 2025-2026 Castell\u00e0 Castej\u00f3n Garc\u00eda, Pedro Castell\u00e0 Coordinaci\u00f3 Batxillerat Jorba Vidal Josep Maria Castell\u00e0 Tutoria 3r ESO C Ort\u00ed Luceno, Ana Castell\u00e0 Torres Dom\u00ednguez, Irene Castell\u00e0 Cap castell\u00e0 \/ Tutoria 4t C Toutain Valls, Gerard Cultura cl\u00e0ssica Catal\u00e0 Berbel Compte, Arnau Catal\u00e0 Cros Valls, Marta Catal\u00e0 Coordinaci\u00f3 2n d&#8217;ESO Ferrero Herrera, Francesc Catal\u00e0 Garcia G\u00f3mez, [&hellip;]<\/p>\n","protected":false},"author":1,"featured_media":0,"parent":19,"menu_order":30,"comment_status":"closed","ping_status":"close","template":"","meta":{"_bbp_topic_count":0,"_bbp_reply_count":0,"_bbp_total_topic_count":0,"_bbp_total_reply_count":0,"_bbp_voice_count":0,"_bbp_anonymous_reply_count":0,"_bbp_topic_count_hidden":0,"_bbp_reply_count_hidden":0,"_bbp_forum_subforum_count":0,"site-sidebar-layout":"default","site-content-layout":"","ast-site-content-layout":"default","site-content-style":"default","site-sidebar-style":"default","ast-global-header-display":"","ast-banner-title-visibility":"","ast-main-header-display":"","ast-hfb-above-header-display":"","ast-hfb-below-header-display":"","ast-hfb-mobile-header-display":"","site-post-title":"disabled","ast-breadcrumbs-content":"","ast-featured-img":"","footer-sml-layout":"","theme-transparent-header-meta":"","adv-header-id-meta":"","stick-header-meta":"","header-above-stick-meta":"","header-main-stick-meta":"","header-below-stick-meta":"","astra-migrate-meta-layouts":"set","ast-page-background-enabled":"default","ast-page-background-meta":{"desktop":{"background-color":"var(--ast-global-color-4)","background-image":"","background-repeat":"repeat","background-position":"center center","background-size":"auto","background-attachment":"scroll","background-type":"","background-media":"","overlay-type":"","overlay-color":"","overlay-opacity":"","overlay-gradient":""},"tablet":{"background-color":"","background-image":"","background-repeat":"repeat","background-position":"center center","background-size":"auto","background-attachment":"scroll","background-type":"","background-media":"","overlay-type":"","overlay-color":"","overlay-opacity":"","overlay-gradient":""},"mobile":{"background-color":"","background-image":"","background-repeat":"repeat","background-position":"center center","background-size":"auto","background-attachment":"scroll","background-type":"","background-media":"","overlay-type":"","overlay-color":"","overlay-opacity":"","overlay-gradient":""}},"ast-content-background-meta":{"desktop":{"background-color":"var(--ast-global-color-5)","background-image":"","background-repeat":"repeat","background-position":"center center","background-size":"auto","background-attachment":"scroll","background-type":"","background-media":"","overlay-type":"","overlay-color":"","overlay-opacity":"","overlay-gradient":""},"tablet":{"background-color":"var(--ast-global-color-5)","background-image":"","background-repeat":"repeat","background-position":"center center","background-size":"auto","background-attachment":"scroll","background-type":"","background-media":"","overlay-type":"","overlay-color":"","overlay-opacity":"","overlay-gradient":""},"mobile":{"background-color":"var(--ast-global-color-5)","background-image":"","background-repeat":"repeat","background-position":"center center","background-size":"auto","background-attachment":"scroll","background-type":"","background-media":"","overlay-type":"","overlay-color":"","overlay-opacity":"","overlay-gradient":""}},"footnotes":""},"class_list":["post-10355","page","type-page","status-publish","hentry"],"post_mailing_queue_ids":[],"_links":{"self":[{"href":"https:\/\/agora.xtec.cat\/iescorbera\/wp-json\/wp\/v2\/pages\/10355","targetHints":{"allow":["GET"]}}],"collection":[{"href":"https:\/\/agora.xtec.cat\/iescorbera\/wp-json\/wp\/v2\/pages"}],"about":[{"href":"https:\/\/agora.xtec.cat\/iescorbera\/wp-json\/wp\/v2\/types\/page"}],"author":[{"embeddable":true,"href":"https:\/\/agora.xtec.cat\/iescorbera\/wp-json\/wp\/v2\/users\/1"}],"replies":[{"embeddable":true,"href":"https:\/\/agora.xtec.cat\/iescorbera\/wp-json\/wp\/v2\/comments?post=10355"}],"version-history":[{"count":7,"href":"https:\/\/agora.xtec.cat\/iescorbera\/wp-json\/wp\/v2\/pages\/10355\/revisions"}],"predecessor-version":[{"id":10513,"href":"https:\/\/agora.xtec.cat\/iescorbera\/wp-json\/wp\/v2\/pages\/10355\/revisions\/10513"}],"up":[{"embeddable":true,"href":"https:\/\/agora.xtec.cat\/iescorbera\/wp-json\/wp\/v2\/pages\/19"}],"wp:attachment":[{"href":"https:\/\/agora.xtec.cat\/iescorbera\/wp-json\/wp\/v2\/media?parent=10355"}],"curies":[{"name":"wp","href":"https:\/\/api.w.org\/{rel}","templated":true}]}}