{"id":10343,"date":"2025-09-11T20:30:23","date_gmt":"2025-09-11T18:30:23","guid":{"rendered":"https:\/\/agora.xtec.cat\/iescorbera\/?page_id=10343"},"modified":"2025-09-29T08:56:30","modified_gmt":"2025-09-29T06:56:30","slug":"organigrama-curs-2025-2026","status":"publish","type":"page","link":"https:\/\/agora.xtec.cat\/iescorbera\/linstitut\/organigrama-curs-2025-2026\/","title":{"rendered":"Organigrama"},"content":{"rendered":"\n<h2 class=\"wp-block-heading\">Curs 2025-2026<\/h2>\n\n\n\n<figure class=\"wp-block-table\"><table class=\"has-fixed-layout\"><tbody><tr><td colspan=\"2\"><h4 style=\"text-align: center;\">EQUIP DIRECTIU<\/h4><\/td><\/tr><tr><td><strong>DIRECTORA<\/strong><\/td><td>M\u00f2nica Montilla<\/td><\/tr><tr><td><strong>CAP D\u2019ESTUDIS<\/strong><\/td><td>Mercedes Morales<\/td><\/tr><tr><td><strong>ADMINISTRACI\u00d3 \/ SECRETARIA<\/strong><\/td><td>Susana Burriel<\/td><\/tr><tr><td><strong>COORDINADOR PEDAG\u00d2GIC<\/strong><\/td><td>Ernest Alcoba<\/td><\/tr><\/tbody><\/table><\/figure>\n\n\n\n<figure class=\"wp-block-table\"><table class=\"has-fixed-layout\"><tbody><tr><td colspan=\"2\"><h4 style=\"text-align: center;\">COORDINACIONS DE NIVELL<\/h4><\/td><\/tr><tr><td><strong>1r d&#8217;ESO<\/strong><\/td><td>Victor Manuel Ru\u00edz<\/td><\/tr><tr><td><strong>2n d&#8217;ESO<\/strong><\/td><td>Marta Cros<\/td><\/tr><tr><td><strong>3r d&#8217;ESO<\/strong><\/td><td>Ana Eva L\u00f3pez<\/td><\/tr><tr><td><strong>4 d&#8217;ESO<\/strong><\/td><td>Javier Campos<\/td><\/tr><tr><td><strong>Batxillerat<\/strong><\/td><td>Pedro Castej\u00f3n<\/td><\/tr><\/tbody><\/table><\/figure>\n\n\n\n<figure class=\"wp-block-table\"><table class=\"has-fixed-layout\"><tbody><tr><td colspan=\"2\"><h4 style=\"text-align: center;\">CAPS DE DEPARTAMENT<\/h4><\/td><\/tr><tr><td><strong>CATAL\u00c0<\/strong><\/td><td>Max P\u00e1rraga<\/td><\/tr><tr><td><strong>CASTELL\u00c0<\/strong><\/td><td>Irene Torres<\/td><\/tr><tr><td><strong>LL.. ESTRANGERES<\/strong><\/td><td>Jessica Barrachina<\/td><\/tr><tr><td><strong>SOCIALS<\/strong><\/td><td>Cinta Llop<\/td><\/tr><tr><td><strong>EXPRESSI\u00d3<\/strong><\/td><td>Josep Farregut<\/td><\/tr><tr><td><strong>MATEM\u00c0TIQUES<\/strong><\/td><td>Mario Ros<\/td><\/tr><tr><td><strong>CI\u00c8NCIES<\/strong><\/td><td>Carolina Garc\u00e9s<\/td><\/tr><tr><td><strong>TECNOLOGIA<\/strong><\/td><td>Marta P\u00e0mies<\/td><\/tr><tr><td><strong>ORIENTACI\u00d3<\/strong><\/td><td>Marisa Montilla<\/td><\/tr><\/tbody><\/table><\/figure>\n\n\n\n<figure class=\"wp-block-table\"><table class=\"has-fixed-layout\"><tbody><tr><td class=\"has-text-align-left\" data-align=\"left\" colspan=\"2\"><h4 style=\"text-align: center;\">ORIENTADORS\/E<strong style=\"font-size: 1.33333rem; text-align: left; background-color: rgba(0, 0, 0, 0);\">S<\/strong><\/h4><\/td><\/tr><tr><td class=\"has-text-align-left\" data-align=\"left\"><strong>1 ESO, 2 ESO i 1BTX<\/strong><\/td><td>Marisa Montilla<\/td><\/tr><tr><td class=\"has-text-align-left\" data-align=\"left\"><strong>3 ESO, 4 ESO, PS i 2 BTX<\/strong><\/td><td>Harold Oll\u00e9<\/td><\/tr><\/tbody><\/table><\/figure>\n\n\n\n<figure class=\"wp-block-table\"><table class=\"has-fixed-layout\"><tbody><tr><td colspan=\"2\"><h4 style=\"text-align: center;\">ALTRES COORDINACIONS<\/h4><\/td><\/tr><tr><td><strong>Inform\u00e0tica<\/strong><\/td><td>V\u00edctor Boix<\/td><\/tr><tr><td><strong>LIC<\/strong><\/td><td>Mario Teleguario<\/td><\/tr><tr><td><strong>Prevenci\u00f3 de riscos Laborals<\/strong><\/td><td>Marta P\u00e0mies<\/td><\/tr><tr><td><strong>Activitats extraescolars<\/strong><\/td><td>Josep Farregut<\/td><\/tr><tr><td><strong>Manteniment Web\/Google APPS<\/strong><\/td><td>Sergi Valenzuela<\/td><\/tr><tr><td><strong>COCOBE<\/strong><\/td><td>Marisa Montilla<\/td><\/tr><tr><td><strong>Equip Impulsor Escola Verda<\/strong><\/td><td>Cinta Llop \/ Beatriz Lahera \/ Antonio Flores<\/td><\/tr><tr><td><strong>Referent SSCC<\/strong><\/td><td>Ivette Alay \/ Raul Robledo<\/td><\/tr><tr><td><strong>Comissi\u00f3 Digital<\/strong><\/td><td>Susana Burriel \/ V\u00edctor Boix \/ Marta P\u00e0mies \/ Sergi Valenzuela<\/td><\/tr><tr><td><strong>Coordinaci\u00f3 de projectes<\/strong><\/td><td>Lorena Navarro (1 ESO)<br>I\u00f1aki Nieto (2 ESO)<br>Cinta Llop (3 ESO)<br>Mario Ros (4 ESO)<\/td><\/tr><\/tbody><\/table><\/figure>\n\n\n\n<figure class=\"wp-block-table\"><table class=\"has-fixed-layout\"><tbody><tr><td colspan=\"3\"><h4 style=\"text-align: center;\">TUTORIES<\/h4><\/td><\/tr><tr><td><strong>Pla Singular (PS)<\/strong><\/td><td><strong>3 I 4 ESO<\/strong><\/td><td>Harold Oll\u00e9<\/td><\/tr><tr><td><strong>Aula d\u2019acollida<\/strong><\/td><td>&nbsp;<\/td><td>Gonzalo Aguilera<\/td><\/tr><tr><td><strong>SIEI<\/strong><\/td><td>&nbsp;<\/td><td>M. Paz Guardo<br>Alba Pinedo<\/td><\/tr><tr><td rowspan=\"4\"><strong>1 ESO<\/strong><\/td><td><strong>A<\/strong><\/td><td>Beatriz Lahera<\/td><\/tr><tr><td><strong>B<\/strong><\/td><td>Virginia S\u00e1nchez<\/td><\/tr><tr><td><strong>C<\/strong><\/td><td>Sergio De La Concepci\u00f3n<\/td><\/tr><tr><td><strong>D<\/strong><\/td><td>Lorena Navarro<\/td><\/tr><tr><td rowspan=\"5\"><strong>2 ESO<\/strong><\/td><td><strong>A<\/strong><\/td><td>I\u00f1aki Nieto<\/td><\/tr><tr><td><strong>B<\/strong><\/td><td>Antonio Flores<\/td><\/tr><tr><td><strong>C<\/strong><\/td><td>Mari Carmen Quesada<\/td><\/tr><tr><td><strong>D<\/strong><\/td><td>Gl\u00f2ria Tamarit<\/td><\/tr><tr><\/tr><tr><td rowspan=\"4\"><strong>3 ESO<\/strong><\/td><td><strong>A<\/strong><\/td><td>Marta Pastor<\/td><\/tr><tr><td><strong>B<\/strong><\/td><td>Ivette Alay<\/td><\/tr><tr><td><strong>C<\/strong><\/td><td>Josep Maria Vidal<\/td><\/tr><tr><td><strong>D<\/strong><\/td><td>Raul Robledo<\/td><\/tr><tr><td rowspan=\"4\"><strong>4 ESO<\/strong><\/td><td><strong>A<\/strong><\/td><td>Mario Ros<\/td><\/tr><tr><td><strong>B<\/strong><\/td><td>Lorena Garvin<\/td><\/tr><tr><td><strong>C<\/strong><\/td><td>Irene Torres<\/td><\/tr><tr><td><strong>D<\/strong><\/td><td>Cristina Vives<\/td><\/tr><tr><td rowspan=\"3\"><strong>1 BTX<\/strong><\/td><td><strong>A<\/strong><\/td><td>Xavier Falc\u00f3<\/td><\/tr><tr><td><strong>B<\/strong><\/td><td>Lidia Garcia<\/td><\/tr><tr><td><strong>C<\/strong><\/td><td>Jessica Barrachina<\/td><\/tr><tr><td rowspan=\"3\"><strong>2 BTX<\/strong><\/td><td><strong>A<\/strong><\/td><td>Max P\u00e0rraga<\/td><\/tr><tr><td><strong>B<\/strong><\/td><td>Mireia Cobas<\/td><\/tr><\/tbody><\/table><\/figure>\n","protected":false},"excerpt":{"rendered":"<p>Curs 2025-2026 EQUIP DIRECTIU DIRECTORA M\u00f2nica Montilla CAP D\u2019ESTUDIS Mercedes Morales ADMINISTRACI\u00d3 \/ SECRETARIA Susana Burriel COORDINADOR PEDAG\u00d2GIC Ernest Alcoba COORDINACIONS DE NIVELL 1r d&#8217;ESO Victor Manuel Ru\u00edz 2n d&#8217;ESO Marta Cros 3r d&#8217;ESO Ana Eva L\u00f3pez 4 d&#8217;ESO Javier Campos Batxillerat Pedro Castej\u00f3n CAPS DE DEPARTAMENT CATAL\u00c0 Max P\u00e1rraga CASTELL\u00c0 Irene Torres LL.. ESTRANGERES [&hellip;]<\/p>\n","protected":false},"author":1,"featured_media":0,"parent":19,"menu_order":20,"comment_status":"closed","ping_status":"close","template":"","meta":{"_bbp_topic_count":0,"_bbp_reply_count":0,"_bbp_total_topic_count":0,"_bbp_total_reply_count":0,"_bbp_voice_count":0,"_bbp_anonymous_reply_count":0,"_bbp_topic_count_hidden":0,"_bbp_reply_count_hidden":0,"_bbp_forum_subforum_count":0,"site-sidebar-layout":"default","site-content-layout":"","ast-site-content-layout":"default","site-content-style":"default","site-sidebar-style":"default","ast-global-header-display":"","ast-banner-title-visibility":"","ast-main-header-display":"","ast-hfb-above-header-display":"","ast-hfb-below-header-display":"","ast-hfb-mobile-header-display":"","site-post-title":"","ast-breadcrumbs-content":"","ast-featured-img":"","footer-sml-layout":"","theme-transparent-header-meta":"","adv-header-id-meta":"","stick-header-meta":"","header-above-stick-meta":"","header-main-stick-meta":"","header-below-stick-meta":"","astra-migrate-meta-layouts":"set","ast-page-background-enabled":"default","ast-page-background-meta":{"desktop":{"background-color":"var(--ast-global-color-4)","background-image":"","background-repeat":"repeat","background-position":"center center","background-size":"auto","background-attachment":"scroll","background-type":"","background-media":"","overlay-type":"","overlay-color":"","overlay-opacity":"","overlay-gradient":""},"tablet":{"background-color":"","background-image":"","background-repeat":"repeat","background-position":"center center","background-size":"auto","background-attachment":"scroll","background-type":"","background-media":"","overlay-type":"","overlay-color":"","overlay-opacity":"","overlay-gradient":""},"mobile":{"background-color":"","background-image":"","background-repeat":"repeat","background-position":"center center","background-size":"auto","background-attachment":"scroll","background-type":"","background-media":"","overlay-type":"","overlay-color":"","overlay-opacity":"","overlay-gradient":""}},"ast-content-background-meta":{"desktop":{"background-color":"var(--ast-global-color-5)","background-image":"","background-repeat":"repeat","background-position":"center center","background-size":"auto","background-attachment":"scroll","background-type":"","background-media":"","overlay-type":"","overlay-color":"","overlay-opacity":"","overlay-gradient":""},"tablet":{"background-color":"var(--ast-global-color-5)","background-image":"","background-repeat":"repeat","background-position":"center center","background-size":"auto","background-attachment":"scroll","background-type":"","background-media":"","overlay-type":"","overlay-color":"","overlay-opacity":"","overlay-gradient":""},"mobile":{"background-color":"var(--ast-global-color-5)","background-image":"","background-repeat":"repeat","background-position":"center center","background-size":"auto","background-attachment":"scroll","background-type":"","background-media":"","overlay-type":"","overlay-color":"","overlay-opacity":"","overlay-gradient":""}},"footnotes":""},"class_list":["post-10343","page","type-page","status-publish","hentry"],"post_mailing_queue_ids":[],"_links":{"self":[{"href":"https:\/\/agora.xtec.cat\/iescorbera\/wp-json\/wp\/v2\/pages\/10343","targetHints":{"allow":["GET"]}}],"collection":[{"href":"https:\/\/agora.xtec.cat\/iescorbera\/wp-json\/wp\/v2\/pages"}],"about":[{"href":"https:\/\/agora.xtec.cat\/iescorbera\/wp-json\/wp\/v2\/types\/page"}],"author":[{"embeddable":true,"href":"https:\/\/agora.xtec.cat\/iescorbera\/wp-json\/wp\/v2\/users\/1"}],"replies":[{"embeddable":true,"href":"https:\/\/agora.xtec.cat\/iescorbera\/wp-json\/wp\/v2\/comments?post=10343"}],"version-history":[{"count":6,"href":"https:\/\/agora.xtec.cat\/iescorbera\/wp-json\/wp\/v2\/pages\/10343\/revisions"}],"predecessor-version":[{"id":10503,"href":"https:\/\/agora.xtec.cat\/iescorbera\/wp-json\/wp\/v2\/pages\/10343\/revisions\/10503"}],"up":[{"embeddable":true,"href":"https:\/\/agora.xtec.cat\/iescorbera\/wp-json\/wp\/v2\/pages\/19"}],"wp:attachment":[{"href":"https:\/\/agora.xtec.cat\/iescorbera\/wp-json\/wp\/v2\/media?parent=10343"}],"curies":[{"name":"wp","href":"https:\/\/api.w.org\/{rel}","templated":true}]}}