{"id":991,"date":"2016-08-31T18:33:22","date_gmt":"2016-08-31T16:33:22","guid":{"rendered":"http:\/\/agora.xtec.cat\/iesconstanti\/?page_id=991"},"modified":"2025-09-04T17:56:54","modified_gmt":"2025-09-04T15:56:54","slug":"organs-de-govern","status":"publish","type":"page","link":"https:\/\/agora.xtec.cat\/iesconstanti\/linstitut\/organs-de-govern\/","title":{"rendered":"\u00d2rganitzaci\u00f3 del centre (PdD 2024-2028)"},"content":{"rendered":"<h3>Estructures organitzatives<\/h3>\n<p>L&#8217;estructura d&#8217;organitzaci\u00f3 i gesti\u00f3 del centre (reflectida en les NOFC) es fa palesa en la imatge seg\u00fcent: un organisme viu format per sectors interconnectats, en xarxa; una aposta per a la creaci\u00f3 d&#8217;unes estructures de conviv\u00e8ncia que facilitin el treball en xarxa.<\/p>\n<p><a href=\"https:\/\/agora.xtec.cat\/iesconstanti\/wp-content\/uploads\/usu1427\/2024\/07\/seccions.png\"><img loading=\"lazy\" decoding=\"async\" class=\"size-full wp-image-8539 alignnone\" src=\"https:\/\/agora.xtec.cat\/iesconstanti\/wp-content\/uploads\/usu1427\/2024\/07\/seccions.png\" alt=\"\" width=\"518\" height=\"394\" srcset=\"https:\/\/agora.xtec.cat\/iesconstanti\/wp-content\/uploads\/usu1427\/2024\/07\/seccions.png 518w, https:\/\/agora.xtec.cat\/iesconstanti\/wp-content\/uploads\/usu1427\/2024\/07\/seccions-300x228.png 300w\" sizes=\"auto, (max-width: 518px) 100vw, 518px\" \/><\/a><\/p>\n<p>En el centre de les relacions en xarxa s&#8217;hi troba l&#8217;alumnat, que a la vegada participa en la gesti\u00f3 de centre mitjan\u00e7ant la <strong>Junta de delegats,<\/strong> les <strong>comissions<\/strong> (com la &#8220;Lila&#8221; que treballa la perspectiva de g\u00e8nere) i el <strong>Consell Escolar<\/strong>, amb els seus representants del sector alumnat.<\/p>\n<p>&nbsp;<\/p>\n<p>&nbsp;<\/p>\n<p>&nbsp;<\/p>\n<p>&nbsp;<\/p>\n<p>&nbsp;<\/p>\n<p>&nbsp;<\/p>\n<p>&nbsp;<\/p>\n<p>&nbsp;<\/p>\n<p>&nbsp;<\/p>\n<p>&nbsp;<\/p>\n<p>&nbsp;<\/p>\n<p>&nbsp;<\/p>\n<p>&nbsp;<\/p>\n<p>&nbsp;<\/p>\n<p>&nbsp;<\/p>\n<p>&nbsp;<\/p>\n<p>&nbsp;<\/p>\n","protected":false},"excerpt":{"rendered":"<p>Estructures organitzatives L&#8217;estructura d&#8217;organitzaci\u00f3 i gesti\u00f3 del centre (reflectida en les NOFC) es fa palesa en la imatge seg\u00fcent: un organisme viu format per sectors interconnectats, en xarxa; una aposta per a la creaci\u00f3 d&#8217;unes estructures de conviv\u00e8ncia que facilitin el treball en xarxa. En el centre de les relacions en xarxa s&#8217;hi troba l&#8217;alumnat, [&hellip;]<\/p>\n","protected":false},"author":15,"featured_media":0,"parent":19,"menu_order":5,"comment_status":"closed","ping_status":"closed","template":"page-templates\/side-menu.php","meta":{"_bbp_topic_count":0,"_bbp_reply_count":0,"_bbp_total_topic_count":0,"_bbp_total_reply_count":0,"_bbp_voice_count":0,"_bbp_anonymous_reply_count":0,"_bbp_topic_count_hidden":0,"_bbp_reply_count_hidden":0,"_bbp_forum_subforum_count":0,"site-sidebar-layout":"default","site-content-layout":"","ast-site-content-layout":"","site-content-style":"default","site-sidebar-style":"default","ast-global-header-display":"","ast-banner-title-visibility":"","ast-main-header-display":"","ast-hfb-above-header-display":"","ast-hfb-below-header-display":"","ast-hfb-mobile-header-display":"","site-post-title":"","ast-breadcrumbs-content":"","ast-featured-img":"","footer-sml-layout":"","theme-transparent-header-meta":"","adv-header-id-meta":"","stick-header-meta":"","header-above-stick-meta":"","header-main-stick-meta":"","header-below-stick-meta":"","astra-migrate-meta-layouts":"default","ast-page-background-enabled":"default","ast-page-background-meta":{"desktop":{"background-color":"var(--ast-global-color-4)","background-image":"","background-repeat":"repeat","background-position":"center center","background-size":"auto","background-attachment":"scroll","background-type":"","background-media":"","overlay-type":"","overlay-color":"","overlay-opacity":"","overlay-gradient":""},"tablet":{"background-color":"","background-image":"","background-repeat":"repeat","background-position":"center center","background-size":"auto","background-attachment":"scroll","background-type":"","background-media":"","overlay-type":"","overlay-color":"","overlay-opacity":"","overlay-gradient":""},"mobile":{"background-color":"","background-image":"","background-repeat":"repeat","background-position":"center center","background-size":"auto","background-attachment":"scroll","background-type":"","background-media":"","overlay-type":"","overlay-color":"","overlay-opacity":"","overlay-gradient":""}},"ast-content-background-meta":{"desktop":{"background-color":"var(--ast-global-color-5)","background-image":"","background-repeat":"repeat","background-position":"center center","background-size":"auto","background-attachment":"scroll","background-type":"","background-media":"","overlay-type":"","overlay-color":"","overlay-opacity":"","overlay-gradient":""},"tablet":{"background-color":"var(--ast-global-color-5)","background-image":"","background-repeat":"repeat","background-position":"center center","background-size":"auto","background-attachment":"scroll","background-type":"","background-media":"","overlay-type":"","overlay-color":"","overlay-opacity":"","overlay-gradient":""},"mobile":{"background-color":"var(--ast-global-color-5)","background-image":"","background-repeat":"repeat","background-position":"center center","background-size":"auto","background-attachment":"scroll","background-type":"","background-media":"","overlay-type":"","overlay-color":"","overlay-opacity":"","overlay-gradient":""}},"footnotes":""},"class_list":["post-991","page","type-page","status-publish","hentry"],"post_mailing_queue_ids":[],"_links":{"self":[{"href":"https:\/\/agora.xtec.cat\/iesconstanti\/wp-json\/wp\/v2\/pages\/991","targetHints":{"allow":["GET"]}}],"collection":[{"href":"https:\/\/agora.xtec.cat\/iesconstanti\/wp-json\/wp\/v2\/pages"}],"about":[{"href":"https:\/\/agora.xtec.cat\/iesconstanti\/wp-json\/wp\/v2\/types\/page"}],"author":[{"embeddable":true,"href":"https:\/\/agora.xtec.cat\/iesconstanti\/wp-json\/wp\/v2\/users\/15"}],"replies":[{"embeddable":true,"href":"https:\/\/agora.xtec.cat\/iesconstanti\/wp-json\/wp\/v2\/comments?post=991"}],"version-history":[{"count":7,"href":"https:\/\/agora.xtec.cat\/iesconstanti\/wp-json\/wp\/v2\/pages\/991\/revisions"}],"predecessor-version":[{"id":8908,"href":"https:\/\/agora.xtec.cat\/iesconstanti\/wp-json\/wp\/v2\/pages\/991\/revisions\/8908"}],"up":[{"embeddable":true,"href":"https:\/\/agora.xtec.cat\/iesconstanti\/wp-json\/wp\/v2\/pages\/19"}],"wp:attachment":[{"href":"https:\/\/agora.xtec.cat\/iesconstanti\/wp-json\/wp\/v2\/media?parent=991"}],"curies":[{"name":"wp","href":"https:\/\/api.w.org\/{rel}","templated":true}]}}