{"id":6317,"date":"2022-02-13T11:39:07","date_gmt":"2022-02-13T10:39:07","guid":{"rendered":"https:\/\/agora.xtec.cat\/iesconstanti\/?page_id=6317"},"modified":"2023-02-13T10:49:04","modified_gmt":"2023-02-13T09:49:04","slug":"erasmus-21-27","status":"publish","type":"page","link":"https:\/\/agora.xtec.cat\/iesconstanti\/projecte-educatiu\/erasmus-21-27\/","title":{"rendered":"ERASMUS+ 21-27"},"content":{"rendered":"<p>&nbsp;<\/p>\n<p>&nbsp;<\/p>\n<p>&nbsp;<\/p>\n<p>L&#8217;Institut de Constant\u00ed t\u00e9 l&#8217;acreditaci\u00f3 en dos programes Erasmus+<\/p>\n<ul>\n<li>Erasmus +KA120 Miniconsorci d&#8217;educaci\u00f3 inclusiva (MCEI). Aquest Erasmus+ se&#8217;ns va atorgar a finals de curs 2020-21 i la coordinadora n&#8217;\u00e9s Desa Vidal<\/li>\n<\/ul>\n<p>Per m\u00e9s informaci\u00f3, podeu accedir a l&#8217;enlla\u00e7 seg\u00fcent: <a href=\"https:\/\/projectes.xtec.cat\/educacioinclusiva\/general\/erasmus-educacio-inclusiva\/\">https:\/\/projectes.xtec.cat\/educacioinclusiva\/general\/erasmus-educacio-inclusiva\/<\/a><\/p>\n<ul>\n<li>Erasmus +KA121-SCH individual atorgat aquest mes de febrer.<\/li>\n<\/ul>\n<h5>1.- ERASMUS+KA120 MCEI<\/h5>\n<p>Com ja sabeu, el curs passat (2020-2021) el nostre institut va ser seleccionat per participar en el Miniconsorci d\u2019Educaci\u00f3 Inclusiva dins del programa Erasmus+. Aquest programa de la Uni\u00f3 Europea ens ofereix una oportunitat de millora educativa i aprenentatge per a tota la comunitat educativa!<\/p>\n<p>Des de la Comissi\u00f3 Europea s&#8217;ha organitzat un Concurs de Logotips i per aquest motiu, hem iniciat un concurs per escollir un logo que representi el programa que compartim els set centres participants del Miniconsorci d\u2019Educaci\u00f3 Inclusiva. Aquest logotip s\u2019utilitzar\u00e0 en totes les xarxes socials i en tota la documentaci\u00f3 relacionada amb l\u2019Erasmus.<\/p>\n<p>Els centres participants en el projecte Erasmus+ estem treballant en la creaci\u00f3 del Logotip del projecte a trav\u00e9s del \u201cConcurs de Logotip\u201d i que t\u00e9 DOS OBJECTIUS PRINCIPALS:<\/p>\n<ol>\n<li>Donar a con\u00e8ixer a tota la comunitat educativa que s\u2019est\u00e0 treballant per:\n<ul>\n<li>La internacionalitzaci\u00f3 del nostre centre.<\/li>\n<li>La millora de la qualitat educativa.<\/li>\n<\/ul>\n<\/li>\n<li>Crear el sentiment de pertinen\u00e7a al projecte en la comunitat educativa (docents, alumnat, fam\u00edlies&#8230;) .<\/li>\n<\/ol>\n<p>La Comissi\u00f3 Erasmus+ de l\u2019Institut de Constant\u00ed va decidir que l\u2019alumnat participant en el certamen \u201cConcurs de logotips\u201d fos l\u2019alumnat de 4t D&#8217;ESO que cursa la mat\u00e8ria optativa de Visual i Pl\u00e0stica, ja que dins d\u2019aquesta mat\u00e8ria es troba la Unitat Did\u00e0ctica \u201cLa comunicaci\u00f3. La publicitat. El llenguatge audiovisual. El Disseny\u201d<\/p>\n<p>Aquesta activitat s\u2019est\u00e0 desenvolupant en les seg\u00fcents fases:<\/p>\n<ol>\n<li>Activitat de sensibilitzaci\u00f3 a l\u2019aula: permet reflexionar sobre la import\u00e0ncia de la cooperaci\u00f3 internacional per a la millora de l\u2019educaci\u00f3 i del m\u00f3n i coneixement de l\u2019entorn Europeu.<\/li>\n<li>Creaci\u00f3 i disseny del Logotip: en horari lectiu i dins de la mat\u00e8ria optativa de 4rt de Visual i Pl\u00e0stica.<\/li>\n<li>Votaci\u00f3 i tria del millor Logotip de cada centre mitjan\u00e7ant un formulari google que arriba a tota la comunitat educativa<\/li>\n<li>Votaci\u00f3 i selecci\u00f3 del millor Logotip del CETE+ (Consorci Europeu per a la Transformaci\u00f3 Educativa)<\/li>\n<\/ol>\n<p>Per a qu\u00e8 servir\u00e0?<\/p>\n<p>El logotip guanyador ser\u00e0 la imatge que representar\u00e0 el consorci CETE+ durant els propers 7 anys i es posar\u00e0 en tot el material que es generi.<\/p>\n<p>Els logotips quedaran en propietat del Departament d\u2019Educaci\u00f3. Es reserva el dret de publicar qualsevol logotip presentat.<\/p>\n<p>\u00c9s per aix\u00f2 que us demanem a tota la comunitat educativa que us animeu a participar-hi per aconseguir els nostres objectius.<\/p>\n<p>Animeu-vos i voteu en el seg\u00fcent enlla\u00e7. <strong>Teniu de temps fins el 20 de febrer<\/strong>!<\/p>\n<p><a href=\"https:\/\/docs.google.com\/forms\/d\/e\/1FAIpQLSfVVHEXR7zxWWGlGIs0CcT0NeI8Lft1waAEnl7xZfMm04NrMw\/viewform?usp=sf_link\">https:\/\/docs.google.com\/forms\/d\/e\/1FAIpQLSfVVHEXR7zxWWGlGIs0CcT0NeI8Lft1waAEnl7xZfMm04NrMw\/viewform?usp=sf_link<\/a><\/p>\n<p><strong>2.- NOT\u00cdCIES ERASMUS +<\/strong><\/p>\n<blockquote class=\"wp-embedded-content\" data-secret=\"Z1tcgQKJQ9\"><p><a href=\"https:\/\/agora.xtec.cat\/iesconstanti\/general\/metodologia-dua_erasmu\/\">Metodologia DUA_Erasmus +<\/a><\/p><\/blockquote>\n<p><iframe loading=\"lazy\" class=\"wp-embedded-content\" sandbox=\"allow-scripts\" security=\"restricted\" style=\"position: absolute; clip: rect(1px, 1px, 1px, 1px);\" title=\"&#8220;Metodologia DUA_Erasmus +&#8221; &#8212; INS de Constant\u00ed\" src=\"https:\/\/agora.xtec.cat\/iesconstanti\/general\/metodologia-dua_erasmu\/embed\/#?secret=DSua2a9aTk#?secret=Z1tcgQKJQ9\" data-secret=\"Z1tcgQKJQ9\" width=\"500\" height=\"282\" frameborder=\"0\" marginwidth=\"0\" marginheight=\"0\" scrolling=\"no\"><\/iframe><\/p>\n<blockquote class=\"wp-embedded-content\" data-secret=\"oq72PBnjjQ\"><p><a href=\"https:\/\/agora.xtec.cat\/iesconstanti\/general\/suport-intensiu-escola-inclusiva-siei_erasmus\/\">Suport Intensiu Escola Inclusiva (SIEI)_Erasmus +<\/a><\/p><\/blockquote>\n<p><iframe loading=\"lazy\" class=\"wp-embedded-content\" sandbox=\"allow-scripts\" security=\"restricted\" style=\"position: absolute; clip: rect(1px, 1px, 1px, 1px);\" title=\"&#8220;Suport Intensiu Escola Inclusiva (SIEI)_Erasmus +&#8221; &#8212; INS de Constant\u00ed\" src=\"https:\/\/agora.xtec.cat\/iesconstanti\/general\/suport-intensiu-escola-inclusiva-siei_erasmus\/embed\/#?secret=DmYZYTOgTO#?secret=oq72PBnjjQ\" data-secret=\"oq72PBnjjQ\" width=\"500\" height=\"282\" frameborder=\"0\" marginwidth=\"0\" marginheight=\"0\" scrolling=\"no\"><\/iframe><\/p>\n<blockquote class=\"wp-embedded-content\" data-secret=\"BhZjercweI\"><p><a href=\"https:\/\/agora.xtec.cat\/iesconstanti\/general\/pfi_erasmus\/\">PFI_Erasmus +<\/a><\/p><\/blockquote>\n<p><iframe loading=\"lazy\" class=\"wp-embedded-content\" sandbox=\"allow-scripts\" security=\"restricted\" style=\"position: absolute; clip: rect(1px, 1px, 1px, 1px);\" title=\"&#8220;PFI_Erasmus +&#8221; &#8212; INS de Constant\u00ed\" src=\"https:\/\/agora.xtec.cat\/iesconstanti\/general\/pfi_erasmus\/embed\/#?secret=jyQBCAiLHO#?secret=BhZjercweI\" data-secret=\"BhZjercweI\" width=\"500\" height=\"282\" frameborder=\"0\" marginwidth=\"0\" marginheight=\"0\" scrolling=\"no\"><\/iframe><\/p>\n<blockquote class=\"wp-embedded-content\" data-secret=\"XSPcoyHHae\"><p><a href=\"https:\/\/agora.xtec.cat\/iesconstanti\/general\/taller-de-radio_inclusio\/\">Taller de R\u00e0dio_Inclusi\u00f3_Erasmus +<\/a><\/p><\/blockquote>\n<p><iframe loading=\"lazy\" class=\"wp-embedded-content\" sandbox=\"allow-scripts\" security=\"restricted\" style=\"position: absolute; clip: rect(1px, 1px, 1px, 1px);\" title=\"&#8220;Taller de R\u00e0dio_Inclusi\u00f3_Erasmus +&#8221; &#8212; INS de Constant\u00ed\" src=\"https:\/\/agora.xtec.cat\/iesconstanti\/general\/taller-de-radio_inclusio\/embed\/#?secret=6O7tZS80jH#?secret=XSPcoyHHae\" data-secret=\"XSPcoyHHae\" width=\"500\" height=\"282\" frameborder=\"0\" marginwidth=\"0\" marginheight=\"0\" scrolling=\"no\"><\/iframe><\/p>\n<blockquote class=\"wp-embedded-content\" data-secret=\"F2VjuSxzK3\"><p><a href=\"https:\/\/agora.xtec.cat\/iesconstanti\/general\/educacio-emocional-assistida-amb-gossos\/\">Educaci\u00f3 emocional assistida amb gossos<\/a><\/p><\/blockquote>\n<p><iframe loading=\"lazy\" class=\"wp-embedded-content\" sandbox=\"allow-scripts\" security=\"restricted\" style=\"position: absolute; clip: rect(1px, 1px, 1px, 1px);\" title=\"&#8220;Educaci\u00f3 emocional assistida amb gossos&#8221; &#8212; INS de Constant\u00ed\" src=\"https:\/\/agora.xtec.cat\/iesconstanti\/general\/educacio-emocional-assistida-amb-gossos\/embed\/#?secret=FklV95rAgJ#?secret=F2VjuSxzK3\" data-secret=\"F2VjuSxzK3\" width=\"500\" height=\"282\" frameborder=\"0\" marginwidth=\"0\" marginheight=\"0\" scrolling=\"no\"><\/iframe><\/p>\n<blockquote class=\"wp-embedded-content\" data-secret=\"z4lbiuuwwt\"><p><a href=\"https:\/\/agora.xtec.cat\/iesconstanti\/general\/programa-de-diversificacio-curricular-pdc_erasmus\/\">Programa de Diversificaci\u00f3 Curricular (PDC)_Erasmus +<\/a><\/p><\/blockquote>\n<p><iframe loading=\"lazy\" class=\"wp-embedded-content\" sandbox=\"allow-scripts\" security=\"restricted\" style=\"position: absolute; clip: rect(1px, 1px, 1px, 1px);\" title=\"&#8220;Programa de Diversificaci\u00f3 Curricular (PDC)_Erasmus +&#8221; &#8212; INS de Constant\u00ed\" src=\"https:\/\/agora.xtec.cat\/iesconstanti\/general\/programa-de-diversificacio-curricular-pdc_erasmus\/embed\/#?secret=GPgSh372Fz#?secret=z4lbiuuwwt\" data-secret=\"z4lbiuuwwt\" width=\"500\" height=\"282\" frameborder=\"0\" marginwidth=\"0\" marginheight=\"0\" scrolling=\"no\"><\/iframe><\/p>\n<blockquote class=\"wp-embedded-content\" data-secret=\"YnGnFZ0XqP\"><p><a href=\"https:\/\/agora.xtec.cat\/iesconstanti\/general\/servei-comunitari_erasmus\/\">Servei Comunitari_Erasmus +<\/a><\/p><\/blockquote>\n<p><iframe loading=\"lazy\" class=\"wp-embedded-content\" sandbox=\"allow-scripts\" security=\"restricted\" style=\"position: absolute; clip: rect(1px, 1px, 1px, 1px);\" title=\"&#8220;Servei Comunitari_Erasmus +&#8221; &#8212; INS de Constant\u00ed\" src=\"https:\/\/agora.xtec.cat\/iesconstanti\/general\/servei-comunitari_erasmus\/embed\/#?secret=2DQebiNi4H#?secret=YnGnFZ0XqP\" data-secret=\"YnGnFZ0XqP\" width=\"500\" height=\"282\" frameborder=\"0\" marginwidth=\"0\" marginheight=\"0\" scrolling=\"no\"><\/iframe><\/p>\n<blockquote class=\"wp-embedded-content\" data-secret=\"tJZfHk91UE\"><p><a href=\"https:\/\/agora.xtec.cat\/iesconstanti\/general\/seguim-la-pista-de-la-unio-europea\/\">Seguim la pista de la&#8230;Uni\u00f3 Europea!<\/a><\/p><\/blockquote>\n<p><iframe loading=\"lazy\" class=\"wp-embedded-content\" sandbox=\"allow-scripts\" security=\"restricted\" style=\"position: absolute; clip: rect(1px, 1px, 1px, 1px);\" title=\"&#8220;Seguim la pista de la&#8230;Uni\u00f3 Europea!&#8221; &#8212; INS de Constant\u00ed\" src=\"https:\/\/agora.xtec.cat\/iesconstanti\/general\/seguim-la-pista-de-la-unio-europea\/embed\/#?secret=zECNcrxse7#?secret=tJZfHk91UE\" data-secret=\"tJZfHk91UE\" width=\"500\" height=\"282\" frameborder=\"0\" marginwidth=\"0\" marginheight=\"0\" scrolling=\"no\"><\/iframe><\/p>\n<blockquote class=\"wp-embedded-content\" data-secret=\"WS4o3YdWdR\"><p><a href=\"https:\/\/agora.xtec.cat\/iesconstanti\/general\/aula-dacollida_erasmus\/\">Aula d&#8217;Acollida_Erasmus +<\/a><\/p><\/blockquote>\n<p><iframe loading=\"lazy\" class=\"wp-embedded-content\" sandbox=\"allow-scripts\" security=\"restricted\" style=\"position: absolute; clip: rect(1px, 1px, 1px, 1px);\" title=\"&#8220;Aula d&#8217;Acollida_Erasmus +&#8221; &#8212; INS de Constant\u00ed\" src=\"https:\/\/agora.xtec.cat\/iesconstanti\/general\/aula-dacollida_erasmus\/embed\/#?secret=BDf01EFcQH#?secret=WS4o3YdWdR\" data-secret=\"WS4o3YdWdR\" width=\"500\" height=\"282\" frameborder=\"0\" marginwidth=\"0\" marginheight=\"0\" scrolling=\"no\"><\/iframe><\/p>\n","protected":false},"excerpt":{"rendered":"<p>&nbsp; &nbsp; &nbsp; L&#8217;Institut de Constant\u00ed t\u00e9 l&#8217;acreditaci\u00f3 en dos programes Erasmus+ Erasmus +KA120 Miniconsorci d&#8217;educaci\u00f3 inclusiva (MCEI). Aquest Erasmus+ se&#8217;ns va atorgar a finals de curs 2020-21 i la coordinadora n&#8217;\u00e9s Desa Vidal Per m\u00e9s informaci\u00f3, podeu accedir a l&#8217;enlla\u00e7 seg\u00fcent: https:\/\/projectes.xtec.cat\/educacioinclusiva\/general\/erasmus-educacio-inclusiva\/ Erasmus +KA121-SCH individual atorgat aquest mes de febrer. 1.- ERASMUS+KA120 MCEI Com [&hellip;]<\/p>\n","protected":false},"author":15,"featured_media":0,"parent":57,"menu_order":6,"comment_status":"closed","ping_status":"closed","template":"page-templates\/side-menu.php","meta":{"_bbp_topic_count":0,"_bbp_reply_count":0,"_bbp_total_topic_count":0,"_bbp_total_reply_count":0,"_bbp_voice_count":0,"_bbp_anonymous_reply_count":0,"_bbp_topic_count_hidden":0,"_bbp_reply_count_hidden":0,"_bbp_forum_subforum_count":0,"site-sidebar-layout":"default","site-content-layout":"","ast-site-content-layout":"","site-content-style":"default","site-sidebar-style":"default","ast-global-header-display":"","ast-banner-title-visibility":"","ast-main-header-display":"","ast-hfb-above-header-display":"","ast-hfb-below-header-display":"","ast-hfb-mobile-header-display":"","site-post-title":"","ast-breadcrumbs-content":"","ast-featured-img":"","footer-sml-layout":"","theme-transparent-header-meta":"","adv-header-id-meta":"","stick-header-meta":"","header-above-stick-meta":"","header-main-stick-meta":"","header-below-stick-meta":"","astra-migrate-meta-layouts":"default","ast-page-background-enabled":"default","ast-page-background-meta":{"desktop":{"background-color":"var(--ast-global-color-4)","background-image":"","background-repeat":"repeat","background-position":"center center","background-size":"auto","background-attachment":"scroll","background-type":"","background-media":"","overlay-type":"","overlay-color":"","overlay-opacity":"","overlay-gradient":""},"tablet":{"background-color":"","background-image":"","background-repeat":"repeat","background-position":"center center","background-size":"auto","background-attachment":"scroll","background-type":"","background-media":"","overlay-type":"","overlay-color":"","overlay-opacity":"","overlay-gradient":""},"mobile":{"background-color":"","background-image":"","background-repeat":"repeat","background-position":"center center","background-size":"auto","background-attachment":"scroll","background-type":"","background-media":"","overlay-type":"","overlay-color":"","overlay-opacity":"","overlay-gradient":""}},"ast-content-background-meta":{"desktop":{"background-color":"var(--ast-global-color-5)","background-image":"","background-repeat":"repeat","background-position":"center center","background-size":"auto","background-attachment":"scroll","background-type":"","background-media":"","overlay-type":"","overlay-color":"","overlay-opacity":"","overlay-gradient":""},"tablet":{"background-color":"var(--ast-global-color-5)","background-image":"","background-repeat":"repeat","background-position":"center center","background-size":"auto","background-attachment":"scroll","background-type":"","background-media":"","overlay-type":"","overlay-color":"","overlay-opacity":"","overlay-gradient":""},"mobile":{"background-color":"var(--ast-global-color-5)","background-image":"","background-repeat":"repeat","background-position":"center center","background-size":"auto","background-attachment":"scroll","background-type":"","background-media":"","overlay-type":"","overlay-color":"","overlay-opacity":"","overlay-gradient":""}},"footnotes":""},"class_list":["post-6317","page","type-page","status-publish","hentry"],"post_mailing_queue_ids":[],"_links":{"self":[{"href":"https:\/\/agora.xtec.cat\/iesconstanti\/wp-json\/wp\/v2\/pages\/6317","targetHints":{"allow":["GET"]}}],"collection":[{"href":"https:\/\/agora.xtec.cat\/iesconstanti\/wp-json\/wp\/v2\/pages"}],"about":[{"href":"https:\/\/agora.xtec.cat\/iesconstanti\/wp-json\/wp\/v2\/types\/page"}],"author":[{"embeddable":true,"href":"https:\/\/agora.xtec.cat\/iesconstanti\/wp-json\/wp\/v2\/users\/15"}],"replies":[{"embeddable":true,"href":"https:\/\/agora.xtec.cat\/iesconstanti\/wp-json\/wp\/v2\/comments?post=6317"}],"version-history":[{"count":3,"href":"https:\/\/agora.xtec.cat\/iesconstanti\/wp-json\/wp\/v2\/pages\/6317\/revisions"}],"predecessor-version":[{"id":7158,"href":"https:\/\/agora.xtec.cat\/iesconstanti\/wp-json\/wp\/v2\/pages\/6317\/revisions\/7158"}],"up":[{"embeddable":true,"href":"https:\/\/agora.xtec.cat\/iesconstanti\/wp-json\/wp\/v2\/pages\/57"}],"wp:attachment":[{"href":"https:\/\/agora.xtec.cat\/iesconstanti\/wp-json\/wp\/v2\/media?parent=6317"}],"curies":[{"name":"wp","href":"https:\/\/api.w.org\/{rel}","templated":true}]}}