{"id":6042,"date":"2021-10-19T12:13:31","date_gmt":"2021-10-19T10:13:31","guid":{"rendered":"https:\/\/agora.xtec.cat\/iesconstanti\/?page_id=6042"},"modified":"2021-11-04T12:50:56","modified_gmt":"2021-11-04T11:50:56","slug":"consell-escolar-renovacio","status":"publish","type":"page","link":"https:\/\/agora.xtec.cat\/iesconstanti\/linstitut\/consell-escolar\/consell-escolar-renovacio\/","title":{"rendered":"Consell escolar &#8211; Eleccions curs 2021-22"},"content":{"rendered":"<p>El curs 2020-21 corresponia la renovaci\u00f3 de la meitat dels membres electes. Tanmateix, el context de la pand\u00e8mia provocada per la Covid-19, no ho va fer viable.<\/p>\n<p>Ara, iniciat el curs 2021-22, correspon la renovaci\u00f3 del CE atesa la <a href=\"https:\/\/drive.google.com\/file\/d\/1puXz8l_SRWcZRub1QHF9fp34lyy4lmt-\/view?usp=sharing\">resoluci\u00f3 EDU\/3043\/2021<\/a>, de 6 d&#8217;octubre, per la qual s&#8217;estableix el calendari i el r\u00e8gim del proc\u00e9s electoral per renovar els membres dels consells escolars dels centres p\u00fablics i privats sostinguts amb fons p\u00fablics.<\/p>\n<p>Aquesta resoluci\u00f3 resol el proc\u00e9s electoral, d&#8217;acord amb el Decret 102\/2010, de 3 d&#8217;agost, i s&#8217;ha d&#8217;ajustar al <strong>calendari seg\u00fcent:<\/strong><\/p>\n<ol>\n<li><strong>Inici del proc\u00e9s<\/strong>: a partir del dia 2 de novembre de 2021.<\/li>\n<li><strong>Constituci\u00f3 de les meses electorals<\/strong>: abans del dia 11 de novembre de 2021.<\/li>\n<li><strong>Votacions<\/strong>: entre els dies 22 i 26 de novembre de 2021, ambd\u00f3s inclosos.<\/li>\n<li><strong>Constituci\u00f3 del consell escolar<\/strong> i presa de possessi\u00f3 dels seus membres: no m\u00e9s tard del dia 20 de desembre de 2021.<\/li>\n<\/ol>\n<h3>Calendari eleccions Consell Escolar 2021-22<\/h3>\n<p style=\"text-align: center;\"><a href=\"https:\/\/agora.xtec.cat\/iesconstanti\/wp-content\/uploads\/usu1427\/2021\/11\/horari.jpg\"><img loading=\"lazy\" decoding=\"async\" class=\"size-full wp-image-6100 aligncenter\" src=\"https:\/\/agora.xtec.cat\/iesconstanti\/wp-content\/uploads\/usu1427\/2021\/11\/horari.jpg\" alt=\"\" width=\"566\" height=\"711\" srcset=\"https:\/\/agora.xtec.cat\/iesconstanti\/wp-content\/uploads\/usu1427\/2021\/11\/horari.jpg 566w, https:\/\/agora.xtec.cat\/iesconstanti\/wp-content\/uploads\/usu1427\/2021\/11\/horari-239x300.jpg 239w\" sizes=\"auto, (max-width: 566px) 100vw, 566px\" \/><\/a><\/p>\n<p>&nbsp;<\/p>\n<h2><\/h2>\n","protected":false},"excerpt":{"rendered":"<p>El curs 2020-21 corresponia la renovaci\u00f3 de la meitat dels membres electes. Tanmateix, el context de la pand\u00e8mia provocada per la Covid-19, no ho va fer viable. Ara, iniciat el curs 2021-22, correspon la renovaci\u00f3 del CE atesa la resoluci\u00f3 EDU\/3043\/2021, de 6 d&#8217;octubre, per la qual s&#8217;estableix el calendari i el r\u00e8gim del proc\u00e9s [&hellip;]<\/p>\n","protected":false},"author":15,"featured_media":0,"parent":43,"menu_order":1,"comment_status":"closed","ping_status":"closed","template":"page-templates\/side-menu.php","meta":{"_bbp_topic_count":0,"_bbp_reply_count":0,"_bbp_total_topic_count":0,"_bbp_total_reply_count":0,"_bbp_voice_count":0,"_bbp_anonymous_reply_count":0,"_bbp_topic_count_hidden":0,"_bbp_reply_count_hidden":0,"_bbp_forum_subforum_count":0,"site-sidebar-layout":"default","site-content-layout":"","ast-site-content-layout":"","site-content-style":"default","site-sidebar-style":"default","ast-global-header-display":"","ast-banner-title-visibility":"","ast-main-header-display":"","ast-hfb-above-header-display":"","ast-hfb-below-header-display":"","ast-hfb-mobile-header-display":"","site-post-title":"","ast-breadcrumbs-content":"","ast-featured-img":"","footer-sml-layout":"","theme-transparent-header-meta":"","adv-header-id-meta":"","stick-header-meta":"","header-above-stick-meta":"","header-main-stick-meta":"","header-below-stick-meta":"","astra-migrate-meta-layouts":"default","ast-page-background-enabled":"default","ast-page-background-meta":{"desktop":{"background-color":"var(--ast-global-color-4)","background-image":"","background-repeat":"repeat","background-position":"center center","background-size":"auto","background-attachment":"scroll","background-type":"","background-media":"","overlay-type":"","overlay-color":"","overlay-opacity":"","overlay-gradient":""},"tablet":{"background-color":"","background-image":"","background-repeat":"repeat","background-position":"center center","background-size":"auto","background-attachment":"scroll","background-type":"","background-media":"","overlay-type":"","overlay-color":"","overlay-opacity":"","overlay-gradient":""},"mobile":{"background-color":"","background-image":"","background-repeat":"repeat","background-position":"center center","background-size":"auto","background-attachment":"scroll","background-type":"","background-media":"","overlay-type":"","overlay-color":"","overlay-opacity":"","overlay-gradient":""}},"ast-content-background-meta":{"desktop":{"background-color":"var(--ast-global-color-5)","background-image":"","background-repeat":"repeat","background-position":"center center","background-size":"auto","background-attachment":"scroll","background-type":"","background-media":"","overlay-type":"","overlay-color":"","overlay-opacity":"","overlay-gradient":""},"tablet":{"background-color":"var(--ast-global-color-5)","background-image":"","background-repeat":"repeat","background-position":"center center","background-size":"auto","background-attachment":"scroll","background-type":"","background-media":"","overlay-type":"","overlay-color":"","overlay-opacity":"","overlay-gradient":""},"mobile":{"background-color":"var(--ast-global-color-5)","background-image":"","background-repeat":"repeat","background-position":"center center","background-size":"auto","background-attachment":"scroll","background-type":"","background-media":"","overlay-type":"","overlay-color":"","overlay-opacity":"","overlay-gradient":""}},"footnotes":""},"class_list":["post-6042","page","type-page","status-publish","hentry"],"post_mailing_queue_ids":[],"_links":{"self":[{"href":"https:\/\/agora.xtec.cat\/iesconstanti\/wp-json\/wp\/v2\/pages\/6042","targetHints":{"allow":["GET"]}}],"collection":[{"href":"https:\/\/agora.xtec.cat\/iesconstanti\/wp-json\/wp\/v2\/pages"}],"about":[{"href":"https:\/\/agora.xtec.cat\/iesconstanti\/wp-json\/wp\/v2\/types\/page"}],"author":[{"embeddable":true,"href":"https:\/\/agora.xtec.cat\/iesconstanti\/wp-json\/wp\/v2\/users\/15"}],"replies":[{"embeddable":true,"href":"https:\/\/agora.xtec.cat\/iesconstanti\/wp-json\/wp\/v2\/comments?post=6042"}],"version-history":[{"count":4,"href":"https:\/\/agora.xtec.cat\/iesconstanti\/wp-json\/wp\/v2\/pages\/6042\/revisions"}],"predecessor-version":[{"id":6101,"href":"https:\/\/agora.xtec.cat\/iesconstanti\/wp-json\/wp\/v2\/pages\/6042\/revisions\/6101"}],"up":[{"embeddable":true,"href":"https:\/\/agora.xtec.cat\/iesconstanti\/wp-json\/wp\/v2\/pages\/43"}],"wp:attachment":[{"href":"https:\/\/agora.xtec.cat\/iesconstanti\/wp-json\/wp\/v2\/media?parent=6042"}],"curies":[{"name":"wp","href":"https:\/\/api.w.org\/{rel}","templated":true}]}}