{"id":49,"date":"2014-09-17T16:55:55","date_gmt":"2014-09-17T14:55:55","guid":{"rendered":"http:\/\/agora.xtec.cat\/iesconstanti\/?page_id=49"},"modified":"2025-09-15T14:19:21","modified_gmt":"2025-09-15T12:19:21","slug":"normes-dorganitzacio-i-funcionament","status":"publish","type":"page","link":"https:\/\/agora.xtec.cat\/iesconstanti\/projecte-educatiu\/normes-dorganitzacio-i-funcionament\/","title":{"rendered":"NOFC &#8211; Normes i funcionament"},"content":{"rendered":"<h6><span style=\"color: #000000;\"><strong>Segons l&#8217;article 18 del cap\u00edtol 3 &#8220;Autonomia organitzativa&#8221; del Decret 102\/2010, de 3 d&#8217;agost, d&#8217;autonomia dels centres educatius,<\/strong><\/span><\/h6>\n<p class=\"p1\">Normes d&#8217;organitzaci\u00f3 i funcionament del centre. Aprovaci\u00f3<\/p>\n<p class=\"p1\" style=\"padding-left: 30px;\">&#8220;1. Els centres han de determinar les seves normes d\u2019organitzaci\u00f3 i funcionament.<\/p>\n<p class=\"p1\" style=\"padding-left: 30px;\">\u00a02. Les normes d\u2019organitzaci\u00f3 i funcionament del centre han d\u2019aplegar el conjunt d\u2019acords i decisions d\u2019organitzaci\u00f3 i de funcionament que s\u2019hi adopten per fer possible, en el dia a dia, el treball educatiu i de gesti\u00f3 que permet assolir els objectius proposats en el projecte educatiu del centre i en la seva programaci\u00f3 anual.<\/p>\n<p class=\"p1\" style=\"padding-left: 30px;\">3. Correspon al consell escolar, a proposta de la direcci\u00f3 del centre p\u00fablic o de la titularitat del centre privat concertat, aprovar les normes d\u2019organitzaci\u00f3 i funcionament i les seves modificacions. En ambd\u00f3s casos, es poden aprovar globalment o per parts.&#8221;<\/p>\n<ul>\n<li>Les NOFC van ser aprovades en el Consell Escolar del 25 de juny de 2020. Posteriorment, atenint en compte el marc de la pand\u00e8mia i el pla d&#8217;organitzaci\u00f3 de centre del curs 2020-21, <strong>s&#8217;hi ha afegit la normativa Covid-19<\/strong>, en el Consell Escolar del 10 de setembre de 2020.<\/li>\n<li>At\u00e8s que les NOFC responen a la direcci\u00f3 anterior, per tal d&#8217;alinear les NOFC amb el projecte de direcci\u00f3 vigent (2020-24) s&#8217;estan actualitzant.\n<ul>\n<li style=\"list-style-type: none;\">\n<ul>\n<li>Actualment, <strong>el cap\u00edtol 1 ja est\u00e0 actualitzat i ha estat<\/strong>\u00a0aprovat pel consell escolar el 26 d&#8217;octubre de 2021.<\/li>\n<li>El <strong>cap\u00edtol 3<\/strong>, un cop finalitzada la pand\u00e8mia, <strong>s&#8217;ha actualitzat<\/strong> eliminant les mesures covid-19 i s&#8217;ha actualitzat la prohibici\u00f3 de m\u00f2bils en tot el recinte escolar a partir de gener de 2023. Posteriorment, s&#8217;ha regulat el mal \u00fas dels port\u00e0tils i altres recursos digitals (17 d&#8217;abril de 2024).<\/li>\n<li>La resta de cap\u00edtols<strong> (2 i 4)<\/strong>\u00a0segueixen vigents.<\/li>\n<\/ul>\n<\/li>\n<\/ul>\n<\/li>\n<\/ul>\n","protected":false},"excerpt":{"rendered":"<p>Segons l&#8217;article 18 del cap\u00edtol 3 &#8220;Autonomia organitzativa&#8221; del Decret 102\/2010, de 3 d&#8217;agost, d&#8217;autonomia dels centres educatius, Normes d&#8217;organitzaci\u00f3 i funcionament del centre. Aprovaci\u00f3 &#8220;1. Els centres han de determinar les seves normes d\u2019organitzaci\u00f3 i funcionament. \u00a02. Les normes d\u2019organitzaci\u00f3 i funcionament del centre han d\u2019aplegar el conjunt d\u2019acords i decisions d\u2019organitzaci\u00f3 i de [&hellip;]<\/p>\n","protected":false},"author":1,"featured_media":0,"parent":57,"menu_order":3,"comment_status":"closed","ping_status":"closed","template":"page-templates\/side-menu.php","meta":{"_bbp_topic_count":0,"_bbp_reply_count":0,"_bbp_total_topic_count":0,"_bbp_total_reply_count":0,"_bbp_voice_count":0,"_bbp_anonymous_reply_count":0,"_bbp_topic_count_hidden":0,"_bbp_reply_count_hidden":0,"_bbp_forum_subforum_count":0,"site-sidebar-layout":"default","site-content-layout":"","ast-site-content-layout":"","site-content-style":"default","site-sidebar-style":"default","ast-global-header-display":"","ast-banner-title-visibility":"","ast-main-header-display":"","ast-hfb-above-header-display":"","ast-hfb-below-header-display":"","ast-hfb-mobile-header-display":"","site-post-title":"","ast-breadcrumbs-content":"","ast-featured-img":"","footer-sml-layout":"","theme-transparent-header-meta":"","adv-header-id-meta":"","stick-header-meta":"","header-above-stick-meta":"","header-main-stick-meta":"","header-below-stick-meta":"","astra-migrate-meta-layouts":"default","ast-page-background-enabled":"default","ast-page-background-meta":{"desktop":{"background-color":"var(--ast-global-color-4)","background-image":"","background-repeat":"repeat","background-position":"center center","background-size":"auto","background-attachment":"scroll","background-type":"","background-media":"","overlay-type":"","overlay-color":"","overlay-opacity":"","overlay-gradient":""},"tablet":{"background-color":"","background-image":"","background-repeat":"repeat","background-position":"center center","background-size":"auto","background-attachment":"scroll","background-type":"","background-media":"","overlay-type":"","overlay-color":"","overlay-opacity":"","overlay-gradient":""},"mobile":{"background-color":"","background-image":"","background-repeat":"repeat","background-position":"center center","background-size":"auto","background-attachment":"scroll","background-type":"","background-media":"","overlay-type":"","overlay-color":"","overlay-opacity":"","overlay-gradient":""}},"ast-content-background-meta":{"desktop":{"background-color":"var(--ast-global-color-5)","background-image":"","background-repeat":"repeat","background-position":"center center","background-size":"auto","background-attachment":"scroll","background-type":"","background-media":"","overlay-type":"","overlay-color":"","overlay-opacity":"","overlay-gradient":""},"tablet":{"background-color":"var(--ast-global-color-5)","background-image":"","background-repeat":"repeat","background-position":"center center","background-size":"auto","background-attachment":"scroll","background-type":"","background-media":"","overlay-type":"","overlay-color":"","overlay-opacity":"","overlay-gradient":""},"mobile":{"background-color":"var(--ast-global-color-5)","background-image":"","background-repeat":"repeat","background-position":"center center","background-size":"auto","background-attachment":"scroll","background-type":"","background-media":"","overlay-type":"","overlay-color":"","overlay-opacity":"","overlay-gradient":""}},"footnotes":""},"class_list":["post-49","page","type-page","status-publish","hentry"],"post_mailing_queue_ids":[],"_links":{"self":[{"href":"https:\/\/agora.xtec.cat\/iesconstanti\/wp-json\/wp\/v2\/pages\/49","targetHints":{"allow":["GET"]}}],"collection":[{"href":"https:\/\/agora.xtec.cat\/iesconstanti\/wp-json\/wp\/v2\/pages"}],"about":[{"href":"https:\/\/agora.xtec.cat\/iesconstanti\/wp-json\/wp\/v2\/types\/page"}],"author":[{"embeddable":true,"href":"https:\/\/agora.xtec.cat\/iesconstanti\/wp-json\/wp\/v2\/users\/1"}],"replies":[{"embeddable":true,"href":"https:\/\/agora.xtec.cat\/iesconstanti\/wp-json\/wp\/v2\/comments?post=49"}],"version-history":[{"count":8,"href":"https:\/\/agora.xtec.cat\/iesconstanti\/wp-json\/wp\/v2\/pages\/49\/revisions"}],"predecessor-version":[{"id":8329,"href":"https:\/\/agora.xtec.cat\/iesconstanti\/wp-json\/wp\/v2\/pages\/49\/revisions\/8329"}],"up":[{"embeddable":true,"href":"https:\/\/agora.xtec.cat\/iesconstanti\/wp-json\/wp\/v2\/pages\/57"}],"wp:attachment":[{"href":"https:\/\/agora.xtec.cat\/iesconstanti\/wp-json\/wp\/v2\/media?parent=49"}],"curies":[{"name":"wp","href":"https:\/\/api.w.org\/{rel}","templated":true}]}}