{"id":3118,"date":"2017-10-15T08:24:08","date_gmt":"2017-10-15T06:24:08","guid":{"rendered":"http:\/\/agora.xtec.cat\/iesconstanti\/?page_id=3118"},"modified":"2017-10-15T08:27:48","modified_gmt":"2017-10-15T06:27:48","slug":"normativa-vaga-alumnat","status":"publish","type":"page","link":"https:\/\/agora.xtec.cat\/iesconstanti\/atencio-a-lalumnat\/normativa-vaga-alumnat\/","title":{"rendered":"Normativa vaga alumnat"},"content":{"rendered":"<p>Pel que fa a les <strong>faltes d&#8217;assist\u00e8ncia a classe per decisi\u00f3 col\u00b7lectiva de l&#8217;alumnat, i<\/strong> atenent-nos al<strong><span style=\"color: #00ccff;\">\u00a0Decret\u00a0102\/2010, de 3 d&#8217;agost, d&#8217;autonomia de centre educatius,\u00a0<\/span><\/strong>\u00a0de 4 de juliol, l&#8217;article 24.2 prescriu:<\/p>\n<blockquote><p><em>&#8220;&#8230; Aix\u00ed mateix, poden determinar que, a partir del <strong>tercer curs<\/strong> de l\u2019educaci\u00f3 secund\u00e0ria obligat\u00f2ria, <strong>les decisions col\u00b7lectives<\/strong> adoptades per l\u2019alumnat en relaci\u00f3 amb la seva assist\u00e8ncia a classe, en exercici del dret de reuni\u00f3 i pr\u00e8viament comunicades a la direcci\u00f3 del centre i es disposi de la corresponent autoritzaci\u00f3 dels pares, mares o tutors, <strong>no tinguin la consideraci\u00f3 de falta<\/strong>. Les mateixes normes han de determinar en quines situacions les mesures correctores s\u2019han d\u2019aplicar directament pel professorat i en quins casos en correspon l\u2019aplicaci\u00f3 als \u00f2rgans unipersonals de govern del centre, aix\u00ed com el procediment per informar-ne la fam\u00edlia i, si \u00e9s possible i escau, establir amb aquesta, pautes compartides d\u2019actuaci\u00f3.&#8221;<\/em><\/p><\/blockquote>\n<p>En\u00a0Consell Escolar, celebrat el dia 11 d&#8217;octubre de 2017, es ratifiquen els punts seg\u00fcents de les NOFC:<\/p>\n<ul>\n<li>En cas de manifestaci\u00f3 en horari escolar o d\u2019altres decisions col\u00b7lectives de l\u2019alumnat sobre l\u2019assist\u00e8ncia a classe, <strong>els delegats i les delegades de classe i\/o les persones representants de l\u2019alumnat<\/strong> al Consell Escolar, poden manifestar la voluntat dels grups, <strong>a partir de tercer curs d\u2019ESO<\/strong>, d\u2019adherir-s\u2019hi, notificant-ho a la direcci\u00f3 del centre mitjan\u00e7ant un escrit que ha d\u2019arribar <strong>quaranta-vuit hores aban<\/strong>s que la decisi\u00f3 sobre l\u2019assist\u00e8ncia o manifestaci\u00f3 comenci a tenir efecte.<\/li>\n<li>Si l\u2019equip directiu considera que el procediment s\u2019ha portat a terme correctament, i l<strong>a convocat\u00f2ria t\u00e9 sentit dins de l\u2019\u00e0mbit escolar<\/strong> se seguir\u00e0 el seg\u00fcent procediment:\n<ul>\n<li>L\u2019equip directiu far\u00e0 arribar <strong>una carta a les fam\u00edlies de l\u2019alumnat q<\/strong>ue ha sol\u00b7licitat adherir-se a la convocat\u00f2ria de manifestaci\u00f3 o a d\u2019altres decisions col\u00b7lectives de l\u2019alumnat sobre l\u2019assist\u00e8ncia a classe, e<strong>n qu\u00e8 se\u2019ls comunicar\u00e0 la decisi\u00f3 dels alumnes i de les alumnes<\/strong> i se\u2019ls informar\u00e0 que <strong>al centre continuar\u00e0 l\u2019activitat lectiva normal<\/strong> perqu\u00e8 autoritzin, si ho consideren convenient, la no assist\u00e8ncia al centre.<\/li>\n<li>L\u2019alumnat lliurar\u00e0 l\u2019autoritzaci\u00f3, degudament signada, al seu tutor o a la seva tutora de grup, que l\u2019arxivar\u00e0 per justificar les abs\u00e8ncies d\u2019aquest dia i vetllar\u00e0 perqu\u00e8, quan sigui el moment d\u2019anar a la manifestaci\u00f3 o de dur a terme l\u2019acci\u00f3 col\u00b7lectiva sobre l\u2019assist\u00e8ncia a classe, sols surtin del centre els alumnes i les alumnes que li hagin lliurat.<\/li>\n<li><strong>El professorat atendr\u00e0 els alumnes i les alumnes que restin al centre<\/strong> i, <strong>si continua l\u2019activitat lectiva normal<\/strong>, l\u2019alumnat que no hi sigui assumir\u00e0 no haver rebut els ensenyaments que s\u2019hagin pogut impartir durant la seva abs\u00e8ncia.<\/li>\n<\/ul>\n<\/li>\n<\/ul>\n<p>Per qualsevol altra dubte consulteu el web\u00a0del sindicat d&#8217;estudiants:\u00a0<a href=\"http:\/\/www.sindicatdestudiants.net\/\">http:\/\/www.sindicatdestudiants.net\/<\/a><\/p>\n<p>Els fulls de justificaci\u00f3 d&#8217;abs\u00e8ncia els podeu trobar a l&#8217;apartat <span style=\"color: #3366ff;\"><em>Secretaria \/ Documents<\/em><\/span><\/p>\n","protected":false},"excerpt":{"rendered":"<p>Pel que fa a les faltes d&#8217;assist\u00e8ncia a classe per decisi\u00f3 col\u00b7lectiva de l&#8217;alumnat, i atenent-nos al\u00a0Decret\u00a0102\/2010, de 3 d&#8217;agost, d&#8217;autonomia de centre educatius,\u00a0\u00a0de 4 de juliol, l&#8217;article 24.2 prescriu: &#8220;&#8230; Aix\u00ed mateix, poden determinar que, a partir del tercer curs de l\u2019educaci\u00f3 secund\u00e0ria obligat\u00f2ria, les decisions col\u00b7lectives adoptades per l\u2019alumnat en relaci\u00f3 amb la [&hellip;]<\/p>\n","protected":false},"author":15,"featured_media":0,"parent":596,"menu_order":6,"comment_status":"closed","ping_status":"closed","template":"page-templates\/side-menu.php","meta":{"_bbp_topic_count":0,"_bbp_reply_count":0,"_bbp_total_topic_count":0,"_bbp_total_reply_count":0,"_bbp_voice_count":0,"_bbp_anonymous_reply_count":0,"_bbp_topic_count_hidden":0,"_bbp_reply_count_hidden":0,"_bbp_forum_subforum_count":0,"site-sidebar-layout":"default","site-content-layout":"","ast-site-content-layout":"","site-content-style":"default","site-sidebar-style":"default","ast-global-header-display":"","ast-banner-title-visibility":"","ast-main-header-display":"","ast-hfb-above-header-display":"","ast-hfb-below-header-display":"","ast-hfb-mobile-header-display":"","site-post-title":"","ast-breadcrumbs-content":"","ast-featured-img":"","footer-sml-layout":"","theme-transparent-header-meta":"","adv-header-id-meta":"","stick-header-meta":"","header-above-stick-meta":"","header-main-stick-meta":"","header-below-stick-meta":"","astra-migrate-meta-layouts":"default","ast-page-background-enabled":"default","ast-page-background-meta":{"desktop":{"background-color":"var(--ast-global-color-4)","background-image":"","background-repeat":"repeat","background-position":"center center","background-size":"auto","background-attachment":"scroll","background-type":"","background-media":"","overlay-type":"","overlay-color":"","overlay-opacity":"","overlay-gradient":""},"tablet":{"background-color":"","background-image":"","background-repeat":"repeat","background-position":"center center","background-size":"auto","background-attachment":"scroll","background-type":"","background-media":"","overlay-type":"","overlay-color":"","overlay-opacity":"","overlay-gradient":""},"mobile":{"background-color":"","background-image":"","background-repeat":"repeat","background-position":"center center","background-size":"auto","background-attachment":"scroll","background-type":"","background-media":"","overlay-type":"","overlay-color":"","overlay-opacity":"","overlay-gradient":""}},"ast-content-background-meta":{"desktop":{"background-color":"var(--ast-global-color-5)","background-image":"","background-repeat":"repeat","background-position":"center center","background-size":"auto","background-attachment":"scroll","background-type":"","background-media":"","overlay-type":"","overlay-color":"","overlay-opacity":"","overlay-gradient":""},"tablet":{"background-color":"var(--ast-global-color-5)","background-image":"","background-repeat":"repeat","background-position":"center center","background-size":"auto","background-attachment":"scroll","background-type":"","background-media":"","overlay-type":"","overlay-color":"","overlay-opacity":"","overlay-gradient":""},"mobile":{"background-color":"var(--ast-global-color-5)","background-image":"","background-repeat":"repeat","background-position":"center center","background-size":"auto","background-attachment":"scroll","background-type":"","background-media":"","overlay-type":"","overlay-color":"","overlay-opacity":"","overlay-gradient":""}},"footnotes":""},"class_list":["post-3118","page","type-page","status-publish","hentry"],"post_mailing_queue_ids":[],"_links":{"self":[{"href":"https:\/\/agora.xtec.cat\/iesconstanti\/wp-json\/wp\/v2\/pages\/3118","targetHints":{"allow":["GET"]}}],"collection":[{"href":"https:\/\/agora.xtec.cat\/iesconstanti\/wp-json\/wp\/v2\/pages"}],"about":[{"href":"https:\/\/agora.xtec.cat\/iesconstanti\/wp-json\/wp\/v2\/types\/page"}],"author":[{"embeddable":true,"href":"https:\/\/agora.xtec.cat\/iesconstanti\/wp-json\/wp\/v2\/users\/15"}],"replies":[{"embeddable":true,"href":"https:\/\/agora.xtec.cat\/iesconstanti\/wp-json\/wp\/v2\/comments?post=3118"}],"version-history":[{"count":1,"href":"https:\/\/agora.xtec.cat\/iesconstanti\/wp-json\/wp\/v2\/pages\/3118\/revisions"}],"predecessor-version":[{"id":3119,"href":"https:\/\/agora.xtec.cat\/iesconstanti\/wp-json\/wp\/v2\/pages\/3118\/revisions\/3119"}],"up":[{"embeddable":true,"href":"https:\/\/agora.xtec.cat\/iesconstanti\/wp-json\/wp\/v2\/pages\/596"}],"wp:attachment":[{"href":"https:\/\/agora.xtec.cat\/iesconstanti\/wp-json\/wp\/v2\/media?parent=3118"}],"curies":[{"name":"wp","href":"https:\/\/api.w.org\/{rel}","templated":true}]}}