{"id":27,"date":"2014-09-17T16:24:03","date_gmt":"2014-09-17T16:24:03","guid":{"rendered":"http:\/\/agora.xtec.cat\/iesconstanti\/?page_id=27"},"modified":"2024-07-31T09:50:22","modified_gmt":"2024-07-31T07:50:22","slug":"historia","status":"publish","type":"page","link":"https:\/\/agora.xtec.cat\/iesconstanti\/linstitut\/historia\/","title":{"rendered":"Hist\u00f2ria"},"content":{"rendered":"<p>El nostre centre va comen\u00e7ar a caminar amb tres grups de primer d&#8217;ESO, el curs 1996-1997, en aules prefabricades al costat del CEIP Moss\u00e8n Ramon Bergad\u00e0. El curs 2000-2001 es va traslladar a les actuals instal\u00b7lacions. La primera promoci\u00f3 d&#8217;alumnes formada \u00edntegrament (ESO i Batxillerat) al nostre institut va finalitzar els seus estudis el curs 2001-2002.<br \/>\nJa iniciat el curs 2021-22, la comunitat educativa de l&#8217;Institut est\u00e0 d&#8217;aniversari: durant aquest curs, celebrarem que l&#8217;institut de Constant\u00ed porta 25 anys educant i fent poble.<br \/>\nGr\u00e0cies a totes les fam\u00edlies que heu confiat en el centre durant aquests 25 anys.<\/p>\n<p>El curs 22-23, l&#8217;Institut de Constant\u00ed augmenta la seva oferta gr\u00e0cies a un Programa de Formaci\u00f3 i Inserci\u00f3 (PFI) amb la modalitat PTT (Pla de Transici\u00f3 al Treball) que es duen a terme a partir de convenis de col\u00b7laboraci\u00f3 entre l&#8217;administraci\u00f3 local i el Departament d&#8217;Educaci\u00f3.<\/p>\n<p>El perfil professional en acabar els estudis \u00e9s d&#8217;<em>Auxiliar de comercialitzaci\u00f3 de productes i log\u00edstica,<\/em> en el marc de la fam\u00edlia de comer\u00e7 i m\u00e0rqueting.<\/p>\n<p><a href=\"https:\/\/agora.xtec.cat\/iesconstanti\/wp-content\/uploads\/usu1427\/2024\/07\/pfi.png\"><img loading=\"lazy\" decoding=\"async\" class=\"aligncenter size-full wp-image-8536\" src=\"https:\/\/agora.xtec.cat\/iesconstanti\/wp-content\/uploads\/usu1427\/2024\/07\/pfi.png\" alt=\"\" width=\"589\" height=\"288\" srcset=\"https:\/\/agora.xtec.cat\/iesconstanti\/wp-content\/uploads\/usu1427\/2024\/07\/pfi.png 589w, https:\/\/agora.xtec.cat\/iesconstanti\/wp-content\/uploads\/usu1427\/2024\/07\/pfi-300x147.png 300w\" sizes=\"auto, (max-width: 589px) 100vw, 589px\" \/><\/a><\/p>\n","protected":false},"excerpt":{"rendered":"<p>El nostre centre va comen\u00e7ar a caminar amb tres grups de primer d&#8217;ESO, el curs 1996-1997, en aules prefabricades al costat del CEIP Moss\u00e8n Ramon Bergad\u00e0. El curs 2000-2001 es va traslladar a les actuals instal\u00b7lacions. La primera promoci\u00f3 d&#8217;alumnes formada \u00edntegrament (ESO i Batxillerat) al nostre institut va finalitzar els seus estudis el curs [&hellip;]<\/p>\n","protected":false},"author":1,"featured_media":0,"parent":19,"menu_order":2,"comment_status":"closed","ping_status":"closed","template":"page-templates\/side-menu.php","meta":{"_bbp_topic_count":0,"_bbp_reply_count":0,"_bbp_total_topic_count":0,"_bbp_total_reply_count":0,"_bbp_voice_count":0,"_bbp_anonymous_reply_count":0,"_bbp_topic_count_hidden":0,"_bbp_reply_count_hidden":0,"_bbp_forum_subforum_count":0,"site-sidebar-layout":"default","site-content-layout":"","ast-site-content-layout":"","site-content-style":"default","site-sidebar-style":"default","ast-global-header-display":"","ast-banner-title-visibility":"","ast-main-header-display":"","ast-hfb-above-header-display":"","ast-hfb-below-header-display":"","ast-hfb-mobile-header-display":"","site-post-title":"","ast-breadcrumbs-content":"","ast-featured-img":"","footer-sml-layout":"","theme-transparent-header-meta":"","adv-header-id-meta":"","stick-header-meta":"","header-above-stick-meta":"","header-main-stick-meta":"","header-below-stick-meta":"","astra-migrate-meta-layouts":"default","ast-page-background-enabled":"default","ast-page-background-meta":{"desktop":{"background-color":"var(--ast-global-color-4)","background-image":"","background-repeat":"repeat","background-position":"center center","background-size":"auto","background-attachment":"scroll","background-type":"","background-media":"","overlay-type":"","overlay-color":"","overlay-opacity":"","overlay-gradient":""},"tablet":{"background-color":"","background-image":"","background-repeat":"repeat","background-position":"center center","background-size":"auto","background-attachment":"scroll","background-type":"","background-media":"","overlay-type":"","overlay-color":"","overlay-opacity":"","overlay-gradient":""},"mobile":{"background-color":"","background-image":"","background-repeat":"repeat","background-position":"center center","background-size":"auto","background-attachment":"scroll","background-type":"","background-media":"","overlay-type":"","overlay-color":"","overlay-opacity":"","overlay-gradient":""}},"ast-content-background-meta":{"desktop":{"background-color":"var(--ast-global-color-5)","background-image":"","background-repeat":"repeat","background-position":"center center","background-size":"auto","background-attachment":"scroll","background-type":"","background-media":"","overlay-type":"","overlay-color":"","overlay-opacity":"","overlay-gradient":""},"tablet":{"background-color":"var(--ast-global-color-5)","background-image":"","background-repeat":"repeat","background-position":"center center","background-size":"auto","background-attachment":"scroll","background-type":"","background-media":"","overlay-type":"","overlay-color":"","overlay-opacity":"","overlay-gradient":""},"mobile":{"background-color":"var(--ast-global-color-5)","background-image":"","background-repeat":"repeat","background-position":"center center","background-size":"auto","background-attachment":"scroll","background-type":"","background-media":"","overlay-type":"","overlay-color":"","overlay-opacity":"","overlay-gradient":""}},"footnotes":""},"class_list":["post-27","page","type-page","status-publish","hentry"],"post_mailing_queue_ids":[],"_links":{"self":[{"href":"https:\/\/agora.xtec.cat\/iesconstanti\/wp-json\/wp\/v2\/pages\/27","targetHints":{"allow":["GET"]}}],"collection":[{"href":"https:\/\/agora.xtec.cat\/iesconstanti\/wp-json\/wp\/v2\/pages"}],"about":[{"href":"https:\/\/agora.xtec.cat\/iesconstanti\/wp-json\/wp\/v2\/types\/page"}],"author":[{"embeddable":true,"href":"https:\/\/agora.xtec.cat\/iesconstanti\/wp-json\/wp\/v2\/users\/1"}],"replies":[{"embeddable":true,"href":"https:\/\/agora.xtec.cat\/iesconstanti\/wp-json\/wp\/v2\/comments?post=27"}],"version-history":[{"count":5,"href":"https:\/\/agora.xtec.cat\/iesconstanti\/wp-json\/wp\/v2\/pages\/27\/revisions"}],"predecessor-version":[{"id":8537,"href":"https:\/\/agora.xtec.cat\/iesconstanti\/wp-json\/wp\/v2\/pages\/27\/revisions\/8537"}],"up":[{"embeddable":true,"href":"https:\/\/agora.xtec.cat\/iesconstanti\/wp-json\/wp\/v2\/pages\/19"}],"wp:attachment":[{"href":"https:\/\/agora.xtec.cat\/iesconstanti\/wp-json\/wp\/v2\/media?parent=27"}],"curies":[{"name":"wp","href":"https:\/\/api.w.org\/{rel}","templated":true}]}}