{"id":19,"date":"2014-09-17T14:56:56","date_gmt":"2014-09-17T14:56:56","guid":{"rendered":"http:\/\/agora.xtec.cat\/iesconstanti\/?page_id=19"},"modified":"2016-09-01T17:46:25","modified_gmt":"2016-09-01T15:46:25","slug":"linstitut","status":"publish","type":"page","link":"https:\/\/agora.xtec.cat\/iesconstanti\/linstitut\/","title":{"rendered":"L&#8217;institut"},"content":{"rendered":"<p>L&#8217;Institut de Constant\u00ed s&#8217;ubica al nucli urb\u00e0 de Constant\u00ed, un petit poble situat a uns 6 km. de Tarragona, amb una superf\u00edcie de 30.9 km<sup>2\u00a0<\/sup>i una densitat de poblaci\u00f3 de 207.6 hab\/km<sup>2<\/sup>.<\/p>\n<p>El centre comparteix la zona de serveis i equipaments amb les dues escoles, el poliesportiu i la piscina municipal.\u00a0A part, el municipi compta amb diverses instal\u00b7lacions i serveis, entre els quals trobem: una llar d&#8217;infants municipal, un centre d&#8217;atenci\u00f3 prim\u00e0ria (CAP), una biblioteca, un arxiu hist\u00f2ric, escola d&#8217;adults, emissora de r\u00e0dio, Punt \u00d2mnia i un Servei de Joventut.<\/p>\n<p>A l\u2019Institut de Constant\u00ed oferim estudis d\u2019ESO i de batxillerat.<\/p>\n<ul>\n<li>Els estudis obligatoris d\u2019ESO consten de quatre cursos i, en acabar-los, s\u2019obt\u00e9 el t\u00edtol de graduat en ESO. Per millorar el proc\u00e9s d\u2019ensenyament i aprenentatge, el nostre centre compta amb diferents estrat\u00e8gies d&#8217;actuaci\u00f3 que es desenvolupen en el nostre Projecte Educatiu i diversos serveis que hem desenvolupat al llarg dels 20 anys que existim com institut.<\/li>\n<li>Els estudis postobligatoris de batxillerat consten de dos cursos acad\u00e8mics i en acabar-los s\u2019obt\u00e9 el t\u00edtol de batxiller. Al nostre centre s\u2019hi poden cursar les modalitats de Ci\u00e8ncies i tecnologia i Humanitats i ci\u00e8ncies socials.<\/li>\n<\/ul>\n<p>En l&#8217;actualitat, el centre compta amb 13 grups: tres l\u00ednies a 1r, 2n i 3r d&#8217;ESO; dues a 4t d&#8217;ESO i una a 1r i 2n de batxillerat; una aula oberta de 2n cicle (3r i 4t d&#8217;ESO), una aula d&#8217;acollida i una USEE.<\/p>\n","protected":false},"excerpt":{"rendered":"<p>L&#8217;Institut de Constant\u00ed s&#8217;ubica al nucli urb\u00e0 de Constant\u00ed, un petit poble situat a uns 6 km. de Tarragona, amb una superf\u00edcie de 30.9 km2\u00a0i una densitat de poblaci\u00f3 de 207.6 hab\/km2. El centre comparteix la zona de serveis i equipaments amb les dues escoles, el poliesportiu i la piscina municipal.\u00a0A part, el municipi compta [&hellip;]<\/p>\n","protected":false},"author":1,"featured_media":0,"parent":0,"menu_order":0,"comment_status":"closed","ping_status":"closed","template":"page-templates\/side-menu.php","meta":{"_bbp_topic_count":0,"_bbp_reply_count":0,"_bbp_total_topic_count":0,"_bbp_total_reply_count":0,"_bbp_voice_count":0,"_bbp_anonymous_reply_count":0,"_bbp_topic_count_hidden":0,"_bbp_reply_count_hidden":0,"_bbp_forum_subforum_count":0,"site-sidebar-layout":"default","site-content-layout":"","ast-site-content-layout":"","site-content-style":"default","site-sidebar-style":"default","ast-global-header-display":"","ast-banner-title-visibility":"","ast-main-header-display":"","ast-hfb-above-header-display":"","ast-hfb-below-header-display":"","ast-hfb-mobile-header-display":"","site-post-title":"","ast-breadcrumbs-content":"","ast-featured-img":"","footer-sml-layout":"","theme-transparent-header-meta":"","adv-header-id-meta":"","stick-header-meta":"","header-above-stick-meta":"","header-main-stick-meta":"","header-below-stick-meta":"","astra-migrate-meta-layouts":"default","ast-page-background-enabled":"default","ast-page-background-meta":{"desktop":{"background-color":"var(--ast-global-color-4)","background-image":"","background-repeat":"repeat","background-position":"center center","background-size":"auto","background-attachment":"scroll","background-type":"","background-media":"","overlay-type":"","overlay-color":"","overlay-opacity":"","overlay-gradient":""},"tablet":{"background-color":"","background-image":"","background-repeat":"repeat","background-position":"center center","background-size":"auto","background-attachment":"scroll","background-type":"","background-media":"","overlay-type":"","overlay-color":"","overlay-opacity":"","overlay-gradient":""},"mobile":{"background-color":"","background-image":"","background-repeat":"repeat","background-position":"center center","background-size":"auto","background-attachment":"scroll","background-type":"","background-media":"","overlay-type":"","overlay-color":"","overlay-opacity":"","overlay-gradient":""}},"ast-content-background-meta":{"desktop":{"background-color":"var(--ast-global-color-5)","background-image":"","background-repeat":"repeat","background-position":"center center","background-size":"auto","background-attachment":"scroll","background-type":"","background-media":"","overlay-type":"","overlay-color":"","overlay-opacity":"","overlay-gradient":""},"tablet":{"background-color":"var(--ast-global-color-5)","background-image":"","background-repeat":"repeat","background-position":"center center","background-size":"auto","background-attachment":"scroll","background-type":"","background-media":"","overlay-type":"","overlay-color":"","overlay-opacity":"","overlay-gradient":""},"mobile":{"background-color":"var(--ast-global-color-5)","background-image":"","background-repeat":"repeat","background-position":"center center","background-size":"auto","background-attachment":"scroll","background-type":"","background-media":"","overlay-type":"","overlay-color":"","overlay-opacity":"","overlay-gradient":""}},"footnotes":""},"class_list":["post-19","page","type-page","status-publish","hentry"],"post_mailing_queue_ids":[],"_links":{"self":[{"href":"https:\/\/agora.xtec.cat\/iesconstanti\/wp-json\/wp\/v2\/pages\/19","targetHints":{"allow":["GET"]}}],"collection":[{"href":"https:\/\/agora.xtec.cat\/iesconstanti\/wp-json\/wp\/v2\/pages"}],"about":[{"href":"https:\/\/agora.xtec.cat\/iesconstanti\/wp-json\/wp\/v2\/types\/page"}],"author":[{"embeddable":true,"href":"https:\/\/agora.xtec.cat\/iesconstanti\/wp-json\/wp\/v2\/users\/1"}],"replies":[{"embeddable":true,"href":"https:\/\/agora.xtec.cat\/iesconstanti\/wp-json\/wp\/v2\/comments?post=19"}],"version-history":[{"count":5,"href":"https:\/\/agora.xtec.cat\/iesconstanti\/wp-json\/wp\/v2\/pages\/19\/revisions"}],"predecessor-version":[{"id":786,"href":"https:\/\/agora.xtec.cat\/iesconstanti\/wp-json\/wp\/v2\/pages\/19\/revisions\/786"}],"wp:attachment":[{"href":"https:\/\/agora.xtec.cat\/iesconstanti\/wp-json\/wp\/v2\/media?parent=19"}],"curies":[{"name":"wp","href":"https:\/\/api.w.org\/{rel}","templated":true}]}}