{"id":9074,"date":"2026-02-18T13:46:59","date_gmt":"2026-02-18T12:46:59","guid":{"rendered":"https:\/\/agora.xtec.cat\/iesconselldecent\/?page_id=9074"},"modified":"2026-03-02T12:05:42","modified_gmt":"2026-03-02T11:05:42","slug":"oficines-de-suport-a-lescolaritzacio","status":"publish","type":"page","link":"https:\/\/agora.xtec.cat\/iesconselldecent\/preinscripcions-eso\/oficines-de-suport-a-lescolaritzacio\/","title":{"rendered":"Oficines de suport a l&#8217;escolaritzaci\u00f3"},"content":{"rendered":"\n<p>Oficines de suport a l&#8217;escolaritzaci\u00f3 (2n cicle d&#8217;educaci\u00f3 infantil, prim\u00e0ria i secund\u00e0ria obligat\u00f2ria)<\/p>\n\n\n\n<p>Les fam\u00edlies que tingueu dificultats per fer la preinscripci\u00f3 o no disposeu dels mitjans necessaris, podeu despla\u00e7ar-vos a qualsevol de les oficines habilitades per donar suport en el proc\u00e9s de preinscripci\u00f3:<\/p>\n\n\n\n<ul class=\"wp-block-list\">\n<li>Ciutat Vella (placeta del Pi, 2)<\/li>\n\n\n\n<li>Eixample (carrer de Roger de Ll\u00faria, 1-3)<\/li>\n\n\n\n<li>Gr\u00e0cia-Horta (carrer de la Mare de D\u00e9u de la Salut, 87)<\/li>\n\n\n\n<li>Nou Barris (carrer de Nil, 27)<\/li>\n\n\n\n<li>Sant Andreu (carrer del Montsec, 20-22)<\/li>\n\n\n\n<li>Sant Mart\u00ed (carrer de Crist\u00f2bal de Moura, 223)<\/li>\n\n\n\n<li>Sants-Montju\u00efc (Pla\u00e7a d&#8217;Espanya, 5)<\/li>\n<\/ul>\n\n\n\n<p>Suport a la preinscripci\u00f3&nbsp;a partir del&nbsp;4 de mar\u00e7.<\/p>\n\n\n\n<p>Tamb\u00e9 us poden donar suport els centres educatius d\u2019educaci\u00f3 infantil, prim\u00e0ria i secund\u00e0ria.<\/p>\n","protected":false},"excerpt":{"rendered":"<p>Oficines de suport a l&#8217;escolaritzaci\u00f3 (2n cicle d&#8217;educaci\u00f3 infantil, prim\u00e0ria i secund\u00e0ria obligat\u00f2ria) Les fam\u00edlies que tingueu dificultats per fer la preinscripci\u00f3 o no disposeu dels mitjans necessaris, podeu despla\u00e7ar-vos a qualsevol de les oficines habilitades per donar suport en el proc\u00e9s de preinscripci\u00f3: Suport a la preinscripci\u00f3&nbsp;a partir del&nbsp;4 de mar\u00e7. Tamb\u00e9 us poden [&hellip;]<\/p>\n","protected":false},"author":1,"featured_media":0,"parent":9029,"menu_order":6,"comment_status":"closed","ping_status":"close","template":"","meta":{"_bbp_topic_count":0,"_bbp_reply_count":0,"_bbp_total_topic_count":0,"_bbp_total_reply_count":0,"_bbp_voice_count":0,"_bbp_anonymous_reply_count":0,"_bbp_topic_count_hidden":0,"_bbp_reply_count_hidden":0,"_bbp_forum_subforum_count":0,"site-sidebar-layout":"default","site-content-layout":"","ast-site-content-layout":"default","site-content-style":"default","site-sidebar-style":"default","ast-global-header-display":"","ast-banner-title-visibility":"","ast-main-header-display":"","ast-hfb-above-header-display":"","ast-hfb-below-header-display":"","ast-hfb-mobile-header-display":"","site-post-title":"","ast-breadcrumbs-content":"","ast-featured-img":"","footer-sml-layout":"","theme-transparent-header-meta":"","adv-header-id-meta":"","stick-header-meta":"","header-above-stick-meta":"","header-main-stick-meta":"","header-below-stick-meta":"","astra-migrate-meta-layouts":"set","ast-page-background-enabled":"default","ast-page-background-meta":{"desktop":{"background-color":"var(--ast-global-color-4)","background-image":"","background-repeat":"repeat","background-position":"center center","background-size":"auto","background-attachment":"scroll","background-type":"","background-media":"","overlay-type":"","overlay-color":"","overlay-opacity":"","overlay-gradient":""},"tablet":{"background-color":"","background-image":"","background-repeat":"repeat","background-position":"center center","background-size":"auto","background-attachment":"scroll","background-type":"","background-media":"","overlay-type":"","overlay-color":"","overlay-opacity":"","overlay-gradient":""},"mobile":{"background-color":"","background-image":"","background-repeat":"repeat","background-position":"center center","background-size":"auto","background-attachment":"scroll","background-type":"","background-media":"","overlay-type":"","overlay-color":"","overlay-opacity":"","overlay-gradient":""}},"ast-content-background-meta":{"desktop":{"background-color":"var(--ast-global-color-5)","background-image":"","background-repeat":"repeat","background-position":"center center","background-size":"auto","background-attachment":"scroll","background-type":"","background-media":"","overlay-type":"","overlay-color":"","overlay-opacity":"","overlay-gradient":""},"tablet":{"background-color":"var(--ast-global-color-5)","background-image":"","background-repeat":"repeat","background-position":"center center","background-size":"auto","background-attachment":"scroll","background-type":"","background-media":"","overlay-type":"","overlay-color":"","overlay-opacity":"","overlay-gradient":""},"mobile":{"background-color":"var(--ast-global-color-5)","background-image":"","background-repeat":"repeat","background-position":"center center","background-size":"auto","background-attachment":"scroll","background-type":"","background-media":"","overlay-type":"","overlay-color":"","overlay-opacity":"","overlay-gradient":""}},"footnotes":""},"class_list":["post-9074","page","type-page","status-publish","hentry"],"post_mailing_queue_ids":[],"_links":{"self":[{"href":"https:\/\/agora.xtec.cat\/iesconselldecent\/wp-json\/wp\/v2\/pages\/9074","targetHints":{"allow":["GET"]}}],"collection":[{"href":"https:\/\/agora.xtec.cat\/iesconselldecent\/wp-json\/wp\/v2\/pages"}],"about":[{"href":"https:\/\/agora.xtec.cat\/iesconselldecent\/wp-json\/wp\/v2\/types\/page"}],"author":[{"embeddable":true,"href":"https:\/\/agora.xtec.cat\/iesconselldecent\/wp-json\/wp\/v2\/users\/1"}],"replies":[{"embeddable":true,"href":"https:\/\/agora.xtec.cat\/iesconselldecent\/wp-json\/wp\/v2\/comments?post=9074"}],"version-history":[{"count":1,"href":"https:\/\/agora.xtec.cat\/iesconselldecent\/wp-json\/wp\/v2\/pages\/9074\/revisions"}],"predecessor-version":[{"id":9076,"href":"https:\/\/agora.xtec.cat\/iesconselldecent\/wp-json\/wp\/v2\/pages\/9074\/revisions\/9076"}],"up":[{"embeddable":true,"href":"https:\/\/agora.xtec.cat\/iesconselldecent\/wp-json\/wp\/v2\/pages\/9029"}],"wp:attachment":[{"href":"https:\/\/agora.xtec.cat\/iesconselldecent\/wp-json\/wp\/v2\/media?parent=9074"}],"curies":[{"name":"wp","href":"https:\/\/api.w.org\/{rel}","templated":true}]}}