{"id":7950,"date":"2025-01-28T09:39:12","date_gmt":"2025-01-28T08:39:12","guid":{"rendered":"https:\/\/agora.xtec.cat\/iesconselldecent\/?page_id=7950"},"modified":"2026-01-28T14:55:53","modified_gmt":"2026-01-28T13:55:53","slug":"humanistic","status":"publish","type":"page","link":"https:\/\/agora.xtec.cat\/iesconselldecent\/humanistic\/","title":{"rendered":"HUMAN\u00cdSTIC I SOCIAL"},"content":{"rendered":"<p><b>Descripci\u00f3<\/b><\/p>\n<p><span style=\"font-weight: 400;\">El batxillerat \u00e9s l&#8217;etapa que es cursa normalment entre els 16 i els 18 anys, tot i que \u00e9s oberta a persones de qualsevol edat, ja sigui de forma presencial o a dist\u00e0ncia. \u00c9s un cicle format per dos cursos de trenta hores lectives setmanals.<\/span><\/p>\n<p><span style=\"font-weight: 400;\">Es pot escollir entre quatre modalitats de batxillerat: arts (via d&#8217;arts pl\u00e0stiques, imatge i disseny, i via de m\u00fasica i arts esc\u00e8niques); ci\u00e8ncies i tecnologia; humanitats i ci\u00e8ncies socials.<\/span><\/p>\n<p><span style=\"font-weight: 400;\">La modalitat d&#8217;humanitats i ci\u00e8ncies socials s&#8217;adre\u00e7a a alumnes amb inquietuds relacionades amb els estudis ling\u00fc\u00edstics i literaris, la filosofia, les manifestacions culturals, les ci\u00e8ncies socials, jur\u00eddiques, pol\u00edtiques i econ\u00f2miques, la gesti\u00f3 i administraci\u00f3 p\u00fablica, la comunicaci\u00f3, les relacions p\u00fabliques, la publicitat, el turisme i altres serveis d&#8217;oci.<\/span><\/p>\n<p><b>Continguts<\/b><\/p>\n<p><span style=\"font-weight: 400;\">En el batxillerat, els dos cursos s&#8217;organitzen en mat\u00e8ries comunes, mat\u00e8ria obligat\u00f2ria de modalitat (Llengua i Cultura Llatines, Matem\u00e0tiques Aplicades a les Ci\u00e8ncies Socials o Matem\u00e0tiques), mat\u00e8ries de modalitat (dues com a m\u00ednim) i mat\u00e8ries optatives (una anual i sis trimestrals a primer; una anual i tres trimestrals a segon). A segon curs tamb\u00e9 hi ha el treball de recerca.<\/span><\/p>\n<p><span style=\"font-weight: 400;\">A m\u00e9s, en cada curs, l&#8217;alumnat t\u00e9 assignada una hora setmanal de tutoria.<\/span><\/p>\n<h3><b>Mat\u00e8ries de primer curs<\/b><\/h3>\n<p><i><span style=\"font-weight: 400;\">Mat\u00e8ries comunes<\/span><\/i><\/p>\n<ul>\n<li style=\"list-style-type: none;\">\n<ul>\n<li style=\"font-weight: 400;\" aria-level=\"1\"><span style=\"font-weight: 400;\">Llengua Catalana i Literatura I<\/span><\/li>\n<li style=\"font-weight: 400;\" aria-level=\"1\"><span style=\"font-weight: 400;\">Llengua Castellana i Literatura I<\/span><\/li>\n<li style=\"font-weight: 400;\" aria-level=\"1\"><span style=\"font-weight: 400;\">Llengua Estrangera I<\/span><\/li>\n<li style=\"font-weight: 400;\" aria-level=\"1\"><span style=\"font-weight: 400;\">Educaci\u00f3 F\u00edsica<\/span><\/li>\n<li style=\"font-weight: 400;\" aria-level=\"1\"><span style=\"font-weight: 400;\">Filosofia<\/span><\/li>\n<\/ul>\n<\/li>\n<\/ul>\n<p><i><span style=\"font-weight: 400;\">Mat\u00e8ria obligat\u00f2ria de modalitat<\/span><\/i><\/p>\n<ul>\n<li style=\"list-style-type: none;\">\n<ul>\n<li style=\"font-weight: 400;\" aria-level=\"1\"><span style=\"font-weight: 400;\">Llengua i Cultura Llatines I<\/span><\/li>\n<li style=\"font-weight: 400;\" aria-level=\"1\"><span style=\"font-weight: 400;\">Matem\u00e0tiques Aplicades a les Ci\u00e8ncies Socials I o Matem\u00e0tiques I<\/span><\/li>\n<\/ul>\n<\/li>\n<\/ul>\n<p><i><span style=\"font-weight: 400;\">Mat\u00e8ries de modalitat<\/span><\/i><\/p>\n<ul>\n<li style=\"list-style-type: none;\">\n<ul>\n<li style=\"font-weight: 400;\" aria-level=\"1\"><span style=\"font-weight: 400;\">Economia<\/span><\/li>\n<li style=\"font-weight: 400;\" aria-level=\"1\"><span style=\"font-weight: 400;\">Hist\u00f2ria del M\u00f3n Contemporani<\/span><\/li>\n<\/ul>\n<\/li>\n<\/ul>\n<p><i><span style=\"font-weight: 400;\">Mat\u00e8ries optatives anuals de primer curs (franja 1)<\/span><\/i><\/p>\n<ul>\n<li style=\"list-style-type: none;\">\n<ul>\n<li style=\"font-weight: 400;\" aria-level=\"1\"><span style=\"font-weight: 400;\">Matem\u00e0tiques Aplicades a les Ci\u00e8ncies Socials II o Matem\u00e0tiques II<\/span><\/li>\n<li style=\"font-weight: 400;\" aria-level=\"1\"><span style=\"font-weight: 400;\">Literatura Universal<\/span><\/li>\n<\/ul>\n<\/li>\n<\/ul>\n<p><i><span style=\"font-weight: 400;\">Mat\u00e8ries optatives trimestrals (franja 2)<\/span><\/i><\/p>\n<ul>\n<li style=\"list-style-type: none;\">\n<ul>\n<li style=\"font-weight: 400;\" aria-level=\"1\"><span style=\"font-weight: 400;\">Problem\u00e0tiques Socials<\/span><\/li>\n<\/ul>\n<\/li>\n<\/ul>\n<p><i><span style=\"font-weight: 400;\">Mat\u00e8ries optatives trimestrals (franja 3)<\/span><\/i><\/p>\n<ul>\n<li style=\"list-style-type: none;\">\n<ul>\n<li style=\"font-weight: 400;\" aria-level=\"1\"><span style=\"font-weight: 400;\">Ciutadania, Pol\u00edtica i Dret<\/span><\/li>\n<\/ul>\n<\/li>\n<\/ul>\n<p><b>Mat\u00e8ries de segon curs<\/b><\/p>\n<p><i><span style=\"font-weight: 400;\">Mat\u00e8ries comunes<\/span><\/i><\/p>\n<ul>\n<li style=\"list-style-type: none;\">\n<ul>\n<li style=\"font-weight: 400;\" aria-level=\"1\"><span style=\"font-weight: 400;\">Llengua Catalana i Literatura II<\/span><\/li>\n<li style=\"font-weight: 400;\" aria-level=\"1\"><span style=\"font-weight: 400;\">Llengua Castellana i Literatura II<\/span><\/li>\n<li style=\"font-weight: 400;\" aria-level=\"1\"><span style=\"font-weight: 400;\">Llengua Estrangera II<\/span><\/li>\n<li style=\"font-weight: 400;\" aria-level=\"1\"><span style=\"font-weight: 400;\">Hist\u00f2ria de la Filosofia<\/span><\/li>\n<li style=\"font-weight: 400;\" aria-level=\"1\"><span style=\"font-weight: 400;\">Hist\u00f2ria<\/span><\/li>\n<\/ul>\n<\/li>\n<\/ul>\n<p><i><span style=\"font-weight: 400;\">Mat\u00e8ria obligat\u00f2ria de modalitat<\/span><\/i><\/p>\n<ul>\n<li style=\"list-style-type: none;\">\n<ul>\n<li style=\"font-weight: 400;\" aria-level=\"1\"><span style=\"font-weight: 400;\">Llengua i Cultura Llatines II<\/span><\/li>\n<\/ul>\n<\/li>\n<\/ul>\n<p><i><span style=\"font-weight: 400;\">Mat\u00e8ries de modalitat<\/span><\/i><\/p>\n<ul>\n<li style=\"list-style-type: none;\">\n<ul>\n<li style=\"font-weight: 400;\" aria-level=\"1\"><span style=\"font-weight: 400;\">Funcionament de l\u2019Empresa i Disseny de Models de Negoci<\/span><\/li>\n<li style=\"font-weight: 400;\" aria-level=\"1\"><span style=\"font-weight: 400;\">Geografia<\/span><\/li>\n<\/ul>\n<\/li>\n<\/ul>\n<p><i><span style=\"font-weight: 400;\">Optativa anual:<\/span><\/i><\/p>\n<ul>\n<li style=\"list-style-type: none;\">\n<ul>\n<li style=\"font-weight: 400;\" aria-level=\"1\"><span style=\"font-weight: 400;\">Hist\u00f2ria de l\u2019Art<\/span><\/li>\n<\/ul>\n<\/li>\n<\/ul>\n<p><b>Treball de Recerca<\/b><\/p>\n<p><span style=\"font-weight: 400;\">El Treball de Recerca \u00e9s una activitat d\u2019investigaci\u00f3 que ha de fer tot l\u2019alumnat de batxillerat. S\u2019ha d\u2019iniciar preferentment durant el primer curs i presentar obligat\u00f2riament durant el segon curs<\/span><\/p>\n","protected":false},"excerpt":{"rendered":"<p>Descripci\u00f3 El batxillerat \u00e9s l&#8217;etapa que es cursa normalment entre els 16 i els 18 anys, tot i que \u00e9s oberta a persones de qualsevol edat, ja sigui de forma presencial o a dist\u00e0ncia. \u00c9s un cicle format per dos cursos de trenta hores lectives setmanals. Es pot escollir entre quatre modalitats de batxillerat: arts [&hellip;]<\/p>\n","protected":false},"author":1,"featured_media":0,"parent":0,"menu_order":0,"comment_status":"closed","ping_status":"closed","template":"","meta":{"_bbp_topic_count":0,"_bbp_reply_count":0,"_bbp_total_topic_count":0,"_bbp_total_reply_count":0,"_bbp_voice_count":0,"_bbp_anonymous_reply_count":0,"_bbp_topic_count_hidden":0,"_bbp_reply_count_hidden":0,"_bbp_forum_subforum_count":0,"site-sidebar-layout":"no-sidebar","site-content-layout":"","ast-site-content-layout":"default","site-content-style":"default","site-sidebar-style":"default","ast-global-header-display":"","ast-banner-title-visibility":"","ast-main-header-display":"","ast-hfb-above-header-display":"","ast-hfb-below-header-display":"","ast-hfb-mobile-header-display":"","site-post-title":"","ast-breadcrumbs-content":"","ast-featured-img":"","footer-sml-layout":"","theme-transparent-header-meta":"default","adv-header-id-meta":"","stick-header-meta":"","header-above-stick-meta":"","header-main-stick-meta":"","header-below-stick-meta":"","astra-migrate-meta-layouts":"set","ast-page-background-enabled":"default","ast-page-background-meta":{"desktop":{"background-color":"var(--ast-global-color-4)","background-image":"","background-repeat":"repeat","background-position":"center center","background-size":"auto","background-attachment":"scroll","background-type":"","background-media":"","overlay-type":"","overlay-color":"","overlay-opacity":"","overlay-gradient":""},"tablet":{"background-color":"","background-image":"","background-repeat":"repeat","background-position":"center center","background-size":"auto","background-attachment":"scroll","background-type":"","background-media":"","overlay-type":"","overlay-color":"","overlay-opacity":"","overlay-gradient":""},"mobile":{"background-color":"","background-image":"","background-repeat":"repeat","background-position":"center center","background-size":"auto","background-attachment":"scroll","background-type":"","background-media":"","overlay-type":"","overlay-color":"","overlay-opacity":"","overlay-gradient":""}},"ast-content-background-meta":{"desktop":{"background-color":"var(--ast-global-color-5)","background-image":"","background-repeat":"repeat","background-position":"center center","background-size":"auto","background-attachment":"scroll","background-type":"","background-media":"","overlay-type":"","overlay-color":"","overlay-opacity":"","overlay-gradient":""},"tablet":{"background-color":"var(--ast-global-color-5)","background-image":"","background-repeat":"repeat","background-position":"center center","background-size":"auto","background-attachment":"scroll","background-type":"","background-media":"","overlay-type":"","overlay-color":"","overlay-opacity":"","overlay-gradient":""},"mobile":{"background-color":"var(--ast-global-color-5)","background-image":"","background-repeat":"repeat","background-position":"center center","background-size":"auto","background-attachment":"scroll","background-type":"","background-media":"","overlay-type":"","overlay-color":"","overlay-opacity":"","overlay-gradient":""}},"footnotes":""},"class_list":["post-7950","page","type-page","status-publish","hentry"],"post_mailing_queue_ids":[],"_links":{"self":[{"href":"https:\/\/agora.xtec.cat\/iesconselldecent\/wp-json\/wp\/v2\/pages\/7950","targetHints":{"allow":["GET"]}}],"collection":[{"href":"https:\/\/agora.xtec.cat\/iesconselldecent\/wp-json\/wp\/v2\/pages"}],"about":[{"href":"https:\/\/agora.xtec.cat\/iesconselldecent\/wp-json\/wp\/v2\/types\/page"}],"author":[{"embeddable":true,"href":"https:\/\/agora.xtec.cat\/iesconselldecent\/wp-json\/wp\/v2\/users\/1"}],"replies":[{"embeddable":true,"href":"https:\/\/agora.xtec.cat\/iesconselldecent\/wp-json\/wp\/v2\/comments?post=7950"}],"version-history":[{"count":2,"href":"https:\/\/agora.xtec.cat\/iesconselldecent\/wp-json\/wp\/v2\/pages\/7950\/revisions"}],"predecessor-version":[{"id":8407,"href":"https:\/\/agora.xtec.cat\/iesconselldecent\/wp-json\/wp\/v2\/pages\/7950\/revisions\/8407"}],"wp:attachment":[{"href":"https:\/\/agora.xtec.cat\/iesconselldecent\/wp-json\/wp\/v2\/media?parent=7950"}],"curies":[{"name":"wp","href":"https:\/\/api.w.org\/{rel}","templated":true}]}}