{"id":55,"date":"2014-09-17T16:59:49","date_gmt":"2014-09-17T16:59:49","guid":{"rendered":"http:\/\/agora.xtec.cat\/iesconselldecent\/?page_id=55"},"modified":"2025-10-08T11:54:17","modified_gmt":"2025-10-08T09:54:17","slug":"horaris","status":"publish","type":"page","link":"https:\/\/agora.xtec.cat\/iesconselldecent\/linstitut\/horaris\/","title":{"rendered":"Horaris Inform\u00e0tica"},"content":{"rendered":"<p>Aqu\u00ed sota hi ha l&#8217;horari d&#8217;atenci\u00f3 Inform\u00e0tica. Es prega pel bon funcionament de tot el centre, que tant l&#8217;alumnat com el professorat el respecti al m\u00e0xim.<\/p>\n<table style=\"width: 462px;\">\n<tbody>\n<tr>\n<td style=\"width: 64.5px;\"><\/td>\n<td style=\"width: 67.5px;\"><strong>Dilluns<\/strong><\/td>\n<td style=\"width: 72.5px;\"><strong>Dimarts<\/strong><\/td>\n<td style=\"width: 85.5px;\"><strong>Dimecres<\/strong><\/td>\n<td style=\"width: 63.5px;\"><strong>Dijous<\/strong><\/td>\n<td style=\"width: 92.5px;\"><strong>Divendres<\/strong><\/td>\n<\/tr>\n<tr>\n<td style=\"width: 64.5px;\"><strong>8:00 a 09:00<\/strong><\/td>\n<td style=\"text-align: center; width: 67.5px;\"><\/td>\n<td style=\"text-align: center; width: 72.5px;\"><\/td>\n<td style=\"text-align: center; width: 85.5px;\"><\/td>\n<td style=\"text-align: center; width: 63.5px;\"><\/td>\n<td style=\"text-align: center; width: 92.5px;\"><\/td>\n<\/tr>\n<tr>\n<td style=\"width: 64.5px;\"><strong>09:00 a 10:00<\/strong><\/td>\n<td style=\"text-align: center; width: 67.5px;\"><\/td>\n<td style=\"text-align: center; width: 72.5px;\"><\/td>\n<td style=\"text-align: center; width: 85.5px;\"><\/td>\n<td style=\"text-align: center; width: 63.5px;\"><\/td>\n<td style=\"text-align: center; width: 92.5px;\"><\/td>\n<\/tr>\n<tr>\n<td style=\"width: 64.5px;\"><strong>10:00 a 11:00<\/strong><\/td>\n<td style=\"text-align: center; width: 67.5px;\"><\/td>\n<td style=\"text-align: center; width: 72.5px;\"><span style=\"color: #ff0000;\">\u00a0<strong>CI<\/strong><\/span><\/td>\n<td style=\"text-align: center; width: 85.5px;\"><span style=\"color: #ff0000;\">\u00a0<strong>CI<\/strong><\/span><\/td>\n<td style=\"text-align: center; width: 63.5px;\"><\/td>\n<td style=\"text-align: center; width: 92.5px;\"><span style=\"color: #ff0000;\">\u00a0<strong>CI<\/strong><\/span><\/td>\n<\/tr>\n<tr>\n<td style=\"width: 64.5px;\"><strong>11:30 a 12:30<\/strong><\/td>\n<td style=\"text-align: center; width: 67.5px;\"><\/td>\n<td style=\"text-align: center; width: 72.5px;\"><span style=\"color: #ff0000;\">\u00a0<strong>CI<\/strong><\/span><\/td>\n<td style=\"text-align: center; width: 85.5px;\"><\/td>\n<td style=\"text-align: center; width: 63.5px;\"><\/td>\n<td style=\"text-align: center; width: 92.5px;\"><\/td>\n<\/tr>\n<tr>\n<td style=\"width: 64.5px;\"><strong>12:30 a 14:30<\/strong><\/td>\n<td style=\"text-align: center; width: 67.5px;\"><\/td>\n<td style=\"text-align: center; width: 72.5px;\"><\/td>\n<td style=\"text-align: center; width: 85.5px;\"><\/td>\n<td style=\"text-align: center; width: 63.5px;\"><\/td>\n<td style=\"text-align: center; width: 92.5px;\"><\/td>\n<\/tr>\n<\/tbody>\n<\/table>\n<p>El professorat disposa d&#8217;aquest<strong> <a href=\"https:\/\/docs.google.com\/forms\/d\/e\/1FAIpQLScW5bLbvy4-Cc9OQXanp2Eew9hAEMO5kECSgLbE4cDAidewvw\/viewform?embedded=true\">formulari<\/a><\/strong> per indicar incid\u00e8ncies inform\u00e0tiques.<\/p>\n<p>Moltes gr\u00e0cies<\/p>\n","protected":false},"excerpt":{"rendered":"<p>Aqu\u00ed sota hi ha l&#8217;horari d&#8217;atenci\u00f3 Inform\u00e0tica. Es prega pel bon funcionament de tot el centre, que tant l&#8217;alumnat com el professorat el respecti al m\u00e0xim. Dilluns Dimarts Dimecres Dijous Divendres 8:00 a 09:00 09:00 a 10:00 10:00 a 11:00 \u00a0CI \u00a0CI \u00a0CI 11:30 a 12:30 \u00a0CI 12:30 a 14:30 El professorat disposa d&#8217;aquest formulari [&hellip;]<\/p>\n","protected":false},"author":1,"featured_media":0,"parent":19,"menu_order":80,"comment_status":"closed","ping_status":"closed","template":"page-templates\/side-menu.php","meta":{"_bbp_topic_count":0,"_bbp_reply_count":0,"_bbp_total_topic_count":0,"_bbp_total_reply_count":0,"_bbp_voice_count":0,"_bbp_anonymous_reply_count":0,"_bbp_topic_count_hidden":0,"_bbp_reply_count_hidden":0,"_bbp_forum_subforum_count":0,"site-sidebar-layout":"default","site-content-layout":"","ast-site-content-layout":"","site-content-style":"default","site-sidebar-style":"default","ast-global-header-display":"","ast-banner-title-visibility":"","ast-main-header-display":"","ast-hfb-above-header-display":"","ast-hfb-below-header-display":"","ast-hfb-mobile-header-display":"","site-post-title":"","ast-breadcrumbs-content":"","ast-featured-img":"","footer-sml-layout":"","theme-transparent-header-meta":"","adv-header-id-meta":"","stick-header-meta":"","header-above-stick-meta":"","header-main-stick-meta":"","header-below-stick-meta":"","astra-migrate-meta-layouts":"default","ast-page-background-enabled":"default","ast-page-background-meta":{"desktop":{"background-color":"var(--ast-global-color-4)","background-image":"","background-repeat":"repeat","background-position":"center center","background-size":"auto","background-attachment":"scroll","background-type":"","background-media":"","overlay-type":"","overlay-color":"","overlay-opacity":"","overlay-gradient":""},"tablet":{"background-color":"","background-image":"","background-repeat":"repeat","background-position":"center center","background-size":"auto","background-attachment":"scroll","background-type":"","background-media":"","overlay-type":"","overlay-color":"","overlay-opacity":"","overlay-gradient":""},"mobile":{"background-color":"","background-image":"","background-repeat":"repeat","background-position":"center center","background-size":"auto","background-attachment":"scroll","background-type":"","background-media":"","overlay-type":"","overlay-color":"","overlay-opacity":"","overlay-gradient":""}},"ast-content-background-meta":{"desktop":{"background-color":"var(--ast-global-color-5)","background-image":"","background-repeat":"repeat","background-position":"center center","background-size":"auto","background-attachment":"scroll","background-type":"","background-media":"","overlay-type":"","overlay-color":"","overlay-opacity":"","overlay-gradient":""},"tablet":{"background-color":"var(--ast-global-color-5)","background-image":"","background-repeat":"repeat","background-position":"center center","background-size":"auto","background-attachment":"scroll","background-type":"","background-media":"","overlay-type":"","overlay-color":"","overlay-opacity":"","overlay-gradient":""},"mobile":{"background-color":"var(--ast-global-color-5)","background-image":"","background-repeat":"repeat","background-position":"center center","background-size":"auto","background-attachment":"scroll","background-type":"","background-media":"","overlay-type":"","overlay-color":"","overlay-opacity":"","overlay-gradient":""}},"footnotes":""},"class_list":["post-55","page","type-page","status-publish","hentry"],"post_mailing_queue_ids":[],"_links":{"self":[{"href":"https:\/\/agora.xtec.cat\/iesconselldecent\/wp-json\/wp\/v2\/pages\/55","targetHints":{"allow":["GET"]}}],"collection":[{"href":"https:\/\/agora.xtec.cat\/iesconselldecent\/wp-json\/wp\/v2\/pages"}],"about":[{"href":"https:\/\/agora.xtec.cat\/iesconselldecent\/wp-json\/wp\/v2\/types\/page"}],"author":[{"embeddable":true,"href":"https:\/\/agora.xtec.cat\/iesconselldecent\/wp-json\/wp\/v2\/users\/1"}],"replies":[{"embeddable":true,"href":"https:\/\/agora.xtec.cat\/iesconselldecent\/wp-json\/wp\/v2\/comments?post=55"}],"version-history":[{"count":4,"href":"https:\/\/agora.xtec.cat\/iesconselldecent\/wp-json\/wp\/v2\/pages\/55\/revisions"}],"predecessor-version":[{"id":8297,"href":"https:\/\/agora.xtec.cat\/iesconselldecent\/wp-json\/wp\/v2\/pages\/55\/revisions\/8297"}],"up":[{"embeddable":true,"href":"https:\/\/agora.xtec.cat\/iesconselldecent\/wp-json\/wp\/v2\/pages\/19"}],"wp:attachment":[{"href":"https:\/\/agora.xtec.cat\/iesconselldecent\/wp-json\/wp\/v2\/media?parent=55"}],"curies":[{"name":"wp","href":"https:\/\/api.w.org\/{rel}","templated":true}]}}