{"id":5095,"date":"2019-10-21T10:36:57","date_gmt":"2019-10-21T08:36:57","guid":{"rendered":"http:\/\/agora.xtec.cat\/iesconselldecent\/?page_id=5095"},"modified":"2019-10-22T10:50:37","modified_gmt":"2019-10-22T08:50:37","slug":"treball-en-xarxa","status":"publish","type":"page","link":"https:\/\/agora.xtec.cat\/iesconselldecent\/treball-en-xarxa\/","title":{"rendered":"TREBALL EN XARXA"},"content":{"rendered":"<p><img loading=\"lazy\" decoding=\"async\" class=\"alignleft size-full wp-image-5099\" src=\"https:\/\/agora.xtec.cat\/iesconselldecent\/wp-content\/uploads\/usu708\/2019\/10\/xarxa.png\" alt=\"\" width=\"862\" height=\"574\" srcset=\"https:\/\/agora.xtec.cat\/iesconselldecent\/wp-content\/uploads\/usu708\/2019\/10\/xarxa.png 862w, https:\/\/agora.xtec.cat\/iesconselldecent\/wp-content\/uploads\/usu708\/2019\/10\/xarxa-300x200.png 300w, https:\/\/agora.xtec.cat\/iesconselldecent\/wp-content\/uploads\/usu708\/2019\/10\/xarxa-768x511.png 768w\" sizes=\"auto, (max-width: 862px) 100vw, 862px\" \/><\/p>\n<p>&nbsp;<\/p>\n<p>&nbsp;<\/p>\n<p>&nbsp;<\/p>\n<p>&nbsp;<\/p>\n<p>&nbsp;<\/p>\n<p>&nbsp;<\/p>\n<p>&nbsp;<\/p>\n<p>&nbsp;<\/p>\n<p>&nbsp;<\/p>\n<p>&nbsp;<\/p>\n<p>&nbsp;<\/p>\n<p>&nbsp;<\/p>\n<p>&nbsp;<\/p>\n<p><strong>RISC<\/strong><\/p>\n<p>EAP,<\/p>\n<p>EAIA, (Projecte \u201cJo torno a casa\u201d, Educadors socials d\u2019EAIA,\u00a0 seguiment conjunt de l\u2019alumnat)<\/p>\n<p>SERVEIS SOCIALS.<\/p>\n<p>Comissi\u00f3 social Poble Sec<\/p>\n<p>Comissi\u00f3 social Raval.<\/p>\n<ul>\n<li>Projecte de fotografia<\/li>\n<li>Projecte Oci nocturn<\/li>\n<li>Sortides espor\u00e0diques amb determinats alumnes<\/li>\n<li>Projectes d\u2019esport.<\/li>\n<li>Seguiment i participaci\u00f3 dels APCs (Educadors de carrer, visites al centre i entrevistes conjuntes entre l\u2019alumne seleccionat i els educadors, xerrades al centre)<\/li>\n<\/ul>\n<p>Mossos d\u2019Esquadra i Guardia Urbana.<\/p>\n<p>Xerrades al centre sobre diferents tem\u00e0tiques que s\u2019inclouen al PAT (seguretat, alcohol, drogues, xarxes socials,&#8230;)<\/p>\n<p>Associaci\u00f3 Pr\u00e0ctiques Restauratives<\/p>\n<p>SARA.<\/p>\n<p><strong>ATENCI\u00d3 PSICOL\u00d2GICA<\/strong><\/p>\n<p>EAP,<\/p>\n<p>CSMIJ,<\/p>\n<p>Consulta Jove (Sant Pere Claver)<\/p>\n<p><em>Aqui t\u2019escoltem<\/em> Espai Jove Can Ricart\u00a0 (Ciutat Vella)<\/p>\n<p>Proinf\u00e0ncia (atenci\u00f3 psicol\u00f2gica en diferents centres oberts i casals de l\u2019entorn)<\/p>\n<p><strong>\u00a0<\/strong><strong>SALUT<\/strong><\/p>\n<p>Salut i Escola,<\/p>\n<p>Infermera del Centre<\/p>\n<p>CEJAS<\/p>\n<p><strong>DESIGUALTATS EDUCATIVES <\/strong><\/p>\n<p>\u00c8xit educatiu, \u00c8xit Angl\u00e8s<\/p>\n<p>Projecte Rossinyol (Consorci d\u2019Educaci\u00f3 de Barcelona)<\/p>\n<p>Programa Mentor (AEI Raval)<\/p>\n<p>Casal d\u2019Infants<\/p>\n<p>Franja (Casal de barri Folch i Torres)<\/p>\n<p>AEI Raval (Associaci\u00f3 Educativa Integral del Raval)<\/p>\n<p>Espai la Pedrera<\/p>\n<p>Centre Obert Juan Salvador Gavina.<\/p>\n<p>Gabella<\/p>\n<p>Braval<\/p>\n<p>Terral<\/p>\n<p>Fundaci\u00f3 Migra Studium<\/p>\n<p>CIAJ PIJ Paral\u00b7lel<\/p>\n<p>Programa La Formiga (classes de catal\u00e0 per l\u2019alumnat nouvingut del centre)<\/p>\n<p><strong>FAMILIA<\/strong><\/p>\n<p>ABD Associaci\u00f3 Benestar i Desenvolupament, mediaci\u00f3 i traductors. Servei mediaci\u00f3 intercultural. Organitzaci\u00f3 de xerrades informatives al professorat sobre les diferents cultures.<\/p>\n<p>Comunitat sorda.\u00a0 (Col\u00b7laboraci\u00f3 amb ACAPPS, FESOCA)<\/p>\n<p><strong>ALTRES<\/strong><\/p>\n<p>Enganxa\u2019t<\/p>\n<p>Projecte Mentor<\/p>\n<p>Extraescolars\u00a0 (Criquet per nois i noies, Danses Urbanes, Futbol Sala Femen\u00ed) amb el suport del Ceeb<\/p>\n<p>Associaci\u00f3 Pe\u00f3 i Peona (escacs a l\u2019hora del pati)<\/p>\n<p>Projecte Do d\u2019Acords.<\/p>\n<p>ACPP Catalunya Assemblea de cooperaci\u00f3 per la PAU.<\/p>\n<p>Fundaci\u00f3 Arrels<\/p>\n<p>Banc dels Aliments<\/p>\n<p>&nbsp;<\/p>\n","protected":false},"excerpt":{"rendered":"<p>&nbsp; &nbsp; &nbsp; &nbsp; &nbsp; &nbsp; &nbsp; &nbsp; &nbsp; &nbsp; &nbsp; &nbsp; &nbsp; RISC EAP, EAIA, (Projecte \u201cJo torno a casa\u201d, Educadors socials d\u2019EAIA,\u00a0 seguiment conjunt de l\u2019alumnat) SERVEIS SOCIALS. Comissi\u00f3 social Poble Sec Comissi\u00f3 social Raval. Projecte de fotografia Projecte Oci nocturn Sortides espor\u00e0diques amb determinats alumnes Projectes d\u2019esport. Seguiment i participaci\u00f3 dels APCs [&hellip;]<\/p>\n","protected":false},"author":1,"featured_media":0,"parent":0,"menu_order":0,"comment_status":"closed","ping_status":"closed","template":"page-templates\/side-menu.php","meta":{"_bbp_topic_count":0,"_bbp_reply_count":0,"_bbp_total_topic_count":0,"_bbp_total_reply_count":0,"_bbp_voice_count":0,"_bbp_anonymous_reply_count":0,"_bbp_topic_count_hidden":0,"_bbp_reply_count_hidden":0,"_bbp_forum_subforum_count":0,"site-sidebar-layout":"default","site-content-layout":"","ast-site-content-layout":"","site-content-style":"default","site-sidebar-style":"default","ast-global-header-display":"","ast-banner-title-visibility":"","ast-main-header-display":"","ast-hfb-above-header-display":"","ast-hfb-below-header-display":"","ast-hfb-mobile-header-display":"","site-post-title":"","ast-breadcrumbs-content":"","ast-featured-img":"","footer-sml-layout":"","theme-transparent-header-meta":"","adv-header-id-meta":"","stick-header-meta":"","header-above-stick-meta":"","header-main-stick-meta":"","header-below-stick-meta":"","astra-migrate-meta-layouts":"default","ast-page-background-enabled":"default","ast-page-background-meta":{"desktop":{"background-color":"var(--ast-global-color-4)","background-image":"","background-repeat":"repeat","background-position":"center center","background-size":"auto","background-attachment":"scroll","background-type":"","background-media":"","overlay-type":"","overlay-color":"","overlay-opacity":"","overlay-gradient":""},"tablet":{"background-color":"","background-image":"","background-repeat":"repeat","background-position":"center center","background-size":"auto","background-attachment":"scroll","background-type":"","background-media":"","overlay-type":"","overlay-color":"","overlay-opacity":"","overlay-gradient":""},"mobile":{"background-color":"","background-image":"","background-repeat":"repeat","background-position":"center center","background-size":"auto","background-attachment":"scroll","background-type":"","background-media":"","overlay-type":"","overlay-color":"","overlay-opacity":"","overlay-gradient":""}},"ast-content-background-meta":{"desktop":{"background-color":"var(--ast-global-color-5)","background-image":"","background-repeat":"repeat","background-position":"center center","background-size":"auto","background-attachment":"scroll","background-type":"","background-media":"","overlay-type":"","overlay-color":"","overlay-opacity":"","overlay-gradient":""},"tablet":{"background-color":"var(--ast-global-color-5)","background-image":"","background-repeat":"repeat","background-position":"center center","background-size":"auto","background-attachment":"scroll","background-type":"","background-media":"","overlay-type":"","overlay-color":"","overlay-opacity":"","overlay-gradient":""},"mobile":{"background-color":"var(--ast-global-color-5)","background-image":"","background-repeat":"repeat","background-position":"center center","background-size":"auto","background-attachment":"scroll","background-type":"","background-media":"","overlay-type":"","overlay-color":"","overlay-opacity":"","overlay-gradient":""}},"footnotes":""},"class_list":["post-5095","page","type-page","status-publish","hentry"],"post_mailing_queue_ids":[],"_links":{"self":[{"href":"https:\/\/agora.xtec.cat\/iesconselldecent\/wp-json\/wp\/v2\/pages\/5095","targetHints":{"allow":["GET"]}}],"collection":[{"href":"https:\/\/agora.xtec.cat\/iesconselldecent\/wp-json\/wp\/v2\/pages"}],"about":[{"href":"https:\/\/agora.xtec.cat\/iesconselldecent\/wp-json\/wp\/v2\/types\/page"}],"author":[{"embeddable":true,"href":"https:\/\/agora.xtec.cat\/iesconselldecent\/wp-json\/wp\/v2\/users\/1"}],"replies":[{"embeddable":true,"href":"https:\/\/agora.xtec.cat\/iesconselldecent\/wp-json\/wp\/v2\/comments?post=5095"}],"version-history":[{"count":3,"href":"https:\/\/agora.xtec.cat\/iesconselldecent\/wp-json\/wp\/v2\/pages\/5095\/revisions"}],"predecessor-version":[{"id":5101,"href":"https:\/\/agora.xtec.cat\/iesconselldecent\/wp-json\/wp\/v2\/pages\/5095\/revisions\/5101"}],"wp:attachment":[{"href":"https:\/\/agora.xtec.cat\/iesconselldecent\/wp-json\/wp\/v2\/media?parent=5095"}],"curies":[{"name":"wp","href":"https:\/\/api.w.org\/{rel}","templated":true}]}}