{"id":49,"date":"2014-09-17T16:55:55","date_gmt":"2014-09-17T16:55:55","guid":{"rendered":"http:\/\/agora.xtec.cat\/iesconselldecent\/?page_id=49"},"modified":"2025-10-08T12:25:02","modified_gmt":"2025-10-08T10:25:02","slug":"normes-dorganitzacio-i-funcionament","status":"publish","type":"page","link":"https:\/\/agora.xtec.cat\/iesconselldecent\/linstitut\/normes-dorganitzacio-i-funcionament\/","title":{"rendered":"Normes i funcionament"},"content":{"rendered":"<p align=\"justify\">1. S\u2019ha de ser puntual a l\u2019hora d\u2019entrar a l\u2019institut.<br \/>\n2. Si arribes tard, encara que sigui justificat, has d\u2019apuntar-te a la llibreta de consergeria.<br \/>\n3. El professor\/a us ha de donar perm\u00eds per anar al lavabo. Per sortir, cal portar la targeta de classe.<br \/>\nNo es pot anar al lavabo entre classe i classe quan no hi ha professorat a l\u2019aula.<br \/>\n4. No es poden fer despla\u00e7aments pel centre sense autoritzaci\u00f3 del professorat i sense portar la targeta corresponent.<br \/>\n5. No es pot romandre als passadissos.<br \/>\n6. Tot i que soni la m\u00fasica, la classe s&#8217;acaba quan el professorat ho indiqui.<br \/>\n7. Cal portar tot el material necessari per a les classes i complir totes les normes i pautes que es<br \/>\ndemanen en la presentaci\u00f3 de treballs.<br \/>\n8. No est\u00e0 perm\u00e8s el m\u00f2bil al centre.<br \/>\n9. A l&#8217;hora del pati (d\u201911:00 a 11:30 hores) no es pot romandre a la classe. En cas de pluja romandrem a la planta baixa acompanyats pel professorat de gu\u00e0rdia, l\u2019equip directiu, la TIS i<br \/>\naltre professorat.<\/p>\n<p align=\"center\"><strong>L&#8217;incompliment d&#8217;aquestes normes implica faltes de disciplina sancionable<\/strong><\/p>\n<p align=\"center\">\n<p style=\"text-align: left;\" align=\"center\"><strong>ACTUACIONS que es duen a terme davant problemes de disciplina:<\/strong><\/p>\n<p align=\"center\">\n<ol>\n<li><strong>Primer pas: Mesures que pot adoptar el professorat de manera immediata.<\/strong><br \/>\n\u25cf Amonestaci\u00f3 oral.<br \/>\n\u25cf Privaci\u00f3 del temps d&#8217;esbarjo amb control pel mateix professorat.<br \/>\n\u25cf Realitzaci\u00f3 de feines en horari no lectiu (dimecres de 15:30 a 16:30h), controlat pel professorat assignat i amb comunicaci\u00f3 als pares.<br \/>\n\u25cf Posar a l\u2019Ieduca la falta de disciplina.<br \/>\n\u25cf L\u2019EXPULSI\u00d3 DE CLASSE s\u2019ha de reservar per actuacions en casos urgents o excepcionals que pertorbin greument el desenvolupament de la classe.<br \/>\n\u25cf Suspensi\u00f3 del dret a participar en activitats extraescolars o complement\u00e0ries del centre.<\/li>\n<li><strong>Segon pas:<\/strong><br \/>\n\u25cf Comissi\u00f3 de Conviv\u00e8ncia. (Actuar\u00e0 quan s&#8217;han acumulat un m\u00ednim de tres faltes de disciplina per escrit) i en cas de faltes de disciplina reiterades o greus. La Comissi\u00f3 de conviv\u00e8ncia pot<br \/>\nser demanada pel tutor\/a de l\u2019alumne\/a per acumulaci\u00f3 o per petici\u00f3 expressa d\u2019un professor\/a.<\/li>\n<li><strong>Tercer pas: Expedient Sancionador.<\/strong><br \/>\n\u25cf Obertura d\u2019expedient sancionador a petici\u00f3 de la Comissi\u00f3 de Conviv\u00e8ncia o de la Direcci\u00f3<br \/>\ndel Centre. En aquest cas la sanci\u00f3 quedar\u00e0 en l\u2019expedient personal.<\/li>\n<\/ol>\n","protected":false},"excerpt":{"rendered":"<p>1. S\u2019ha de ser puntual a l\u2019hora d\u2019entrar a l\u2019institut. 2. Si arribes tard, encara que sigui justificat, has d\u2019apuntar-te a la llibreta de consergeria. 3. El professor\/a us ha de donar perm\u00eds per anar al lavabo. Per sortir, cal portar la targeta de classe. No es pot anar al lavabo entre classe i classe [&hellip;]<\/p>\n","protected":false},"author":1,"featured_media":0,"parent":19,"menu_order":60,"comment_status":"closed","ping_status":"closed","template":"page-templates\/side-menu.php","meta":{"_bbp_topic_count":0,"_bbp_reply_count":0,"_bbp_total_topic_count":0,"_bbp_total_reply_count":0,"_bbp_voice_count":0,"_bbp_anonymous_reply_count":0,"_bbp_topic_count_hidden":0,"_bbp_reply_count_hidden":0,"_bbp_forum_subforum_count":0,"site-sidebar-layout":"default","site-content-layout":"","ast-site-content-layout":"","site-content-style":"default","site-sidebar-style":"default","ast-global-header-display":"","ast-banner-title-visibility":"","ast-main-header-display":"","ast-hfb-above-header-display":"","ast-hfb-below-header-display":"","ast-hfb-mobile-header-display":"","site-post-title":"","ast-breadcrumbs-content":"","ast-featured-img":"","footer-sml-layout":"","theme-transparent-header-meta":"","adv-header-id-meta":"","stick-header-meta":"","header-above-stick-meta":"","header-main-stick-meta":"","header-below-stick-meta":"","astra-migrate-meta-layouts":"default","ast-page-background-enabled":"default","ast-page-background-meta":{"desktop":{"background-color":"var(--ast-global-color-4)","background-image":"","background-repeat":"repeat","background-position":"center center","background-size":"auto","background-attachment":"scroll","background-type":"","background-media":"","overlay-type":"","overlay-color":"","overlay-opacity":"","overlay-gradient":""},"tablet":{"background-color":"","background-image":"","background-repeat":"repeat","background-position":"center center","background-size":"auto","background-attachment":"scroll","background-type":"","background-media":"","overlay-type":"","overlay-color":"","overlay-opacity":"","overlay-gradient":""},"mobile":{"background-color":"","background-image":"","background-repeat":"repeat","background-position":"center center","background-size":"auto","background-attachment":"scroll","background-type":"","background-media":"","overlay-type":"","overlay-color":"","overlay-opacity":"","overlay-gradient":""}},"ast-content-background-meta":{"desktop":{"background-color":"var(--ast-global-color-5)","background-image":"","background-repeat":"repeat","background-position":"center center","background-size":"auto","background-attachment":"scroll","background-type":"","background-media":"","overlay-type":"","overlay-color":"","overlay-opacity":"","overlay-gradient":""},"tablet":{"background-color":"var(--ast-global-color-5)","background-image":"","background-repeat":"repeat","background-position":"center center","background-size":"auto","background-attachment":"scroll","background-type":"","background-media":"","overlay-type":"","overlay-color":"","overlay-opacity":"","overlay-gradient":""},"mobile":{"background-color":"var(--ast-global-color-5)","background-image":"","background-repeat":"repeat","background-position":"center center","background-size":"auto","background-attachment":"scroll","background-type":"","background-media":"","overlay-type":"","overlay-color":"","overlay-opacity":"","overlay-gradient":""}},"footnotes":""},"class_list":["post-49","page","type-page","status-publish","hentry"],"post_mailing_queue_ids":[],"_links":{"self":[{"href":"https:\/\/agora.xtec.cat\/iesconselldecent\/wp-json\/wp\/v2\/pages\/49","targetHints":{"allow":["GET"]}}],"collection":[{"href":"https:\/\/agora.xtec.cat\/iesconselldecent\/wp-json\/wp\/v2\/pages"}],"about":[{"href":"https:\/\/agora.xtec.cat\/iesconselldecent\/wp-json\/wp\/v2\/types\/page"}],"author":[{"embeddable":true,"href":"https:\/\/agora.xtec.cat\/iesconselldecent\/wp-json\/wp\/v2\/users\/1"}],"replies":[{"embeddable":true,"href":"https:\/\/agora.xtec.cat\/iesconselldecent\/wp-json\/wp\/v2\/comments?post=49"}],"version-history":[{"count":5,"href":"https:\/\/agora.xtec.cat\/iesconselldecent\/wp-json\/wp\/v2\/pages\/49\/revisions"}],"predecessor-version":[{"id":8301,"href":"https:\/\/agora.xtec.cat\/iesconselldecent\/wp-json\/wp\/v2\/pages\/49\/revisions\/8301"}],"up":[{"embeddable":true,"href":"https:\/\/agora.xtec.cat\/iesconselldecent\/wp-json\/wp\/v2\/pages\/19"}],"wp:attachment":[{"href":"https:\/\/agora.xtec.cat\/iesconselldecent\/wp-json\/wp\/v2\/media?parent=49"}],"curies":[{"name":"wp","href":"https:\/\/api.w.org\/{rel}","templated":true}]}}